{"id":1015,"date":"2023-03-09T16:39:54","date_gmt":"2023-03-09T16:39:54","guid":{"rendered":"https:\/\/hiltonrome.ms.decms.eu\/?page_id=1015"},"modified":"2025-03-19T16:01:37","modified_gmt":"2025-03-19T16:01:37","slug":"evenements-dans-lhotel","status":"publish","type":"page","link":"https:\/\/www.dtromemonti.com\/fr\/eat-e-drink\/evenements-dans-lhotel\/","title":{"rendered":"\u00c9v\u00e8nements dans l\u2019h\u00f4tel"},"content":{"rendered":"<p style=\"text-align: center\">D\u00e9couvrez le DoubleTree by Hilton Rome Monti <strong>Events<\/strong> et <strong>vivez une exp\u00e9rience unique<\/strong> dans le <strong>quartier le plus cool de Rome<\/strong>.<\/p>\n<p style=\"text-align: center\">La terrasse panoramique du <strong>M\u00f9n Rooftop Cocktail Bar<\/strong>, l&rsquo;ambiance d\u00e9contract\u00e9e du<strong> MiT Food &amp; Coffee Brewery<\/strong>, l&rsquo;\u00e9l\u00e9gance du <strong>Mamalia Restaurant <\/strong>: choisissez votre endroit pr\u00e9f\u00e9r\u00e9 et venez vivre un \u00e9v\u00e9nement sp\u00e9cial en notre compagnie.<\/p>\n<p>&nbsp;<\/p>\n","protected":false},"excerpt":{"rendered":"<p>D\u00e9couvrez le DoubleTree by Hilton Rome Monti Events et vivez une exp\u00e9rience unique dans le quartier le plus cool de Rome. La terrasse panoramique du M\u00f9n Rooftop Cocktail Bar, l&rsquo;ambiance d\u00e9contract\u00e9e du MiT Food &amp; Coffee Brewery, l&rsquo;\u00e9l\u00e9gance du Mamalia Restaurant : choisissez votre endroit pr\u00e9f\u00e9r\u00e9 et venez vivre un \u00e9v\u00e9nement sp\u00e9cial en notre compagnie. [&hellip;]<\/p>\n","protected":false},"author":406,"featured_media":0,"parent":584,"menu_order":34,"comment_status":"closed","ping_status":"closed","template":"template-events.php","meta":{"footnotes":""},"class_list":["post-1015","page","type-page","status-publish","hentry"],"yoast_head":"<!-- This site is optimized with the Yoast SEO plugin v26.9 - https:\/\/yoast.com\/product\/yoast-seo-wordpress\/ -->\n<title>\u00c9v\u00e8nements dans l\u2019h\u00f4tel - DoubleTree by Hilton Rome Monti<\/title>\n<meta name=\"description\" content=\"D\u00e9couvrez le DoubleTree by Hilton Rome Monti Events et vivez une exp\u00e9rience unique dans le quartier le plus cool de Rome.\" \/>\n<meta name=\"robots\" content=\"index, follow, max-snippet:-1, max-image-preview:large, max-video-preview:-1\" \/>\n<link rel=\"canonical\" href=\"https:\/\/www.dtromemonti.com\/fr\/eat-e-drink\/evenements-dans-lhotel\/\" \/>\n<meta property=\"og:locale\" content=\"fr_FR\" \/>\n<meta property=\"og:type\" content=\"article\" \/>\n<meta property=\"og:title\" content=\"\u00c9v\u00e8nements dans l\u2019h\u00f4tel - DoubleTree by Hilton Rome Monti\" \/>\n<meta property=\"og:description\" content=\"D\u00e9couvrez le DoubleTree by Hilton Rome Monti Events et vivez une exp\u00e9rience unique dans le quartier le plus cool de Rome.\" \/>\n<meta property=\"og:url\" content=\"https:\/\/www.dtromemonti.com\/fr\/eat-e-drink\/evenements-dans-lhotel\/\" \/>\n<meta property=\"og:site_name\" content=\"DoubleTree by Hilton Rome Monti\" \/>\n<meta property=\"article:modified_time\" content=\"2025-03-19T16:01:37+00:00\" \/>\n<meta name=\"twitter:card\" content=\"summary_large_image\" \/>\n<meta name=\"twitter:label1\" content=\"Dur\u00e9e de lecture estim\u00e9e\" \/>\n\t<meta name=\"twitter:data1\" content=\"1 minute\" \/>\n<script type=\"application\/ld+json\" class=\"yoast-schema-graph\">{\"@context\":\"https:\/\/schema.org\",\"@graph\":[{\"@type\":\"WebPage\",\"@id\":\"https:\/\/www.dtromemonti.com\/fr\/eat-e-drink\/evenements-dans-lhotel\/\",\"url\":\"https:\/\/www.dtromemonti.com\/fr\/eat-e-drink\/evenements-dans-lhotel\/\",\"name\":\"\u00c9v\u00e8nements dans l\u2019h\u00f4tel - DoubleTree by Hilton Rome Monti\",\"isPartOf\":{\"@id\":\"https:\/\/www.dtromemonti.com\/fr\/#website\"},\"datePublished\":\"2023-03-09T16:39:54+00:00\",\"dateModified\":\"2025-03-19T16:01:37+00:00\",\"description\":\"D\u00e9couvrez le DoubleTree by Hilton Rome Monti Events et vivez une exp\u00e9rience unique dans le quartier le plus cool de Rome.\",\"breadcrumb\":{\"@id\":\"https:\/\/www.dtromemonti.com\/fr\/eat-e-drink\/evenements-dans-lhotel\/#breadcrumb\"},\"inLanguage\":\"fr-FR\",\"potentialAction\":[{\"@type\":\"ReadAction\",\"target\":[\"https:\/\/www.dtromemonti.com\/fr\/eat-e-drink\/evenements-dans-lhotel\/\"]}]},{\"@type\":\"BreadcrumbList\",\"@id\":\"https:\/\/www.dtromemonti.com\/fr\/eat-e-drink\/evenements-dans-lhotel\/#breadcrumb\",\"itemListElement\":[{\"@type\":\"ListItem\",\"position\":1,\"name\":\"Home\",\"item\":\"https:\/\/www.dtromemonti.com\/fr\/\"},{\"@type\":\"ListItem\",\"position\":2,\"name\":\"Eat &amp; Drink\",\"item\":\"https:\/\/www.dtromemonti.com\/fr\/eat-e-drink\/\"},{\"@type\":\"ListItem\",\"position\":3,\"name\":\"\u00c9v\u00e8nements dans l\u2019h\u00f4tel\"}]},{\"@type\":\"WebSite\",\"@id\":\"https:\/\/www.dtromemonti.com\/fr\/#website\",\"url\":\"https:\/\/www.dtromemonti.com\/fr\/\",\"name\":\"DoubleTree by Hilton Rome Monti\",\"description\":\"Just another ms.decms.eu site\",\"potentialAction\":[{\"@type\":\"SearchAction\",\"target\":{\"@type\":\"EntryPoint\",\"urlTemplate\":\"https:\/\/www.dtromemonti.com\/fr\/?s={search_term_string}\"},\"query-input\":{\"@type\":\"PropertyValueSpecification\",\"valueRequired\":true,\"valueName\":\"search_term_string\"}}],\"inLanguage\":\"fr-FR\"}]}<\/script>\n<!-- \/ Yoast SEO plugin. -->","yoast_head_json":{"title":"\u00c9v\u00e8nements dans l\u2019h\u00f4tel - DoubleTree by Hilton Rome Monti","description":"D\u00e9couvrez le DoubleTree by Hilton Rome Monti Events et vivez une exp\u00e9rience unique dans le quartier le plus cool de Rome.","robots":{"index":"index","follow":"follow","max-snippet":"max-snippet:-1","max-image-preview":"max-image-preview:large","max-video-preview":"max-video-preview:-1"},"canonical":"https:\/\/www.dtromemonti.com\/fr\/eat-e-drink\/evenements-dans-lhotel\/","og_locale":"fr_FR","og_type":"article","og_title":"\u00c9v\u00e8nements dans l\u2019h\u00f4tel - DoubleTree by Hilton Rome Monti","og_description":"D\u00e9couvrez le DoubleTree by Hilton Rome Monti Events et vivez une exp\u00e9rience unique dans le quartier le plus cool de Rome.","og_url":"https:\/\/www.dtromemonti.com\/fr\/eat-e-drink\/evenements-dans-lhotel\/","og_site_name":"DoubleTree by Hilton Rome Monti","article_modified_time":"2025-03-19T16:01:37+00:00","twitter_card":"summary_large_image","twitter_misc":{"Dur\u00e9e de lecture estim\u00e9e":"1 minute"},"schema":{"@context":"https:\/\/schema.org","@graph":[{"@type":"WebPage","@id":"https:\/\/www.dtromemonti.com\/fr\/eat-e-drink\/evenements-dans-lhotel\/","url":"https:\/\/www.dtromemonti.com\/fr\/eat-e-drink\/evenements-dans-lhotel\/","name":"\u00c9v\u00e8nements dans l\u2019h\u00f4tel - DoubleTree by Hilton Rome Monti","isPartOf":{"@id":"https:\/\/www.dtromemonti.com\/fr\/#website"},"datePublished":"2023-03-09T16:39:54+00:00","dateModified":"2025-03-19T16:01:37+00:00","description":"D\u00e9couvrez le DoubleTree by Hilton Rome Monti Events et vivez une exp\u00e9rience unique dans le quartier le plus cool de Rome.","breadcrumb":{"@id":"https:\/\/www.dtromemonti.com\/fr\/eat-e-drink\/evenements-dans-lhotel\/#breadcrumb"},"inLanguage":"fr-FR","potentialAction":[{"@type":"ReadAction","target":["https:\/\/www.dtromemonti.com\/fr\/eat-e-drink\/evenements-dans-lhotel\/"]}]},{"@type":"BreadcrumbList","@id":"https:\/\/www.dtromemonti.com\/fr\/eat-e-drink\/evenements-dans-lhotel\/#breadcrumb","itemListElement":[{"@type":"ListItem","position":1,"name":"Home","item":"https:\/\/www.dtromemonti.com\/fr\/"},{"@type":"ListItem","position":2,"name":"Eat &amp; Drink","item":"https:\/\/www.dtromemonti.com\/fr\/eat-e-drink\/"},{"@type":"ListItem","position":3,"name":"\u00c9v\u00e8nements dans l\u2019h\u00f4tel"}]},{"@type":"WebSite","@id":"https:\/\/www.dtromemonti.com\/fr\/#website","url":"https:\/\/www.dtromemonti.com\/fr\/","name":"DoubleTree by Hilton Rome Monti","description":"Just another ms.decms.eu site","potentialAction":[{"@type":"SearchAction","target":{"@type":"EntryPoint","urlTemplate":"https:\/\/www.dtromemonti.com\/fr\/?s={search_term_string}"},"query-input":{"@type":"PropertyValueSpecification","valueRequired":true,"valueName":"search_term_string"}}],"inLanguage":"fr-FR"}]}},"acf":[],"_links":{"self":[{"href":"https:\/\/www.dtromemonti.com\/fr\/wp-json\/wp\/v2\/pages\/1015","targetHints":{"allow":["GET"]}}],"collection":[{"href":"https:\/\/www.dtromemonti.com\/fr\/wp-json\/wp\/v2\/pages"}],"about":[{"href":"https:\/\/www.dtromemonti.com\/fr\/wp-json\/wp\/v2\/types\/page"}],"author":[{"embeddable":true,"href":"https:\/\/www.dtromemonti.com\/fr\/wp-json\/wp\/v2\/users\/406"}],"replies":[{"embeddable":true,"href":"https:\/\/www.dtromemonti.com\/fr\/wp-json\/wp\/v2\/comments?post=1015"}],"version-history":[{"count":0,"href":"https:\/\/www.dtromemonti.com\/fr\/wp-json\/wp\/v2\/pages\/1015\/revisions"}],"up":[{"embeddable":true,"href":"https:\/\/www.dtromemonti.com\/fr\/wp-json\/wp\/v2\/pages\/584"}],"wp:attachment":[{"href":"https:\/\/www.dtromemonti.com\/fr\/wp-json\/wp\/v2\/media?parent=1015"}],"curies":[{"name":"wp","href":"https:\/\/api.w.org\/{rel}","templated":true}]}}