{"id":92,"date":"2022-07-04T15:19:26","date_gmt":"2022-07-04T15:19:26","guid":{"rendered":"https:\/\/hiltonrome.ms.decms.eu\/dove-siamo\/rione-monti\/"},"modified":"2023-02-21T07:58:13","modified_gmt":"2023-02-21T07:58:13","slug":"rione-monti","status":"publish","type":"page","link":"https:\/\/www.dtromemonti.com\/de\/wo-wir-sind\/rione-monti\/","title":{"rendered":"Rione Monti"},"content":{"rendered":"<p><span style=\"font-weight: 400;\">Mit seinen Gassen, kleinen Pl\u00e4tzen, antiken Pal\u00e4sten und seiner b\u00f6hmischen Atmosph\u00e4re \u00fcberrascht der <\/span><b>Rione Monti<\/b><span style=\"font-weight: 400;\"> durch seinen Charme und seine Sch\u00f6nheit. Hier verbindet sich das Alte mit dem Modernen, eine gl\u00fcckliche Begegnung, die das <\/span><b>\u00e4lteste Viertel<\/b><span style=\"font-weight: 400;\"> in das <\/span><b>trendigste<\/b><span style=\"font-weight: 400;\"> der Hauptstadt verwandelt hat. Zwischen Handwerksbetrieben und Trattorien, Modeboutiquen und Galerien f\u00fcr zeitgen\u00f6ssische Kunst erhellen schicke Clubs und neue Gourmetrestaurants die r\u00f6mischen Abende.<\/span><\/p>\n<p><span style=\"font-weight: 400;\">Nur einen <\/span><b>Steinwurf<\/b><span style=\"font-weight: 400;\"> vom DoubleTree by Hilton Rome Monti entfernt befinden sich im Herzen des Rione <\/span><b>wunderbare Kunstwerke<\/b><span style=\"font-weight: 400;\"> wie das fr\u00fchchristliche Mosaik in der Kirche Santa Pudenziana, <\/span><b>Michelangelos Moses<\/b><span style=\"font-weight: 400;\"> in der Basilika San Pietro in Vincoli und der Hauptaltar der Kirche Santi Domenico e Sisto von Bernini.<\/span><\/p>\n<p><span style=\"font-weight: 400;\">Der <\/span><b>Rione Monti <\/b><span style=\"font-weight: 400;\">war in der Antike Teil der Suburra, der r\u00f6mischen Vorst\u00e4dte, und ist der erste und \u00e4lteste Stadtteil Roms. Die Namen von Stra\u00dfen und Pl\u00e4tzen, die nach den Schlangen, den Zigeunern und dem Boschetto benannt sind, erinnern an die peripheren und volkst\u00fcmlichen Urspr\u00fcnge des Viertels. Der Name Monti ist vielmehr eine Hommage an drei der sieben<\/span><b> H\u00fcgel Roms<\/b><span style=\"font-weight: 400;\">, die zum Bezirk geh\u00f6ren: Esquilino, Viminale und Quirinale, die noch immer von einem <\/span><b>Auf und Ab von engen Gassen<\/b><span style=\"font-weight: 400;\"> aus Sanpietrini durchzogen sind, die bis zum <\/span><b>Kolosseum<\/b><span style=\"font-weight: 400;\"> und dem Forum Romanum f\u00fchren.<\/span><\/p>\n<p><span style=\"font-weight: 400;\">Unbedingt sehenswert sind die <\/span><b>Piazzetta della Madonna dei Monti<\/b><span style=\"font-weight: 400;\">, die Scala Santa, die aus den 28 Marmorstufen besteht, die Jesus auf seinem Weg zu Pontius Pilatus hinaufgestiegen ist, und schlie\u00dflich die grandiose <\/span><b>Papstbasilika<\/b> <b>Santa Maria Maggiore<\/b><span style=\"font-weight: 400;\">. Die Legende besagt, dass die Gottesmutter dem Papst in der Nacht des 4. August 358 n. Chr. im Traum erschien und ihn bat, eine Kirche zu bauen. Am n\u00e4chsten Tag zeigte ein <\/span><b>ungew\u00f6hnlicher Schneefall<\/b><span style=\"font-weight: 400;\"> die genaue Stelle an, an der der Tempel gebaut werden sollte: die Spitze des Esquiline-H\u00fcgels. Seitdem wird jedes Jahr am 5. August die Wiederholung des Wunders gefeiert: In einer stimmungsvollen Atmosph\u00e4re h\u00fcllt ein spektakul\u00e4rer Schneefall die Gl\u00e4ubigen und die vielen Besucher ein, die dem Ereignis beiwohnen.<\/span><\/p>\n<p><span style=\"font-weight: 400;\">Der grandiose Bau der Basilika Santa Maria Maggiore pr\u00e4gt den malerischen <\/span><b>Esquiline-Platz<\/b><span style=\"font-weight: 400;\">, an dem sich das <\/span><b>DoubleTree by Hilton Rome Monti<\/b><span style=\"font-weight: 400;\"> in der Nummer 1 befindet.<\/span><\/p>\n<p><span style=\"font-weight: 400;\">Am Abend kann man vom achten Stock aus das<\/span><b>Schauspiel der beleuchteten Kuppeln<\/b><span style=\"font-weight: 400;\"> in vollen Z\u00fcgen genie\u00dfen, begleitet von den besten Cocktails und Longdrinks, die von den Barkeepern der <\/span><b>M\u00f9n Rooftop Cocktail Bar<\/b><span style=\"font-weight: 400;\"> zubereitet werden.<\/span><\/p>\n","protected":false},"excerpt":{"rendered":"<p>Mit seinen Gassen, kleinen Pl\u00e4tzen, antiken Pal\u00e4sten und seiner b\u00f6hmischen Atmosph\u00e4re \u00fcberrascht der Rione Monti durch seinen Charme und seine Sch\u00f6nheit. Hier verbindet sich das Alte mit dem Modernen, eine gl\u00fcckliche Begegnung, die das \u00e4lteste Viertel in das trendigste der Hauptstadt verwandelt hat. Zwischen Handwerksbetrieben und Trattorien, Modeboutiquen und Galerien f\u00fcr zeitgen\u00f6ssische Kunst erhellen schicke [&hellip;]<\/p>\n","protected":false},"author":6,"featured_media":0,"parent":86,"menu_order":92,"comment_status":"closed","ping_status":"closed","template":"","meta":{"footnotes":""},"class_list":["post-92","page","type-page","status-publish","hentry"],"yoast_head":"<!-- This site is optimized with the Yoast SEO plugin v26.9 - https:\/\/yoast.com\/product\/yoast-seo-wordpress\/ -->\n<title>Rione Monti Rom | Hotel DoubleTree by Hilton Rome Monti<\/title>\n<meta name=\"description\" content=\"Das DoubleTree by Hilton Rome Monti befindet sich in Roms historischem Stadtteil Rione Monti: bequem zum Zentrum und in Gehweite des Bahnhofs Termini.\" \/>\n<meta name=\"robots\" content=\"index, follow, max-snippet:-1, max-image-preview:large, max-video-preview:-1\" \/>\n<link rel=\"canonical\" href=\"https:\/\/www.dtromemonti.com\/de\/wo-wir-sind\/rione-monti\/\" \/>\n<meta property=\"og:locale\" content=\"de_DE\" \/>\n<meta property=\"og:type\" content=\"article\" \/>\n<meta property=\"og:title\" content=\"Rione Monti Rom | Hotel DoubleTree by Hilton Rome Monti\" \/>\n<meta property=\"og:description\" content=\"Das DoubleTree by Hilton Rome Monti befindet sich in Roms historischem Stadtteil Rione Monti: bequem zum Zentrum und in Gehweite des Bahnhofs Termini.\" \/>\n<meta property=\"og:url\" content=\"https:\/\/www.dtromemonti.com\/de\/wo-wir-sind\/rione-monti\/\" \/>\n<meta property=\"og:site_name\" content=\"DoubleTree by Hilton Rome Monti\" \/>\n<meta property=\"article:modified_time\" content=\"2023-02-21T07:58:13+00:00\" \/>\n<meta name=\"twitter:card\" content=\"summary_large_image\" \/>\n<meta name=\"twitter:label1\" content=\"Gesch\u00e4tzte Lesezeit\" \/>\n\t<meta name=\"twitter:data1\" content=\"2 Minuten\" \/>\n<script type=\"application\/ld+json\" class=\"yoast-schema-graph\">{\"@context\":\"https:\/\/schema.org\",\"@graph\":[{\"@type\":\"WebPage\",\"@id\":\"https:\/\/www.dtromemonti.com\/de\/wo-wir-sind\/rione-monti\/\",\"url\":\"https:\/\/www.dtromemonti.com\/de\/wo-wir-sind\/rione-monti\/\",\"name\":\"Rione Monti Rom | Hotel DoubleTree by Hilton Rome Monti\",\"isPartOf\":{\"@id\":\"https:\/\/www.dtromemonti.com\/de\/#website\"},\"datePublished\":\"2022-07-04T15:19:26+00:00\",\"dateModified\":\"2023-02-21T07:58:13+00:00\",\"description\":\"Das DoubleTree by Hilton Rome Monti befindet sich in Roms historischem Stadtteil Rione Monti: bequem zum Zentrum und in Gehweite des Bahnhofs Termini.\",\"breadcrumb\":{\"@id\":\"https:\/\/www.dtromemonti.com\/de\/wo-wir-sind\/rione-monti\/#breadcrumb\"},\"inLanguage\":\"de-DE\",\"potentialAction\":[{\"@type\":\"ReadAction\",\"target\":[\"https:\/\/www.dtromemonti.com\/de\/wo-wir-sind\/rione-monti\/\"]}]},{\"@type\":\"BreadcrumbList\",\"@id\":\"https:\/\/www.dtromemonti.com\/de\/wo-wir-sind\/rione-monti\/#breadcrumb\",\"itemListElement\":[{\"@type\":\"ListItem\",\"position\":1,\"name\":\"Home\",\"item\":\"https:\/\/www.dtromemonti.com\/de\/\"},{\"@type\":\"ListItem\",\"position\":2,\"name\":\"Wo wir sind\",\"item\":\"https:\/\/www.dtromemonti.com\/de\/wo-wir-sind\/\"},{\"@type\":\"ListItem\",\"position\":3,\"name\":\"Rione Monti\"}]},{\"@type\":\"WebSite\",\"@id\":\"https:\/\/www.dtromemonti.com\/de\/#website\",\"url\":\"https:\/\/www.dtromemonti.com\/de\/\",\"name\":\"DoubleTree by Hilton Rome Monti\",\"description\":\"Just another ms.decms.eu site\",\"potentialAction\":[{\"@type\":\"SearchAction\",\"target\":{\"@type\":\"EntryPoint\",\"urlTemplate\":\"https:\/\/www.dtromemonti.com\/de\/?s={search_term_string}\"},\"query-input\":{\"@type\":\"PropertyValueSpecification\",\"valueRequired\":true,\"valueName\":\"search_term_string\"}}],\"inLanguage\":\"de-DE\"}]}<\/script>\n<!-- \/ Yoast SEO plugin. -->","yoast_head_json":{"title":"Rione Monti Rom | Hotel DoubleTree by Hilton Rome Monti","description":"Das DoubleTree by Hilton Rome Monti befindet sich in Roms historischem Stadtteil Rione Monti: bequem zum Zentrum und in Gehweite des Bahnhofs Termini.","robots":{"index":"index","follow":"follow","max-snippet":"max-snippet:-1","max-image-preview":"max-image-preview:large","max-video-preview":"max-video-preview:-1"},"canonical":"https:\/\/www.dtromemonti.com\/de\/wo-wir-sind\/rione-monti\/","og_locale":"de_DE","og_type":"article","og_title":"Rione Monti Rom | Hotel DoubleTree by Hilton Rome Monti","og_description":"Das DoubleTree by Hilton Rome Monti befindet sich in Roms historischem Stadtteil Rione Monti: bequem zum Zentrum und in Gehweite des Bahnhofs Termini.","og_url":"https:\/\/www.dtromemonti.com\/de\/wo-wir-sind\/rione-monti\/","og_site_name":"DoubleTree by Hilton Rome Monti","article_modified_time":"2023-02-21T07:58:13+00:00","twitter_card":"summary_large_image","twitter_misc":{"Gesch\u00e4tzte Lesezeit":"2 Minuten"},"schema":{"@context":"https:\/\/schema.org","@graph":[{"@type":"WebPage","@id":"https:\/\/www.dtromemonti.com\/de\/wo-wir-sind\/rione-monti\/","url":"https:\/\/www.dtromemonti.com\/de\/wo-wir-sind\/rione-monti\/","name":"Rione Monti Rom | Hotel DoubleTree by Hilton Rome Monti","isPartOf":{"@id":"https:\/\/www.dtromemonti.com\/de\/#website"},"datePublished":"2022-07-04T15:19:26+00:00","dateModified":"2023-02-21T07:58:13+00:00","description":"Das DoubleTree by Hilton Rome Monti befindet sich in Roms historischem Stadtteil Rione Monti: bequem zum Zentrum und in Gehweite des Bahnhofs Termini.","breadcrumb":{"@id":"https:\/\/www.dtromemonti.com\/de\/wo-wir-sind\/rione-monti\/#breadcrumb"},"inLanguage":"de-DE","potentialAction":[{"@type":"ReadAction","target":["https:\/\/www.dtromemonti.com\/de\/wo-wir-sind\/rione-monti\/"]}]},{"@type":"BreadcrumbList","@id":"https:\/\/www.dtromemonti.com\/de\/wo-wir-sind\/rione-monti\/#breadcrumb","itemListElement":[{"@type":"ListItem","position":1,"name":"Home","item":"https:\/\/www.dtromemonti.com\/de\/"},{"@type":"ListItem","position":2,"name":"Wo wir sind","item":"https:\/\/www.dtromemonti.com\/de\/wo-wir-sind\/"},{"@type":"ListItem","position":3,"name":"Rione Monti"}]},{"@type":"WebSite","@id":"https:\/\/www.dtromemonti.com\/de\/#website","url":"https:\/\/www.dtromemonti.com\/de\/","name":"DoubleTree by Hilton Rome Monti","description":"Just another ms.decms.eu site","potentialAction":[{"@type":"SearchAction","target":{"@type":"EntryPoint","urlTemplate":"https:\/\/www.dtromemonti.com\/de\/?s={search_term_string}"},"query-input":{"@type":"PropertyValueSpecification","valueRequired":true,"valueName":"search_term_string"}}],"inLanguage":"de-DE"}]}},"acf":[],"_links":{"self":[{"href":"https:\/\/www.dtromemonti.com\/de\/wp-json\/wp\/v2\/pages\/92","targetHints":{"allow":["GET"]}}],"collection":[{"href":"https:\/\/www.dtromemonti.com\/de\/wp-json\/wp\/v2\/pages"}],"about":[{"href":"https:\/\/www.dtromemonti.com\/de\/wp-json\/wp\/v2\/types\/page"}],"author":[{"embeddable":true,"href":"https:\/\/www.dtromemonti.com\/de\/wp-json\/wp\/v2\/users\/6"}],"replies":[{"embeddable":true,"href":"https:\/\/www.dtromemonti.com\/de\/wp-json\/wp\/v2\/comments?post=92"}],"version-history":[{"count":0,"href":"https:\/\/www.dtromemonti.com\/de\/wp-json\/wp\/v2\/pages\/92\/revisions"}],"up":[{"embeddable":true,"href":"https:\/\/www.dtromemonti.com\/de\/wp-json\/wp\/v2\/pages\/86"}],"wp:attachment":[{"href":"https:\/\/www.dtromemonti.com\/de\/wp-json\/wp\/v2\/media?parent=92"}],"curies":[{"name":"wp","href":"https:\/\/api.w.org\/{rel}","templated":true}]}}