{"id":89,"date":"2022-07-04T15:16:58","date_gmt":"2022-07-04T15:16:58","guid":{"rendered":"https:\/\/hiltonrome.ms.decms.eu\/dove-siamo\/come-raggiungerci\/"},"modified":"2023-02-21T07:58:00","modified_gmt":"2023-02-21T07:58:00","slug":"so-erreichen-sie-uns","status":"publish","type":"page","link":"https:\/\/www.dtromemonti.com\/de\/wo-wir-sind\/so-erreichen-sie-uns\/","title":{"rendered":"So erreichen Sie uns"},"content":{"rendered":"<p><span style=\"font-weight: 400;\">Das DoubleTree by Hilton Rome Monti ist <\/span><b>einfach und bequem zu erreichen<\/b><span style=\"font-weight: 400;\">.<\/span><span style=\"font-weight: 400;\"><br \/>\n<\/span><span style=\"font-weight: 400;\">Das Hotel ist nur 600 Meter vom <\/span><b>Bahnhof Termini<\/b><span style=\"font-weight: 400;\"> und dem Shuttle-Bus-Terminal des Flughafens Ciampino entfernt. In der N\u00e4he gibt es auch zahlreiche Parkpl\u00e4tze, die in wenigen Minuten zu Fu\u00df erreichbar sind. <\/span><\/p>\n","protected":false},"excerpt":{"rendered":"<p>Das DoubleTree by Hilton Rome Monti ist einfach und bequem zu erreichen. Das Hotel ist nur 600 Meter vom Bahnhof Termini und dem Shuttle-Bus-Terminal des Flughafens Ciampino entfernt. In der N\u00e4he gibt es auch zahlreiche Parkpl\u00e4tze, die in wenigen Minuten zu Fu\u00df erreichbar sind.<\/p>\n","protected":false},"author":6,"featured_media":0,"parent":86,"menu_order":91,"comment_status":"closed","ping_status":"closed","template":"","meta":{"footnotes":""},"class_list":["post-89","page","type-page","status-publish","hentry"],"yoast_head":"<!-- This site is optimized with the Yoast SEO plugin v26.9 - https:\/\/yoast.com\/product\/yoast-seo-wordpress\/ -->\n<title>Wie Sie uns erreichen: Wegbeschreibung | Hilton Rom<\/title>\n<meta name=\"description\" content=\"Folgen Sie der Wegbeschreibung zum DoubleTree by Hilton Rome Monti! Wir sind nur 10 Minuten zu Fu\u00df vom Bahnhof Termini entfernt.\" \/>\n<meta name=\"robots\" content=\"index, follow, max-snippet:-1, max-image-preview:large, max-video-preview:-1\" \/>\n<link rel=\"canonical\" href=\"https:\/\/www.dtromemonti.com\/de\/wo-wir-sind\/so-erreichen-sie-uns\/\" \/>\n<meta property=\"og:locale\" content=\"de_DE\" \/>\n<meta property=\"og:type\" content=\"article\" \/>\n<meta property=\"og:title\" content=\"Wie Sie uns erreichen: Wegbeschreibung | Hilton Rom\" \/>\n<meta property=\"og:description\" content=\"Folgen Sie der Wegbeschreibung zum DoubleTree by Hilton Rome Monti! Wir sind nur 10 Minuten zu Fu\u00df vom Bahnhof Termini entfernt.\" \/>\n<meta property=\"og:url\" content=\"https:\/\/www.dtromemonti.com\/de\/wo-wir-sind\/so-erreichen-sie-uns\/\" \/>\n<meta property=\"og:site_name\" content=\"DoubleTree by Hilton Rome Monti\" \/>\n<meta property=\"article:modified_time\" content=\"2023-02-21T07:58:00+00:00\" \/>\n<meta name=\"twitter:card\" content=\"summary_large_image\" \/>\n<meta name=\"twitter:label1\" content=\"Gesch\u00e4tzte Lesezeit\" \/>\n\t<meta name=\"twitter:data1\" content=\"1 Minute\" \/>\n<script type=\"application\/ld+json\" class=\"yoast-schema-graph\">{\"@context\":\"https:\/\/schema.org\",\"@graph\":[{\"@type\":\"WebPage\",\"@id\":\"https:\/\/www.dtromemonti.com\/de\/wo-wir-sind\/so-erreichen-sie-uns\/\",\"url\":\"https:\/\/www.dtromemonti.com\/de\/wo-wir-sind\/so-erreichen-sie-uns\/\",\"name\":\"Wie Sie uns erreichen: Wegbeschreibung | Hilton Rom\",\"isPartOf\":{\"@id\":\"https:\/\/www.dtromemonti.com\/de\/#website\"},\"datePublished\":\"2022-07-04T15:16:58+00:00\",\"dateModified\":\"2023-02-21T07:58:00+00:00\",\"description\":\"Folgen Sie der Wegbeschreibung zum DoubleTree by Hilton Rome Monti! Wir sind nur 10 Minuten zu Fu\u00df vom Bahnhof Termini entfernt.\",\"breadcrumb\":{\"@id\":\"https:\/\/www.dtromemonti.com\/de\/wo-wir-sind\/so-erreichen-sie-uns\/#breadcrumb\"},\"inLanguage\":\"de-DE\",\"potentialAction\":[{\"@type\":\"ReadAction\",\"target\":[\"https:\/\/www.dtromemonti.com\/de\/wo-wir-sind\/so-erreichen-sie-uns\/\"]}]},{\"@type\":\"BreadcrumbList\",\"@id\":\"https:\/\/www.dtromemonti.com\/de\/wo-wir-sind\/so-erreichen-sie-uns\/#breadcrumb\",\"itemListElement\":[{\"@type\":\"ListItem\",\"position\":1,\"name\":\"Home\",\"item\":\"https:\/\/www.dtromemonti.com\/de\/\"},{\"@type\":\"ListItem\",\"position\":2,\"name\":\"Wo wir sind\",\"item\":\"https:\/\/www.dtromemonti.com\/de\/wo-wir-sind\/\"},{\"@type\":\"ListItem\",\"position\":3,\"name\":\"So erreichen Sie uns\"}]},{\"@type\":\"WebSite\",\"@id\":\"https:\/\/www.dtromemonti.com\/de\/#website\",\"url\":\"https:\/\/www.dtromemonti.com\/de\/\",\"name\":\"DoubleTree by Hilton Rome Monti\",\"description\":\"Just another ms.decms.eu site\",\"potentialAction\":[{\"@type\":\"SearchAction\",\"target\":{\"@type\":\"EntryPoint\",\"urlTemplate\":\"https:\/\/www.dtromemonti.com\/de\/?s={search_term_string}\"},\"query-input\":{\"@type\":\"PropertyValueSpecification\",\"valueRequired\":true,\"valueName\":\"search_term_string\"}}],\"inLanguage\":\"de-DE\"}]}<\/script>\n<!-- \/ Yoast SEO plugin. -->","yoast_head_json":{"title":"Wie Sie uns erreichen: Wegbeschreibung | Hilton Rom","description":"Folgen Sie der Wegbeschreibung zum DoubleTree by Hilton Rome Monti! Wir sind nur 10 Minuten zu Fu\u00df vom Bahnhof Termini entfernt.","robots":{"index":"index","follow":"follow","max-snippet":"max-snippet:-1","max-image-preview":"max-image-preview:large","max-video-preview":"max-video-preview:-1"},"canonical":"https:\/\/www.dtromemonti.com\/de\/wo-wir-sind\/so-erreichen-sie-uns\/","og_locale":"de_DE","og_type":"article","og_title":"Wie Sie uns erreichen: Wegbeschreibung | Hilton Rom","og_description":"Folgen Sie der Wegbeschreibung zum DoubleTree by Hilton Rome Monti! Wir sind nur 10 Minuten zu Fu\u00df vom Bahnhof Termini entfernt.","og_url":"https:\/\/www.dtromemonti.com\/de\/wo-wir-sind\/so-erreichen-sie-uns\/","og_site_name":"DoubleTree by Hilton Rome Monti","article_modified_time":"2023-02-21T07:58:00+00:00","twitter_card":"summary_large_image","twitter_misc":{"Gesch\u00e4tzte Lesezeit":"1 Minute"},"schema":{"@context":"https:\/\/schema.org","@graph":[{"@type":"WebPage","@id":"https:\/\/www.dtromemonti.com\/de\/wo-wir-sind\/so-erreichen-sie-uns\/","url":"https:\/\/www.dtromemonti.com\/de\/wo-wir-sind\/so-erreichen-sie-uns\/","name":"Wie Sie uns erreichen: Wegbeschreibung | Hilton Rom","isPartOf":{"@id":"https:\/\/www.dtromemonti.com\/de\/#website"},"datePublished":"2022-07-04T15:16:58+00:00","dateModified":"2023-02-21T07:58:00+00:00","description":"Folgen Sie der Wegbeschreibung zum DoubleTree by Hilton Rome Monti! Wir sind nur 10 Minuten zu Fu\u00df vom Bahnhof Termini entfernt.","breadcrumb":{"@id":"https:\/\/www.dtromemonti.com\/de\/wo-wir-sind\/so-erreichen-sie-uns\/#breadcrumb"},"inLanguage":"de-DE","potentialAction":[{"@type":"ReadAction","target":["https:\/\/www.dtromemonti.com\/de\/wo-wir-sind\/so-erreichen-sie-uns\/"]}]},{"@type":"BreadcrumbList","@id":"https:\/\/www.dtromemonti.com\/de\/wo-wir-sind\/so-erreichen-sie-uns\/#breadcrumb","itemListElement":[{"@type":"ListItem","position":1,"name":"Home","item":"https:\/\/www.dtromemonti.com\/de\/"},{"@type":"ListItem","position":2,"name":"Wo wir sind","item":"https:\/\/www.dtromemonti.com\/de\/wo-wir-sind\/"},{"@type":"ListItem","position":3,"name":"So erreichen Sie uns"}]},{"@type":"WebSite","@id":"https:\/\/www.dtromemonti.com\/de\/#website","url":"https:\/\/www.dtromemonti.com\/de\/","name":"DoubleTree by Hilton Rome Monti","description":"Just another ms.decms.eu site","potentialAction":[{"@type":"SearchAction","target":{"@type":"EntryPoint","urlTemplate":"https:\/\/www.dtromemonti.com\/de\/?s={search_term_string}"},"query-input":{"@type":"PropertyValueSpecification","valueRequired":true,"valueName":"search_term_string"}}],"inLanguage":"de-DE"}]}},"acf":[],"_links":{"self":[{"href":"https:\/\/www.dtromemonti.com\/de\/wp-json\/wp\/v2\/pages\/89","targetHints":{"allow":["GET"]}}],"collection":[{"href":"https:\/\/www.dtromemonti.com\/de\/wp-json\/wp\/v2\/pages"}],"about":[{"href":"https:\/\/www.dtromemonti.com\/de\/wp-json\/wp\/v2\/types\/page"}],"author":[{"embeddable":true,"href":"https:\/\/www.dtromemonti.com\/de\/wp-json\/wp\/v2\/users\/6"}],"replies":[{"embeddable":true,"href":"https:\/\/www.dtromemonti.com\/de\/wp-json\/wp\/v2\/comments?post=89"}],"version-history":[{"count":0,"href":"https:\/\/www.dtromemonti.com\/de\/wp-json\/wp\/v2\/pages\/89\/revisions"}],"up":[{"embeddable":true,"href":"https:\/\/www.dtromemonti.com\/de\/wp-json\/wp\/v2\/pages\/86"}],"wp:attachment":[{"href":"https:\/\/www.dtromemonti.com\/de\/wp-json\/wp\/v2\/media?parent=89"}],"curies":[{"name":"wp","href":"https:\/\/api.w.org\/{rel}","templated":true}]}}