{"id":86,"date":"2022-07-04T15:14:48","date_gmt":"2022-07-04T15:14:48","guid":{"rendered":"https:\/\/hiltonrome.ms.decms.eu\/dove-siamo\/"},"modified":"2023-02-21T07:57:45","modified_gmt":"2023-02-21T07:57:45","slug":"wo-wir-sind","status":"publish","type":"page","link":"https:\/\/www.dtromemonti.com\/de\/wo-wir-sind\/","title":{"rendered":"Wo wir sind"},"content":{"rendered":"<p><span style=\"font-weight: 400;\">Das DoubleTree by Hilton Rome Monti befindet sich in einer <\/span><b>g\u00fcnstigen Lage<\/b><span style=\"font-weight: 400;\"> in Rom.\u00a0<\/span><\/p>\n<p><span style=\"font-weight: 400;\">Das Hotel liegt an der Piazza dell&#8217;Esquilino, 600 Meter vom Bahnhof Termini entfernt, im <\/span><b>malerischen Viertel Rione Monti<\/b><span style=\"font-weight: 400;\"> und ist ein idealer Ausgangspunkt f\u00fcr die Erkundung der Stadt zu Fu\u00df.\u00a0<\/span><\/p>\n<p><span style=\"font-weight: 400;\">Das Herz des antiken Roms mit dem <\/span><b>Kolosseum<\/b><span style=\"font-weight: 400;\"> und dem Forum Romanum ist nur einen viertelst\u00fcndigen Spaziergang durch die bezaubernden Gassen des Stadtteils Rione Monti entfernt. Ber\u00fchmte Kirchen, Pal\u00e4ste und Brunnen, Meisterwerke des barocken Roms, sind nur <\/span><b>600 Meter<\/b><span style=\"font-weight: 400;\"> vom DoubleTree by Hilton Rome Monti entfernt.\u00a0<\/span><\/p>\n<p><span style=\"font-weight: 400;\">Das Teatro dell&#8217;Opera di Roma, wo die prestigetr\u00e4chtige Opern-, Ballett- und Theatersaison stattfindet, ist 300 Meter entfernt.\u00a0<\/span><\/p>\n<p><span style=\"font-weight: 400;\">Modeinteressierte erreichen die Via Nazionale, das Zentrum des r\u00f6mischen Einkaufs, in nur vier Minuten, w\u00e4hrend die besten Stra\u00dfen f\u00fcr originelle und anspruchsvolle Eink\u00e4ufe nur einen Steinwurf vom Hotel entfernt sind, im Viertel Rione Monti. Hier wechseln sich Boutiquen mit ma\u00dfgeschneiderten Kleidern und handgefertigten Accessoires, Kunstgalerien, Kunsthandwerkerwerkst\u00e4tten und Geschenkel\u00e4den mit Caf\u00e9s und Trattorien in einer Atmosph\u00e4re l\u00e4ngst vergessener Zeiten ab, die den Rione zu einem der authentischsten und charakteristischsten Viertel Roms macht.\u00a0\u00a0<\/span><\/p>\n<p><span style=\"font-weight: 400;\">Um die <\/span><b>ber\u00fchmten Pl\u00e4tze<\/b><span style=\"font-weight: 400;\">, den Petersdom, Navona, die Spanische Treppe und alle wichtigen Museen und Denkm\u00e4ler der Stadt zu erreichen, ist die<\/span><b> U-Bahn <\/b><span style=\"font-weight: 400;\">sehr praktisch: Die Haltestelle Termini der Linie A ist 400 Meter entfernt, w\u00e4hrend die Haltestelle Cavour der Linie B 600 Meter vom Hotel entfernt ist. <\/span><\/p>\n","protected":false},"excerpt":{"rendered":"<p>Das DoubleTree by Hilton Rome Monti befindet sich in einer g\u00fcnstigen Lage in Rom.\u00a0 Das Hotel liegt an der Piazza dell&#8217;Esquilino, 600 Meter vom Bahnhof Termini entfernt, im malerischen Viertel Rione Monti und ist ein idealer Ausgangspunkt f\u00fcr die Erkundung der Stadt zu Fu\u00df.\u00a0 Das Herz des antiken Roms mit dem Kolosseum und dem Forum [&hellip;]<\/p>\n","protected":false},"author":6,"featured_media":0,"parent":0,"menu_order":90,"comment_status":"closed","ping_status":"closed","template":"template-location.php","meta":{"footnotes":""},"class_list":["post-86","page","type-page","status-publish","hentry"],"yoast_head":"<!-- This site is optimized with the Yoast SEO plugin v26.9 - https:\/\/yoast.com\/product\/yoast-seo-wordpress\/ -->\n<title>Lage Hotel Rom Zentrum | DoubleTree by Hilton Rome Monti<\/title>\n<meta name=\"description\" content=\"So erreichen Sie das DoubleTree by Hilton Rome Monti: nur wenige Minuten von Roma Termini und den wichtigsten historischen Sehensw\u00fcrdigkeiten entfernt.\" \/>\n<meta name=\"robots\" content=\"index, follow, max-snippet:-1, max-image-preview:large, max-video-preview:-1\" \/>\n<link rel=\"canonical\" href=\"https:\/\/www.dtromemonti.com\/de\/wo-wir-sind\/\" \/>\n<meta property=\"og:locale\" content=\"de_DE\" \/>\n<meta property=\"og:type\" content=\"article\" \/>\n<meta property=\"og:title\" content=\"Lage Hotel Rom Zentrum | DoubleTree by Hilton Rome Monti\" \/>\n<meta property=\"og:description\" content=\"So erreichen Sie das DoubleTree by Hilton Rome Monti: nur wenige Minuten von Roma Termini und den wichtigsten historischen Sehensw\u00fcrdigkeiten entfernt.\" \/>\n<meta property=\"og:url\" content=\"https:\/\/www.dtromemonti.com\/de\/wo-wir-sind\/\" \/>\n<meta property=\"og:site_name\" content=\"DoubleTree by Hilton Rome Monti\" \/>\n<meta property=\"article:modified_time\" content=\"2023-02-21T07:57:45+00:00\" \/>\n<meta name=\"twitter:card\" content=\"summary_large_image\" \/>\n<meta name=\"twitter:label1\" content=\"Gesch\u00e4tzte Lesezeit\" \/>\n\t<meta name=\"twitter:data1\" content=\"1 Minute\" \/>\n<script type=\"application\/ld+json\" class=\"yoast-schema-graph\">{\"@context\":\"https:\/\/schema.org\",\"@graph\":[{\"@type\":\"WebPage\",\"@id\":\"https:\/\/www.dtromemonti.com\/de\/wo-wir-sind\/\",\"url\":\"https:\/\/www.dtromemonti.com\/de\/wo-wir-sind\/\",\"name\":\"Lage Hotel Rom Zentrum | DoubleTree by Hilton Rome Monti\",\"isPartOf\":{\"@id\":\"https:\/\/www.dtromemonti.com\/de\/#website\"},\"datePublished\":\"2022-07-04T15:14:48+00:00\",\"dateModified\":\"2023-02-21T07:57:45+00:00\",\"description\":\"So erreichen Sie das DoubleTree by Hilton Rome Monti: nur wenige Minuten von Roma Termini und den wichtigsten historischen Sehensw\u00fcrdigkeiten entfernt.\",\"breadcrumb\":{\"@id\":\"https:\/\/www.dtromemonti.com\/de\/wo-wir-sind\/#breadcrumb\"},\"inLanguage\":\"de-DE\",\"potentialAction\":[{\"@type\":\"ReadAction\",\"target\":[\"https:\/\/www.dtromemonti.com\/de\/wo-wir-sind\/\"]}]},{\"@type\":\"BreadcrumbList\",\"@id\":\"https:\/\/www.dtromemonti.com\/de\/wo-wir-sind\/#breadcrumb\",\"itemListElement\":[{\"@type\":\"ListItem\",\"position\":1,\"name\":\"Home\",\"item\":\"https:\/\/www.dtromemonti.com\/de\/\"},{\"@type\":\"ListItem\",\"position\":2,\"name\":\"Wo wir sind\"}]},{\"@type\":\"WebSite\",\"@id\":\"https:\/\/www.dtromemonti.com\/de\/#website\",\"url\":\"https:\/\/www.dtromemonti.com\/de\/\",\"name\":\"DoubleTree by Hilton Rome Monti\",\"description\":\"Just another ms.decms.eu site\",\"potentialAction\":[{\"@type\":\"SearchAction\",\"target\":{\"@type\":\"EntryPoint\",\"urlTemplate\":\"https:\/\/www.dtromemonti.com\/de\/?s={search_term_string}\"},\"query-input\":{\"@type\":\"PropertyValueSpecification\",\"valueRequired\":true,\"valueName\":\"search_term_string\"}}],\"inLanguage\":\"de-DE\"}]}<\/script>\n<!-- \/ Yoast SEO plugin. -->","yoast_head_json":{"title":"Lage Hotel Rom Zentrum | DoubleTree by Hilton Rome Monti","description":"So erreichen Sie das DoubleTree by Hilton Rome Monti: nur wenige Minuten von Roma Termini und den wichtigsten historischen Sehensw\u00fcrdigkeiten entfernt.","robots":{"index":"index","follow":"follow","max-snippet":"max-snippet:-1","max-image-preview":"max-image-preview:large","max-video-preview":"max-video-preview:-1"},"canonical":"https:\/\/www.dtromemonti.com\/de\/wo-wir-sind\/","og_locale":"de_DE","og_type":"article","og_title":"Lage Hotel Rom Zentrum | DoubleTree by Hilton Rome Monti","og_description":"So erreichen Sie das DoubleTree by Hilton Rome Monti: nur wenige Minuten von Roma Termini und den wichtigsten historischen Sehensw\u00fcrdigkeiten entfernt.","og_url":"https:\/\/www.dtromemonti.com\/de\/wo-wir-sind\/","og_site_name":"DoubleTree by Hilton Rome Monti","article_modified_time":"2023-02-21T07:57:45+00:00","twitter_card":"summary_large_image","twitter_misc":{"Gesch\u00e4tzte Lesezeit":"1 Minute"},"schema":{"@context":"https:\/\/schema.org","@graph":[{"@type":"WebPage","@id":"https:\/\/www.dtromemonti.com\/de\/wo-wir-sind\/","url":"https:\/\/www.dtromemonti.com\/de\/wo-wir-sind\/","name":"Lage Hotel Rom Zentrum | DoubleTree by Hilton Rome Monti","isPartOf":{"@id":"https:\/\/www.dtromemonti.com\/de\/#website"},"datePublished":"2022-07-04T15:14:48+00:00","dateModified":"2023-02-21T07:57:45+00:00","description":"So erreichen Sie das DoubleTree by Hilton Rome Monti: nur wenige Minuten von Roma Termini und den wichtigsten historischen Sehensw\u00fcrdigkeiten entfernt.","breadcrumb":{"@id":"https:\/\/www.dtromemonti.com\/de\/wo-wir-sind\/#breadcrumb"},"inLanguage":"de-DE","potentialAction":[{"@type":"ReadAction","target":["https:\/\/www.dtromemonti.com\/de\/wo-wir-sind\/"]}]},{"@type":"BreadcrumbList","@id":"https:\/\/www.dtromemonti.com\/de\/wo-wir-sind\/#breadcrumb","itemListElement":[{"@type":"ListItem","position":1,"name":"Home","item":"https:\/\/www.dtromemonti.com\/de\/"},{"@type":"ListItem","position":2,"name":"Wo wir sind"}]},{"@type":"WebSite","@id":"https:\/\/www.dtromemonti.com\/de\/#website","url":"https:\/\/www.dtromemonti.com\/de\/","name":"DoubleTree by Hilton Rome Monti","description":"Just another ms.decms.eu site","potentialAction":[{"@type":"SearchAction","target":{"@type":"EntryPoint","urlTemplate":"https:\/\/www.dtromemonti.com\/de\/?s={search_term_string}"},"query-input":{"@type":"PropertyValueSpecification","valueRequired":true,"valueName":"search_term_string"}}],"inLanguage":"de-DE"}]}},"acf":[],"_links":{"self":[{"href":"https:\/\/www.dtromemonti.com\/de\/wp-json\/wp\/v2\/pages\/86","targetHints":{"allow":["GET"]}}],"collection":[{"href":"https:\/\/www.dtromemonti.com\/de\/wp-json\/wp\/v2\/pages"}],"about":[{"href":"https:\/\/www.dtromemonti.com\/de\/wp-json\/wp\/v2\/types\/page"}],"author":[{"embeddable":true,"href":"https:\/\/www.dtromemonti.com\/de\/wp-json\/wp\/v2\/users\/6"}],"replies":[{"embeddable":true,"href":"https:\/\/www.dtromemonti.com\/de\/wp-json\/wp\/v2\/comments?post=86"}],"version-history":[{"count":0,"href":"https:\/\/www.dtromemonti.com\/de\/wp-json\/wp\/v2\/pages\/86\/revisions"}],"wp:attachment":[{"href":"https:\/\/www.dtromemonti.com\/de\/wp-json\/wp\/v2\/media?parent=86"}],"curies":[{"name":"wp","href":"https:\/\/api.w.org\/{rel}","templated":true}]}}