{"id":83,"date":"2022-07-04T15:13:40","date_gmt":"2022-07-04T15:13:40","guid":{"rendered":"https:\/\/hiltonrome.ms.decms.eu\/servizi\/servizi-extra\/"},"modified":"2024-12-19T10:31:22","modified_gmt":"2024-12-19T10:31:22","slug":"zusaetzliche-dienstleistungen","status":"publish","type":"page","link":"https:\/\/www.dtromemonti.com\/de\/dienstleistungen\/zusaetzliche-dienstleistungen\/","title":{"rendered":"Zus\u00e4tzliche Dienstleistungen"},"content":{"rendered":"<p><span style=\"font-weight: 400\">Ihr einziger Gedanke im DoubleTree by Hilton Rome Monti muss sein, Ihren Aufenthalt im <\/span><b>Hotel im Zentrum von Rom<\/b><span style=\"font-weight: 400\"> in vollen Z\u00fcgen zu genie\u00dfen. Deshalb ist es unser t\u00e4gliches Bestreben, Ihnen alle Dienstleistungen f\u00fcr einen entspannten Aufenthalt zu bieten.\u00a0<\/span><\/p>\n<p><span style=\"font-weight: 400\">Beginnend mit Ihrer Ankunft: Wenn Sie mit dem Auto nach Rom kommen, steht Ihnen unser Privatparkplatz zur Verf\u00fcgung, und wenn es keine freien Pl\u00e4tze gibt, k\u00f6nnen wir Ihnen einen anderen geeigneten Parkplatz empfehlen (beides gegen Geb\u00fchr). Um jeden Tag wie in einem eigenen <\/span><b>Fitnessstudio<\/b><span style=\"font-weight: 400\"> zu trainieren, gibt es den ger\u00e4umigen Fitnessraum exklusiv f\u00fcr Hotelg\u00e4ste, mit modernsten Technogym-Ger\u00e4ten.\u00a0<\/span><\/p>\n<p><span style=\"font-weight: 400\">Dank der <\/span><b>Coworking- und <\/b><span style=\"font-weight: 400\">\u00a0<\/span><b>Smart-Working-Bereiche <\/b><span style=\"font-weight: 400\">in der Lobby und in den Tagungsr\u00e4umen sowie des <\/span><b>kostenlosen Wi-Fi<\/b><span style=\"font-weight: 400\"> in allen Hotelbereichen wird das Arbeiten aus der Ferne angenehm sein. Der rund um die Uhr verf\u00fcgbare Zimmerservice hilft Ihnen, Ihre Konzentration zu jeder Zeit aufrechtzuerhalten, oder entspannen Sie sich bei einem Fr\u00fchst\u00fcck oder einem Snack, wann immer Ihnen danach ist.<\/span><\/p>\n<p><span style=\"font-weight: 400\">Die <\/span><b>Zug\u00e4nglichkeit<\/b><span style=\"font-weight: 400\"> des <\/span><b>Hotels<\/b><span style=\"font-weight: 400\"> f\u00fcr behinderte G\u00e4ste wird durch Ad-hoc-Services gew\u00e4hrleistet, die es ihnen erm\u00f6glichen, ihren Aufenthalt im DoubleTree by Hilton Rome Monti zu genie\u00dfen. F\u00fcr sie reservieren wir <a href=\"\/de\/zimmer-und-suiten\/accessible-guest-room\/\">barrierefreie Zimmer<\/a>, die f\u00fcr <\/span><b>G\u00e4ste mit eingeschr\u00e4nkter Mobilit\u00e4t <\/b><span style=\"font-weight: 400\">ausgestattet sind und viel Platz, Hilfsmittel im Eingangsbereich und B\u00e4der bieten, letztere mit begehbaren Duschen.<\/span><\/p>\n<p>&nbsp;<\/p>\n","protected":false},"excerpt":{"rendered":"<p>Ihr einziger Gedanke im DoubleTree by Hilton Rome Monti muss sein, Ihren Aufenthalt im Hotel im Zentrum von Rom in vollen Z\u00fcgen zu genie\u00dfen. Deshalb ist es unser t\u00e4gliches Bestreben, Ihnen alle Dienstleistungen f\u00fcr einen entspannten Aufenthalt zu bieten.\u00a0 Beginnend mit Ihrer Ankunft: Wenn Sie mit dem Auto nach Rom kommen, steht Ihnen unser Privatparkplatz [&hellip;]<\/p>\n","protected":false},"author":6,"featured_media":0,"parent":71,"menu_order":44,"comment_status":"closed","ping_status":"closed","template":"","meta":{"footnotes":""},"class_list":["post-83","page","type-page","status-publish","hentry"],"yoast_head":"<!-- This site is optimized with the Yoast SEO plugin v26.9 - https:\/\/yoast.com\/product\/yoast-seo-wordpress\/ -->\n<title>Service: Fitness, Parken | DoubleTree by Hilton Rome Monti<\/title>\n<meta name=\"description\" content=\"Entdecken Sie den Service des DoubleTree by Hilton Rome Monti: Barrierefreiheit, Parkplatz und Fitnessraum f\u00fcr einen entspannten Aufenthalt im Herzen von Rom.\" \/>\n<meta name=\"robots\" content=\"index, follow, max-snippet:-1, max-image-preview:large, max-video-preview:-1\" \/>\n<link rel=\"canonical\" href=\"https:\/\/www.dtromemonti.com\/de\/dienstleistungen\/zusaetzliche-dienstleistungen\/\" \/>\n<meta property=\"og:locale\" content=\"de_DE\" \/>\n<meta property=\"og:type\" content=\"article\" \/>\n<meta property=\"og:title\" content=\"Service: Fitness, Parken | DoubleTree by Hilton Rome Monti\" \/>\n<meta property=\"og:description\" content=\"Entdecken Sie den Service des DoubleTree by Hilton Rome Monti: Barrierefreiheit, Parkplatz und Fitnessraum f\u00fcr einen entspannten Aufenthalt im Herzen von Rom.\" \/>\n<meta property=\"og:url\" content=\"https:\/\/www.dtromemonti.com\/de\/dienstleistungen\/zusaetzliche-dienstleistungen\/\" \/>\n<meta property=\"og:site_name\" content=\"DoubleTree by Hilton Rome Monti\" \/>\n<meta property=\"article:modified_time\" content=\"2024-12-19T10:31:22+00:00\" \/>\n<meta name=\"twitter:card\" content=\"summary_large_image\" \/>\n<meta name=\"twitter:label1\" content=\"Gesch\u00e4tzte Lesezeit\" \/>\n\t<meta name=\"twitter:data1\" content=\"1 Minute\" \/>\n<script type=\"application\/ld+json\" class=\"yoast-schema-graph\">{\"@context\":\"https:\/\/schema.org\",\"@graph\":[{\"@type\":\"WebPage\",\"@id\":\"https:\/\/www.dtromemonti.com\/de\/dienstleistungen\/zusaetzliche-dienstleistungen\/\",\"url\":\"https:\/\/www.dtromemonti.com\/de\/dienstleistungen\/zusaetzliche-dienstleistungen\/\",\"name\":\"Service: Fitness, Parken | DoubleTree by Hilton Rome Monti\",\"isPartOf\":{\"@id\":\"https:\/\/www.dtromemonti.com\/de\/#website\"},\"datePublished\":\"2022-07-04T15:13:40+00:00\",\"dateModified\":\"2024-12-19T10:31:22+00:00\",\"description\":\"Entdecken Sie den Service des DoubleTree by Hilton Rome Monti: Barrierefreiheit, Parkplatz und Fitnessraum f\u00fcr einen entspannten Aufenthalt im Herzen von Rom.\",\"breadcrumb\":{\"@id\":\"https:\/\/www.dtromemonti.com\/de\/dienstleistungen\/zusaetzliche-dienstleistungen\/#breadcrumb\"},\"inLanguage\":\"de-DE\",\"potentialAction\":[{\"@type\":\"ReadAction\",\"target\":[\"https:\/\/www.dtromemonti.com\/de\/dienstleistungen\/zusaetzliche-dienstleistungen\/\"]}]},{\"@type\":\"BreadcrumbList\",\"@id\":\"https:\/\/www.dtromemonti.com\/de\/dienstleistungen\/zusaetzliche-dienstleistungen\/#breadcrumb\",\"itemListElement\":[{\"@type\":\"ListItem\",\"position\":1,\"name\":\"Home\",\"item\":\"https:\/\/www.dtromemonti.com\/de\/\"},{\"@type\":\"ListItem\",\"position\":2,\"name\":\"Dienstleistungen\",\"item\":\"https:\/\/www.dtromemonti.com\/de\/dienstleistungen\/\"},{\"@type\":\"ListItem\",\"position\":3,\"name\":\"Zus\u00e4tzliche Dienstleistungen\"}]},{\"@type\":\"WebSite\",\"@id\":\"https:\/\/www.dtromemonti.com\/de\/#website\",\"url\":\"https:\/\/www.dtromemonti.com\/de\/\",\"name\":\"DoubleTree by Hilton Rome Monti\",\"description\":\"Just another ms.decms.eu site\",\"potentialAction\":[{\"@type\":\"SearchAction\",\"target\":{\"@type\":\"EntryPoint\",\"urlTemplate\":\"https:\/\/www.dtromemonti.com\/de\/?s={search_term_string}\"},\"query-input\":{\"@type\":\"PropertyValueSpecification\",\"valueRequired\":true,\"valueName\":\"search_term_string\"}}],\"inLanguage\":\"de-DE\"}]}<\/script>\n<!-- \/ Yoast SEO plugin. -->","yoast_head_json":{"title":"Service: Fitness, Parken | DoubleTree by Hilton Rome Monti","description":"Entdecken Sie den Service des DoubleTree by Hilton Rome Monti: Barrierefreiheit, Parkplatz und Fitnessraum f\u00fcr einen entspannten Aufenthalt im Herzen von Rom.","robots":{"index":"index","follow":"follow","max-snippet":"max-snippet:-1","max-image-preview":"max-image-preview:large","max-video-preview":"max-video-preview:-1"},"canonical":"https:\/\/www.dtromemonti.com\/de\/dienstleistungen\/zusaetzliche-dienstleistungen\/","og_locale":"de_DE","og_type":"article","og_title":"Service: Fitness, Parken | DoubleTree by Hilton Rome Monti","og_description":"Entdecken Sie den Service des DoubleTree by Hilton Rome Monti: Barrierefreiheit, Parkplatz und Fitnessraum f\u00fcr einen entspannten Aufenthalt im Herzen von Rom.","og_url":"https:\/\/www.dtromemonti.com\/de\/dienstleistungen\/zusaetzliche-dienstleistungen\/","og_site_name":"DoubleTree by Hilton Rome Monti","article_modified_time":"2024-12-19T10:31:22+00:00","twitter_card":"summary_large_image","twitter_misc":{"Gesch\u00e4tzte Lesezeit":"1 Minute"},"schema":{"@context":"https:\/\/schema.org","@graph":[{"@type":"WebPage","@id":"https:\/\/www.dtromemonti.com\/de\/dienstleistungen\/zusaetzliche-dienstleistungen\/","url":"https:\/\/www.dtromemonti.com\/de\/dienstleistungen\/zusaetzliche-dienstleistungen\/","name":"Service: Fitness, Parken | DoubleTree by Hilton Rome Monti","isPartOf":{"@id":"https:\/\/www.dtromemonti.com\/de\/#website"},"datePublished":"2022-07-04T15:13:40+00:00","dateModified":"2024-12-19T10:31:22+00:00","description":"Entdecken Sie den Service des DoubleTree by Hilton Rome Monti: Barrierefreiheit, Parkplatz und Fitnessraum f\u00fcr einen entspannten Aufenthalt im Herzen von Rom.","breadcrumb":{"@id":"https:\/\/www.dtromemonti.com\/de\/dienstleistungen\/zusaetzliche-dienstleistungen\/#breadcrumb"},"inLanguage":"de-DE","potentialAction":[{"@type":"ReadAction","target":["https:\/\/www.dtromemonti.com\/de\/dienstleistungen\/zusaetzliche-dienstleistungen\/"]}]},{"@type":"BreadcrumbList","@id":"https:\/\/www.dtromemonti.com\/de\/dienstleistungen\/zusaetzliche-dienstleistungen\/#breadcrumb","itemListElement":[{"@type":"ListItem","position":1,"name":"Home","item":"https:\/\/www.dtromemonti.com\/de\/"},{"@type":"ListItem","position":2,"name":"Dienstleistungen","item":"https:\/\/www.dtromemonti.com\/de\/dienstleistungen\/"},{"@type":"ListItem","position":3,"name":"Zus\u00e4tzliche Dienstleistungen"}]},{"@type":"WebSite","@id":"https:\/\/www.dtromemonti.com\/de\/#website","url":"https:\/\/www.dtromemonti.com\/de\/","name":"DoubleTree by Hilton Rome Monti","description":"Just another ms.decms.eu site","potentialAction":[{"@type":"SearchAction","target":{"@type":"EntryPoint","urlTemplate":"https:\/\/www.dtromemonti.com\/de\/?s={search_term_string}"},"query-input":{"@type":"PropertyValueSpecification","valueRequired":true,"valueName":"search_term_string"}}],"inLanguage":"de-DE"}]}},"acf":[],"_links":{"self":[{"href":"https:\/\/www.dtromemonti.com\/de\/wp-json\/wp\/v2\/pages\/83","targetHints":{"allow":["GET"]}}],"collection":[{"href":"https:\/\/www.dtromemonti.com\/de\/wp-json\/wp\/v2\/pages"}],"about":[{"href":"https:\/\/www.dtromemonti.com\/de\/wp-json\/wp\/v2\/types\/page"}],"author":[{"embeddable":true,"href":"https:\/\/www.dtromemonti.com\/de\/wp-json\/wp\/v2\/users\/6"}],"replies":[{"embeddable":true,"href":"https:\/\/www.dtromemonti.com\/de\/wp-json\/wp\/v2\/comments?post=83"}],"version-history":[{"count":0,"href":"https:\/\/www.dtromemonti.com\/de\/wp-json\/wp\/v2\/pages\/83\/revisions"}],"up":[{"embeddable":true,"href":"https:\/\/www.dtromemonti.com\/de\/wp-json\/wp\/v2\/pages\/71"}],"wp:attachment":[{"href":"https:\/\/www.dtromemonti.com\/de\/wp-json\/wp\/v2\/media?parent=83"}],"curies":[{"name":"wp","href":"https:\/\/api.w.org\/{rel}","templated":true}]}}