{"id":80,"date":"2022-07-04T15:12:26","date_gmt":"2022-07-04T15:12:26","guid":{"rendered":"https:\/\/hiltonrome.ms.decms.eu\/servizi\/sale-meeting\/"},"modified":"2025-12-12T11:32:42","modified_gmt":"2025-12-12T11:32:42","slug":"meeting-raeume","status":"publish","type":"page","link":"https:\/\/www.dtromemonti.com\/de\/dienstleistungen\/meeting-raeume\/","title":{"rendered":"Meeting-R\u00e4ume"},"content":{"rendered":"<h3 style=\"text-align: center\" data-start=\"1512\" data-end=\"1560\"><strong data-start=\"1521\" data-end=\"1560\">Wo Business sich wie zu Hause f\u00fchlt<\/strong><\/h3>\n<p style=\"text-align: center\" data-start=\"1562\" data-end=\"1790\">Im Herzen Roms, nur wenige Schritte vom <strong data-start=\"1602\" data-end=\"1621\">Bahnhof Termini<\/strong> und den bekanntesten Sehensw\u00fcrdigkeiten der Stadt entfernt, bietet das <strong data-start=\"1693\" data-end=\"1728\">DoubleTree by Hilton Rome Monti<\/strong> den idealen Rahmen f\u00fcr Ihre n\u00e4chste Gesch\u00e4ftsveranstaltung.<\/p>\n<p style=\"text-align: center\" data-start=\"1792\" data-end=\"2163\">Drei <strong data-start=\"1797\" data-end=\"1822\">modulare Tagungsr\u00e4ume<\/strong> mit Tageslicht bieten Platz f\u00fcr bis zu 50 Personen und schaffen ein elegantes, flexibles Ambiente f\u00fcr Firmenmeetings, Schulungen, Vorstellungsgespr\u00e4che oder private Zusammenk\u00fcnfte. Jeder Raum ist mit <strong data-start=\"2023\" data-end=\"2060\">modernster audiovisueller Technik<\/strong> ausgestattet und wird von einem engagierten Team betreut, das einen reibungslosen Ablauf garantiert.<\/p>\n<p style=\"text-align: center\" data-start=\"2165\" data-end=\"2315\">W\u00e4hrend der Pausen k\u00f6nnen die G\u00e4ste im stilvollen Lounge-Bereich entspannen und <strong data-start=\"2245\" data-end=\"2303\">individuell gestaltete Kaffeepausen und leichte Snacks<\/strong> genie\u00dfen.<\/p>\n<p style=\"text-align: center\" data-start=\"2317\" data-end=\"2589\">F\u00fcr ein unvergessliches Erlebnis bietet das <strong data-start=\"2361\" data-end=\"2402\">M\u00f9n Rooftop Cocktail Bar &amp; Restaurant<\/strong> eine <strong data-start=\"2408\" data-end=\"2465\">exklusive Panoramaterrasse \u00fcber den D\u00e4chern von Monti<\/strong> \u2013 perfekt f\u00fcr <strong data-start=\"2480\" data-end=\"2550\">private Abendessen, Networking-Cocktails oder After-Meeting-Events<\/strong>, die Ihre G\u00e4ste beeindrucken werden.<\/p>\n<p style=\"text-align: center\" data-start=\"2591\" data-end=\"2881\">Mit <strong data-start=\"2595\" data-end=\"2619\">133 modernen Zimmern<\/strong>, einer <strong data-start=\"2627\" data-end=\"2645\">zentralen Lage<\/strong> nur wenige Minuten vom Bahnhof Termini und den wichtigsten Sehensw\u00fcrdigkeiten entfernt sowie <strong data-start=\"2739\" data-end=\"2768\">zeitgem\u00e4\u00dfen Einrichtungen<\/strong> ist das DoubleTree by Hilton Rome Monti der <strong data-start=\"2813\" data-end=\"2878\">ideale Ort f\u00fcr Meetings und Events im Herzen der Ewigen Stadt<\/strong>.<\/p>\n","protected":false},"excerpt":{"rendered":"<p>Wo Business sich wie zu Hause f\u00fchlt Im Herzen Roms, nur wenige Schritte vom Bahnhof Termini und den bekanntesten Sehensw\u00fcrdigkeiten der Stadt entfernt, bietet das DoubleTree by Hilton Rome Monti den idealen Rahmen f\u00fcr Ihre n\u00e4chste Gesch\u00e4ftsveranstaltung. Drei modulare Tagungsr\u00e4ume mit Tageslicht bieten Platz f\u00fcr bis zu 50 Personen und schaffen ein elegantes, flexibles Ambiente [&hellip;]<\/p>\n","protected":false},"author":6,"featured_media":0,"parent":71,"menu_order":43,"comment_status":"closed","ping_status":"closed","template":"template-meeting.php","meta":{"footnotes":""},"class_list":["post-80","page","type-page","status-publish","hentry"],"yoast_head":"<!-- This site is optimized with the Yoast SEO plugin v26.9 - https:\/\/yoast.com\/product\/yoast-seo-wordpress\/ -->\n<title>Meetingr\u00e4ume Rom | Hotel DoubleTree by Hilton Rome Monti<\/title>\n<meta name=\"description\" content=\"Konferenzzentrumnahe von Roma Termini, ideal f\u00fcr Veranstaltungen f\u00fcr bis zu 50 Personen. Spezielle Ausr\u00fcstung und qualifizierter Service. Buchen Sie Ihren Saal!\" \/>\n<meta name=\"robots\" content=\"index, follow, max-snippet:-1, max-image-preview:large, max-video-preview:-1\" \/>\n<link rel=\"canonical\" href=\"https:\/\/www.dtromemonti.com\/de\/dienstleistungen\/meeting-raeume\/\" \/>\n<meta property=\"og:locale\" content=\"de_DE\" \/>\n<meta property=\"og:type\" content=\"article\" \/>\n<meta property=\"og:title\" content=\"Meetingr\u00e4ume Rom | Hotel DoubleTree by Hilton Rome Monti\" \/>\n<meta property=\"og:description\" content=\"Konferenzzentrumnahe von Roma Termini, ideal f\u00fcr Veranstaltungen f\u00fcr bis zu 50 Personen. Spezielle Ausr\u00fcstung und qualifizierter Service. Buchen Sie Ihren Saal!\" \/>\n<meta property=\"og:url\" content=\"https:\/\/www.dtromemonti.com\/de\/dienstleistungen\/meeting-raeume\/\" \/>\n<meta property=\"og:site_name\" content=\"DoubleTree by Hilton Rome Monti\" \/>\n<meta property=\"article:modified_time\" content=\"2025-12-12T11:32:42+00:00\" \/>\n<meta name=\"twitter:card\" content=\"summary_large_image\" \/>\n<meta name=\"twitter:label1\" content=\"Gesch\u00e4tzte Lesezeit\" \/>\n\t<meta name=\"twitter:data1\" content=\"1 Minute\" \/>\n<script type=\"application\/ld+json\" class=\"yoast-schema-graph\">{\"@context\":\"https:\/\/schema.org\",\"@graph\":[{\"@type\":\"WebPage\",\"@id\":\"https:\/\/www.dtromemonti.com\/de\/dienstleistungen\/meeting-raeume\/\",\"url\":\"https:\/\/www.dtromemonti.com\/de\/dienstleistungen\/meeting-raeume\/\",\"name\":\"Meetingr\u00e4ume Rom | Hotel DoubleTree by Hilton Rome Monti\",\"isPartOf\":{\"@id\":\"https:\/\/www.dtromemonti.com\/de\/#website\"},\"datePublished\":\"2022-07-04T15:12:26+00:00\",\"dateModified\":\"2025-12-12T11:32:42+00:00\",\"description\":\"Konferenzzentrumnahe von Roma Termini, ideal f\u00fcr Veranstaltungen f\u00fcr bis zu 50 Personen. Spezielle Ausr\u00fcstung und qualifizierter Service. Buchen Sie Ihren Saal!\",\"breadcrumb\":{\"@id\":\"https:\/\/www.dtromemonti.com\/de\/dienstleistungen\/meeting-raeume\/#breadcrumb\"},\"inLanguage\":\"de-DE\",\"potentialAction\":[{\"@type\":\"ReadAction\",\"target\":[\"https:\/\/www.dtromemonti.com\/de\/dienstleistungen\/meeting-raeume\/\"]}]},{\"@type\":\"BreadcrumbList\",\"@id\":\"https:\/\/www.dtromemonti.com\/de\/dienstleistungen\/meeting-raeume\/#breadcrumb\",\"itemListElement\":[{\"@type\":\"ListItem\",\"position\":1,\"name\":\"Home\",\"item\":\"https:\/\/www.dtromemonti.com\/de\/\"},{\"@type\":\"ListItem\",\"position\":2,\"name\":\"Dienstleistungen\",\"item\":\"https:\/\/www.dtromemonti.com\/de\/dienstleistungen\/\"},{\"@type\":\"ListItem\",\"position\":3,\"name\":\"Meeting-R\u00e4ume\"}]},{\"@type\":\"WebSite\",\"@id\":\"https:\/\/www.dtromemonti.com\/de\/#website\",\"url\":\"https:\/\/www.dtromemonti.com\/de\/\",\"name\":\"DoubleTree by Hilton Rome Monti\",\"description\":\"Just another ms.decms.eu site\",\"potentialAction\":[{\"@type\":\"SearchAction\",\"target\":{\"@type\":\"EntryPoint\",\"urlTemplate\":\"https:\/\/www.dtromemonti.com\/de\/?s={search_term_string}\"},\"query-input\":{\"@type\":\"PropertyValueSpecification\",\"valueRequired\":true,\"valueName\":\"search_term_string\"}}],\"inLanguage\":\"de-DE\"}]}<\/script>\n<!-- \/ Yoast SEO plugin. -->","yoast_head_json":{"title":"Meetingr\u00e4ume Rom | Hotel DoubleTree by Hilton Rome Monti","description":"Konferenzzentrumnahe von Roma Termini, ideal f\u00fcr Veranstaltungen f\u00fcr bis zu 50 Personen. Spezielle Ausr\u00fcstung und qualifizierter Service. Buchen Sie Ihren Saal!","robots":{"index":"index","follow":"follow","max-snippet":"max-snippet:-1","max-image-preview":"max-image-preview:large","max-video-preview":"max-video-preview:-1"},"canonical":"https:\/\/www.dtromemonti.com\/de\/dienstleistungen\/meeting-raeume\/","og_locale":"de_DE","og_type":"article","og_title":"Meetingr\u00e4ume Rom | Hotel DoubleTree by Hilton Rome Monti","og_description":"Konferenzzentrumnahe von Roma Termini, ideal f\u00fcr Veranstaltungen f\u00fcr bis zu 50 Personen. Spezielle Ausr\u00fcstung und qualifizierter Service. Buchen Sie Ihren Saal!","og_url":"https:\/\/www.dtromemonti.com\/de\/dienstleistungen\/meeting-raeume\/","og_site_name":"DoubleTree by Hilton Rome Monti","article_modified_time":"2025-12-12T11:32:42+00:00","twitter_card":"summary_large_image","twitter_misc":{"Gesch\u00e4tzte Lesezeit":"1 Minute"},"schema":{"@context":"https:\/\/schema.org","@graph":[{"@type":"WebPage","@id":"https:\/\/www.dtromemonti.com\/de\/dienstleistungen\/meeting-raeume\/","url":"https:\/\/www.dtromemonti.com\/de\/dienstleistungen\/meeting-raeume\/","name":"Meetingr\u00e4ume Rom | Hotel DoubleTree by Hilton Rome Monti","isPartOf":{"@id":"https:\/\/www.dtromemonti.com\/de\/#website"},"datePublished":"2022-07-04T15:12:26+00:00","dateModified":"2025-12-12T11:32:42+00:00","description":"Konferenzzentrumnahe von Roma Termini, ideal f\u00fcr Veranstaltungen f\u00fcr bis zu 50 Personen. Spezielle Ausr\u00fcstung und qualifizierter Service. Buchen Sie Ihren Saal!","breadcrumb":{"@id":"https:\/\/www.dtromemonti.com\/de\/dienstleistungen\/meeting-raeume\/#breadcrumb"},"inLanguage":"de-DE","potentialAction":[{"@type":"ReadAction","target":["https:\/\/www.dtromemonti.com\/de\/dienstleistungen\/meeting-raeume\/"]}]},{"@type":"BreadcrumbList","@id":"https:\/\/www.dtromemonti.com\/de\/dienstleistungen\/meeting-raeume\/#breadcrumb","itemListElement":[{"@type":"ListItem","position":1,"name":"Home","item":"https:\/\/www.dtromemonti.com\/de\/"},{"@type":"ListItem","position":2,"name":"Dienstleistungen","item":"https:\/\/www.dtromemonti.com\/de\/dienstleistungen\/"},{"@type":"ListItem","position":3,"name":"Meeting-R\u00e4ume"}]},{"@type":"WebSite","@id":"https:\/\/www.dtromemonti.com\/de\/#website","url":"https:\/\/www.dtromemonti.com\/de\/","name":"DoubleTree by Hilton Rome Monti","description":"Just another ms.decms.eu site","potentialAction":[{"@type":"SearchAction","target":{"@type":"EntryPoint","urlTemplate":"https:\/\/www.dtromemonti.com\/de\/?s={search_term_string}"},"query-input":{"@type":"PropertyValueSpecification","valueRequired":true,"valueName":"search_term_string"}}],"inLanguage":"de-DE"}]}},"acf":[],"_links":{"self":[{"href":"https:\/\/www.dtromemonti.com\/de\/wp-json\/wp\/v2\/pages\/80","targetHints":{"allow":["GET"]}}],"collection":[{"href":"https:\/\/www.dtromemonti.com\/de\/wp-json\/wp\/v2\/pages"}],"about":[{"href":"https:\/\/www.dtromemonti.com\/de\/wp-json\/wp\/v2\/types\/page"}],"author":[{"embeddable":true,"href":"https:\/\/www.dtromemonti.com\/de\/wp-json\/wp\/v2\/users\/6"}],"replies":[{"embeddable":true,"href":"https:\/\/www.dtromemonti.com\/de\/wp-json\/wp\/v2\/comments?post=80"}],"version-history":[{"count":0,"href":"https:\/\/www.dtromemonti.com\/de\/wp-json\/wp\/v2\/pages\/80\/revisions"}],"up":[{"embeddable":true,"href":"https:\/\/www.dtromemonti.com\/de\/wp-json\/wp\/v2\/pages\/71"}],"wp:attachment":[{"href":"https:\/\/www.dtromemonti.com\/de\/wp-json\/wp\/v2\/media?parent=80"}],"curies":[{"name":"wp","href":"https:\/\/api.w.org\/{rel}","templated":true}]}}