{"id":77,"date":"2022-07-04T15:11:14","date_gmt":"2022-07-04T15:11:14","guid":{"rendered":"https:\/\/hiltonrome.ms.decms.eu\/servizi\/servizi-family\/"},"modified":"2023-03-28T12:14:05","modified_gmt":"2023-03-28T12:14:05","slug":"dienstleistungen-family","status":"publish","type":"page","link":"https:\/\/www.dtromemonti.com\/de\/dienstleistungen\/dienstleistungen-family\/","title":{"rendered":"Dienstleistungen Family"},"content":{"rendered":"<p><span style=\"font-weight: 400;\">Im DoubleTree by Hilton Rome Monti finden <\/span><b>Familien<\/b><span style=\"font-weight: 400;\"> immer ein L\u00e4cheln und alle Dienstleistungen, die sie f\u00fcr einen ruhigen Aufenthalt ben\u00f6tigen.<\/span><\/p>\n<p><span style=\"font-weight: 400;\">F\u00fcr Eltern, die mit Kindern reisen, bieten wir den<\/span><b> Family<\/b> <b>Connecting Superior Room<\/b><span style=\"font-weight: 400;\"> an, die beliebteste L\u00f6sung f\u00fcr Familien: mit zwei Zimmern <\/span><b>, die<\/b><span style=\"font-weight: 400;\"> durch eine Innent\u00fcr <\/span><b>verbunden sind<\/b><span style=\"font-weight: 400;\">, oder mit zwei unabh\u00e4ngigen Zimmern mit einem Vorraum mit exklusivem Zugang, ist es der beste Raum, um einen Aufenthalt in Rom mit der Familie zu genie\u00dfen, in Ruhe und mit dem richtigen Ma\u00df an <\/span><b>Privatsph\u00e4re<\/b><span style=\"font-weight: 400;\">. Und wenn Ihr Baby noch klein, aber schon selbstst\u00e4ndig ist, k\u00f6nnen Sie bei der Buchung ein <\/span><b>Kinderbett in Ihrem Zimmer<\/b><span style=\"font-weight: 400;\"> anfordern.<\/span><\/p>\n<p><span style=\"font-weight: 400;\">Nach einem Sightseeing-Tag nicht \u00fcberlegen zu m\u00fcssen, wo man essen gehen soll, ist ein <\/span><b>Vorteil<\/b><span style=\"font-weight: 400;\">, den unsere G\u00e4ste sehr zu sch\u00e4tzen wissen: <\/span><a href=\"https:\/\/hiltonrome.ms.decms.eu\/de\/essen-trinken\/mit-food-coffee-brewery\/\" target=\"_blank\" rel=\"noopener\"><b>MiT <\/b><\/a><span style=\"font-weight: 400;\">Food &amp; Coffee Brewery by DoubleTree by Hilton Rome Monti ist immer bereit, die ganze Familie f\u00fcr Mittagessen, schnelle Snacks und Abendessen zu empfangen, die den Geschmack von Jung und Alt treffen.<\/span><\/p>\n<p><span style=\"font-weight: 400;\">Zur Unterhaltung der Kleinen gibt es die <\/span><b>lustigen Gadgets<\/b><span style=\"font-weight: 400;\">, die die Rezeption bei Ihrer Ankunft zusammen mit dem &#8222;Hilton Cookie&#8220; Keks anbietet, w\u00e4hrend Sie f\u00fcr eine originelle Erfahrung w\u00e4hrend Ihres Aufenthalts an der Rezeption nach den <\/span><b>Familienaktivit\u00e4ten<\/b><span style=\"font-weight: 400;\"> fragen k\u00f6nnen, die von den Handwerksbetrieben des Rione Monti angeboten werden. Sie k\u00f6nnen lernen, wie man ein Mosaik herstellt und dabei Spa\u00df mit Ihren Kindern haben!<\/span><\/p>\n<p><span style=\"font-weight: 400;\">Entdecken Sie jetzt den <a href=\"\/fr\/chambres-et-suites\/family-connecting-superior-room\/\">Family Connecting Superior<\/a> Room des DoubleTree by Hilton Rome Monti, Ruhe und Privatsph\u00e4re f\u00fcr die ganze Familie!<\/span><\/p>\n","protected":false},"excerpt":{"rendered":"<p>Im DoubleTree by Hilton Rome Monti finden Familien immer ein L\u00e4cheln und alle Dienstleistungen, die sie f\u00fcr einen ruhigen Aufenthalt ben\u00f6tigen. F\u00fcr Eltern, die mit Kindern reisen, bieten wir den Family Connecting Superior Room an, die beliebteste L\u00f6sung f\u00fcr Familien: mit zwei Zimmern , die durch eine Innent\u00fcr verbunden sind, oder mit zwei unabh\u00e4ngigen Zimmern [&hellip;]<\/p>\n","protected":false},"author":6,"featured_media":0,"parent":71,"menu_order":42,"comment_status":"closed","ping_status":"closed","template":"","meta":{"footnotes":""},"class_list":["post-77","page","type-page","status-publish","hentry"],"yoast_head":"<!-- This site is optimized with the Yoast SEO plugin v26.9 - https:\/\/yoast.com\/product\/yoast-seo-wordpress\/ -->\n<title>Service f\u00fcr Familien | Hotel DoubleTree by Hilton Rome Monti<\/title>\n<meta name=\"description\" content=\"Genie\u00dfen Sie einen erholsamen Aufenthalt mit Ihrer Familie dank des umfassenden Services des DoubleTree by Hilton Rome Monti. Entdecken Sie den Service!\" \/>\n<meta name=\"robots\" content=\"index, follow, max-snippet:-1, max-image-preview:large, max-video-preview:-1\" \/>\n<link rel=\"canonical\" href=\"https:\/\/www.dtromemonti.com\/de\/dienstleistungen\/dienstleistungen-family\/\" \/>\n<meta property=\"og:locale\" content=\"de_DE\" \/>\n<meta property=\"og:type\" content=\"article\" \/>\n<meta property=\"og:title\" content=\"Service f\u00fcr Familien | Hotel DoubleTree by Hilton Rome Monti\" \/>\n<meta property=\"og:description\" content=\"Genie\u00dfen Sie einen erholsamen Aufenthalt mit Ihrer Familie dank des umfassenden Services des DoubleTree by Hilton Rome Monti. Entdecken Sie den Service!\" \/>\n<meta property=\"og:url\" content=\"https:\/\/www.dtromemonti.com\/de\/dienstleistungen\/dienstleistungen-family\/\" \/>\n<meta property=\"og:site_name\" content=\"DoubleTree by Hilton Rome Monti\" \/>\n<meta property=\"article:modified_time\" content=\"2023-03-28T12:14:05+00:00\" \/>\n<meta name=\"twitter:card\" content=\"summary_large_image\" \/>\n<meta name=\"twitter:label1\" content=\"Gesch\u00e4tzte Lesezeit\" \/>\n\t<meta name=\"twitter:data1\" content=\"2 Minuten\" \/>\n<script type=\"application\/ld+json\" class=\"yoast-schema-graph\">{\"@context\":\"https:\/\/schema.org\",\"@graph\":[{\"@type\":\"WebPage\",\"@id\":\"https:\/\/www.dtromemonti.com\/de\/dienstleistungen\/dienstleistungen-family\/\",\"url\":\"https:\/\/www.dtromemonti.com\/de\/dienstleistungen\/dienstleistungen-family\/\",\"name\":\"Service f\u00fcr Familien | Hotel DoubleTree by Hilton Rome Monti\",\"isPartOf\":{\"@id\":\"https:\/\/www.dtromemonti.com\/de\/#website\"},\"datePublished\":\"2022-07-04T15:11:14+00:00\",\"dateModified\":\"2023-03-28T12:14:05+00:00\",\"description\":\"Genie\u00dfen Sie einen erholsamen Aufenthalt mit Ihrer Familie dank des umfassenden Services des DoubleTree by Hilton Rome Monti. Entdecken Sie den Service!\",\"breadcrumb\":{\"@id\":\"https:\/\/www.dtromemonti.com\/de\/dienstleistungen\/dienstleistungen-family\/#breadcrumb\"},\"inLanguage\":\"de-DE\",\"potentialAction\":[{\"@type\":\"ReadAction\",\"target\":[\"https:\/\/www.dtromemonti.com\/de\/dienstleistungen\/dienstleistungen-family\/\"]}]},{\"@type\":\"BreadcrumbList\",\"@id\":\"https:\/\/www.dtromemonti.com\/de\/dienstleistungen\/dienstleistungen-family\/#breadcrumb\",\"itemListElement\":[{\"@type\":\"ListItem\",\"position\":1,\"name\":\"Home\",\"item\":\"https:\/\/www.dtromemonti.com\/de\/\"},{\"@type\":\"ListItem\",\"position\":2,\"name\":\"Dienstleistungen\",\"item\":\"https:\/\/www.dtromemonti.com\/de\/dienstleistungen\/\"},{\"@type\":\"ListItem\",\"position\":3,\"name\":\"Dienstleistungen Family\"}]},{\"@type\":\"WebSite\",\"@id\":\"https:\/\/www.dtromemonti.com\/de\/#website\",\"url\":\"https:\/\/www.dtromemonti.com\/de\/\",\"name\":\"DoubleTree by Hilton Rome Monti\",\"description\":\"Just another ms.decms.eu site\",\"potentialAction\":[{\"@type\":\"SearchAction\",\"target\":{\"@type\":\"EntryPoint\",\"urlTemplate\":\"https:\/\/www.dtromemonti.com\/de\/?s={search_term_string}\"},\"query-input\":{\"@type\":\"PropertyValueSpecification\",\"valueRequired\":true,\"valueName\":\"search_term_string\"}}],\"inLanguage\":\"de-DE\"}]}<\/script>\n<!-- \/ Yoast SEO plugin. -->","yoast_head_json":{"title":"Service f\u00fcr Familien | Hotel DoubleTree by Hilton Rome Monti","description":"Genie\u00dfen Sie einen erholsamen Aufenthalt mit Ihrer Familie dank des umfassenden Services des DoubleTree by Hilton Rome Monti. Entdecken Sie den Service!","robots":{"index":"index","follow":"follow","max-snippet":"max-snippet:-1","max-image-preview":"max-image-preview:large","max-video-preview":"max-video-preview:-1"},"canonical":"https:\/\/www.dtromemonti.com\/de\/dienstleistungen\/dienstleistungen-family\/","og_locale":"de_DE","og_type":"article","og_title":"Service f\u00fcr Familien | Hotel DoubleTree by Hilton Rome Monti","og_description":"Genie\u00dfen Sie einen erholsamen Aufenthalt mit Ihrer Familie dank des umfassenden Services des DoubleTree by Hilton Rome Monti. Entdecken Sie den Service!","og_url":"https:\/\/www.dtromemonti.com\/de\/dienstleistungen\/dienstleistungen-family\/","og_site_name":"DoubleTree by Hilton Rome Monti","article_modified_time":"2023-03-28T12:14:05+00:00","twitter_card":"summary_large_image","twitter_misc":{"Gesch\u00e4tzte Lesezeit":"2 Minuten"},"schema":{"@context":"https:\/\/schema.org","@graph":[{"@type":"WebPage","@id":"https:\/\/www.dtromemonti.com\/de\/dienstleistungen\/dienstleistungen-family\/","url":"https:\/\/www.dtromemonti.com\/de\/dienstleistungen\/dienstleistungen-family\/","name":"Service f\u00fcr Familien | Hotel DoubleTree by Hilton Rome Monti","isPartOf":{"@id":"https:\/\/www.dtromemonti.com\/de\/#website"},"datePublished":"2022-07-04T15:11:14+00:00","dateModified":"2023-03-28T12:14:05+00:00","description":"Genie\u00dfen Sie einen erholsamen Aufenthalt mit Ihrer Familie dank des umfassenden Services des DoubleTree by Hilton Rome Monti. Entdecken Sie den Service!","breadcrumb":{"@id":"https:\/\/www.dtromemonti.com\/de\/dienstleistungen\/dienstleistungen-family\/#breadcrumb"},"inLanguage":"de-DE","potentialAction":[{"@type":"ReadAction","target":["https:\/\/www.dtromemonti.com\/de\/dienstleistungen\/dienstleistungen-family\/"]}]},{"@type":"BreadcrumbList","@id":"https:\/\/www.dtromemonti.com\/de\/dienstleistungen\/dienstleistungen-family\/#breadcrumb","itemListElement":[{"@type":"ListItem","position":1,"name":"Home","item":"https:\/\/www.dtromemonti.com\/de\/"},{"@type":"ListItem","position":2,"name":"Dienstleistungen","item":"https:\/\/www.dtromemonti.com\/de\/dienstleistungen\/"},{"@type":"ListItem","position":3,"name":"Dienstleistungen Family"}]},{"@type":"WebSite","@id":"https:\/\/www.dtromemonti.com\/de\/#website","url":"https:\/\/www.dtromemonti.com\/de\/","name":"DoubleTree by Hilton Rome Monti","description":"Just another ms.decms.eu site","potentialAction":[{"@type":"SearchAction","target":{"@type":"EntryPoint","urlTemplate":"https:\/\/www.dtromemonti.com\/de\/?s={search_term_string}"},"query-input":{"@type":"PropertyValueSpecification","valueRequired":true,"valueName":"search_term_string"}}],"inLanguage":"de-DE"}]}},"acf":[],"_links":{"self":[{"href":"https:\/\/www.dtromemonti.com\/de\/wp-json\/wp\/v2\/pages\/77","targetHints":{"allow":["GET"]}}],"collection":[{"href":"https:\/\/www.dtromemonti.com\/de\/wp-json\/wp\/v2\/pages"}],"about":[{"href":"https:\/\/www.dtromemonti.com\/de\/wp-json\/wp\/v2\/types\/page"}],"author":[{"embeddable":true,"href":"https:\/\/www.dtromemonti.com\/de\/wp-json\/wp\/v2\/users\/6"}],"replies":[{"embeddable":true,"href":"https:\/\/www.dtromemonti.com\/de\/wp-json\/wp\/v2\/comments?post=77"}],"version-history":[{"count":0,"href":"https:\/\/www.dtromemonti.com\/de\/wp-json\/wp\/v2\/pages\/77\/revisions"}],"up":[{"embeddable":true,"href":"https:\/\/www.dtromemonti.com\/de\/wp-json\/wp\/v2\/pages\/71"}],"wp:attachment":[{"href":"https:\/\/www.dtromemonti.com\/de\/wp-json\/wp\/v2\/media?parent=77"}],"curies":[{"name":"wp","href":"https:\/\/api.w.org\/{rel}","templated":true}]}}