{"id":74,"date":"2022-07-04T15:10:25","date_gmt":"2022-07-04T15:10:25","guid":{"rendered":"https:\/\/hiltonrome.ms.decms.eu\/servizi\/smart-workspaces\/"},"modified":"2025-10-06T14:10:47","modified_gmt":"2025-10-06T14:10:47","slug":"smart-workspaces","status":"publish","type":"page","link":"https:\/\/www.dtromemonti.com\/de\/dienstleistungen\/smart-workspaces\/","title":{"rendered":"Smart Workspaces"},"content":{"rendered":"<p data-start=\"2280\" data-end=\"2373\"><strong>Hell, ruhig und komfortabel<\/strong> \u2013 unsere Smart Workspaces sind mit Highspeed-WLAN ausgestattet.<\/p>\n<p data-start=\"2375\" data-end=\"2565\">Sie bieten die ideale Umgebung, um konzentriert, effizient und kreativ zu arbeiten \u2013 sei es beim Empfang von Kunden und Kollegen oder bei Online-Meetings ohne Ablenkung oder Unterbrechung.<\/p>\n<p data-start=\"2567\" data-end=\"2975\">Die Smart Workspaces im <strong data-start=\"2591\" data-end=\"2626\">DoubleTree by Hilton Rome Monti<\/strong> wurden entwickelt, um dem wachsenden Bedarf an flexiblen, gut ausgestatteten Arbeitsl\u00f6sungen gerecht zu werden. Unsere Tagungsr\u00e4ume bieten den Komfort und die Funktionalit\u00e4t eines echten B\u00fcros, w\u00e4hrend die stilvollen Loungebereiche in der Lobby mit Blick auf die Piazza dell\u2019Esquilino den perfekten Rahmen f\u00fcr Besprechungen und Interviews bieten.<\/p>\n<p data-start=\"2977\" data-end=\"3323\">All dies wird durch die 4-Sterne-Services des Hotels erg\u00e4nzt \u2013 vom Fr\u00fchst\u00fcck und den Kaffeepausen bis hin zu k\u00f6stlichen Mittagessen und Happy Hours im <strong data-start=\"3128\" data-end=\"3157\">MiT Food &amp; Coffee Brewery<\/strong>. Und um den Tag perfekt ausklingen zu lassen, erwarten wir Sie in der <strong data-start=\"3228\" data-end=\"3256\">M\u00f9n Rooftop Cocktail Bar<\/strong> zu einem wohlverdienten Moment der Entspannung mit Blick \u00fcber Rom<\/p>\n","protected":false},"excerpt":{"rendered":"<p>Hell, ruhig und komfortabel \u2013 unsere Smart Workspaces sind mit Highspeed-WLAN ausgestattet. Sie bieten die ideale Umgebung, um konzentriert, effizient und kreativ zu arbeiten \u2013 sei es beim Empfang von Kunden und Kollegen oder bei Online-Meetings ohne Ablenkung oder Unterbrechung. Die Smart Workspaces im DoubleTree by Hilton Rome Monti wurden entwickelt, um dem wachsenden Bedarf [&hellip;]<\/p>\n","protected":false},"author":6,"featured_media":2144,"parent":71,"menu_order":41,"comment_status":"closed","ping_status":"closed","template":"","meta":{"footnotes":""},"class_list":["post-74","page","type-page","status-publish","has-post-thumbnail","hentry"],"yoast_head":"<!-- This site is optimized with the Yoast SEO plugin v26.9 - https:\/\/yoast.com\/product\/yoast-seo-wordpress\/ -->\n<title>Smart Workspaces | DoubleTree by Hilton Rome Monti<\/title>\n<meta name=\"description\" content=\"Das DoubleTree by Hilton Rome Monti bietet moderne, komfortable Smart Workspaces, ideal f\u00fcr vielbesch\u00e4ftigte Berufst\u00e4tige unterwegs.\" \/>\n<meta name=\"robots\" content=\"index, follow, max-snippet:-1, max-image-preview:large, max-video-preview:-1\" \/>\n<link rel=\"canonical\" href=\"https:\/\/www.dtromemonti.com\/de\/dienstleistungen\/smart-workspaces\/\" \/>\n<meta property=\"og:locale\" content=\"de_DE\" \/>\n<meta property=\"og:type\" content=\"article\" \/>\n<meta property=\"og:title\" content=\"Smart Workspaces | DoubleTree by Hilton Rome Monti\" \/>\n<meta property=\"og:description\" content=\"Das DoubleTree by Hilton Rome Monti bietet moderne, komfortable Smart Workspaces, ideal f\u00fcr vielbesch\u00e4ftigte Berufst\u00e4tige unterwegs.\" \/>\n<meta property=\"og:url\" content=\"https:\/\/www.dtromemonti.com\/de\/dienstleistungen\/smart-workspaces\/\" \/>\n<meta property=\"og:site_name\" content=\"DoubleTree by Hilton Rome Monti\" \/>\n<meta property=\"article:modified_time\" content=\"2025-10-06T14:10:47+00:00\" \/>\n<meta property=\"og:image\" content=\"https:\/\/www.dtromemonti.com\/wp-content\/uploads\/sites\/327\/2025\/10\/Q1016355.jpg\" \/>\n\t<meta property=\"og:image:width\" content=\"801\" \/>\n\t<meta property=\"og:image:height\" content=\"1200\" \/>\n\t<meta property=\"og:image:type\" content=\"image\/jpeg\" \/>\n<meta name=\"twitter:card\" content=\"summary_large_image\" \/>\n<meta name=\"twitter:label1\" content=\"Gesch\u00e4tzte Lesezeit\" \/>\n\t<meta name=\"twitter:data1\" content=\"1 Minute\" \/>\n<script type=\"application\/ld+json\" class=\"yoast-schema-graph\">{\"@context\":\"https:\/\/schema.org\",\"@graph\":[{\"@type\":\"WebPage\",\"@id\":\"https:\/\/www.dtromemonti.com\/de\/dienstleistungen\/smart-workspaces\/\",\"url\":\"https:\/\/www.dtromemonti.com\/de\/dienstleistungen\/smart-workspaces\/\",\"name\":\"Smart Workspaces | DoubleTree by Hilton Rome Monti\",\"isPartOf\":{\"@id\":\"https:\/\/www.dtromemonti.com\/de\/#website\"},\"primaryImageOfPage\":{\"@id\":\"https:\/\/www.dtromemonti.com\/de\/dienstleistungen\/smart-workspaces\/#primaryimage\"},\"image\":{\"@id\":\"https:\/\/www.dtromemonti.com\/de\/dienstleistungen\/smart-workspaces\/#primaryimage\"},\"thumbnailUrl\":\"https:\/\/www.dtromemonti.com\/wp-content\/uploads\/sites\/327\/2025\/10\/Q1016355.jpg\",\"datePublished\":\"2022-07-04T15:10:25+00:00\",\"dateModified\":\"2025-10-06T14:10:47+00:00\",\"description\":\"Das DoubleTree by Hilton Rome Monti bietet moderne, komfortable Smart Workspaces, ideal f\u00fcr vielbesch\u00e4ftigte Berufst\u00e4tige unterwegs.\",\"breadcrumb\":{\"@id\":\"https:\/\/www.dtromemonti.com\/de\/dienstleistungen\/smart-workspaces\/#breadcrumb\"},\"inLanguage\":\"de-DE\",\"potentialAction\":[{\"@type\":\"ReadAction\",\"target\":[\"https:\/\/www.dtromemonti.com\/de\/dienstleistungen\/smart-workspaces\/\"]}]},{\"@type\":\"ImageObject\",\"inLanguage\":\"de-DE\",\"@id\":\"https:\/\/www.dtromemonti.com\/de\/dienstleistungen\/smart-workspaces\/#primaryimage\",\"url\":\"https:\/\/www.dtromemonti.com\/wp-content\/uploads\/sites\/327\/2025\/10\/Q1016355.jpg\",\"contentUrl\":\"https:\/\/www.dtromemonti.com\/wp-content\/uploads\/sites\/327\/2025\/10\/Q1016355.jpg\",\"width\":801,\"height\":1200,\"caption\":\"smartworking-spaces-doubletree-byhilton-romemonti\"},{\"@type\":\"BreadcrumbList\",\"@id\":\"https:\/\/www.dtromemonti.com\/de\/dienstleistungen\/smart-workspaces\/#breadcrumb\",\"itemListElement\":[{\"@type\":\"ListItem\",\"position\":1,\"name\":\"Home\",\"item\":\"https:\/\/www.dtromemonti.com\/de\/\"},{\"@type\":\"ListItem\",\"position\":2,\"name\":\"Dienstleistungen\",\"item\":\"https:\/\/www.dtromemonti.com\/de\/dienstleistungen\/\"},{\"@type\":\"ListItem\",\"position\":3,\"name\":\"Smart Workspaces\"}]},{\"@type\":\"WebSite\",\"@id\":\"https:\/\/www.dtromemonti.com\/de\/#website\",\"url\":\"https:\/\/www.dtromemonti.com\/de\/\",\"name\":\"DoubleTree by Hilton Rome Monti\",\"description\":\"Just another ms.decms.eu site\",\"potentialAction\":[{\"@type\":\"SearchAction\",\"target\":{\"@type\":\"EntryPoint\",\"urlTemplate\":\"https:\/\/www.dtromemonti.com\/de\/?s={search_term_string}\"},\"query-input\":{\"@type\":\"PropertyValueSpecification\",\"valueRequired\":true,\"valueName\":\"search_term_string\"}}],\"inLanguage\":\"de-DE\"}]}<\/script>\n<!-- \/ Yoast SEO plugin. -->","yoast_head_json":{"title":"Smart Workspaces | DoubleTree by Hilton Rome Monti","description":"Das DoubleTree by Hilton Rome Monti bietet moderne, komfortable Smart Workspaces, ideal f\u00fcr vielbesch\u00e4ftigte Berufst\u00e4tige unterwegs.","robots":{"index":"index","follow":"follow","max-snippet":"max-snippet:-1","max-image-preview":"max-image-preview:large","max-video-preview":"max-video-preview:-1"},"canonical":"https:\/\/www.dtromemonti.com\/de\/dienstleistungen\/smart-workspaces\/","og_locale":"de_DE","og_type":"article","og_title":"Smart Workspaces | DoubleTree by Hilton Rome Monti","og_description":"Das DoubleTree by Hilton Rome Monti bietet moderne, komfortable Smart Workspaces, ideal f\u00fcr vielbesch\u00e4ftigte Berufst\u00e4tige unterwegs.","og_url":"https:\/\/www.dtromemonti.com\/de\/dienstleistungen\/smart-workspaces\/","og_site_name":"DoubleTree by Hilton Rome Monti","article_modified_time":"2025-10-06T14:10:47+00:00","og_image":[{"width":801,"height":1200,"url":"https:\/\/www.dtromemonti.com\/wp-content\/uploads\/sites\/327\/2025\/10\/Q1016355.jpg","type":"image\/jpeg"}],"twitter_card":"summary_large_image","twitter_misc":{"Gesch\u00e4tzte Lesezeit":"1 Minute"},"schema":{"@context":"https:\/\/schema.org","@graph":[{"@type":"WebPage","@id":"https:\/\/www.dtromemonti.com\/de\/dienstleistungen\/smart-workspaces\/","url":"https:\/\/www.dtromemonti.com\/de\/dienstleistungen\/smart-workspaces\/","name":"Smart Workspaces | DoubleTree by Hilton Rome Monti","isPartOf":{"@id":"https:\/\/www.dtromemonti.com\/de\/#website"},"primaryImageOfPage":{"@id":"https:\/\/www.dtromemonti.com\/de\/dienstleistungen\/smart-workspaces\/#primaryimage"},"image":{"@id":"https:\/\/www.dtromemonti.com\/de\/dienstleistungen\/smart-workspaces\/#primaryimage"},"thumbnailUrl":"https:\/\/www.dtromemonti.com\/wp-content\/uploads\/sites\/327\/2025\/10\/Q1016355.jpg","datePublished":"2022-07-04T15:10:25+00:00","dateModified":"2025-10-06T14:10:47+00:00","description":"Das DoubleTree by Hilton Rome Monti bietet moderne, komfortable Smart Workspaces, ideal f\u00fcr vielbesch\u00e4ftigte Berufst\u00e4tige unterwegs.","breadcrumb":{"@id":"https:\/\/www.dtromemonti.com\/de\/dienstleistungen\/smart-workspaces\/#breadcrumb"},"inLanguage":"de-DE","potentialAction":[{"@type":"ReadAction","target":["https:\/\/www.dtromemonti.com\/de\/dienstleistungen\/smart-workspaces\/"]}]},{"@type":"ImageObject","inLanguage":"de-DE","@id":"https:\/\/www.dtromemonti.com\/de\/dienstleistungen\/smart-workspaces\/#primaryimage","url":"https:\/\/www.dtromemonti.com\/wp-content\/uploads\/sites\/327\/2025\/10\/Q1016355.jpg","contentUrl":"https:\/\/www.dtromemonti.com\/wp-content\/uploads\/sites\/327\/2025\/10\/Q1016355.jpg","width":801,"height":1200,"caption":"smartworking-spaces-doubletree-byhilton-romemonti"},{"@type":"BreadcrumbList","@id":"https:\/\/www.dtromemonti.com\/de\/dienstleistungen\/smart-workspaces\/#breadcrumb","itemListElement":[{"@type":"ListItem","position":1,"name":"Home","item":"https:\/\/www.dtromemonti.com\/de\/"},{"@type":"ListItem","position":2,"name":"Dienstleistungen","item":"https:\/\/www.dtromemonti.com\/de\/dienstleistungen\/"},{"@type":"ListItem","position":3,"name":"Smart Workspaces"}]},{"@type":"WebSite","@id":"https:\/\/www.dtromemonti.com\/de\/#website","url":"https:\/\/www.dtromemonti.com\/de\/","name":"DoubleTree by Hilton Rome Monti","description":"Just another ms.decms.eu site","potentialAction":[{"@type":"SearchAction","target":{"@type":"EntryPoint","urlTemplate":"https:\/\/www.dtromemonti.com\/de\/?s={search_term_string}"},"query-input":{"@type":"PropertyValueSpecification","valueRequired":true,"valueName":"search_term_string"}}],"inLanguage":"de-DE"}]}},"acf":[],"_links":{"self":[{"href":"https:\/\/www.dtromemonti.com\/de\/wp-json\/wp\/v2\/pages\/74","targetHints":{"allow":["GET"]}}],"collection":[{"href":"https:\/\/www.dtromemonti.com\/de\/wp-json\/wp\/v2\/pages"}],"about":[{"href":"https:\/\/www.dtromemonti.com\/de\/wp-json\/wp\/v2\/types\/page"}],"author":[{"embeddable":true,"href":"https:\/\/www.dtromemonti.com\/de\/wp-json\/wp\/v2\/users\/6"}],"replies":[{"embeddable":true,"href":"https:\/\/www.dtromemonti.com\/de\/wp-json\/wp\/v2\/comments?post=74"}],"version-history":[{"count":0,"href":"https:\/\/www.dtromemonti.com\/de\/wp-json\/wp\/v2\/pages\/74\/revisions"}],"up":[{"embeddable":true,"href":"https:\/\/www.dtromemonti.com\/de\/wp-json\/wp\/v2\/pages\/71"}],"wp:featuredmedia":[{"embeddable":true,"href":"https:\/\/www.dtromemonti.com\/de\/wp-json\/wp\/v2\/media\/2144"}],"wp:attachment":[{"href":"https:\/\/www.dtromemonti.com\/de\/wp-json\/wp\/v2\/media?parent=74"}],"curies":[{"name":"wp","href":"https:\/\/api.w.org\/{rel}","templated":true}]}}