{"id":71,"date":"2022-07-04T15:09:29","date_gmt":"2022-07-04T15:09:29","guid":{"rendered":"https:\/\/hiltonrome.ms.decms.eu\/servizi\/"},"modified":"2023-04-17T13:02:22","modified_gmt":"2023-04-17T13:02:22","slug":"dienstleistungen","status":"publish","type":"page","link":"https:\/\/www.dtromemonti.com\/de\/dienstleistungen\/","title":{"rendered":"Dienstleistungen"},"content":{"rendered":"<p><span style=\"font-weight: 400\">Genie\u00dfen Sie die Sch\u00f6nheit und den Charme der Ewigen Stadt: Wir sorgen daf\u00fcr, dass dies Ihr einziger Gedanke ist, wenn Sie in Ihrem <\/span><b>Hotel in Rom,<\/b><span style=\"font-weight: 400\"> im DoubleTree by Hilton Rome Monti, \u00fcbernachten.\u00a0<\/span><\/p>\n<p><span style=\"font-weight: 400\">Was auch immer der Grund f\u00fcr Ihren Aufenthalt ist, ob Sie beruflich unterwegs sind, die Hauptstadt mit Ihrer Familie besuchen oder ein <\/span><b>romantisches Wochenende<\/b><span style=\"font-weight: 400\"> genie\u00dfen m\u00f6chten, das DoubleTree by Hilton Rome Monti bietet Ihnen alle Dienstleistungen, die Ihren Aufenthalt in unserem <\/span><b>4-Sterne-Hotel in Rom<\/b><span style=\"font-weight: 400\"> zu einem Ort der Ruhe und Entspannung machen.<\/span><\/p>\n<p><span style=\"font-weight: 400\">Schon bei Ihrer Ankunft werden Sie <\/span><b>helle R\u00e4ume <\/b><span style=\"font-weight: 400\">vorfinden, in denen Sie sich entspannen, sich mit Familie oder Freunden treffen und sich nach der Arbeit oder dem Sightseeing erholen k\u00f6nnen.\u00a0<\/span><\/p>\n<p><span style=\"font-weight: 400\">Dank des<\/span><b> kostenlosen <\/b><span style=\"font-weight: 400\">W-LANs im gesamten Hotel k\u00f6nnen Sie Fotos und Emotionen von Ihrer Reise posten oder mit Ihrem Arbeitsteam \u00fcber die sozialen Medien kommunizieren. <\/span><span style=\"font-weight: 400\"><br \/>\n<\/span><span style=\"font-weight: 400\">Dank der Konferenzr\u00e4ume und der funktionalen R\u00e4ume des <\/span><b>Konferenzzentrums<\/b><span style=\"font-weight: 400\">, die durch die nat\u00fcrliche Beleuchtung noch angenehmer gestaltet sind, k\u00f6nnen Sie auch problemlos gesch\u00e4ftliche Treffen organisieren.<\/span><\/p>\n<p><span style=\"font-weight: 400\"><img loading=\"lazy\" decoding=\"async\" class=\"alignnone wp-image-759 \" src=\"http:\/\/hiltonrome.ms.decms.eu\/wp-content\/uploads\/sites\/327\/2022\/12\/Smartworking-DoubleTree-by-Hilton-Rome-Monti-1.jpg\" alt=\"MiT Food &amp; Coffee Brewery Smart Working- DoubleTree by Hilton Rome Monti\" width=\"914\" height=\"609\" srcset=\"https:\/\/www.dtromemonti.com\/wp-content\/uploads\/sites\/327\/2022\/12\/Smartworking-DoubleTree-by-Hilton-Rome-Monti-1.jpg 1200w, https:\/\/www.dtromemonti.com\/wp-content\/uploads\/sites\/327\/2022\/12\/Smartworking-DoubleTree-by-Hilton-Rome-Monti-1-300x200.jpg 300w, https:\/\/www.dtromemonti.com\/wp-content\/uploads\/sites\/327\/2022\/12\/Smartworking-DoubleTree-by-Hilton-Rome-Monti-1-1024x683.jpg 1024w, https:\/\/www.dtromemonti.com\/wp-content\/uploads\/sites\/327\/2022\/12\/Smartworking-DoubleTree-by-Hilton-Rome-Monti-1-768x512.jpg 768w, https:\/\/www.dtromemonti.com\/wp-content\/uploads\/sites\/327\/2022\/12\/Smartworking-DoubleTree-by-Hilton-Rome-Monti-1-200x133.jpg 200w, https:\/\/www.dtromemonti.com\/wp-content\/uploads\/sites\/327\/2022\/12\/Smartworking-DoubleTree-by-Hilton-Rome-Monti-1-600x400.jpg 600w, https:\/\/www.dtromemonti.com\/wp-content\/uploads\/sites\/327\/2022\/12\/Smartworking-DoubleTree-by-Hilton-Rome-Monti-1-1000x667.jpg 1000w\" sizes=\"auto, (max-width: 914px) 100vw, 914px\" \/>\u00a0\u00a0<\/span><\/p>\n<p><span style=\"font-weight: 400\">Wir bieten auch komfortable und effiziente R\u00e4ume f\u00fcr <\/span><b>smart working<\/b><span style=\"font-weight: 400\">. Warum zu Hause bleiben, wenn Sie in einer eleganten und privaten Umgebung arbeiten k\u00f6nnen, die ein Gleichgewicht zwischen Produktivit\u00e4t und Effizienz bietet? All dies wird durch den <\/span><b>4-Sterne-Service <\/b><span style=\"font-weight: 400\">des DoubleTree By Hilton Rome Monti, 5 Minuten vom Bahnhof Termini und der U-Bahn entfernt, noch verbessert.<\/span><\/p>\n<p><span style=\"font-weight: 400\">Im <\/span><b>DoubleTree by Hilton Rome Monti<\/b><span style=\"font-weight: 400\"> werden Sie von unserem Rezeptionsteam empfangen, das Ihnen immer mit einem L\u00e4cheln und Ratschl\u00e4gen zur Seite steht, damit Sie das Beste aus Ihrem Aufenthalt machen k\u00f6nnen. Bitten Sie sie, ein Taxi oder eine Vorstellung in der Oper zu buchen, oder ein Erlebnis f\u00fcr die ganze Familie in Rom. Sie werden die Antwort finden, die Sie suchen, begleitet von Freundlichkeit, Professionalit\u00e4t und dem allgegenw\u00e4rtigen Cookie Hilton.<\/span><\/p>\n<p><span style=\"font-weight: 400\">Gerade <\/span><b>Familien mit Kindern <\/b><span style=\"font-weight: 400\">widmen wir mehr Aufmerksamkeit, mit Ad-hoc-Diensten f\u00fcr den Gelassenheit von Eltern und Kindern, wie z. B. <\/span><b>Verbindungszimmer<\/b><span style=\"font-weight: 400\"> und lustige <\/span><b>Gadgets<\/b><span style=\"font-weight: 400\"> zur Unterhaltung der Kleinen. F\u00fcr G\u00e4ste mit Behinderungen gibt es spezielle Zimmer und Einrichtungen, die ihnen einen angenehmen Aufenthalt bei uns erm\u00f6glichen.<\/span><\/p>\n<p><span style=\"font-weight: 400\">W\u00e4hrend Ihres Aufenthalts im DoubleTree by Hilton Rome Monti werden Sie kein einziges Training verpassen. Um sich auch auf Reisen in Form zu halten, steht Ihnen der hellste <\/span><b>Fitnessraum<\/b><span style=\"font-weight: 400\"> mit den neuesten Ger\u00e4ten von <\/span><b>Technogym<\/b><span style=\"font-weight: 400\"> zur Verf\u00fcgung.\u00a0<\/span><\/p>\n<p><span style=\"font-weight: 400\">Entdecken Sie alle unsere Dienstleistungen, die f\u00fcr Sie bestimmt sind. Wir freuen uns darauf, Sie in Rom zu sehen!<\/span><\/p>\n","protected":false},"excerpt":{"rendered":"<p>Genie\u00dfen Sie die Sch\u00f6nheit und den Charme der Ewigen Stadt: Wir sorgen daf\u00fcr, dass dies Ihr einziger Gedanke ist, wenn Sie in Ihrem Hotel in Rom, im DoubleTree by Hilton Rome Monti, \u00fcbernachten.\u00a0 Was auch immer der Grund f\u00fcr Ihren Aufenthalt ist, ob Sie beruflich unterwegs sind, die Hauptstadt mit Ihrer Familie besuchen oder ein [&hellip;]<\/p>\n","protected":false},"author":6,"featured_media":0,"parent":0,"menu_order":40,"comment_status":"closed","ping_status":"closed","template":"template-services.php","meta":{"footnotes":""},"class_list":["post-71","page","type-page","status-publish","hentry"],"yoast_head":"<!-- This site is optimized with the Yoast SEO plugin v26.9 - https:\/\/yoast.com\/product\/yoast-seo-wordpress\/ -->\n<title>Service 4-Sterne-Hotel Rom | DoubleTree by Hilton Rome Monti<\/title>\n<meta name=\"description\" content=\"Das DoubleTree by Hilton Rome Monti bietet jeden erdenklichen Service f\u00fcr Gesch\u00e4ftsleute und Familien. Genie\u00dfen Sie einen unvergesslichen Aufenthalt!\" \/>\n<meta name=\"robots\" content=\"index, follow, max-snippet:-1, max-image-preview:large, max-video-preview:-1\" \/>\n<link rel=\"canonical\" href=\"https:\/\/www.dtromemonti.com\/de\/dienstleistungen\/\" \/>\n<meta property=\"og:locale\" content=\"de_DE\" \/>\n<meta property=\"og:type\" content=\"article\" \/>\n<meta property=\"og:title\" content=\"Service 4-Sterne-Hotel Rom | DoubleTree by Hilton Rome Monti\" \/>\n<meta property=\"og:description\" content=\"Das DoubleTree by Hilton Rome Monti bietet jeden erdenklichen Service f\u00fcr Gesch\u00e4ftsleute und Familien. Genie\u00dfen Sie einen unvergesslichen Aufenthalt!\" \/>\n<meta property=\"og:url\" content=\"https:\/\/www.dtromemonti.com\/de\/dienstleistungen\/\" \/>\n<meta property=\"og:site_name\" content=\"DoubleTree by Hilton Rome Monti\" \/>\n<meta property=\"article:modified_time\" content=\"2023-04-17T13:02:22+00:00\" \/>\n<meta property=\"og:image\" content=\"http:\/\/hiltonrome.ms.decms.eu\/wp-content\/uploads\/sites\/327\/2022\/12\/Smartworking-DoubleTree-by-Hilton-Rome-Monti-1.jpg\" \/>\n<meta name=\"twitter:card\" content=\"summary_large_image\" \/>\n<meta name=\"twitter:label1\" content=\"Gesch\u00e4tzte Lesezeit\" \/>\n\t<meta name=\"twitter:data1\" content=\"2 Minuten\" \/>\n<script type=\"application\/ld+json\" class=\"yoast-schema-graph\">{\"@context\":\"https:\/\/schema.org\",\"@graph\":[{\"@type\":\"WebPage\",\"@id\":\"https:\/\/www.dtromemonti.com\/de\/dienstleistungen\/\",\"url\":\"https:\/\/www.dtromemonti.com\/de\/dienstleistungen\/\",\"name\":\"Service 4-Sterne-Hotel Rom | DoubleTree by Hilton Rome Monti\",\"isPartOf\":{\"@id\":\"https:\/\/www.dtromemonti.com\/de\/#website\"},\"primaryImageOfPage\":{\"@id\":\"https:\/\/www.dtromemonti.com\/de\/dienstleistungen\/#primaryimage\"},\"image\":{\"@id\":\"https:\/\/www.dtromemonti.com\/de\/dienstleistungen\/#primaryimage\"},\"thumbnailUrl\":\"http:\/\/hiltonrome.ms.decms.eu\/wp-content\/uploads\/sites\/327\/2022\/12\/Smartworking-DoubleTree-by-Hilton-Rome-Monti-1.jpg\",\"datePublished\":\"2022-07-04T15:09:29+00:00\",\"dateModified\":\"2023-04-17T13:02:22+00:00\",\"description\":\"Das DoubleTree by Hilton Rome Monti bietet jeden erdenklichen Service f\u00fcr Gesch\u00e4ftsleute und Familien. Genie\u00dfen Sie einen unvergesslichen Aufenthalt!\",\"breadcrumb\":{\"@id\":\"https:\/\/www.dtromemonti.com\/de\/dienstleistungen\/#breadcrumb\"},\"inLanguage\":\"de-DE\",\"potentialAction\":[{\"@type\":\"ReadAction\",\"target\":[\"https:\/\/www.dtromemonti.com\/de\/dienstleistungen\/\"]}]},{\"@type\":\"ImageObject\",\"inLanguage\":\"de-DE\",\"@id\":\"https:\/\/www.dtromemonti.com\/de\/dienstleistungen\/#primaryimage\",\"url\":\"http:\/\/hiltonrome.ms.decms.eu\/wp-content\/uploads\/sites\/327\/2022\/12\/Smartworking-DoubleTree-by-Hilton-Rome-Monti-1.jpg\",\"contentUrl\":\"http:\/\/hiltonrome.ms.decms.eu\/wp-content\/uploads\/sites\/327\/2022\/12\/Smartworking-DoubleTree-by-Hilton-Rome-Monti-1.jpg\"},{\"@type\":\"BreadcrumbList\",\"@id\":\"https:\/\/www.dtromemonti.com\/de\/dienstleistungen\/#breadcrumb\",\"itemListElement\":[{\"@type\":\"ListItem\",\"position\":1,\"name\":\"Home\",\"item\":\"https:\/\/www.dtromemonti.com\/de\/\"},{\"@type\":\"ListItem\",\"position\":2,\"name\":\"Dienstleistungen\"}]},{\"@type\":\"WebSite\",\"@id\":\"https:\/\/www.dtromemonti.com\/de\/#website\",\"url\":\"https:\/\/www.dtromemonti.com\/de\/\",\"name\":\"DoubleTree by Hilton Rome Monti\",\"description\":\"Just another ms.decms.eu site\",\"potentialAction\":[{\"@type\":\"SearchAction\",\"target\":{\"@type\":\"EntryPoint\",\"urlTemplate\":\"https:\/\/www.dtromemonti.com\/de\/?s={search_term_string}\"},\"query-input\":{\"@type\":\"PropertyValueSpecification\",\"valueRequired\":true,\"valueName\":\"search_term_string\"}}],\"inLanguage\":\"de-DE\"}]}<\/script>\n<!-- \/ Yoast SEO plugin. -->","yoast_head_json":{"title":"Service 4-Sterne-Hotel Rom | DoubleTree by Hilton Rome Monti","description":"Das DoubleTree by Hilton Rome Monti bietet jeden erdenklichen Service f\u00fcr Gesch\u00e4ftsleute und Familien. Genie\u00dfen Sie einen unvergesslichen Aufenthalt!","robots":{"index":"index","follow":"follow","max-snippet":"max-snippet:-1","max-image-preview":"max-image-preview:large","max-video-preview":"max-video-preview:-1"},"canonical":"https:\/\/www.dtromemonti.com\/de\/dienstleistungen\/","og_locale":"de_DE","og_type":"article","og_title":"Service 4-Sterne-Hotel Rom | DoubleTree by Hilton Rome Monti","og_description":"Das DoubleTree by Hilton Rome Monti bietet jeden erdenklichen Service f\u00fcr Gesch\u00e4ftsleute und Familien. Genie\u00dfen Sie einen unvergesslichen Aufenthalt!","og_url":"https:\/\/www.dtromemonti.com\/de\/dienstleistungen\/","og_site_name":"DoubleTree by Hilton Rome Monti","article_modified_time":"2023-04-17T13:02:22+00:00","og_image":[{"url":"http:\/\/hiltonrome.ms.decms.eu\/wp-content\/uploads\/sites\/327\/2022\/12\/Smartworking-DoubleTree-by-Hilton-Rome-Monti-1.jpg","type":"","width":"","height":""}],"twitter_card":"summary_large_image","twitter_misc":{"Gesch\u00e4tzte Lesezeit":"2 Minuten"},"schema":{"@context":"https:\/\/schema.org","@graph":[{"@type":"WebPage","@id":"https:\/\/www.dtromemonti.com\/de\/dienstleistungen\/","url":"https:\/\/www.dtromemonti.com\/de\/dienstleistungen\/","name":"Service 4-Sterne-Hotel Rom | DoubleTree by Hilton Rome Monti","isPartOf":{"@id":"https:\/\/www.dtromemonti.com\/de\/#website"},"primaryImageOfPage":{"@id":"https:\/\/www.dtromemonti.com\/de\/dienstleistungen\/#primaryimage"},"image":{"@id":"https:\/\/www.dtromemonti.com\/de\/dienstleistungen\/#primaryimage"},"thumbnailUrl":"http:\/\/hiltonrome.ms.decms.eu\/wp-content\/uploads\/sites\/327\/2022\/12\/Smartworking-DoubleTree-by-Hilton-Rome-Monti-1.jpg","datePublished":"2022-07-04T15:09:29+00:00","dateModified":"2023-04-17T13:02:22+00:00","description":"Das DoubleTree by Hilton Rome Monti bietet jeden erdenklichen Service f\u00fcr Gesch\u00e4ftsleute und Familien. Genie\u00dfen Sie einen unvergesslichen Aufenthalt!","breadcrumb":{"@id":"https:\/\/www.dtromemonti.com\/de\/dienstleistungen\/#breadcrumb"},"inLanguage":"de-DE","potentialAction":[{"@type":"ReadAction","target":["https:\/\/www.dtromemonti.com\/de\/dienstleistungen\/"]}]},{"@type":"ImageObject","inLanguage":"de-DE","@id":"https:\/\/www.dtromemonti.com\/de\/dienstleistungen\/#primaryimage","url":"http:\/\/hiltonrome.ms.decms.eu\/wp-content\/uploads\/sites\/327\/2022\/12\/Smartworking-DoubleTree-by-Hilton-Rome-Monti-1.jpg","contentUrl":"http:\/\/hiltonrome.ms.decms.eu\/wp-content\/uploads\/sites\/327\/2022\/12\/Smartworking-DoubleTree-by-Hilton-Rome-Monti-1.jpg"},{"@type":"BreadcrumbList","@id":"https:\/\/www.dtromemonti.com\/de\/dienstleistungen\/#breadcrumb","itemListElement":[{"@type":"ListItem","position":1,"name":"Home","item":"https:\/\/www.dtromemonti.com\/de\/"},{"@type":"ListItem","position":2,"name":"Dienstleistungen"}]},{"@type":"WebSite","@id":"https:\/\/www.dtromemonti.com\/de\/#website","url":"https:\/\/www.dtromemonti.com\/de\/","name":"DoubleTree by Hilton Rome Monti","description":"Just another ms.decms.eu site","potentialAction":[{"@type":"SearchAction","target":{"@type":"EntryPoint","urlTemplate":"https:\/\/www.dtromemonti.com\/de\/?s={search_term_string}"},"query-input":{"@type":"PropertyValueSpecification","valueRequired":true,"valueName":"search_term_string"}}],"inLanguage":"de-DE"}]}},"acf":[],"_links":{"self":[{"href":"https:\/\/www.dtromemonti.com\/de\/wp-json\/wp\/v2\/pages\/71","targetHints":{"allow":["GET"]}}],"collection":[{"href":"https:\/\/www.dtromemonti.com\/de\/wp-json\/wp\/v2\/pages"}],"about":[{"href":"https:\/\/www.dtromemonti.com\/de\/wp-json\/wp\/v2\/types\/page"}],"author":[{"embeddable":true,"href":"https:\/\/www.dtromemonti.com\/de\/wp-json\/wp\/v2\/users\/6"}],"replies":[{"embeddable":true,"href":"https:\/\/www.dtromemonti.com\/de\/wp-json\/wp\/v2\/comments?post=71"}],"version-history":[{"count":0,"href":"https:\/\/www.dtromemonti.com\/de\/wp-json\/wp\/v2\/pages\/71\/revisions"}],"wp:attachment":[{"href":"https:\/\/www.dtromemonti.com\/de\/wp-json\/wp\/v2\/media?parent=71"}],"curies":[{"name":"wp","href":"https:\/\/api.w.org\/{rel}","templated":true}]}}