{"id":65,"date":"2022-07-04T15:05:50","date_gmt":"2022-07-04T15:05:50","guid":{"rendered":"https:\/\/hiltonrome.ms.decms.eu\/eat-drink\/partnership-lavazza\/"},"modified":"2023-03-07T17:02:03","modified_gmt":"2023-03-07T17:02:03","slug":"lavazza-partnerschaft","status":"publish","type":"page","link":"https:\/\/www.dtromemonti.com\/de\/hotels\/lavazza-partnerschaft\/","title":{"rendered":"Lavazza-Partnerschaft"},"content":{"rendered":"<p><span style=\"font-weight: 400\">Das <\/span><b>DoubleTree by Hilton Rome Monti ist <\/b><span style=\"font-weight: 400\">\u00a0<\/span><b>offizieller Partner <\/b><span style=\"font-weight: 400\">von<\/span><b> Lavazza<\/b><span style=\"font-weight: 400\">, dem ber\u00fchmten italienischen Unternehmen, das seit 1895 ger\u00f6steten Kaffee herstellt. In unseren Bars und Restaurants finden Sie immer Lavazza-Kaffee, den Sie dank der Lavazza-Espressomaschine in den Superior-, Deluxe-, Junior-Suiten und Suiten auch in der Privatsph\u00e4re Ihres Zimmers genie\u00dfen k\u00f6nnen.\u00a0<\/span><\/p>\n<p><span style=\"font-weight: 400\">F\u00fcr das DoubleTree by Hilton Rome Monti hat Lavazza nur <\/span><b>Kaffeemischungen<\/b><span style=\"font-weight: 400\"> ausgew\u00e4hlt, die <\/span><b>auf umweltfreundliche Weise hergestellt wurden<\/b><span style=\"font-weight: 400\">. Lavazza f\u00f6rdert das <\/span><b>Projekt<\/b><span style=\"font-weight: 400\"> Coffee defenders&#8220; zur <\/span><b>nachhaltigen Entwicklung<\/b><span style=\"font-weight: 400\"> und unterst\u00fctzt die Landwirte dabei, ihr Land zur\u00fcckzuerobern und bessere Anbaumethoden zur Bek\u00e4mpfung des Klimawandels anzuwenden. Lavazza setzt sich auch f\u00fcr die Verringerung der CO2-Emissionen durch eine <\/span><b>Aufforstungskampagne<\/b><span style=\"font-weight: 400\"> in s\u00fcdamerikanischen Gebieten ein und unterst\u00fctzt mit dem Programm \u00a1Tierra! die soziale und wirtschaftliche Entwicklung lokaler Gemeinschaften von <\/span><b>Kaffeebauern<\/b><span style=\"font-weight: 400\"> in 19 L\u00e4ndern weltweit.\u00a0<\/span><\/p>\n<p><span style=\"font-weight: 400\">Die <\/span><b>MiT Food &amp; Coffee Brewery<\/b><span style=\"font-weight: 400\"> ist der <\/span><b>Tempel des Kaffees <\/b><span style=\"font-weight: 400\">im DoubleTree by Hilton Rome Monti.\u00a0 Hier k\u00f6nnen Sie ein individuelles <\/span><b>Kaffeeerlebnis<\/b><span style=\"font-weight: 400\"> reservieren, bei dem Sie Kaffee aus verschiedenen L\u00e4ndern probieren und nach verschiedenen Traditionen zubereiten. Neben dem klassischen italienischen Espresso werden Sie Kaffee mit der Moka, mit der neapolitanischen Cucumella, mit der Chemex, mit franz\u00f6sischem Presskaffee und kalt gebr\u00fchtem Kaffee probieren. So entdecken Sie die <\/span><b>unendlichen Nuancen<\/b><span style=\"font-weight: 400\"> des beliebtesten Getr\u00e4nks Italiens und der Welt.<\/span><\/p>\n<p><span style=\"font-weight: 400\">Buchen Sie jetzt Ihr Lavazza-Erlebnis. Rufen Sie<\/span> <a href=\"tel:+39 06 45774500\" target=\"_blank\" rel=\"noopener\">+39 06 45774500<\/a> <span style=\"font-weight: 400\">an oder schreiben Sie an<\/span><a href=\"mailto:info@enjoyromamonti.com\"> info@enjoyromamonti.com<\/a><\/p>\n","protected":false},"excerpt":{"rendered":"<p>Das DoubleTree by Hilton Rome Monti ist \u00a0offizieller Partner von Lavazza, dem ber\u00fchmten italienischen Unternehmen, das seit 1895 ger\u00f6steten Kaffee herstellt. In unseren Bars und Restaurants finden Sie immer Lavazza-Kaffee, den Sie dank der Lavazza-Espressomaschine in den Superior-, Deluxe-, Junior-Suiten und Suiten auch in der Privatsph\u00e4re Ihres Zimmers genie\u00dfen k\u00f6nnen.\u00a0 F\u00fcr das DoubleTree by Hilton [&hellip;]<\/p>\n","protected":false},"author":6,"featured_media":0,"parent":238,"menu_order":14,"comment_status":"closed","ping_status":"closed","template":"template-single-restaurant.php","meta":{"footnotes":""},"class_list":["post-65","page","type-page","status-publish","hentry"],"yoast_head":"<!-- This site is optimized with the Yoast SEO plugin v26.9 - https:\/\/yoast.com\/product\/yoast-seo-wordpress\/ -->\n<title>Partnership Caff\u00e8 Lavazza | DoubleTree by Hilton Rome Monti<\/title>\n<meta name=\"description\" content=\"Das DoubleTree by Hilton Rome Monti ist offizieller Lavazza-Partner. Genie\u00dfen Sie Espresso im Zimmer und nehmen Sie an Events teil. Erfahren Sie die Details!\" \/>\n<meta name=\"robots\" content=\"index, follow, max-snippet:-1, max-image-preview:large, max-video-preview:-1\" \/>\n<link rel=\"canonical\" href=\"https:\/\/www.dtromemonti.com\/de\/hotels\/lavazza-partnerschaft\/\" \/>\n<meta property=\"og:locale\" content=\"de_DE\" \/>\n<meta property=\"og:type\" content=\"article\" \/>\n<meta property=\"og:title\" content=\"Partnership Caff\u00e8 Lavazza | DoubleTree by Hilton Rome Monti\" \/>\n<meta property=\"og:description\" content=\"Das DoubleTree by Hilton Rome Monti ist offizieller Lavazza-Partner. Genie\u00dfen Sie Espresso im Zimmer und nehmen Sie an Events teil. Erfahren Sie die Details!\" \/>\n<meta property=\"og:url\" content=\"https:\/\/www.dtromemonti.com\/de\/hotels\/lavazza-partnerschaft\/\" \/>\n<meta property=\"og:site_name\" content=\"DoubleTree by Hilton Rome Monti\" \/>\n<meta property=\"article:modified_time\" content=\"2023-03-07T17:02:03+00:00\" \/>\n<meta name=\"twitter:card\" content=\"summary_large_image\" \/>\n<meta name=\"twitter:label1\" content=\"Gesch\u00e4tzte Lesezeit\" \/>\n\t<meta name=\"twitter:data1\" content=\"2 Minuten\" \/>\n<script type=\"application\/ld+json\" class=\"yoast-schema-graph\">{\"@context\":\"https:\/\/schema.org\",\"@graph\":[{\"@type\":\"WebPage\",\"@id\":\"https:\/\/www.dtromemonti.com\/de\/hotels\/lavazza-partnerschaft\/\",\"url\":\"https:\/\/www.dtromemonti.com\/de\/hotels\/lavazza-partnerschaft\/\",\"name\":\"Partnership Caff\u00e8 Lavazza | DoubleTree by Hilton Rome Monti\",\"isPartOf\":{\"@id\":\"https:\/\/www.dtromemonti.com\/de\/#website\"},\"datePublished\":\"2022-07-04T15:05:50+00:00\",\"dateModified\":\"2023-03-07T17:02:03+00:00\",\"description\":\"Das DoubleTree by Hilton Rome Monti ist offizieller Lavazza-Partner. Genie\u00dfen Sie Espresso im Zimmer und nehmen Sie an Events teil. Erfahren Sie die Details!\",\"breadcrumb\":{\"@id\":\"https:\/\/www.dtromemonti.com\/de\/hotels\/lavazza-partnerschaft\/#breadcrumb\"},\"inLanguage\":\"de-DE\",\"potentialAction\":[{\"@type\":\"ReadAction\",\"target\":[\"https:\/\/www.dtromemonti.com\/de\/hotels\/lavazza-partnerschaft\/\"]}]},{\"@type\":\"BreadcrumbList\",\"@id\":\"https:\/\/www.dtromemonti.com\/de\/hotels\/lavazza-partnerschaft\/#breadcrumb\",\"itemListElement\":[{\"@type\":\"ListItem\",\"position\":1,\"name\":\"Home\",\"item\":\"https:\/\/www.dtromemonti.com\/de\/\"},{\"@type\":\"ListItem\",\"position\":2,\"name\":\"Hotels\",\"item\":\"https:\/\/www.dtromemonti.com\/de\/hotels\/\"},{\"@type\":\"ListItem\",\"position\":3,\"name\":\"Lavazza-Partnerschaft\"}]},{\"@type\":\"WebSite\",\"@id\":\"https:\/\/www.dtromemonti.com\/de\/#website\",\"url\":\"https:\/\/www.dtromemonti.com\/de\/\",\"name\":\"DoubleTree by Hilton Rome Monti\",\"description\":\"Just another ms.decms.eu site\",\"potentialAction\":[{\"@type\":\"SearchAction\",\"target\":{\"@type\":\"EntryPoint\",\"urlTemplate\":\"https:\/\/www.dtromemonti.com\/de\/?s={search_term_string}\"},\"query-input\":{\"@type\":\"PropertyValueSpecification\",\"valueRequired\":true,\"valueName\":\"search_term_string\"}}],\"inLanguage\":\"de-DE\"}]}<\/script>\n<!-- \/ Yoast SEO plugin. -->","yoast_head_json":{"title":"Partnership Caff\u00e8 Lavazza | DoubleTree by Hilton Rome Monti","description":"Das DoubleTree by Hilton Rome Monti ist offizieller Lavazza-Partner. Genie\u00dfen Sie Espresso im Zimmer und nehmen Sie an Events teil. Erfahren Sie die Details!","robots":{"index":"index","follow":"follow","max-snippet":"max-snippet:-1","max-image-preview":"max-image-preview:large","max-video-preview":"max-video-preview:-1"},"canonical":"https:\/\/www.dtromemonti.com\/de\/hotels\/lavazza-partnerschaft\/","og_locale":"de_DE","og_type":"article","og_title":"Partnership Caff\u00e8 Lavazza | DoubleTree by Hilton Rome Monti","og_description":"Das DoubleTree by Hilton Rome Monti ist offizieller Lavazza-Partner. Genie\u00dfen Sie Espresso im Zimmer und nehmen Sie an Events teil. Erfahren Sie die Details!","og_url":"https:\/\/www.dtromemonti.com\/de\/hotels\/lavazza-partnerschaft\/","og_site_name":"DoubleTree by Hilton Rome Monti","article_modified_time":"2023-03-07T17:02:03+00:00","twitter_card":"summary_large_image","twitter_misc":{"Gesch\u00e4tzte Lesezeit":"2 Minuten"},"schema":{"@context":"https:\/\/schema.org","@graph":[{"@type":"WebPage","@id":"https:\/\/www.dtromemonti.com\/de\/hotels\/lavazza-partnerschaft\/","url":"https:\/\/www.dtromemonti.com\/de\/hotels\/lavazza-partnerschaft\/","name":"Partnership Caff\u00e8 Lavazza | DoubleTree by Hilton Rome Monti","isPartOf":{"@id":"https:\/\/www.dtromemonti.com\/de\/#website"},"datePublished":"2022-07-04T15:05:50+00:00","dateModified":"2023-03-07T17:02:03+00:00","description":"Das DoubleTree by Hilton Rome Monti ist offizieller Lavazza-Partner. Genie\u00dfen Sie Espresso im Zimmer und nehmen Sie an Events teil. Erfahren Sie die Details!","breadcrumb":{"@id":"https:\/\/www.dtromemonti.com\/de\/hotels\/lavazza-partnerschaft\/#breadcrumb"},"inLanguage":"de-DE","potentialAction":[{"@type":"ReadAction","target":["https:\/\/www.dtromemonti.com\/de\/hotels\/lavazza-partnerschaft\/"]}]},{"@type":"BreadcrumbList","@id":"https:\/\/www.dtromemonti.com\/de\/hotels\/lavazza-partnerschaft\/#breadcrumb","itemListElement":[{"@type":"ListItem","position":1,"name":"Home","item":"https:\/\/www.dtromemonti.com\/de\/"},{"@type":"ListItem","position":2,"name":"Hotels","item":"https:\/\/www.dtromemonti.com\/de\/hotels\/"},{"@type":"ListItem","position":3,"name":"Lavazza-Partnerschaft"}]},{"@type":"WebSite","@id":"https:\/\/www.dtromemonti.com\/de\/#website","url":"https:\/\/www.dtromemonti.com\/de\/","name":"DoubleTree by Hilton Rome Monti","description":"Just another ms.decms.eu site","potentialAction":[{"@type":"SearchAction","target":{"@type":"EntryPoint","urlTemplate":"https:\/\/www.dtromemonti.com\/de\/?s={search_term_string}"},"query-input":{"@type":"PropertyValueSpecification","valueRequired":true,"valueName":"search_term_string"}}],"inLanguage":"de-DE"}]}},"acf":[],"_links":{"self":[{"href":"https:\/\/www.dtromemonti.com\/de\/wp-json\/wp\/v2\/pages\/65","targetHints":{"allow":["GET"]}}],"collection":[{"href":"https:\/\/www.dtromemonti.com\/de\/wp-json\/wp\/v2\/pages"}],"about":[{"href":"https:\/\/www.dtromemonti.com\/de\/wp-json\/wp\/v2\/types\/page"}],"author":[{"embeddable":true,"href":"https:\/\/www.dtromemonti.com\/de\/wp-json\/wp\/v2\/users\/6"}],"replies":[{"embeddable":true,"href":"https:\/\/www.dtromemonti.com\/de\/wp-json\/wp\/v2\/comments?post=65"}],"version-history":[{"count":0,"href":"https:\/\/www.dtromemonti.com\/de\/wp-json\/wp\/v2\/pages\/65\/revisions"}],"up":[{"embeddable":true,"href":"https:\/\/www.dtromemonti.com\/de\/wp-json\/wp\/v2\/pages\/238"}],"wp:attachment":[{"href":"https:\/\/www.dtromemonti.com\/de\/wp-json\/wp\/v2\/media?parent=65"}],"curies":[{"name":"wp","href":"https:\/\/api.w.org\/{rel}","templated":true}]}}