{"id":61,"date":"2022-07-04T15:03:14","date_gmt":"2022-07-04T15:03:14","guid":{"rendered":"https:\/\/hiltonrome.ms.decms.eu\/eat-drink\/mun-rooftop-bar\/"},"modified":"2026-03-06T16:30:23","modified_gmt":"2026-03-06T16:30:23","slug":"mun-rooftop-bar","status":"publish","type":"page","link":"https:\/\/www.dtromemonti.com\/de\/essen-trinken\/mun-rooftop-bar\/","title":{"rendered":"M\u00f9n Rooftop Cocktail Bar"},"content":{"rendered":"<h4 style=\"text-align: center\">M\u00f9n Rooftop Cocktail Bar: Signature-Cocktails treffen auf atemberaubende Ausblicke<\/h4>\n<p style=\"text-align: center\"><span style=\"font-weight: 400\">Im achten Stock des DoubleTree by Hilton Rome Monti, mit einer <\/span><b>Panoramaterrasse<\/b><span style=\"font-weight: 400\">, ist die M\u00f9n Rooftop Cocktail Bar ein bezaubernder Ort. Der Blick auf den Rione Monti und die Kuppeln von Santa Maria Maggiore ist atemberaubend, und ab Sonnenuntergang wird er magisch.\u00a0<\/span><\/p>\n<h3 style=\"text-align: center\" data-start=\"470\" data-end=\"510\"><strong>Kreierte Cocktails, ikonische Aromen<\/strong><\/h3>\n<p style=\"text-align: center\"><span style=\"font-weight: 400\">Die M\u00f9n Rooftop Cockatil Bar ist ein beliebter Ort f\u00fcr unsere G\u00e4ste und ausw\u00e4rtige Kunden, um sich nach einem Arbeitstag oder einem Sightseeing-Tag in Rom beim Aperitif zu entspannen. Sie bietet eine gro\u00dfe Auswahl an Cocktails, von klassischen Longdrinks bis hin zu neuen Vorschl\u00e4gen, die von unseren kreativen Barkeepern entwickelt wurden.<\/span><\/p>\n<p style=\"text-align: center\"><b>In der M\u00f9n Rooftop Cocktail Bar <\/b><span style=\"font-weight: 400\">bietet der <\/span><b>Chefkoch <\/b><span style=\"font-weight: 400\">ein <\/span><b>Tapas-Men\u00fc <\/b><span style=\"font-weight: 400\">an, das die reiche Auswahl an Cocktails, Longdrinks und Getr\u00e4nken begleitet.\u00a0 Die <\/span><b>Weinkarte<\/b><span style=\"font-weight: 400\"> ist ebenfalls raffiniert und bevorzugt lokale Hersteller, die auf \u00f6kologische Nachhaltigkeit achten, sowie gro\u00dfe italienische und internationale Weine, die aufgrund ihrer Werthaltigkeit und nicht nur wegen ihres Etiketts ausgew\u00e4hlt werden: <\/span><span style=\"font-weight: 400\">Die Sommeliers von M\u00f9n stehen Ihnenzur Verf\u00fcgung, um die beste Kombinationen mit den Gourmetgerichten unseres K\u00fcchenchefs zu empfehlen.<\/span><\/p>\n<h3 style=\"text-align: center\"><strong>Ma\u00dfgeschneiderte Events, panoramische Kulisse<\/strong><\/h3>\n<p style=\"text-align: center\"><span style=\"font-weight: 400\">Ein Aperitif mit Freunden oder eine romantische After-Dinner-Party, ein Empfang f\u00fcr einen besonderen Anlass, eine Hochzeitsfeier: Die M\u00f9n Rooftop Cocktail Bar ist die beste Wahl, um in einer bezaubernden Umgebung zu <\/span><b>beeindrucken und <\/b><span style=\"font-weight: 400\">zu erleben.\u00a0<\/span><\/p>\n<p style=\"text-align: center\"><span style=\"font-weight: 400\">Sie k\u00f6nnen das gesamte Lokal f\u00fcr Ihre Veranstaltung reservieren. F\u00fcr Informationen und Reservierungen, rufen Sie <a href=\"tel:+39 06 4577 4508\" target=\"_blank\" rel=\"noopener\">+39 06 4577 4508<\/a> an oder schreiben Sie an \u00a0<a href=\"mailto:info@enjoyromamonti.it\">info@enjoyromamonti.it<\/a><\/span><\/p>\n<p style=\"text-align: center\">Von Signature-Cocktails bis zu Gourmet-H\u00e4ppchen \u2013 jeder Geschmack erz\u00e4hlt eine Geschichte. <a href=\"https:\/\/munrooftoprome.com\/menu\/\" target=\"_blank\" rel=\"noopener\"><strong>Entdecken Sie das Men\u00fc<\/strong><\/a><\/p>\n","protected":false},"excerpt":{"rendered":"<p>M\u00f9n Rooftop Cocktail Bar: Signature-Cocktails treffen auf atemberaubende Ausblicke Im achten Stock des DoubleTree by Hilton Rome Monti, mit einer Panoramaterrasse, ist die M\u00f9n Rooftop Cocktail Bar ein bezaubernder Ort. Der Blick auf den Rione Monti und die Kuppeln von Santa Maria Maggiore ist atemberaubend, und ab Sonnenuntergang wird er magisch.\u00a0 Kreierte Cocktails, ikonische Aromen [&hellip;]<\/p>\n","protected":false},"author":6,"featured_media":0,"parent":51,"menu_order":33,"comment_status":"closed","ping_status":"closed","template":"template-single-restaurant.php","meta":{"footnotes":""},"class_list":["post-61","page","type-page","status-publish","hentry"],"yoast_head":"<!-- This site is optimized with the Yoast SEO plugin v26.9 - https:\/\/yoast.com\/product\/yoast-seo-wordpress\/ -->\n<title>M\u00f9n: Cocktail Bar con vista | DoubleTree by Hilton Rome Monti<\/title>\n<meta name=\"description\" content=\"Entdecken Sie das Panorama von Rom in der Cocktailbar M\u00f9n. Ein gem\u00fctliches Ambiente f\u00fcr einen guten Aperitif, ein leichtes Abendessen oder ein After Dinner.\" \/>\n<meta name=\"robots\" content=\"index, follow, max-snippet:-1, max-image-preview:large, max-video-preview:-1\" \/>\n<link rel=\"canonical\" href=\"https:\/\/www.dtromemonti.com\/de\/essen-trinken\/mun-rooftop-bar\/\" \/>\n<meta property=\"og:locale\" content=\"de_DE\" \/>\n<meta property=\"og:type\" content=\"article\" \/>\n<meta property=\"og:title\" content=\"M\u00f9n: Cocktail Bar con vista | DoubleTree by Hilton Rome Monti\" \/>\n<meta property=\"og:description\" content=\"Entdecken Sie das Panorama von Rom in der Cocktailbar M\u00f9n. Ein gem\u00fctliches Ambiente f\u00fcr einen guten Aperitif, ein leichtes Abendessen oder ein After Dinner.\" \/>\n<meta property=\"og:url\" content=\"https:\/\/www.dtromemonti.com\/de\/essen-trinken\/mun-rooftop-bar\/\" \/>\n<meta property=\"og:site_name\" content=\"DoubleTree by Hilton Rome Monti\" \/>\n<meta property=\"article:modified_time\" content=\"2026-03-06T16:30:23+00:00\" \/>\n<meta name=\"twitter:card\" content=\"summary_large_image\" \/>\n<meta name=\"twitter:label1\" content=\"Gesch\u00e4tzte Lesezeit\" \/>\n\t<meta name=\"twitter:data1\" content=\"2 Minuten\" \/>\n<script type=\"application\/ld+json\" class=\"yoast-schema-graph\">{\"@context\":\"https:\/\/schema.org\",\"@graph\":[{\"@type\":\"WebPage\",\"@id\":\"https:\/\/www.dtromemonti.com\/de\/essen-trinken\/mun-rooftop-bar\/\",\"url\":\"https:\/\/www.dtromemonti.com\/de\/essen-trinken\/mun-rooftop-bar\/\",\"name\":\"M\u00f9n: Cocktail Bar con vista | DoubleTree by Hilton Rome Monti\",\"isPartOf\":{\"@id\":\"https:\/\/www.dtromemonti.com\/de\/#website\"},\"datePublished\":\"2022-07-04T15:03:14+00:00\",\"dateModified\":\"2026-03-06T16:30:23+00:00\",\"description\":\"Entdecken Sie das Panorama von Rom in der Cocktailbar M\u00f9n. Ein gem\u00fctliches Ambiente f\u00fcr einen guten Aperitif, ein leichtes Abendessen oder ein After Dinner.\",\"breadcrumb\":{\"@id\":\"https:\/\/www.dtromemonti.com\/de\/essen-trinken\/mun-rooftop-bar\/#breadcrumb\"},\"inLanguage\":\"de-DE\",\"potentialAction\":[{\"@type\":\"ReadAction\",\"target\":[\"https:\/\/www.dtromemonti.com\/de\/essen-trinken\/mun-rooftop-bar\/\"]}]},{\"@type\":\"BreadcrumbList\",\"@id\":\"https:\/\/www.dtromemonti.com\/de\/essen-trinken\/mun-rooftop-bar\/#breadcrumb\",\"itemListElement\":[{\"@type\":\"ListItem\",\"position\":1,\"name\":\"Home\",\"item\":\"https:\/\/www.dtromemonti.com\/de\/\"},{\"@type\":\"ListItem\",\"position\":2,\"name\":\"Essen &amp; Trinken\",\"item\":\"https:\/\/www.dtromemonti.com\/de\/essen-trinken\/\"},{\"@type\":\"ListItem\",\"position\":3,\"name\":\"M\u00f9n Rooftop Cocktail Bar\"}]},{\"@type\":\"WebSite\",\"@id\":\"https:\/\/www.dtromemonti.com\/de\/#website\",\"url\":\"https:\/\/www.dtromemonti.com\/de\/\",\"name\":\"DoubleTree by Hilton Rome Monti\",\"description\":\"Just another ms.decms.eu site\",\"potentialAction\":[{\"@type\":\"SearchAction\",\"target\":{\"@type\":\"EntryPoint\",\"urlTemplate\":\"https:\/\/www.dtromemonti.com\/de\/?s={search_term_string}\"},\"query-input\":{\"@type\":\"PropertyValueSpecification\",\"valueRequired\":true,\"valueName\":\"search_term_string\"}}],\"inLanguage\":\"de-DE\"}]}<\/script>\n<!-- \/ Yoast SEO plugin. -->","yoast_head_json":{"title":"M\u00f9n: Cocktail Bar con vista | DoubleTree by Hilton Rome Monti","description":"Entdecken Sie das Panorama von Rom in der Cocktailbar M\u00f9n. Ein gem\u00fctliches Ambiente f\u00fcr einen guten Aperitif, ein leichtes Abendessen oder ein After Dinner.","robots":{"index":"index","follow":"follow","max-snippet":"max-snippet:-1","max-image-preview":"max-image-preview:large","max-video-preview":"max-video-preview:-1"},"canonical":"https:\/\/www.dtromemonti.com\/de\/essen-trinken\/mun-rooftop-bar\/","og_locale":"de_DE","og_type":"article","og_title":"M\u00f9n: Cocktail Bar con vista | DoubleTree by Hilton Rome Monti","og_description":"Entdecken Sie das Panorama von Rom in der Cocktailbar M\u00f9n. Ein gem\u00fctliches Ambiente f\u00fcr einen guten Aperitif, ein leichtes Abendessen oder ein After Dinner.","og_url":"https:\/\/www.dtromemonti.com\/de\/essen-trinken\/mun-rooftop-bar\/","og_site_name":"DoubleTree by Hilton Rome Monti","article_modified_time":"2026-03-06T16:30:23+00:00","twitter_card":"summary_large_image","twitter_misc":{"Gesch\u00e4tzte Lesezeit":"2 Minuten"},"schema":{"@context":"https:\/\/schema.org","@graph":[{"@type":"WebPage","@id":"https:\/\/www.dtromemonti.com\/de\/essen-trinken\/mun-rooftop-bar\/","url":"https:\/\/www.dtromemonti.com\/de\/essen-trinken\/mun-rooftop-bar\/","name":"M\u00f9n: Cocktail Bar con vista | DoubleTree by Hilton Rome Monti","isPartOf":{"@id":"https:\/\/www.dtromemonti.com\/de\/#website"},"datePublished":"2022-07-04T15:03:14+00:00","dateModified":"2026-03-06T16:30:23+00:00","description":"Entdecken Sie das Panorama von Rom in der Cocktailbar M\u00f9n. Ein gem\u00fctliches Ambiente f\u00fcr einen guten Aperitif, ein leichtes Abendessen oder ein After Dinner.","breadcrumb":{"@id":"https:\/\/www.dtromemonti.com\/de\/essen-trinken\/mun-rooftop-bar\/#breadcrumb"},"inLanguage":"de-DE","potentialAction":[{"@type":"ReadAction","target":["https:\/\/www.dtromemonti.com\/de\/essen-trinken\/mun-rooftop-bar\/"]}]},{"@type":"BreadcrumbList","@id":"https:\/\/www.dtromemonti.com\/de\/essen-trinken\/mun-rooftop-bar\/#breadcrumb","itemListElement":[{"@type":"ListItem","position":1,"name":"Home","item":"https:\/\/www.dtromemonti.com\/de\/"},{"@type":"ListItem","position":2,"name":"Essen &amp; Trinken","item":"https:\/\/www.dtromemonti.com\/de\/essen-trinken\/"},{"@type":"ListItem","position":3,"name":"M\u00f9n Rooftop Cocktail Bar"}]},{"@type":"WebSite","@id":"https:\/\/www.dtromemonti.com\/de\/#website","url":"https:\/\/www.dtromemonti.com\/de\/","name":"DoubleTree by Hilton Rome Monti","description":"Just another ms.decms.eu site","potentialAction":[{"@type":"SearchAction","target":{"@type":"EntryPoint","urlTemplate":"https:\/\/www.dtromemonti.com\/de\/?s={search_term_string}"},"query-input":{"@type":"PropertyValueSpecification","valueRequired":true,"valueName":"search_term_string"}}],"inLanguage":"de-DE"}]}},"acf":[],"_links":{"self":[{"href":"https:\/\/www.dtromemonti.com\/de\/wp-json\/wp\/v2\/pages\/61","targetHints":{"allow":["GET"]}}],"collection":[{"href":"https:\/\/www.dtromemonti.com\/de\/wp-json\/wp\/v2\/pages"}],"about":[{"href":"https:\/\/www.dtromemonti.com\/de\/wp-json\/wp\/v2\/types\/page"}],"author":[{"embeddable":true,"href":"https:\/\/www.dtromemonti.com\/de\/wp-json\/wp\/v2\/users\/6"}],"replies":[{"embeddable":true,"href":"https:\/\/www.dtromemonti.com\/de\/wp-json\/wp\/v2\/comments?post=61"}],"version-history":[{"count":0,"href":"https:\/\/www.dtromemonti.com\/de\/wp-json\/wp\/v2\/pages\/61\/revisions"}],"up":[{"embeddable":true,"href":"https:\/\/www.dtromemonti.com\/de\/wp-json\/wp\/v2\/pages\/51"}],"wp:attachment":[{"href":"https:\/\/www.dtromemonti.com\/de\/wp-json\/wp\/v2\/media?parent=61"}],"curies":[{"name":"wp","href":"https:\/\/api.w.org\/{rel}","templated":true}]}}