{"id":55,"date":"2022-07-04T14:59:03","date_gmt":"2022-07-04T14:59:03","guid":{"rendered":"https:\/\/hiltonrome.ms.decms.eu\/eat-drink\/mit-food-coffee-brewery\/"},"modified":"2025-11-10T11:00:36","modified_gmt":"2025-11-10T11:00:36","slug":"mit-food-coffee-brewery","status":"publish","type":"page","link":"https:\/\/www.dtromemonti.com\/de\/essen-trinken\/mit-food-coffee-brewery\/","title":{"rendered":"MiT Food &amp; Coffee Brewery"},"content":{"rendered":"<p style=\"text-align: center\"><span style=\"font-weight: 400\">Das <\/span><b>MiT<\/b><span style=\"font-weight: 400\"> Food &amp; Coffee Brewery ist eine <\/span><b>Terrasse<\/b><span style=\"font-weight: 400\"> auf dem <\/span><b>Rione Monti<\/b><span style=\"font-weight: 400\">, auf der Sie das warme Licht und die gesellige Atmosph\u00e4re <\/span><b>Roms<\/b><span style=\"font-weight: 400\"> genie\u00dfen k\u00f6nnen, und ist bereits am fr\u00fchen Morgen ge\u00f6ffnet. Es ist ein beliebter Ort f\u00fcr einen <\/span><b>Kaffee<\/b><span style=\"font-weight: 400\"> an den <\/span><b>Tischen im Freien<\/b><span style=\"font-weight: 400\">, aber auch bei den R\u00f6mern beliebt, die hier zu <\/span><b>Mittag essen<\/b><span style=\"font-weight: 400\"> und einen <\/span><b>Aperitif<\/b><span style=\"font-weight: 400\"> zu sich nehmen, um sich nach einem anstrengenden Tag in der herrlichen Umgebung der Piazza dell&#8217;Esquilino zu entspannen.\u00a0<\/span><\/p>\n<h3 style=\"text-align: center\" data-start=\"97\" data-end=\"174\"><strong>Frische Aromen, Kaffee mit Charakter und r\u00f6misches Ambiente<\/strong><\/h3>\n<p style=\"text-align: center\"><span style=\"font-weight: 400\">Die Speisekarte des MiT Food &amp; Coffee Brewery bietet <\/span><b>traditionelle Gerichte<\/b><span style=\"font-weight: 400\"> wie Pasta alla Carbonara, aber auch kreative Vorschl\u00e4ge wie <\/span><b>Salate<\/b><span style=\"font-weight: 400\"> und <\/span><b>Gourmet-Sandwiches<\/b><span style=\"font-weight: 400\">. Handgemachte S\u00fc\u00dfspeisen und leckere Snacks begleiten das Fr\u00fchst\u00fcck und den Aperitif, w\u00e4hrend die Verkostung ausgew\u00e4hlter <\/span><b>Lavazza-Kaffeemischungen<\/b><span style=\"font-weight: 400\">, die neben dem traditionellen Espresso auch in verschiedenen Zubereitungsarten wie neapolitanischem Cucumella und kalt gebr\u00fchtem Kaffee angeboten werden, ein exklusives Erlebnis darstellt.\u00a0<\/span><\/p>\n<p style=\"text-align: center\">Vom Fr\u00fchst\u00fcck bis zum Aperitif: Entdecken Sie frische, aromatische italienische Aromen. <a href=\"https:\/\/smartmenu.foodboard.it\/mit\/our-philosophy\/?language=en\" target=\"_blank\" rel=\"noopener\"><strong>Entdecken Sie unser Men\u00fc<\/strong><\/a><\/p>\n<p>&nbsp;<\/p>\n","protected":false},"excerpt":{"rendered":"<p>Das MiT Food &amp; Coffee Brewery ist eine Terrasse auf dem Rione Monti, auf der Sie das warme Licht und die gesellige Atmosph\u00e4re Roms genie\u00dfen k\u00f6nnen, und ist bereits am fr\u00fchen Morgen ge\u00f6ffnet. Es ist ein beliebter Ort f\u00fcr einen Kaffee an den Tischen im Freien, aber auch bei den R\u00f6mern beliebt, die hier zu [&hellip;]<\/p>\n","protected":false},"author":6,"featured_media":2074,"parent":51,"menu_order":31,"comment_status":"closed","ping_status":"closed","template":"template-single-restaurant.php","meta":{"footnotes":""},"class_list":["post-55","page","type-page","status-publish","has-post-thumbnail","hentry"],"yoast_head":"<!-- This site is optimized with the Yoast SEO plugin v26.9 - https:\/\/yoast.com\/product\/yoast-seo-wordpress\/ -->\n<title>MiT Food&amp;Coffee Brewery | DoubleTree by Hilton Rome Monti<\/title>\n<meta name=\"description\" content=\"Genie\u00dfen Sie ein reichhaltiges und authentisches Fr\u00fchst\u00fcck, Mittagessen oder einen Snack in der MiT Bar in Rom Monti. Eine moderne und gesellige Umgebung ideal f\u00fcr Ihre Entspannung.\" \/>\n<meta name=\"robots\" content=\"index, follow, max-snippet:-1, max-image-preview:large, max-video-preview:-1\" \/>\n<link rel=\"canonical\" href=\"https:\/\/www.dtromemonti.com\/de\/essen-trinken\/mit-food-coffee-brewery\/\" \/>\n<meta property=\"og:locale\" content=\"de_DE\" \/>\n<meta property=\"og:type\" content=\"article\" \/>\n<meta property=\"og:title\" content=\"MiT Food&amp;Coffee Brewery | DoubleTree by Hilton Rome Monti\" \/>\n<meta property=\"og:description\" content=\"Genie\u00dfen Sie ein reichhaltiges und authentisches Fr\u00fchst\u00fcck, Mittagessen oder einen Snack in der MiT Bar in Rom Monti. Eine moderne und gesellige Umgebung ideal f\u00fcr Ihre Entspannung.\" \/>\n<meta property=\"og:url\" content=\"https:\/\/www.dtromemonti.com\/de\/essen-trinken\/mit-food-coffee-brewery\/\" \/>\n<meta property=\"og:site_name\" content=\"DoubleTree by Hilton Rome Monti\" \/>\n<meta property=\"article:modified_time\" content=\"2025-11-10T11:00:36+00:00\" \/>\n<meta property=\"og:image\" content=\"https:\/\/www.dtromemonti.com\/wp-content\/uploads\/sites\/327\/2025\/08\/L1470877.jpg\" \/>\n\t<meta property=\"og:image:width\" content=\"800\" \/>\n\t<meta property=\"og:image:height\" content=\"1200\" \/>\n\t<meta property=\"og:image:type\" content=\"image\/jpeg\" \/>\n<meta name=\"twitter:card\" content=\"summary_large_image\" \/>\n<meta name=\"twitter:label1\" content=\"Gesch\u00e4tzte Lesezeit\" \/>\n\t<meta name=\"twitter:data1\" content=\"1 Minute\" \/>\n<script type=\"application\/ld+json\" class=\"yoast-schema-graph\">{\"@context\":\"https:\/\/schema.org\",\"@graph\":[{\"@type\":\"WebPage\",\"@id\":\"https:\/\/www.dtromemonti.com\/de\/essen-trinken\/mit-food-coffee-brewery\/\",\"url\":\"https:\/\/www.dtromemonti.com\/de\/essen-trinken\/mit-food-coffee-brewery\/\",\"name\":\"MiT Food&Coffee Brewery | DoubleTree by Hilton Rome Monti\",\"isPartOf\":{\"@id\":\"https:\/\/www.dtromemonti.com\/de\/#website\"},\"primaryImageOfPage\":{\"@id\":\"https:\/\/www.dtromemonti.com\/de\/essen-trinken\/mit-food-coffee-brewery\/#primaryimage\"},\"image\":{\"@id\":\"https:\/\/www.dtromemonti.com\/de\/essen-trinken\/mit-food-coffee-brewery\/#primaryimage\"},\"thumbnailUrl\":\"https:\/\/www.dtromemonti.com\/wp-content\/uploads\/sites\/327\/2025\/08\/L1470877.jpg\",\"datePublished\":\"2022-07-04T14:59:03+00:00\",\"dateModified\":\"2025-11-10T11:00:36+00:00\",\"description\":\"Genie\u00dfen Sie ein reichhaltiges und authentisches Fr\u00fchst\u00fcck, Mittagessen oder einen Snack in der MiT Bar in Rom Monti. Eine moderne und gesellige Umgebung ideal f\u00fcr Ihre Entspannung.\",\"breadcrumb\":{\"@id\":\"https:\/\/www.dtromemonti.com\/de\/essen-trinken\/mit-food-coffee-brewery\/#breadcrumb\"},\"inLanguage\":\"de-DE\",\"potentialAction\":[{\"@type\":\"ReadAction\",\"target\":[\"https:\/\/www.dtromemonti.com\/de\/essen-trinken\/mit-food-coffee-brewery\/\"]}]},{\"@type\":\"ImageObject\",\"inLanguage\":\"de-DE\",\"@id\":\"https:\/\/www.dtromemonti.com\/de\/essen-trinken\/mit-food-coffee-brewery\/#primaryimage\",\"url\":\"https:\/\/www.dtromemonti.com\/wp-content\/uploads\/sites\/327\/2025\/08\/L1470877.jpg\",\"contentUrl\":\"https:\/\/www.dtromemonti.com\/wp-content\/uploads\/sites\/327\/2025\/08\/L1470877.jpg\",\"width\":800,\"height\":1200,\"caption\":\"happyhour-mit-foodandcoffeebrewery-doubletree-byhilton-romemonti\"},{\"@type\":\"BreadcrumbList\",\"@id\":\"https:\/\/www.dtromemonti.com\/de\/essen-trinken\/mit-food-coffee-brewery\/#breadcrumb\",\"itemListElement\":[{\"@type\":\"ListItem\",\"position\":1,\"name\":\"Home\",\"item\":\"https:\/\/www.dtromemonti.com\/de\/\"},{\"@type\":\"ListItem\",\"position\":2,\"name\":\"Essen &amp; Trinken\",\"item\":\"https:\/\/www.dtromemonti.com\/de\/essen-trinken\/\"},{\"@type\":\"ListItem\",\"position\":3,\"name\":\"MiT Food &amp; Coffee Brewery\"}]},{\"@type\":\"WebSite\",\"@id\":\"https:\/\/www.dtromemonti.com\/de\/#website\",\"url\":\"https:\/\/www.dtromemonti.com\/de\/\",\"name\":\"DoubleTree by Hilton Rome Monti\",\"description\":\"Just another ms.decms.eu site\",\"potentialAction\":[{\"@type\":\"SearchAction\",\"target\":{\"@type\":\"EntryPoint\",\"urlTemplate\":\"https:\/\/www.dtromemonti.com\/de\/?s={search_term_string}\"},\"query-input\":{\"@type\":\"PropertyValueSpecification\",\"valueRequired\":true,\"valueName\":\"search_term_string\"}}],\"inLanguage\":\"de-DE\"}]}<\/script>\n<!-- \/ Yoast SEO plugin. -->","yoast_head_json":{"title":"MiT Food&Coffee Brewery | DoubleTree by Hilton Rome Monti","description":"Genie\u00dfen Sie ein reichhaltiges und authentisches Fr\u00fchst\u00fcck, Mittagessen oder einen Snack in der MiT Bar in Rom Monti. Eine moderne und gesellige Umgebung ideal f\u00fcr Ihre Entspannung.","robots":{"index":"index","follow":"follow","max-snippet":"max-snippet:-1","max-image-preview":"max-image-preview:large","max-video-preview":"max-video-preview:-1"},"canonical":"https:\/\/www.dtromemonti.com\/de\/essen-trinken\/mit-food-coffee-brewery\/","og_locale":"de_DE","og_type":"article","og_title":"MiT Food&Coffee Brewery | DoubleTree by Hilton Rome Monti","og_description":"Genie\u00dfen Sie ein reichhaltiges und authentisches Fr\u00fchst\u00fcck, Mittagessen oder einen Snack in der MiT Bar in Rom Monti. Eine moderne und gesellige Umgebung ideal f\u00fcr Ihre Entspannung.","og_url":"https:\/\/www.dtromemonti.com\/de\/essen-trinken\/mit-food-coffee-brewery\/","og_site_name":"DoubleTree by Hilton Rome Monti","article_modified_time":"2025-11-10T11:00:36+00:00","og_image":[{"width":800,"height":1200,"url":"https:\/\/www.dtromemonti.com\/wp-content\/uploads\/sites\/327\/2025\/08\/L1470877.jpg","type":"image\/jpeg"}],"twitter_card":"summary_large_image","twitter_misc":{"Gesch\u00e4tzte Lesezeit":"1 Minute"},"schema":{"@context":"https:\/\/schema.org","@graph":[{"@type":"WebPage","@id":"https:\/\/www.dtromemonti.com\/de\/essen-trinken\/mit-food-coffee-brewery\/","url":"https:\/\/www.dtromemonti.com\/de\/essen-trinken\/mit-food-coffee-brewery\/","name":"MiT Food&Coffee Brewery | DoubleTree by Hilton Rome Monti","isPartOf":{"@id":"https:\/\/www.dtromemonti.com\/de\/#website"},"primaryImageOfPage":{"@id":"https:\/\/www.dtromemonti.com\/de\/essen-trinken\/mit-food-coffee-brewery\/#primaryimage"},"image":{"@id":"https:\/\/www.dtromemonti.com\/de\/essen-trinken\/mit-food-coffee-brewery\/#primaryimage"},"thumbnailUrl":"https:\/\/www.dtromemonti.com\/wp-content\/uploads\/sites\/327\/2025\/08\/L1470877.jpg","datePublished":"2022-07-04T14:59:03+00:00","dateModified":"2025-11-10T11:00:36+00:00","description":"Genie\u00dfen Sie ein reichhaltiges und authentisches Fr\u00fchst\u00fcck, Mittagessen oder einen Snack in der MiT Bar in Rom Monti. Eine moderne und gesellige Umgebung ideal f\u00fcr Ihre Entspannung.","breadcrumb":{"@id":"https:\/\/www.dtromemonti.com\/de\/essen-trinken\/mit-food-coffee-brewery\/#breadcrumb"},"inLanguage":"de-DE","potentialAction":[{"@type":"ReadAction","target":["https:\/\/www.dtromemonti.com\/de\/essen-trinken\/mit-food-coffee-brewery\/"]}]},{"@type":"ImageObject","inLanguage":"de-DE","@id":"https:\/\/www.dtromemonti.com\/de\/essen-trinken\/mit-food-coffee-brewery\/#primaryimage","url":"https:\/\/www.dtromemonti.com\/wp-content\/uploads\/sites\/327\/2025\/08\/L1470877.jpg","contentUrl":"https:\/\/www.dtromemonti.com\/wp-content\/uploads\/sites\/327\/2025\/08\/L1470877.jpg","width":800,"height":1200,"caption":"happyhour-mit-foodandcoffeebrewery-doubletree-byhilton-romemonti"},{"@type":"BreadcrumbList","@id":"https:\/\/www.dtromemonti.com\/de\/essen-trinken\/mit-food-coffee-brewery\/#breadcrumb","itemListElement":[{"@type":"ListItem","position":1,"name":"Home","item":"https:\/\/www.dtromemonti.com\/de\/"},{"@type":"ListItem","position":2,"name":"Essen &amp; Trinken","item":"https:\/\/www.dtromemonti.com\/de\/essen-trinken\/"},{"@type":"ListItem","position":3,"name":"MiT Food &amp; Coffee Brewery"}]},{"@type":"WebSite","@id":"https:\/\/www.dtromemonti.com\/de\/#website","url":"https:\/\/www.dtromemonti.com\/de\/","name":"DoubleTree by Hilton Rome Monti","description":"Just another ms.decms.eu site","potentialAction":[{"@type":"SearchAction","target":{"@type":"EntryPoint","urlTemplate":"https:\/\/www.dtromemonti.com\/de\/?s={search_term_string}"},"query-input":{"@type":"PropertyValueSpecification","valueRequired":true,"valueName":"search_term_string"}}],"inLanguage":"de-DE"}]}},"acf":[],"_links":{"self":[{"href":"https:\/\/www.dtromemonti.com\/de\/wp-json\/wp\/v2\/pages\/55","targetHints":{"allow":["GET"]}}],"collection":[{"href":"https:\/\/www.dtromemonti.com\/de\/wp-json\/wp\/v2\/pages"}],"about":[{"href":"https:\/\/www.dtromemonti.com\/de\/wp-json\/wp\/v2\/types\/page"}],"author":[{"embeddable":true,"href":"https:\/\/www.dtromemonti.com\/de\/wp-json\/wp\/v2\/users\/6"}],"replies":[{"embeddable":true,"href":"https:\/\/www.dtromemonti.com\/de\/wp-json\/wp\/v2\/comments?post=55"}],"version-history":[{"count":0,"href":"https:\/\/www.dtromemonti.com\/de\/wp-json\/wp\/v2\/pages\/55\/revisions"}],"up":[{"embeddable":true,"href":"https:\/\/www.dtromemonti.com\/de\/wp-json\/wp\/v2\/pages\/51"}],"wp:featuredmedia":[{"embeddable":true,"href":"https:\/\/www.dtromemonti.com\/de\/wp-json\/wp\/v2\/media\/2074"}],"wp:attachment":[{"href":"https:\/\/www.dtromemonti.com\/de\/wp-json\/wp\/v2\/media?parent=55"}],"curies":[{"name":"wp","href":"https:\/\/api.w.org\/{rel}","templated":true}]}}