{"id":538,"date":"2022-12-22T17:27:08","date_gmt":"2022-12-22T17:27:08","guid":{"rendered":"https:\/\/hiltonrome.ms.decms.eu\/offers-and-packages\/half-board\/"},"modified":"2023-06-22T13:49:35","modified_gmt":"2023-06-22T13:49:35","slug":"half-board","status":"publish","type":"page","link":"https:\/\/www.dtromemonti.com\/de\/angebote-und-pakete\/half-board\/","title":{"rendered":"Half Board"},"content":{"rendered":"","protected":false},"excerpt":{"rendered":"","protected":false},"author":6,"featured_media":0,"parent":493,"menu_order":53,"comment_status":"closed","ping_status":"closed","template":"template-default-3.php","meta":{"footnotes":""},"class_list":["post-538","page","type-page","status-publish","hentry"],"yoast_head":"<!-- This site is optimized with the Yoast SEO plugin v26.9 - https:\/\/yoast.com\/product\/yoast-seo-wordpress\/ -->\n<title>Dinner und Fr\u00fchst\u00fcck Paket | DoubleTree by Hilton Rome Monti<\/title>\n<meta name=\"description\" content=\"Abendessen und Fr\u00fchst\u00fcckspaket f\u00fcr Ihren Aufenthalt in Rom: Erleben Sie lokale und raffinierte Geschm\u00e4cker. Entdecken Sie alle Details des Angebots!\" \/>\n<meta name=\"robots\" content=\"index, follow, max-snippet:-1, max-image-preview:large, max-video-preview:-1\" \/>\n<link rel=\"canonical\" href=\"https:\/\/www.dtromemonti.com\/de\/angebote-und-pakete\/half-board\/\" \/>\n<meta property=\"og:locale\" content=\"de_DE\" \/>\n<meta property=\"og:type\" content=\"article\" \/>\n<meta property=\"og:title\" content=\"Dinner und Fr\u00fchst\u00fcck Paket | DoubleTree by Hilton Rome Monti\" \/>\n<meta property=\"og:description\" content=\"Abendessen und Fr\u00fchst\u00fcckspaket f\u00fcr Ihren Aufenthalt in Rom: Erleben Sie lokale und raffinierte Geschm\u00e4cker. Entdecken Sie alle Details des Angebots!\" \/>\n<meta property=\"og:url\" content=\"https:\/\/www.dtromemonti.com\/de\/angebote-und-pakete\/half-board\/\" \/>\n<meta property=\"og:site_name\" content=\"DoubleTree by Hilton Rome Monti\" \/>\n<meta property=\"article:modified_time\" content=\"2023-06-22T13:49:35+00:00\" \/>\n<meta name=\"twitter:card\" content=\"summary_large_image\" \/>\n<script type=\"application\/ld+json\" class=\"yoast-schema-graph\">{\"@context\":\"https:\/\/schema.org\",\"@graph\":[{\"@type\":\"WebPage\",\"@id\":\"https:\/\/www.dtromemonti.com\/de\/angebote-und-pakete\/half-board\/\",\"url\":\"https:\/\/www.dtromemonti.com\/de\/angebote-und-pakete\/half-board\/\",\"name\":\"Dinner und Fr\u00fchst\u00fcck Paket | DoubleTree by Hilton Rome Monti\",\"isPartOf\":{\"@id\":\"https:\/\/www.dtromemonti.com\/de\/#website\"},\"datePublished\":\"2022-12-22T17:27:08+00:00\",\"dateModified\":\"2023-06-22T13:49:35+00:00\",\"description\":\"Abendessen und Fr\u00fchst\u00fcckspaket f\u00fcr Ihren Aufenthalt in Rom: Erleben Sie lokale und raffinierte Geschm\u00e4cker. Entdecken Sie alle Details des Angebots!\",\"breadcrumb\":{\"@id\":\"https:\/\/www.dtromemonti.com\/de\/angebote-und-pakete\/half-board\/#breadcrumb\"},\"inLanguage\":\"de-DE\",\"potentialAction\":[{\"@type\":\"ReadAction\",\"target\":[\"https:\/\/www.dtromemonti.com\/de\/angebote-und-pakete\/half-board\/\"]}]},{\"@type\":\"BreadcrumbList\",\"@id\":\"https:\/\/www.dtromemonti.com\/de\/angebote-und-pakete\/half-board\/#breadcrumb\",\"itemListElement\":[{\"@type\":\"ListItem\",\"position\":1,\"name\":\"Home\",\"item\":\"https:\/\/www.dtromemonti.com\/de\/\"},{\"@type\":\"ListItem\",\"position\":2,\"name\":\"Angebote und Pakete\",\"item\":\"https:\/\/www.dtromemonti.com\/de\/angebote-und-pakete\/\"},{\"@type\":\"ListItem\",\"position\":3,\"name\":\"Half Board\"}]},{\"@type\":\"WebSite\",\"@id\":\"https:\/\/www.dtromemonti.com\/de\/#website\",\"url\":\"https:\/\/www.dtromemonti.com\/de\/\",\"name\":\"DoubleTree by Hilton Rome Monti\",\"description\":\"Just another ms.decms.eu site\",\"potentialAction\":[{\"@type\":\"SearchAction\",\"target\":{\"@type\":\"EntryPoint\",\"urlTemplate\":\"https:\/\/www.dtromemonti.com\/de\/?s={search_term_string}\"},\"query-input\":{\"@type\":\"PropertyValueSpecification\",\"valueRequired\":true,\"valueName\":\"search_term_string\"}}],\"inLanguage\":\"de-DE\"}]}<\/script>\n<!-- \/ Yoast SEO plugin. -->","yoast_head_json":{"title":"Dinner und Fr\u00fchst\u00fcck Paket | DoubleTree by Hilton Rome Monti","description":"Abendessen und Fr\u00fchst\u00fcckspaket f\u00fcr Ihren Aufenthalt in Rom: Erleben Sie lokale und raffinierte Geschm\u00e4cker. Entdecken Sie alle Details des Angebots!","robots":{"index":"index","follow":"follow","max-snippet":"max-snippet:-1","max-image-preview":"max-image-preview:large","max-video-preview":"max-video-preview:-1"},"canonical":"https:\/\/www.dtromemonti.com\/de\/angebote-und-pakete\/half-board\/","og_locale":"de_DE","og_type":"article","og_title":"Dinner und Fr\u00fchst\u00fcck Paket | DoubleTree by Hilton Rome Monti","og_description":"Abendessen und Fr\u00fchst\u00fcckspaket f\u00fcr Ihren Aufenthalt in Rom: Erleben Sie lokale und raffinierte Geschm\u00e4cker. Entdecken Sie alle Details des Angebots!","og_url":"https:\/\/www.dtromemonti.com\/de\/angebote-und-pakete\/half-board\/","og_site_name":"DoubleTree by Hilton Rome Monti","article_modified_time":"2023-06-22T13:49:35+00:00","twitter_card":"summary_large_image","schema":{"@context":"https:\/\/schema.org","@graph":[{"@type":"WebPage","@id":"https:\/\/www.dtromemonti.com\/de\/angebote-und-pakete\/half-board\/","url":"https:\/\/www.dtromemonti.com\/de\/angebote-und-pakete\/half-board\/","name":"Dinner und Fr\u00fchst\u00fcck Paket | DoubleTree by Hilton Rome Monti","isPartOf":{"@id":"https:\/\/www.dtromemonti.com\/de\/#website"},"datePublished":"2022-12-22T17:27:08+00:00","dateModified":"2023-06-22T13:49:35+00:00","description":"Abendessen und Fr\u00fchst\u00fcckspaket f\u00fcr Ihren Aufenthalt in Rom: Erleben Sie lokale und raffinierte Geschm\u00e4cker. Entdecken Sie alle Details des Angebots!","breadcrumb":{"@id":"https:\/\/www.dtromemonti.com\/de\/angebote-und-pakete\/half-board\/#breadcrumb"},"inLanguage":"de-DE","potentialAction":[{"@type":"ReadAction","target":["https:\/\/www.dtromemonti.com\/de\/angebote-und-pakete\/half-board\/"]}]},{"@type":"BreadcrumbList","@id":"https:\/\/www.dtromemonti.com\/de\/angebote-und-pakete\/half-board\/#breadcrumb","itemListElement":[{"@type":"ListItem","position":1,"name":"Home","item":"https:\/\/www.dtromemonti.com\/de\/"},{"@type":"ListItem","position":2,"name":"Angebote und Pakete","item":"https:\/\/www.dtromemonti.com\/de\/angebote-und-pakete\/"},{"@type":"ListItem","position":3,"name":"Half Board"}]},{"@type":"WebSite","@id":"https:\/\/www.dtromemonti.com\/de\/#website","url":"https:\/\/www.dtromemonti.com\/de\/","name":"DoubleTree by Hilton Rome Monti","description":"Just another ms.decms.eu site","potentialAction":[{"@type":"SearchAction","target":{"@type":"EntryPoint","urlTemplate":"https:\/\/www.dtromemonti.com\/de\/?s={search_term_string}"},"query-input":{"@type":"PropertyValueSpecification","valueRequired":true,"valueName":"search_term_string"}}],"inLanguage":"de-DE"}]}},"acf":[],"_links":{"self":[{"href":"https:\/\/www.dtromemonti.com\/de\/wp-json\/wp\/v2\/pages\/538","targetHints":{"allow":["GET"]}}],"collection":[{"href":"https:\/\/www.dtromemonti.com\/de\/wp-json\/wp\/v2\/pages"}],"about":[{"href":"https:\/\/www.dtromemonti.com\/de\/wp-json\/wp\/v2\/types\/page"}],"author":[{"embeddable":true,"href":"https:\/\/www.dtromemonti.com\/de\/wp-json\/wp\/v2\/users\/6"}],"replies":[{"embeddable":true,"href":"https:\/\/www.dtromemonti.com\/de\/wp-json\/wp\/v2\/comments?post=538"}],"version-history":[{"count":0,"href":"https:\/\/www.dtromemonti.com\/de\/wp-json\/wp\/v2\/pages\/538\/revisions"}],"up":[{"embeddable":true,"href":"https:\/\/www.dtromemonti.com\/de\/wp-json\/wp\/v2\/pages\/493"}],"wp:attachment":[{"href":"https:\/\/www.dtromemonti.com\/de\/wp-json\/wp\/v2\/media?parent=538"}],"curies":[{"name":"wp","href":"https:\/\/api.w.org\/{rel}","templated":true}]}}