{"id":512,"date":"2022-12-22T16:56:25","date_gmt":"2022-12-22T16:56:25","guid":{"rendered":"https:\/\/hiltonrome.ms.decms.eu\/piazze\/"},"modified":"2023-02-21T08:03:39","modified_gmt":"2023-02-21T08:03:39","slug":"plaetze","status":"publish","type":"page","link":"https:\/\/www.dtromemonti.com\/de\/was-es-zu-sehen-gibt\/plaetze\/","title":{"rendered":"Pl\u00e4tze"},"content":{"rendered":"<p><span style=\"font-weight: 400;\">Um zu verstehen, wie sehr die Italiener und insbesondere die <\/span><b>R\u00f6mer<\/b> <b>Pl\u00e4tze<\/b><span style=\"font-weight: 400;\"> als privilegierte Orte der Aktivit\u00e4t und der Geselligkeit lieben, muss man nur einen Spaziergang durch die Innenstadt machen, wo sie von pr\u00e4chtigen Pal\u00e4sten umrahmt werden, mit der allgegenw\u00e4rtigen <\/span><b>Kirche<\/b><span style=\"font-weight: 400;\">, die durch das Pl\u00e4tschern eines bezaubernden <\/span><b>Brunnens<\/b><span style=\"font-weight: 400;\"> versch\u00f6nert wird: Alle <\/span><b>Pl\u00e4tze in Rom<\/b><span style=\"font-weight: 400;\"> sind pr\u00e4chtig. Hier ist unsere Auswahl.<\/span><\/p>\n","protected":false},"excerpt":{"rendered":"<p>Um zu verstehen, wie sehr die Italiener und insbesondere die R\u00f6mer Pl\u00e4tze als privilegierte Orte der Aktivit\u00e4t und der Geselligkeit lieben, muss man nur einen Spaziergang durch die Innenstadt machen, wo sie von pr\u00e4chtigen Pal\u00e4sten umrahmt werden, mit der allgegenw\u00e4rtigen Kirche, die durch das Pl\u00e4tschern eines bezaubernden Brunnens versch\u00f6nert wird: Alle Pl\u00e4tze in Rom sind [&hellip;]<\/p>\n","protected":false},"author":6,"featured_media":0,"parent":497,"menu_order":75,"comment_status":"closed","ping_status":"closed","template":"","meta":{"footnotes":""},"class_list":["post-512","page","type-page","status-publish","hentry"],"yoast_head":"<!-- This site is optimized with the Yoast SEO plugin v26.9 - https:\/\/yoast.com\/product\/yoast-seo-wordpress\/ -->\n<title>Pl\u00e4tze Rom: Spagna, Navona, Rotonda, Popolo | Hilton Rom<\/title>\n<meta name=\"description\" content=\"Entdecken Sie die Pl\u00e4tze von Rom: Spagna, Navona, Rotonda und viele andere. Konsultieren Sie den F\u00fchrer des Hilton Rome Monti und entdecken Sie sie.\" \/>\n<meta name=\"robots\" content=\"index, follow, max-snippet:-1, max-image-preview:large, max-video-preview:-1\" \/>\n<link rel=\"canonical\" href=\"https:\/\/www.dtromemonti.com\/de\/was-es-zu-sehen-gibt\/plaetze\/\" \/>\n<meta property=\"og:locale\" content=\"de_DE\" \/>\n<meta property=\"og:type\" content=\"article\" \/>\n<meta property=\"og:title\" content=\"Pl\u00e4tze Rom: Spagna, Navona, Rotonda, Popolo | Hilton Rom\" \/>\n<meta property=\"og:description\" content=\"Entdecken Sie die Pl\u00e4tze von Rom: Spagna, Navona, Rotonda und viele andere. Konsultieren Sie den F\u00fchrer des Hilton Rome Monti und entdecken Sie sie.\" \/>\n<meta property=\"og:url\" content=\"https:\/\/www.dtromemonti.com\/de\/was-es-zu-sehen-gibt\/plaetze\/\" \/>\n<meta property=\"og:site_name\" content=\"DoubleTree by Hilton Rome Monti\" \/>\n<meta property=\"article:modified_time\" content=\"2023-02-21T08:03:39+00:00\" \/>\n<meta name=\"twitter:card\" content=\"summary_large_image\" \/>\n<meta name=\"twitter:label1\" content=\"Gesch\u00e4tzte Lesezeit\" \/>\n\t<meta name=\"twitter:data1\" content=\"1 Minute\" \/>\n<script type=\"application\/ld+json\" class=\"yoast-schema-graph\">{\"@context\":\"https:\/\/schema.org\",\"@graph\":[{\"@type\":\"WebPage\",\"@id\":\"https:\/\/www.dtromemonti.com\/de\/was-es-zu-sehen-gibt\/plaetze\/\",\"url\":\"https:\/\/www.dtromemonti.com\/de\/was-es-zu-sehen-gibt\/plaetze\/\",\"name\":\"Pl\u00e4tze Rom: Spagna, Navona, Rotonda, Popolo | Hilton Rom\",\"isPartOf\":{\"@id\":\"https:\/\/www.dtromemonti.com\/de\/#website\"},\"datePublished\":\"2022-12-22T16:56:25+00:00\",\"dateModified\":\"2023-02-21T08:03:39+00:00\",\"description\":\"Entdecken Sie die Pl\u00e4tze von Rom: Spagna, Navona, Rotonda und viele andere. Konsultieren Sie den F\u00fchrer des Hilton Rome Monti und entdecken Sie sie.\",\"breadcrumb\":{\"@id\":\"https:\/\/www.dtromemonti.com\/de\/was-es-zu-sehen-gibt\/plaetze\/#breadcrumb\"},\"inLanguage\":\"de-DE\",\"potentialAction\":[{\"@type\":\"ReadAction\",\"target\":[\"https:\/\/www.dtromemonti.com\/de\/was-es-zu-sehen-gibt\/plaetze\/\"]}]},{\"@type\":\"BreadcrumbList\",\"@id\":\"https:\/\/www.dtromemonti.com\/de\/was-es-zu-sehen-gibt\/plaetze\/#breadcrumb\",\"itemListElement\":[{\"@type\":\"ListItem\",\"position\":1,\"name\":\"Home\",\"item\":\"https:\/\/www.dtromemonti.com\/de\/\"},{\"@type\":\"ListItem\",\"position\":2,\"name\":\"Was es zu sehen gibt\",\"item\":\"https:\/\/www.dtromemonti.com\/de\/was-es-zu-sehen-gibt\/\"},{\"@type\":\"ListItem\",\"position\":3,\"name\":\"Pl\u00e4tze\"}]},{\"@type\":\"WebSite\",\"@id\":\"https:\/\/www.dtromemonti.com\/de\/#website\",\"url\":\"https:\/\/www.dtromemonti.com\/de\/\",\"name\":\"DoubleTree by Hilton Rome Monti\",\"description\":\"Just another ms.decms.eu site\",\"potentialAction\":[{\"@type\":\"SearchAction\",\"target\":{\"@type\":\"EntryPoint\",\"urlTemplate\":\"https:\/\/www.dtromemonti.com\/de\/?s={search_term_string}\"},\"query-input\":{\"@type\":\"PropertyValueSpecification\",\"valueRequired\":true,\"valueName\":\"search_term_string\"}}],\"inLanguage\":\"de-DE\"}]}<\/script>\n<!-- \/ Yoast SEO plugin. -->","yoast_head_json":{"title":"Pl\u00e4tze Rom: Spagna, Navona, Rotonda, Popolo | Hilton Rom","description":"Entdecken Sie die Pl\u00e4tze von Rom: Spagna, Navona, Rotonda und viele andere. Konsultieren Sie den F\u00fchrer des Hilton Rome Monti und entdecken Sie sie.","robots":{"index":"index","follow":"follow","max-snippet":"max-snippet:-1","max-image-preview":"max-image-preview:large","max-video-preview":"max-video-preview:-1"},"canonical":"https:\/\/www.dtromemonti.com\/de\/was-es-zu-sehen-gibt\/plaetze\/","og_locale":"de_DE","og_type":"article","og_title":"Pl\u00e4tze Rom: Spagna, Navona, Rotonda, Popolo | Hilton Rom","og_description":"Entdecken Sie die Pl\u00e4tze von Rom: Spagna, Navona, Rotonda und viele andere. Konsultieren Sie den F\u00fchrer des Hilton Rome Monti und entdecken Sie sie.","og_url":"https:\/\/www.dtromemonti.com\/de\/was-es-zu-sehen-gibt\/plaetze\/","og_site_name":"DoubleTree by Hilton Rome Monti","article_modified_time":"2023-02-21T08:03:39+00:00","twitter_card":"summary_large_image","twitter_misc":{"Gesch\u00e4tzte Lesezeit":"1 Minute"},"schema":{"@context":"https:\/\/schema.org","@graph":[{"@type":"WebPage","@id":"https:\/\/www.dtromemonti.com\/de\/was-es-zu-sehen-gibt\/plaetze\/","url":"https:\/\/www.dtromemonti.com\/de\/was-es-zu-sehen-gibt\/plaetze\/","name":"Pl\u00e4tze Rom: Spagna, Navona, Rotonda, Popolo | Hilton Rom","isPartOf":{"@id":"https:\/\/www.dtromemonti.com\/de\/#website"},"datePublished":"2022-12-22T16:56:25+00:00","dateModified":"2023-02-21T08:03:39+00:00","description":"Entdecken Sie die Pl\u00e4tze von Rom: Spagna, Navona, Rotonda und viele andere. Konsultieren Sie den F\u00fchrer des Hilton Rome Monti und entdecken Sie sie.","breadcrumb":{"@id":"https:\/\/www.dtromemonti.com\/de\/was-es-zu-sehen-gibt\/plaetze\/#breadcrumb"},"inLanguage":"de-DE","potentialAction":[{"@type":"ReadAction","target":["https:\/\/www.dtromemonti.com\/de\/was-es-zu-sehen-gibt\/plaetze\/"]}]},{"@type":"BreadcrumbList","@id":"https:\/\/www.dtromemonti.com\/de\/was-es-zu-sehen-gibt\/plaetze\/#breadcrumb","itemListElement":[{"@type":"ListItem","position":1,"name":"Home","item":"https:\/\/www.dtromemonti.com\/de\/"},{"@type":"ListItem","position":2,"name":"Was es zu sehen gibt","item":"https:\/\/www.dtromemonti.com\/de\/was-es-zu-sehen-gibt\/"},{"@type":"ListItem","position":3,"name":"Pl\u00e4tze"}]},{"@type":"WebSite","@id":"https:\/\/www.dtromemonti.com\/de\/#website","url":"https:\/\/www.dtromemonti.com\/de\/","name":"DoubleTree by Hilton Rome Monti","description":"Just another ms.decms.eu site","potentialAction":[{"@type":"SearchAction","target":{"@type":"EntryPoint","urlTemplate":"https:\/\/www.dtromemonti.com\/de\/?s={search_term_string}"},"query-input":{"@type":"PropertyValueSpecification","valueRequired":true,"valueName":"search_term_string"}}],"inLanguage":"de-DE"}]}},"acf":[],"_links":{"self":[{"href":"https:\/\/www.dtromemonti.com\/de\/wp-json\/wp\/v2\/pages\/512","targetHints":{"allow":["GET"]}}],"collection":[{"href":"https:\/\/www.dtromemonti.com\/de\/wp-json\/wp\/v2\/pages"}],"about":[{"href":"https:\/\/www.dtromemonti.com\/de\/wp-json\/wp\/v2\/types\/page"}],"author":[{"embeddable":true,"href":"https:\/\/www.dtromemonti.com\/de\/wp-json\/wp\/v2\/users\/6"}],"replies":[{"embeddable":true,"href":"https:\/\/www.dtromemonti.com\/de\/wp-json\/wp\/v2\/comments?post=512"}],"version-history":[{"count":0,"href":"https:\/\/www.dtromemonti.com\/de\/wp-json\/wp\/v2\/pages\/512\/revisions"}],"up":[{"embeddable":true,"href":"https:\/\/www.dtromemonti.com\/de\/wp-json\/wp\/v2\/pages\/497"}],"wp:attachment":[{"href":"https:\/\/www.dtromemonti.com\/de\/wp-json\/wp\/v2\/media?parent=512"}],"curies":[{"name":"wp","href":"https:\/\/api.w.org\/{rel}","templated":true}]}}