{"id":51,"date":"2022-07-04T14:56:41","date_gmt":"2022-07-04T14:56:41","guid":{"rendered":"https:\/\/hiltonrome.ms.decms.eu\/eat-drink\/"},"modified":"2025-08-28T14:27:12","modified_gmt":"2025-08-28T14:27:12","slug":"essen-trinken","status":"publish","type":"page","link":"https:\/\/www.dtromemonti.com\/de\/essen-trinken\/","title":{"rendered":"Essen &amp; Trinken"},"content":{"rendered":"<p style=\"text-align: center\">Enjoy Rome Monti ist die Einladung, unsere R\u00e4umlichkeiten den ganzen Tag \u00fcber v\u00f6llig ungezwungen zu genie\u00dfen und dabei das <strong>MiT<\/strong>, das <strong>Mamalia<\/strong> und das <strong>M\u00f9n<\/strong> zu entdecken: die Cafeteria, das Restaurant und die Skybar des DoubleTree by Hilton Rome Monti.<\/p>\n<p style=\"text-align: center\">Beginnen Sie Ihren Tag im <strong>MiT<\/strong> mit einem s\u00fc\u00dfen oder herzhaften Fr\u00fchst\u00fcck oder einer kleinen Kaffeepause, bei der Sie feine, nachhaltige Kaffeevariationen von Lavazza verkosten k\u00f6nnen. In zwangloser und eleganter Atmosph\u00e4re ist das MiT der ideale Ort f\u00fcr ein unkompliziertes Mittagessen mit einer Auswahl an traditionellen Gerichten, Salaten und Gourmet-Sandwiches \u2013 oder f\u00fcr einen Nachmittag mit Smartworking.<\/p>\n<p style=\"text-align: center\">Zum Abendessen bietet das <strong>Mamalia<\/strong> und sein vision\u00e4rer Chefkoch mit seinem Team eine moderne kulinarische Interpretation traditioneller Rezepte, begleitet von einer breitgef\u00e4cherten internationalen Weinkarte. Aber das ist noch nicht alles: Jeden Morgen verw\u00f6hnt unser Restaurant die Hotelg\u00e4ste mit einem reichhaltigen Fr\u00fchst\u00fccksbuffet mit regionaltypischen K\u00f6stlichkeiten.<\/p>\n<p style=\"text-align: center\">Und wer einen spektakul\u00e4ren Tagesausklang liebt, ist im <strong>M\u00f9n<\/strong>, unserer Rooftop-Cocktailbar mit Panoramablick, genau richtig, um die neuesten Mix-Trends zu probieren und dazu ein von unseren K\u00fcchenchefs kreiertes Tapas-Men\u00fc mit einem atemberaubenden Blick auf Rom zu genie\u00dfen.<\/p>\n<p style=\"text-align: center\">Drei verschiedene Locations im Herzen der Ewigen Stadt \u2013 offen f\u00fcr alle, die kulinarische Gen\u00fcsse und Gourmet-Events mit F&amp;B-Profis und Sternek\u00f6chen erleben wollen.<\/p>\n<p style=\"text-align: center\">Erleben Sie jetzt Geschmack &amp; Genuss im <strong>DoubleTree by Hilton Rome Monti<\/strong>.<\/p>\n","protected":false},"excerpt":{"rendered":"<p>Enjoy Rome Monti ist die Einladung, unsere R\u00e4umlichkeiten den ganzen Tag \u00fcber v\u00f6llig ungezwungen zu genie\u00dfen und dabei das MiT, das Mamalia und das M\u00f9n zu entdecken: die Cafeteria, das Restaurant und die Skybar des DoubleTree by Hilton Rome Monti. Beginnen Sie Ihren Tag im MiT mit einem s\u00fc\u00dfen oder herzhaften Fr\u00fchst\u00fcck oder einer kleinen [&hellip;]<\/p>\n","protected":false},"author":6,"featured_media":0,"parent":0,"menu_order":30,"comment_status":"closed","ping_status":"closed","template":"template-default-5.php","meta":{"footnotes":""},"class_list":["post-51","page","type-page","status-publish","hentry"],"yoast_head":"<!-- This site is optimized with the Yoast SEO plugin v26.9 - https:\/\/yoast.com\/product\/yoast-seo-wordpress\/ -->\n<title>Eat &amp; Drink: Bars und Restaurants | DoubleTree by Hilton Rome Monti<\/title>\n<meta name=\"description\" content=\"Entdecken Sie im MiT Restaurant, der Mamalia Bar und der M\u00f9n Rooftop Bar lokales und neues. Ein kulinarisches Erlebnis f\u00fcr einen traumhaften Aufenthalt.\" \/>\n<meta name=\"robots\" content=\"index, follow, max-snippet:-1, max-image-preview:large, max-video-preview:-1\" \/>\n<link rel=\"canonical\" href=\"https:\/\/www.dtromemonti.com\/de\/essen-trinken\/\" \/>\n<meta property=\"og:locale\" content=\"de_DE\" \/>\n<meta property=\"og:type\" content=\"article\" \/>\n<meta property=\"og:title\" content=\"Eat &amp; Drink: Bars und Restaurants | DoubleTree by Hilton Rome Monti\" \/>\n<meta property=\"og:description\" content=\"Entdecken Sie im MiT Restaurant, der Mamalia Bar und der M\u00f9n Rooftop Bar lokales und neues. Ein kulinarisches Erlebnis f\u00fcr einen traumhaften Aufenthalt.\" \/>\n<meta property=\"og:url\" content=\"https:\/\/www.dtromemonti.com\/de\/essen-trinken\/\" \/>\n<meta property=\"og:site_name\" content=\"DoubleTree by Hilton Rome Monti\" \/>\n<meta property=\"article:modified_time\" content=\"2025-08-28T14:27:12+00:00\" \/>\n<meta name=\"twitter:card\" content=\"summary_large_image\" \/>\n<meta name=\"twitter:label1\" content=\"Gesch\u00e4tzte Lesezeit\" \/>\n\t<meta name=\"twitter:data1\" content=\"1 Minute\" \/>\n<script type=\"application\/ld+json\" class=\"yoast-schema-graph\">{\"@context\":\"https:\/\/schema.org\",\"@graph\":[{\"@type\":\"WebPage\",\"@id\":\"https:\/\/www.dtromemonti.com\/de\/essen-trinken\/\",\"url\":\"https:\/\/www.dtromemonti.com\/de\/essen-trinken\/\",\"name\":\"Eat & Drink: Bars und Restaurants | DoubleTree by Hilton Rome Monti\",\"isPartOf\":{\"@id\":\"https:\/\/www.dtromemonti.com\/de\/#website\"},\"datePublished\":\"2022-07-04T14:56:41+00:00\",\"dateModified\":\"2025-08-28T14:27:12+00:00\",\"description\":\"Entdecken Sie im MiT Restaurant, der Mamalia Bar und der M\u00f9n Rooftop Bar lokales und neues. Ein kulinarisches Erlebnis f\u00fcr einen traumhaften Aufenthalt.\",\"breadcrumb\":{\"@id\":\"https:\/\/www.dtromemonti.com\/de\/essen-trinken\/#breadcrumb\"},\"inLanguage\":\"de-DE\",\"potentialAction\":[{\"@type\":\"ReadAction\",\"target\":[\"https:\/\/www.dtromemonti.com\/de\/essen-trinken\/\"]}]},{\"@type\":\"BreadcrumbList\",\"@id\":\"https:\/\/www.dtromemonti.com\/de\/essen-trinken\/#breadcrumb\",\"itemListElement\":[{\"@type\":\"ListItem\",\"position\":1,\"name\":\"Home\",\"item\":\"https:\/\/www.dtromemonti.com\/de\/\"},{\"@type\":\"ListItem\",\"position\":2,\"name\":\"Essen &amp; Trinken\"}]},{\"@type\":\"WebSite\",\"@id\":\"https:\/\/www.dtromemonti.com\/de\/#website\",\"url\":\"https:\/\/www.dtromemonti.com\/de\/\",\"name\":\"DoubleTree by Hilton Rome Monti\",\"description\":\"Just another ms.decms.eu site\",\"potentialAction\":[{\"@type\":\"SearchAction\",\"target\":{\"@type\":\"EntryPoint\",\"urlTemplate\":\"https:\/\/www.dtromemonti.com\/de\/?s={search_term_string}\"},\"query-input\":{\"@type\":\"PropertyValueSpecification\",\"valueRequired\":true,\"valueName\":\"search_term_string\"}}],\"inLanguage\":\"de-DE\"}]}<\/script>\n<!-- \/ Yoast SEO plugin. -->","yoast_head_json":{"title":"Eat & Drink: Bars und Restaurants | DoubleTree by Hilton Rome Monti","description":"Entdecken Sie im MiT Restaurant, der Mamalia Bar und der M\u00f9n Rooftop Bar lokales und neues. Ein kulinarisches Erlebnis f\u00fcr einen traumhaften Aufenthalt.","robots":{"index":"index","follow":"follow","max-snippet":"max-snippet:-1","max-image-preview":"max-image-preview:large","max-video-preview":"max-video-preview:-1"},"canonical":"https:\/\/www.dtromemonti.com\/de\/essen-trinken\/","og_locale":"de_DE","og_type":"article","og_title":"Eat & Drink: Bars und Restaurants | DoubleTree by Hilton Rome Monti","og_description":"Entdecken Sie im MiT Restaurant, der Mamalia Bar und der M\u00f9n Rooftop Bar lokales und neues. Ein kulinarisches Erlebnis f\u00fcr einen traumhaften Aufenthalt.","og_url":"https:\/\/www.dtromemonti.com\/de\/essen-trinken\/","og_site_name":"DoubleTree by Hilton Rome Monti","article_modified_time":"2025-08-28T14:27:12+00:00","twitter_card":"summary_large_image","twitter_misc":{"Gesch\u00e4tzte Lesezeit":"1 Minute"},"schema":{"@context":"https:\/\/schema.org","@graph":[{"@type":"WebPage","@id":"https:\/\/www.dtromemonti.com\/de\/essen-trinken\/","url":"https:\/\/www.dtromemonti.com\/de\/essen-trinken\/","name":"Eat & Drink: Bars und Restaurants | DoubleTree by Hilton Rome Monti","isPartOf":{"@id":"https:\/\/www.dtromemonti.com\/de\/#website"},"datePublished":"2022-07-04T14:56:41+00:00","dateModified":"2025-08-28T14:27:12+00:00","description":"Entdecken Sie im MiT Restaurant, der Mamalia Bar und der M\u00f9n Rooftop Bar lokales und neues. Ein kulinarisches Erlebnis f\u00fcr einen traumhaften Aufenthalt.","breadcrumb":{"@id":"https:\/\/www.dtromemonti.com\/de\/essen-trinken\/#breadcrumb"},"inLanguage":"de-DE","potentialAction":[{"@type":"ReadAction","target":["https:\/\/www.dtromemonti.com\/de\/essen-trinken\/"]}]},{"@type":"BreadcrumbList","@id":"https:\/\/www.dtromemonti.com\/de\/essen-trinken\/#breadcrumb","itemListElement":[{"@type":"ListItem","position":1,"name":"Home","item":"https:\/\/www.dtromemonti.com\/de\/"},{"@type":"ListItem","position":2,"name":"Essen &amp; Trinken"}]},{"@type":"WebSite","@id":"https:\/\/www.dtromemonti.com\/de\/#website","url":"https:\/\/www.dtromemonti.com\/de\/","name":"DoubleTree by Hilton Rome Monti","description":"Just another ms.decms.eu site","potentialAction":[{"@type":"SearchAction","target":{"@type":"EntryPoint","urlTemplate":"https:\/\/www.dtromemonti.com\/de\/?s={search_term_string}"},"query-input":{"@type":"PropertyValueSpecification","valueRequired":true,"valueName":"search_term_string"}}],"inLanguage":"de-DE"}]}},"acf":[],"_links":{"self":[{"href":"https:\/\/www.dtromemonti.com\/de\/wp-json\/wp\/v2\/pages\/51","targetHints":{"allow":["GET"]}}],"collection":[{"href":"https:\/\/www.dtromemonti.com\/de\/wp-json\/wp\/v2\/pages"}],"about":[{"href":"https:\/\/www.dtromemonti.com\/de\/wp-json\/wp\/v2\/types\/page"}],"author":[{"embeddable":true,"href":"https:\/\/www.dtromemonti.com\/de\/wp-json\/wp\/v2\/users\/6"}],"replies":[{"embeddable":true,"href":"https:\/\/www.dtromemonti.com\/de\/wp-json\/wp\/v2\/comments?post=51"}],"version-history":[{"count":0,"href":"https:\/\/www.dtromemonti.com\/de\/wp-json\/wp\/v2\/pages\/51\/revisions"}],"wp:attachment":[{"href":"https:\/\/www.dtromemonti.com\/de\/wp-json\/wp\/v2\/media?parent=51"}],"curies":[{"name":"wp","href":"https:\/\/api.w.org\/{rel}","templated":true}]}}