{"id":509,"date":"2022-12-22T16:54:47","date_gmt":"2022-12-22T16:54:47","guid":{"rendered":"https:\/\/hiltonrome.ms.decms.eu\/what-to-see\/churches\/"},"modified":"2023-02-21T08:03:25","modified_gmt":"2023-02-21T08:03:25","slug":"kirchen","status":"publish","type":"page","link":"https:\/\/www.dtromemonti.com\/de\/was-es-zu-sehen-gibt\/kirchen\/","title":{"rendered":"Kirchen"},"content":{"rendered":"<p><b>Mehr als 900 Kirchen<\/b><span style=\"font-weight: 400;\"> zeugen von der christlichen Berufung Roms. Viele von ihnen sind <\/span><b>wahre Juwelen der Kunst<\/b><span style=\"font-weight: 400;\"> und Architektur und bewahren Gem\u00e4lde und Skulpturen, die zu den <\/span><b>Meisterwerken<\/b><span style=\"font-weight: 400;\"> aller Zeiten geh\u00f6ren. <\/span><b>Welche sollte man besuchen<\/b><span style=\"font-weight: 400;\">? In der mehr als 2000-j\u00e4hrigen Geschichte des Christentums hat jede Epoche wunderbare Werke hervorgebracht: Wir schlagen Ihnen diese als Einstieg vor. <\/span><\/p>\n","protected":false},"excerpt":{"rendered":"<p>Mehr als 900 Kirchen zeugen von der christlichen Berufung Roms. Viele von ihnen sind wahre Juwelen der Kunst und Architektur und bewahren Gem\u00e4lde und Skulpturen, die zu den Meisterwerken aller Zeiten geh\u00f6ren. Welche sollte man besuchen? In der mehr als 2000-j\u00e4hrigen Geschichte des Christentums hat jede Epoche wunderbare Werke hervorgebracht: Wir schlagen Ihnen diese als [&hellip;]<\/p>\n","protected":false},"author":6,"featured_media":0,"parent":497,"menu_order":74,"comment_status":"closed","ping_status":"closed","template":"","meta":{"footnotes":""},"class_list":["post-509","page","type-page","status-publish","hentry"],"yoast_head":"<!-- This site is optimized with the Yoast SEO plugin v26.9 - https:\/\/yoast.com\/product\/yoast-seo-wordpress\/ -->\n<title>Kirchen Rom: San Giovanni, Santa Maria | Hilton Rom<\/title>\n<meta name=\"description\" content=\"Entdecken Sie die Kirchen Roms: San Giovanni, Santa Maria ai Monti und viele andere. St\u00f6bern Sie in den Tipps des Hilton Rome Monti nach den sch\u00f6nsten Kirchen.\" \/>\n<meta name=\"robots\" content=\"index, follow, max-snippet:-1, max-image-preview:large, max-video-preview:-1\" \/>\n<link rel=\"canonical\" href=\"https:\/\/www.dtromemonti.com\/de\/was-es-zu-sehen-gibt\/kirchen\/\" \/>\n<meta property=\"og:locale\" content=\"de_DE\" \/>\n<meta property=\"og:type\" content=\"article\" \/>\n<meta property=\"og:title\" content=\"Kirchen Rom: San Giovanni, Santa Maria | Hilton Rom\" \/>\n<meta property=\"og:description\" content=\"Entdecken Sie die Kirchen Roms: San Giovanni, Santa Maria ai Monti und viele andere. St\u00f6bern Sie in den Tipps des Hilton Rome Monti nach den sch\u00f6nsten Kirchen.\" \/>\n<meta property=\"og:url\" content=\"https:\/\/www.dtromemonti.com\/de\/was-es-zu-sehen-gibt\/kirchen\/\" \/>\n<meta property=\"og:site_name\" content=\"DoubleTree by Hilton Rome Monti\" \/>\n<meta property=\"article:modified_time\" content=\"2023-02-21T08:03:25+00:00\" \/>\n<meta name=\"twitter:card\" content=\"summary_large_image\" \/>\n<meta name=\"twitter:label1\" content=\"Gesch\u00e4tzte Lesezeit\" \/>\n\t<meta name=\"twitter:data1\" content=\"1 Minute\" \/>\n<script type=\"application\/ld+json\" class=\"yoast-schema-graph\">{\"@context\":\"https:\/\/schema.org\",\"@graph\":[{\"@type\":\"WebPage\",\"@id\":\"https:\/\/www.dtromemonti.com\/de\/was-es-zu-sehen-gibt\/kirchen\/\",\"url\":\"https:\/\/www.dtromemonti.com\/de\/was-es-zu-sehen-gibt\/kirchen\/\",\"name\":\"Kirchen Rom: San Giovanni, Santa Maria | Hilton Rom\",\"isPartOf\":{\"@id\":\"https:\/\/www.dtromemonti.com\/de\/#website\"},\"datePublished\":\"2022-12-22T16:54:47+00:00\",\"dateModified\":\"2023-02-21T08:03:25+00:00\",\"description\":\"Entdecken Sie die Kirchen Roms: San Giovanni, Santa Maria ai Monti und viele andere. St\u00f6bern Sie in den Tipps des Hilton Rome Monti nach den sch\u00f6nsten Kirchen.\",\"breadcrumb\":{\"@id\":\"https:\/\/www.dtromemonti.com\/de\/was-es-zu-sehen-gibt\/kirchen\/#breadcrumb\"},\"inLanguage\":\"de-DE\",\"potentialAction\":[{\"@type\":\"ReadAction\",\"target\":[\"https:\/\/www.dtromemonti.com\/de\/was-es-zu-sehen-gibt\/kirchen\/\"]}]},{\"@type\":\"BreadcrumbList\",\"@id\":\"https:\/\/www.dtromemonti.com\/de\/was-es-zu-sehen-gibt\/kirchen\/#breadcrumb\",\"itemListElement\":[{\"@type\":\"ListItem\",\"position\":1,\"name\":\"Home\",\"item\":\"https:\/\/www.dtromemonti.com\/de\/\"},{\"@type\":\"ListItem\",\"position\":2,\"name\":\"Was es zu sehen gibt\",\"item\":\"https:\/\/www.dtromemonti.com\/de\/was-es-zu-sehen-gibt\/\"},{\"@type\":\"ListItem\",\"position\":3,\"name\":\"Kirchen\"}]},{\"@type\":\"WebSite\",\"@id\":\"https:\/\/www.dtromemonti.com\/de\/#website\",\"url\":\"https:\/\/www.dtromemonti.com\/de\/\",\"name\":\"DoubleTree by Hilton Rome Monti\",\"description\":\"Just another ms.decms.eu site\",\"potentialAction\":[{\"@type\":\"SearchAction\",\"target\":{\"@type\":\"EntryPoint\",\"urlTemplate\":\"https:\/\/www.dtromemonti.com\/de\/?s={search_term_string}\"},\"query-input\":{\"@type\":\"PropertyValueSpecification\",\"valueRequired\":true,\"valueName\":\"search_term_string\"}}],\"inLanguage\":\"de-DE\"}]}<\/script>\n<!-- \/ Yoast SEO plugin. -->","yoast_head_json":{"title":"Kirchen Rom: San Giovanni, Santa Maria | Hilton Rom","description":"Entdecken Sie die Kirchen Roms: San Giovanni, Santa Maria ai Monti und viele andere. St\u00f6bern Sie in den Tipps des Hilton Rome Monti nach den sch\u00f6nsten Kirchen.","robots":{"index":"index","follow":"follow","max-snippet":"max-snippet:-1","max-image-preview":"max-image-preview:large","max-video-preview":"max-video-preview:-1"},"canonical":"https:\/\/www.dtromemonti.com\/de\/was-es-zu-sehen-gibt\/kirchen\/","og_locale":"de_DE","og_type":"article","og_title":"Kirchen Rom: San Giovanni, Santa Maria | Hilton Rom","og_description":"Entdecken Sie die Kirchen Roms: San Giovanni, Santa Maria ai Monti und viele andere. St\u00f6bern Sie in den Tipps des Hilton Rome Monti nach den sch\u00f6nsten Kirchen.","og_url":"https:\/\/www.dtromemonti.com\/de\/was-es-zu-sehen-gibt\/kirchen\/","og_site_name":"DoubleTree by Hilton Rome Monti","article_modified_time":"2023-02-21T08:03:25+00:00","twitter_card":"summary_large_image","twitter_misc":{"Gesch\u00e4tzte Lesezeit":"1 Minute"},"schema":{"@context":"https:\/\/schema.org","@graph":[{"@type":"WebPage","@id":"https:\/\/www.dtromemonti.com\/de\/was-es-zu-sehen-gibt\/kirchen\/","url":"https:\/\/www.dtromemonti.com\/de\/was-es-zu-sehen-gibt\/kirchen\/","name":"Kirchen Rom: San Giovanni, Santa Maria | Hilton Rom","isPartOf":{"@id":"https:\/\/www.dtromemonti.com\/de\/#website"},"datePublished":"2022-12-22T16:54:47+00:00","dateModified":"2023-02-21T08:03:25+00:00","description":"Entdecken Sie die Kirchen Roms: San Giovanni, Santa Maria ai Monti und viele andere. St\u00f6bern Sie in den Tipps des Hilton Rome Monti nach den sch\u00f6nsten Kirchen.","breadcrumb":{"@id":"https:\/\/www.dtromemonti.com\/de\/was-es-zu-sehen-gibt\/kirchen\/#breadcrumb"},"inLanguage":"de-DE","potentialAction":[{"@type":"ReadAction","target":["https:\/\/www.dtromemonti.com\/de\/was-es-zu-sehen-gibt\/kirchen\/"]}]},{"@type":"BreadcrumbList","@id":"https:\/\/www.dtromemonti.com\/de\/was-es-zu-sehen-gibt\/kirchen\/#breadcrumb","itemListElement":[{"@type":"ListItem","position":1,"name":"Home","item":"https:\/\/www.dtromemonti.com\/de\/"},{"@type":"ListItem","position":2,"name":"Was es zu sehen gibt","item":"https:\/\/www.dtromemonti.com\/de\/was-es-zu-sehen-gibt\/"},{"@type":"ListItem","position":3,"name":"Kirchen"}]},{"@type":"WebSite","@id":"https:\/\/www.dtromemonti.com\/de\/#website","url":"https:\/\/www.dtromemonti.com\/de\/","name":"DoubleTree by Hilton Rome Monti","description":"Just another ms.decms.eu site","potentialAction":[{"@type":"SearchAction","target":{"@type":"EntryPoint","urlTemplate":"https:\/\/www.dtromemonti.com\/de\/?s={search_term_string}"},"query-input":{"@type":"PropertyValueSpecification","valueRequired":true,"valueName":"search_term_string"}}],"inLanguage":"de-DE"}]}},"acf":[],"_links":{"self":[{"href":"https:\/\/www.dtromemonti.com\/de\/wp-json\/wp\/v2\/pages\/509","targetHints":{"allow":["GET"]}}],"collection":[{"href":"https:\/\/www.dtromemonti.com\/de\/wp-json\/wp\/v2\/pages"}],"about":[{"href":"https:\/\/www.dtromemonti.com\/de\/wp-json\/wp\/v2\/types\/page"}],"author":[{"embeddable":true,"href":"https:\/\/www.dtromemonti.com\/de\/wp-json\/wp\/v2\/users\/6"}],"replies":[{"embeddable":true,"href":"https:\/\/www.dtromemonti.com\/de\/wp-json\/wp\/v2\/comments?post=509"}],"version-history":[{"count":0,"href":"https:\/\/www.dtromemonti.com\/de\/wp-json\/wp\/v2\/pages\/509\/revisions"}],"up":[{"embeddable":true,"href":"https:\/\/www.dtromemonti.com\/de\/wp-json\/wp\/v2\/pages\/497"}],"wp:attachment":[{"href":"https:\/\/www.dtromemonti.com\/de\/wp-json\/wp\/v2\/media?parent=509"}],"curies":[{"name":"wp","href":"https:\/\/api.w.org\/{rel}","templated":true}]}}