{"id":506,"date":"2022-12-22T16:53:28","date_gmt":"2022-12-22T16:53:28","guid":{"rendered":"https:\/\/hiltonrome.ms.decms.eu\/what-to-see\/vatican\/"},"modified":"2023-02-21T08:03:14","modified_gmt":"2023-02-21T08:03:14","slug":"vatikan","status":"publish","type":"page","link":"https:\/\/www.dtromemonti.com\/de\/was-es-zu-sehen-gibt\/vatikan\/","title":{"rendered":"Vatikan"},"content":{"rendered":"<p><span style=\"font-weight: 400;\">Was gibt es im <\/span><b>Vatikan<\/b><span style=\"font-weight: 400;\"> zu sehen? Der <\/span><b>Petersdom<\/b><span style=\"font-weight: 400;\">, der Obelisk, die <\/span><b>Kolonnade<\/b><span style=\"font-weight: 400;\">, die <\/span><b>Kuppel<\/b><span style=\"font-weight: 400;\">, die <\/span><b>Museen<\/b><span style=\"font-weight: 400;\">, die G\u00e4rten und das ist noch nicht alles. Ein Aufenthalt in Rom w\u00e4re notwendig, um den kleinen Staat im Herzen Roms, <\/span><b>Sitz des Papsttums<\/b><span style=\"font-weight: 400;\"> und Wiege des Christentums, mit seinem reichen Erbe an Kunstwerken aus allen Epochen zu besuchen. Der Besuch kann nur auf dem ber\u00fchmtesten <\/span><b>Platz des Vatikans<\/b><span style=\"font-weight: 400;\"> beginnen: <\/span><b>Petersplatz.<\/b><span style=\"font-weight: 400;\"> Die Umarmung der Kolonnade, die Begr\u00fc\u00dfung durch die Basilika, die Erhabenheit der Kuppel sind ein herzlicher Empfang f\u00fcr die Pilger.<\/span><\/p>\n","protected":false},"excerpt":{"rendered":"<p>Was gibt es im Vatikan zu sehen? Der Petersdom, der Obelisk, die Kolonnade, die Kuppel, die Museen, die G\u00e4rten und das ist noch nicht alles. Ein Aufenthalt in Rom w\u00e4re notwendig, um den kleinen Staat im Herzen Roms, Sitz des Papsttums und Wiege des Christentums, mit seinem reichen Erbe an Kunstwerken aus allen Epochen zu [&hellip;]<\/p>\n","protected":false},"author":6,"featured_media":0,"parent":497,"menu_order":73,"comment_status":"closed","ping_status":"closed","template":"","meta":{"footnotes":""},"class_list":["post-506","page","type-page","status-publish","hentry"],"yoast_head":"<!-- This site is optimized with the Yoast SEO plugin v26.9 - https:\/\/yoast.com\/product\/yoast-seo-wordpress\/ -->\n<title>Sehenswert im Vatikan: Petersdom, Obelisk | Hilton Rom<\/title>\n<meta name=\"description\" content=\"Die Vatikanstadt? Konsultieren Sie den F\u00fchrer des DoubleTree by Hilton Rome Monti und entdecken Sie die besten Denkm\u00e4ler.\" \/>\n<meta name=\"robots\" content=\"index, follow, max-snippet:-1, max-image-preview:large, max-video-preview:-1\" \/>\n<link rel=\"canonical\" href=\"https:\/\/www.dtromemonti.com\/de\/was-es-zu-sehen-gibt\/vatikan\/\" \/>\n<meta property=\"og:locale\" content=\"de_DE\" \/>\n<meta property=\"og:type\" content=\"article\" \/>\n<meta property=\"og:title\" content=\"Sehenswert im Vatikan: Petersdom, Obelisk | Hilton Rom\" \/>\n<meta property=\"og:description\" content=\"Die Vatikanstadt? Konsultieren Sie den F\u00fchrer des DoubleTree by Hilton Rome Monti und entdecken Sie die besten Denkm\u00e4ler.\" \/>\n<meta property=\"og:url\" content=\"https:\/\/www.dtromemonti.com\/de\/was-es-zu-sehen-gibt\/vatikan\/\" \/>\n<meta property=\"og:site_name\" content=\"DoubleTree by Hilton Rome Monti\" \/>\n<meta property=\"article:modified_time\" content=\"2023-02-21T08:03:14+00:00\" \/>\n<meta name=\"twitter:card\" content=\"summary_large_image\" \/>\n<meta name=\"twitter:label1\" content=\"Gesch\u00e4tzte Lesezeit\" \/>\n\t<meta name=\"twitter:data1\" content=\"1 Minute\" \/>\n<script type=\"application\/ld+json\" class=\"yoast-schema-graph\">{\"@context\":\"https:\/\/schema.org\",\"@graph\":[{\"@type\":\"WebPage\",\"@id\":\"https:\/\/www.dtromemonti.com\/de\/was-es-zu-sehen-gibt\/vatikan\/\",\"url\":\"https:\/\/www.dtromemonti.com\/de\/was-es-zu-sehen-gibt\/vatikan\/\",\"name\":\"Sehenswert im Vatikan: Petersdom, Obelisk | Hilton Rom\",\"isPartOf\":{\"@id\":\"https:\/\/www.dtromemonti.com\/de\/#website\"},\"datePublished\":\"2022-12-22T16:53:28+00:00\",\"dateModified\":\"2023-02-21T08:03:14+00:00\",\"description\":\"Die Vatikanstadt? Konsultieren Sie den F\u00fchrer des DoubleTree by Hilton Rome Monti und entdecken Sie die besten Denkm\u00e4ler.\",\"breadcrumb\":{\"@id\":\"https:\/\/www.dtromemonti.com\/de\/was-es-zu-sehen-gibt\/vatikan\/#breadcrumb\"},\"inLanguage\":\"de-DE\",\"potentialAction\":[{\"@type\":\"ReadAction\",\"target\":[\"https:\/\/www.dtromemonti.com\/de\/was-es-zu-sehen-gibt\/vatikan\/\"]}]},{\"@type\":\"BreadcrumbList\",\"@id\":\"https:\/\/www.dtromemonti.com\/de\/was-es-zu-sehen-gibt\/vatikan\/#breadcrumb\",\"itemListElement\":[{\"@type\":\"ListItem\",\"position\":1,\"name\":\"Home\",\"item\":\"https:\/\/www.dtromemonti.com\/de\/\"},{\"@type\":\"ListItem\",\"position\":2,\"name\":\"Was es zu sehen gibt\",\"item\":\"https:\/\/www.dtromemonti.com\/de\/was-es-zu-sehen-gibt\/\"},{\"@type\":\"ListItem\",\"position\":3,\"name\":\"Vatikan\"}]},{\"@type\":\"WebSite\",\"@id\":\"https:\/\/www.dtromemonti.com\/de\/#website\",\"url\":\"https:\/\/www.dtromemonti.com\/de\/\",\"name\":\"DoubleTree by Hilton Rome Monti\",\"description\":\"Just another ms.decms.eu site\",\"potentialAction\":[{\"@type\":\"SearchAction\",\"target\":{\"@type\":\"EntryPoint\",\"urlTemplate\":\"https:\/\/www.dtromemonti.com\/de\/?s={search_term_string}\"},\"query-input\":{\"@type\":\"PropertyValueSpecification\",\"valueRequired\":true,\"valueName\":\"search_term_string\"}}],\"inLanguage\":\"de-DE\"}]}<\/script>\n<!-- \/ Yoast SEO plugin. -->","yoast_head_json":{"title":"Sehenswert im Vatikan: Petersdom, Obelisk | Hilton Rom","description":"Die Vatikanstadt? Konsultieren Sie den F\u00fchrer des DoubleTree by Hilton Rome Monti und entdecken Sie die besten Denkm\u00e4ler.","robots":{"index":"index","follow":"follow","max-snippet":"max-snippet:-1","max-image-preview":"max-image-preview:large","max-video-preview":"max-video-preview:-1"},"canonical":"https:\/\/www.dtromemonti.com\/de\/was-es-zu-sehen-gibt\/vatikan\/","og_locale":"de_DE","og_type":"article","og_title":"Sehenswert im Vatikan: Petersdom, Obelisk | Hilton Rom","og_description":"Die Vatikanstadt? Konsultieren Sie den F\u00fchrer des DoubleTree by Hilton Rome Monti und entdecken Sie die besten Denkm\u00e4ler.","og_url":"https:\/\/www.dtromemonti.com\/de\/was-es-zu-sehen-gibt\/vatikan\/","og_site_name":"DoubleTree by Hilton Rome Monti","article_modified_time":"2023-02-21T08:03:14+00:00","twitter_card":"summary_large_image","twitter_misc":{"Gesch\u00e4tzte Lesezeit":"1 Minute"},"schema":{"@context":"https:\/\/schema.org","@graph":[{"@type":"WebPage","@id":"https:\/\/www.dtromemonti.com\/de\/was-es-zu-sehen-gibt\/vatikan\/","url":"https:\/\/www.dtromemonti.com\/de\/was-es-zu-sehen-gibt\/vatikan\/","name":"Sehenswert im Vatikan: Petersdom, Obelisk | Hilton Rom","isPartOf":{"@id":"https:\/\/www.dtromemonti.com\/de\/#website"},"datePublished":"2022-12-22T16:53:28+00:00","dateModified":"2023-02-21T08:03:14+00:00","description":"Die Vatikanstadt? Konsultieren Sie den F\u00fchrer des DoubleTree by Hilton Rome Monti und entdecken Sie die besten Denkm\u00e4ler.","breadcrumb":{"@id":"https:\/\/www.dtromemonti.com\/de\/was-es-zu-sehen-gibt\/vatikan\/#breadcrumb"},"inLanguage":"de-DE","potentialAction":[{"@type":"ReadAction","target":["https:\/\/www.dtromemonti.com\/de\/was-es-zu-sehen-gibt\/vatikan\/"]}]},{"@type":"BreadcrumbList","@id":"https:\/\/www.dtromemonti.com\/de\/was-es-zu-sehen-gibt\/vatikan\/#breadcrumb","itemListElement":[{"@type":"ListItem","position":1,"name":"Home","item":"https:\/\/www.dtromemonti.com\/de\/"},{"@type":"ListItem","position":2,"name":"Was es zu sehen gibt","item":"https:\/\/www.dtromemonti.com\/de\/was-es-zu-sehen-gibt\/"},{"@type":"ListItem","position":3,"name":"Vatikan"}]},{"@type":"WebSite","@id":"https:\/\/www.dtromemonti.com\/de\/#website","url":"https:\/\/www.dtromemonti.com\/de\/","name":"DoubleTree by Hilton Rome Monti","description":"Just another ms.decms.eu site","potentialAction":[{"@type":"SearchAction","target":{"@type":"EntryPoint","urlTemplate":"https:\/\/www.dtromemonti.com\/de\/?s={search_term_string}"},"query-input":{"@type":"PropertyValueSpecification","valueRequired":true,"valueName":"search_term_string"}}],"inLanguage":"de-DE"}]}},"acf":[],"_links":{"self":[{"href":"https:\/\/www.dtromemonti.com\/de\/wp-json\/wp\/v2\/pages\/506","targetHints":{"allow":["GET"]}}],"collection":[{"href":"https:\/\/www.dtromemonti.com\/de\/wp-json\/wp\/v2\/pages"}],"about":[{"href":"https:\/\/www.dtromemonti.com\/de\/wp-json\/wp\/v2\/types\/page"}],"author":[{"embeddable":true,"href":"https:\/\/www.dtromemonti.com\/de\/wp-json\/wp\/v2\/users\/6"}],"replies":[{"embeddable":true,"href":"https:\/\/www.dtromemonti.com\/de\/wp-json\/wp\/v2\/comments?post=506"}],"version-history":[{"count":0,"href":"https:\/\/www.dtromemonti.com\/de\/wp-json\/wp\/v2\/pages\/506\/revisions"}],"up":[{"embeddable":true,"href":"https:\/\/www.dtromemonti.com\/de\/wp-json\/wp\/v2\/pages\/497"}],"wp:attachment":[{"href":"https:\/\/www.dtromemonti.com\/de\/wp-json\/wp\/v2\/media?parent=506"}],"curies":[{"name":"wp","href":"https:\/\/api.w.org\/{rel}","templated":true}]}}