{"id":503,"date":"2022-12-22T16:50:11","date_gmt":"2022-12-22T16:50:11","guid":{"rendered":"https:\/\/hiltonrome.ms.decms.eu\/what-to-see\/monuments\/"},"modified":"2023-02-21T08:03:03","modified_gmt":"2023-02-21T08:03:03","slug":"denkmaeler","status":"publish","type":"page","link":"https:\/\/www.dtromemonti.com\/de\/was-es-zu-sehen-gibt\/denkmaeler\/","title":{"rendered":"Denkm\u00e4ler"},"content":{"rendered":"<p><span style=\"font-weight: 400;\">Pr\u00e4chtig, grandios, unglaublich &#8211; es gibt so viele Adjektive, um sie zu beschreiben, wie es <\/span><b>Denkm\u00e4ler in Rom<\/b><span style=\"font-weight: 400;\"> gibt. Die glorreiche Geschichte der Urbe ist in ihnen verk\u00f6rpert, und wir empfehlen Ihnen, unbedingt das <\/span><b>Kolosseum<\/b><span style=\"font-weight: 400;\">, das <\/span><b>Pantheon<\/b><span style=\"font-weight: 400;\"> und das <\/span><b>Forum<\/b><span style=\"font-weight: 400;\"> zu besuchen. <\/span><\/p>\n","protected":false},"excerpt":{"rendered":"<p>Pr\u00e4chtig, grandios, unglaublich &#8211; es gibt so viele Adjektive, um sie zu beschreiben, wie es Denkm\u00e4ler in Rom gibt. Die glorreiche Geschichte der Urbe ist in ihnen verk\u00f6rpert, und wir empfehlen Ihnen, unbedingt das Kolosseum, das Pantheon und das Forum zu besuchen.<\/p>\n","protected":false},"author":6,"featured_media":0,"parent":497,"menu_order":72,"comment_status":"closed","ping_status":"closed","template":"","meta":{"footnotes":""},"class_list":["post-503","page","type-page","status-publish","hentry"],"yoast_head":"<!-- This site is optimized with the Yoast SEO plugin v26.9 - https:\/\/yoast.com\/product\/yoast-seo-wordpress\/ -->\n<title>Denkm\u00e4ler Rom: Kolosseum, Trevi, Pantheon, Forum | Hilton Rom<\/title>\n<meta name=\"description\" content=\"Die ber\u00fchmtesten Denkm\u00e4ler Roms? Konsultieren Sie den F\u00fchrer des Hilton Rome Monti und entdecken Sie Kolosseum, Pantheon, Forum Romanum und vieles mehr!\" \/>\n<meta name=\"robots\" content=\"index, follow, max-snippet:-1, max-image-preview:large, max-video-preview:-1\" \/>\n<link rel=\"canonical\" href=\"https:\/\/www.dtromemonti.com\/de\/was-es-zu-sehen-gibt\/denkmaeler\/\" \/>\n<meta property=\"og:locale\" content=\"de_DE\" \/>\n<meta property=\"og:type\" content=\"article\" \/>\n<meta property=\"og:title\" content=\"Denkm\u00e4ler Rom: Kolosseum, Trevi, Pantheon, Forum | Hilton Rom\" \/>\n<meta property=\"og:description\" content=\"Die ber\u00fchmtesten Denkm\u00e4ler Roms? Konsultieren Sie den F\u00fchrer des Hilton Rome Monti und entdecken Sie Kolosseum, Pantheon, Forum Romanum und vieles mehr!\" \/>\n<meta property=\"og:url\" content=\"https:\/\/www.dtromemonti.com\/de\/was-es-zu-sehen-gibt\/denkmaeler\/\" \/>\n<meta property=\"og:site_name\" content=\"DoubleTree by Hilton Rome Monti\" \/>\n<meta property=\"article:modified_time\" content=\"2023-02-21T08:03:03+00:00\" \/>\n<meta name=\"twitter:card\" content=\"summary_large_image\" \/>\n<meta name=\"twitter:label1\" content=\"Gesch\u00e4tzte Lesezeit\" \/>\n\t<meta name=\"twitter:data1\" content=\"1 Minute\" \/>\n<script type=\"application\/ld+json\" class=\"yoast-schema-graph\">{\"@context\":\"https:\/\/schema.org\",\"@graph\":[{\"@type\":\"WebPage\",\"@id\":\"https:\/\/www.dtromemonti.com\/de\/was-es-zu-sehen-gibt\/denkmaeler\/\",\"url\":\"https:\/\/www.dtromemonti.com\/de\/was-es-zu-sehen-gibt\/denkmaeler\/\",\"name\":\"Denkm\u00e4ler Rom: Kolosseum, Trevi, Pantheon, Forum | Hilton Rom\",\"isPartOf\":{\"@id\":\"https:\/\/www.dtromemonti.com\/de\/#website\"},\"datePublished\":\"2022-12-22T16:50:11+00:00\",\"dateModified\":\"2023-02-21T08:03:03+00:00\",\"description\":\"Die ber\u00fchmtesten Denkm\u00e4ler Roms? Konsultieren Sie den F\u00fchrer des Hilton Rome Monti und entdecken Sie Kolosseum, Pantheon, Forum Romanum und vieles mehr!\",\"breadcrumb\":{\"@id\":\"https:\/\/www.dtromemonti.com\/de\/was-es-zu-sehen-gibt\/denkmaeler\/#breadcrumb\"},\"inLanguage\":\"de-DE\",\"potentialAction\":[{\"@type\":\"ReadAction\",\"target\":[\"https:\/\/www.dtromemonti.com\/de\/was-es-zu-sehen-gibt\/denkmaeler\/\"]}]},{\"@type\":\"BreadcrumbList\",\"@id\":\"https:\/\/www.dtromemonti.com\/de\/was-es-zu-sehen-gibt\/denkmaeler\/#breadcrumb\",\"itemListElement\":[{\"@type\":\"ListItem\",\"position\":1,\"name\":\"Home\",\"item\":\"https:\/\/www.dtromemonti.com\/de\/\"},{\"@type\":\"ListItem\",\"position\":2,\"name\":\"Was es zu sehen gibt\",\"item\":\"https:\/\/www.dtromemonti.com\/de\/was-es-zu-sehen-gibt\/\"},{\"@type\":\"ListItem\",\"position\":3,\"name\":\"Denkm\u00e4ler\"}]},{\"@type\":\"WebSite\",\"@id\":\"https:\/\/www.dtromemonti.com\/de\/#website\",\"url\":\"https:\/\/www.dtromemonti.com\/de\/\",\"name\":\"DoubleTree by Hilton Rome Monti\",\"description\":\"Just another ms.decms.eu site\",\"potentialAction\":[{\"@type\":\"SearchAction\",\"target\":{\"@type\":\"EntryPoint\",\"urlTemplate\":\"https:\/\/www.dtromemonti.com\/de\/?s={search_term_string}\"},\"query-input\":{\"@type\":\"PropertyValueSpecification\",\"valueRequired\":true,\"valueName\":\"search_term_string\"}}],\"inLanguage\":\"de-DE\"}]}<\/script>\n<!-- \/ Yoast SEO plugin. -->","yoast_head_json":{"title":"Denkm\u00e4ler Rom: Kolosseum, Trevi, Pantheon, Forum | Hilton Rom","description":"Die ber\u00fchmtesten Denkm\u00e4ler Roms? Konsultieren Sie den F\u00fchrer des Hilton Rome Monti und entdecken Sie Kolosseum, Pantheon, Forum Romanum und vieles mehr!","robots":{"index":"index","follow":"follow","max-snippet":"max-snippet:-1","max-image-preview":"max-image-preview:large","max-video-preview":"max-video-preview:-1"},"canonical":"https:\/\/www.dtromemonti.com\/de\/was-es-zu-sehen-gibt\/denkmaeler\/","og_locale":"de_DE","og_type":"article","og_title":"Denkm\u00e4ler Rom: Kolosseum, Trevi, Pantheon, Forum | Hilton Rom","og_description":"Die ber\u00fchmtesten Denkm\u00e4ler Roms? Konsultieren Sie den F\u00fchrer des Hilton Rome Monti und entdecken Sie Kolosseum, Pantheon, Forum Romanum und vieles mehr!","og_url":"https:\/\/www.dtromemonti.com\/de\/was-es-zu-sehen-gibt\/denkmaeler\/","og_site_name":"DoubleTree by Hilton Rome Monti","article_modified_time":"2023-02-21T08:03:03+00:00","twitter_card":"summary_large_image","twitter_misc":{"Gesch\u00e4tzte Lesezeit":"1 Minute"},"schema":{"@context":"https:\/\/schema.org","@graph":[{"@type":"WebPage","@id":"https:\/\/www.dtromemonti.com\/de\/was-es-zu-sehen-gibt\/denkmaeler\/","url":"https:\/\/www.dtromemonti.com\/de\/was-es-zu-sehen-gibt\/denkmaeler\/","name":"Denkm\u00e4ler Rom: Kolosseum, Trevi, Pantheon, Forum | Hilton Rom","isPartOf":{"@id":"https:\/\/www.dtromemonti.com\/de\/#website"},"datePublished":"2022-12-22T16:50:11+00:00","dateModified":"2023-02-21T08:03:03+00:00","description":"Die ber\u00fchmtesten Denkm\u00e4ler Roms? Konsultieren Sie den F\u00fchrer des Hilton Rome Monti und entdecken Sie Kolosseum, Pantheon, Forum Romanum und vieles mehr!","breadcrumb":{"@id":"https:\/\/www.dtromemonti.com\/de\/was-es-zu-sehen-gibt\/denkmaeler\/#breadcrumb"},"inLanguage":"de-DE","potentialAction":[{"@type":"ReadAction","target":["https:\/\/www.dtromemonti.com\/de\/was-es-zu-sehen-gibt\/denkmaeler\/"]}]},{"@type":"BreadcrumbList","@id":"https:\/\/www.dtromemonti.com\/de\/was-es-zu-sehen-gibt\/denkmaeler\/#breadcrumb","itemListElement":[{"@type":"ListItem","position":1,"name":"Home","item":"https:\/\/www.dtromemonti.com\/de\/"},{"@type":"ListItem","position":2,"name":"Was es zu sehen gibt","item":"https:\/\/www.dtromemonti.com\/de\/was-es-zu-sehen-gibt\/"},{"@type":"ListItem","position":3,"name":"Denkm\u00e4ler"}]},{"@type":"WebSite","@id":"https:\/\/www.dtromemonti.com\/de\/#website","url":"https:\/\/www.dtromemonti.com\/de\/","name":"DoubleTree by Hilton Rome Monti","description":"Just another ms.decms.eu site","potentialAction":[{"@type":"SearchAction","target":{"@type":"EntryPoint","urlTemplate":"https:\/\/www.dtromemonti.com\/de\/?s={search_term_string}"},"query-input":{"@type":"PropertyValueSpecification","valueRequired":true,"valueName":"search_term_string"}}],"inLanguage":"de-DE"}]}},"acf":[],"_links":{"self":[{"href":"https:\/\/www.dtromemonti.com\/de\/wp-json\/wp\/v2\/pages\/503","targetHints":{"allow":["GET"]}}],"collection":[{"href":"https:\/\/www.dtromemonti.com\/de\/wp-json\/wp\/v2\/pages"}],"about":[{"href":"https:\/\/www.dtromemonti.com\/de\/wp-json\/wp\/v2\/types\/page"}],"author":[{"embeddable":true,"href":"https:\/\/www.dtromemonti.com\/de\/wp-json\/wp\/v2\/users\/6"}],"replies":[{"embeddable":true,"href":"https:\/\/www.dtromemonti.com\/de\/wp-json\/wp\/v2\/comments?post=503"}],"version-history":[{"count":0,"href":"https:\/\/www.dtromemonti.com\/de\/wp-json\/wp\/v2\/pages\/503\/revisions"}],"up":[{"embeddable":true,"href":"https:\/\/www.dtromemonti.com\/de\/wp-json\/wp\/v2\/pages\/497"}],"wp:attachment":[{"href":"https:\/\/www.dtromemonti.com\/de\/wp-json\/wp\/v2\/media?parent=503"}],"curies":[{"name":"wp","href":"https:\/\/api.w.org\/{rel}","templated":true}]}}