{"id":5,"date":"2022-07-04T13:50:54","date_gmt":"2022-07-04T13:50:54","guid":{"rendered":"https:\/\/hiltonrome.ms.decms.eu\/homepage\/"},"modified":"2025-10-16T07:24:36","modified_gmt":"2025-10-16T07:24:36","slug":"homepage","status":"publish","type":"page","link":"https:\/\/www.dtromemonti.com\/de\/","title":{"rendered":"Homepage"},"content":{"rendered":"<p><span style=\"font-weight: 400\">Das <\/span><b>DoubleTree by Hilton Rome Monti<\/b><span style=\"font-weight: 400\"> ist das Hotel, in dem Sie<\/span><b> Rom <\/b><span style=\"font-weight: 400\">im Herzen von Rione Monti erleben k\u00f6nnen. Das DoubleTree by Hilton Rome Monti wurde f\u00fcr ein <\/span><b>zeitgem\u00e4\u00dfes Leben<\/b><span style=\"font-weight: 400\"> konzipiert, mit R\u00e4umen f\u00fcr geselliges Beisammensein zwischen \u00fcppigen Pflanzen und viel Licht, das durch die Fenster mit Blick auf das historische Zentrum einf\u00e4llt. Das Hotel empf\u00e4ngt Sie zwischen der Pracht der r\u00f6mischen Geschichte und der Kraft einer <\/span><b>gr\u00fcnen und nachhaltigen<\/b><span style=\"font-weight: 400\"> Zukunft.\u00a0<\/span><\/p>\n<p><span style=\"font-weight: 400\">Italienisches Design, <\/span><b>Gourmet-Erlebnisse<\/b><span style=\"font-weight: 400\">, Zimmer, die Komfort und Stil vereinen, eine <\/span><b>Aperitif-Terrasse <\/b><span style=\"font-weight: 400\">im achten Stock, von der aus Sie das Schauspiel Roms in seiner ganzen Sch\u00f6nheit genie\u00dfen k\u00f6nnen, ein L\u00e4cheln und ein <\/span><b>herzlicher Empfang<\/b><span style=\"font-weight: 400\">: All das und mehr erwartet Sie im DoubleTree by Hilton Rome Monti.<\/span><\/p>\n","protected":false},"excerpt":{"rendered":"<p>Das DoubleTree by Hilton Rome Monti ist das Hotel, in dem Sie Rom im Herzen von Rione Monti erleben k\u00f6nnen. Das DoubleTree by Hilton Rome Monti wurde f\u00fcr ein zeitgem\u00e4\u00dfes Leben konzipiert, mit R\u00e4umen f\u00fcr geselliges Beisammensein zwischen \u00fcppigen Pflanzen und viel Licht, das durch die Fenster mit Blick auf das historische Zentrum einf\u00e4llt. Das [&hellip;]<\/p>\n","protected":false},"author":6,"featured_media":0,"parent":0,"menu_order":0,"comment_status":"closed","ping_status":"closed","template":"","meta":{"footnotes":""},"class_list":["post-5","page","type-page","status-publish","hentry"],"yoast_head":"<!-- This site is optimized with the Yoast SEO plugin v26.9 - https:\/\/yoast.com\/product\/yoast-seo-wordpress\/ -->\n<title>4-Sterne-Hotel Rom Zentrum | DoubleTree by Hilton Rome Monti<\/title>\n<meta name=\"description\" content=\"W\u00e4hlen Sie das DoubleTree by Hilton Rome Monti: Bar und Restaurant, Angebote und Pakete, Suiten und Design-Zimmer. In der N\u00e4he von Roma Termini!\" \/>\n<meta name=\"robots\" content=\"index, follow, max-snippet:-1, max-image-preview:large, max-video-preview:-1\" \/>\n<link rel=\"canonical\" href=\"https:\/\/www.dtromemonti.com\/de\/\" \/>\n<meta property=\"og:locale\" content=\"de_DE\" \/>\n<meta property=\"og:type\" content=\"article\" \/>\n<meta property=\"og:title\" content=\"4-Sterne-Hotel Rom Zentrum | DoubleTree by Hilton Rome Monti\" \/>\n<meta property=\"og:description\" content=\"W\u00e4hlen Sie das DoubleTree by Hilton Rome Monti: Bar und Restaurant, Angebote und Pakete, Suiten und Design-Zimmer. In der N\u00e4he von Roma Termini!\" \/>\n<meta property=\"og:url\" content=\"https:\/\/www.dtromemonti.com\/de\/\" \/>\n<meta property=\"og:site_name\" content=\"DoubleTree by Hilton Rome Monti\" \/>\n<meta property=\"article:modified_time\" content=\"2025-10-16T07:24:36+00:00\" \/>\n<meta name=\"twitter:card\" content=\"summary_large_image\" \/>\n<meta name=\"twitter:label1\" content=\"Gesch\u00e4tzte Lesezeit\" \/>\n\t<meta name=\"twitter:data1\" content=\"1 Minute\" \/>\n<script type=\"application\/ld+json\" class=\"yoast-schema-graph\">{\"@context\":\"https:\/\/schema.org\",\"@graph\":[{\"@type\":\"WebPage\",\"@id\":\"https:\/\/www.dtromemonti.com\/de\/\",\"url\":\"https:\/\/www.dtromemonti.com\/de\/\",\"name\":\"4-Sterne-Hotel Rom Zentrum | DoubleTree by Hilton Rome Monti\",\"isPartOf\":{\"@id\":\"https:\/\/www.dtromemonti.com\/de\/#website\"},\"datePublished\":\"2022-07-04T13:50:54+00:00\",\"dateModified\":\"2025-10-16T07:24:36+00:00\",\"description\":\"W\u00e4hlen Sie das DoubleTree by Hilton Rome Monti: Bar und Restaurant, Angebote und Pakete, Suiten und Design-Zimmer. In der N\u00e4he von Roma Termini!\",\"breadcrumb\":{\"@id\":\"https:\/\/www.dtromemonti.com\/de\/#breadcrumb\"},\"inLanguage\":\"de-DE\",\"potentialAction\":[{\"@type\":\"ReadAction\",\"target\":[\"https:\/\/www.dtromemonti.com\/de\/\"]}]},{\"@type\":\"BreadcrumbList\",\"@id\":\"https:\/\/www.dtromemonti.com\/de\/#breadcrumb\",\"itemListElement\":[{\"@type\":\"ListItem\",\"position\":1,\"name\":\"Home\",\"item\":\"https:\/\/www.dtromemonti.com\/de\/\"},{\"@type\":\"ListItem\",\"position\":2,\"name\":\"Homepage\"}]},{\"@type\":\"WebSite\",\"@id\":\"https:\/\/www.dtromemonti.com\/de\/#website\",\"url\":\"https:\/\/www.dtromemonti.com\/de\/\",\"name\":\"DoubleTree by Hilton Rome Monti\",\"description\":\"Just another ms.decms.eu site\",\"potentialAction\":[{\"@type\":\"SearchAction\",\"target\":{\"@type\":\"EntryPoint\",\"urlTemplate\":\"https:\/\/www.dtromemonti.com\/de\/?s={search_term_string}\"},\"query-input\":{\"@type\":\"PropertyValueSpecification\",\"valueRequired\":true,\"valueName\":\"search_term_string\"}}],\"inLanguage\":\"de-DE\"}]}<\/script>\n<!-- \/ Yoast SEO plugin. -->","yoast_head_json":{"title":"4-Sterne-Hotel Rom Zentrum | DoubleTree by Hilton Rome Monti","description":"W\u00e4hlen Sie das DoubleTree by Hilton Rome Monti: Bar und Restaurant, Angebote und Pakete, Suiten und Design-Zimmer. In der N\u00e4he von Roma Termini!","robots":{"index":"index","follow":"follow","max-snippet":"max-snippet:-1","max-image-preview":"max-image-preview:large","max-video-preview":"max-video-preview:-1"},"canonical":"https:\/\/www.dtromemonti.com\/de\/","og_locale":"de_DE","og_type":"article","og_title":"4-Sterne-Hotel Rom Zentrum | DoubleTree by Hilton Rome Monti","og_description":"W\u00e4hlen Sie das DoubleTree by Hilton Rome Monti: Bar und Restaurant, Angebote und Pakete, Suiten und Design-Zimmer. In der N\u00e4he von Roma Termini!","og_url":"https:\/\/www.dtromemonti.com\/de\/","og_site_name":"DoubleTree by Hilton Rome Monti","article_modified_time":"2025-10-16T07:24:36+00:00","twitter_card":"summary_large_image","twitter_misc":{"Gesch\u00e4tzte Lesezeit":"1 Minute"},"schema":{"@context":"https:\/\/schema.org","@graph":[{"@type":"WebPage","@id":"https:\/\/www.dtromemonti.com\/de\/","url":"https:\/\/www.dtromemonti.com\/de\/","name":"4-Sterne-Hotel Rom Zentrum | DoubleTree by Hilton Rome Monti","isPartOf":{"@id":"https:\/\/www.dtromemonti.com\/de\/#website"},"datePublished":"2022-07-04T13:50:54+00:00","dateModified":"2025-10-16T07:24:36+00:00","description":"W\u00e4hlen Sie das DoubleTree by Hilton Rome Monti: Bar und Restaurant, Angebote und Pakete, Suiten und Design-Zimmer. In der N\u00e4he von Roma Termini!","breadcrumb":{"@id":"https:\/\/www.dtromemonti.com\/de\/#breadcrumb"},"inLanguage":"de-DE","potentialAction":[{"@type":"ReadAction","target":["https:\/\/www.dtromemonti.com\/de\/"]}]},{"@type":"BreadcrumbList","@id":"https:\/\/www.dtromemonti.com\/de\/#breadcrumb","itemListElement":[{"@type":"ListItem","position":1,"name":"Home","item":"https:\/\/www.dtromemonti.com\/de\/"},{"@type":"ListItem","position":2,"name":"Homepage"}]},{"@type":"WebSite","@id":"https:\/\/www.dtromemonti.com\/de\/#website","url":"https:\/\/www.dtromemonti.com\/de\/","name":"DoubleTree by Hilton Rome Monti","description":"Just another ms.decms.eu site","potentialAction":[{"@type":"SearchAction","target":{"@type":"EntryPoint","urlTemplate":"https:\/\/www.dtromemonti.com\/de\/?s={search_term_string}"},"query-input":{"@type":"PropertyValueSpecification","valueRequired":true,"valueName":"search_term_string"}}],"inLanguage":"de-DE"}]}},"acf":[],"_links":{"self":[{"href":"https:\/\/www.dtromemonti.com\/de\/wp-json\/wp\/v2\/pages\/5","targetHints":{"allow":["GET"]}}],"collection":[{"href":"https:\/\/www.dtromemonti.com\/de\/wp-json\/wp\/v2\/pages"}],"about":[{"href":"https:\/\/www.dtromemonti.com\/de\/wp-json\/wp\/v2\/types\/page"}],"author":[{"embeddable":true,"href":"https:\/\/www.dtromemonti.com\/de\/wp-json\/wp\/v2\/users\/6"}],"replies":[{"embeddable":true,"href":"https:\/\/www.dtromemonti.com\/de\/wp-json\/wp\/v2\/comments?post=5"}],"version-history":[{"count":0,"href":"https:\/\/www.dtromemonti.com\/de\/wp-json\/wp\/v2\/pages\/5\/revisions"}],"wp:attachment":[{"href":"https:\/\/www.dtromemonti.com\/de\/wp-json\/wp\/v2\/media?parent=5"}],"curies":[{"name":"wp","href":"https:\/\/api.w.org\/{rel}","templated":true}]}}