{"id":497,"date":"2022-12-22T16:47:38","date_gmt":"2022-12-22T16:47:38","guid":{"rendered":"https:\/\/hiltonrome.ms.decms.eu\/what-to-see\/"},"modified":"2023-02-21T08:02:29","modified_gmt":"2023-02-21T08:02:29","slug":"was-es-zu-sehen-gibt","status":"publish","type":"page","link":"https:\/\/www.dtromemonti.com\/de\/was-es-zu-sehen-gibt\/","title":{"rendered":"Was es zu sehen gibt"},"content":{"rendered":"<p><b>Was gibt es in Rom zu sehen<\/b><span style=\"font-weight: 400;\">? Die <\/span><b>Museen<\/b><span style=\"font-weight: 400;\">, die faszinierenden kaiserlichen \u00dcberreste von vor \u00fcber 2000 Jahren, die Opulenz der <\/span><b>Pl\u00e4tze<\/b><span style=\"font-weight: 400;\">, <\/span><b>Kirchen<\/b><span style=\"font-weight: 400;\"> und Pal\u00e4ste aus der Zeit der P\u00e4pste, die futuristische <\/span><b>zeitgen\u00f6ssische Architektur<\/b><span style=\"font-weight: 400;\"> der <\/span><b>Maxxi<\/b><span style=\"font-weight: 400;\">. Aber es gibt auch ein anderes Rom, das des goldenen Lichts, das es einh\u00fcllt, der Farben des t\u00e4glichen Lebens, der Ausblicke von den H\u00fcgeln, die aus Kuppeln und Sonnenunterg\u00e4ngen bestehen, des Rauschens der <\/span><b>Brunnen<\/b><span style=\"font-weight: 400;\"> an jeder Ecke, begleitet vom Ponentino-Wind und dem Winter, der nicht da ist: all das macht Rom zu einer einzigartigen, ewigen, gro\u00dfen Sch\u00f6nheit. Sie werden kommen, Sie werden sehen und Sie werden wiederkommen, denn <\/span><b>Rom<\/b><span style=\"font-weight: 400;\"> ist jedes Mal eine <\/span><b>magische Entdeckung<\/b><span style=\"font-weight: 400;\">.<\/span><\/p>\n","protected":false},"excerpt":{"rendered":"<p>Was gibt es in Rom zu sehen? Die Museen, die faszinierenden kaiserlichen \u00dcberreste von vor \u00fcber 2000 Jahren, die Opulenz der Pl\u00e4tze, Kirchen und Pal\u00e4ste aus der Zeit der P\u00e4pste, die futuristische zeitgen\u00f6ssische Architektur der Maxxi. Aber es gibt auch ein anderes Rom, das des goldenen Lichts, das es einh\u00fcllt, der Farben des t\u00e4glichen Lebens, [&hellip;]<\/p>\n","protected":false},"author":6,"featured_media":0,"parent":0,"menu_order":70,"comment_status":"closed","ping_status":"closed","template":"","meta":{"footnotes":""},"class_list":["post-497","page","type-page","status-publish","hentry"],"yoast_head":"<!-- This site is optimized with the Yoast SEO plugin v26.9 - https:\/\/yoast.com\/product\/yoast-seo-wordpress\/ -->\n<title>Was man in Rom sehen und tun kann: Attraktionen | Hilton Rom<\/title>\n<meta name=\"description\" content=\"W\u00e4hlen Sie unter den unz\u00e4hligen Attraktionen Roms. Lesen Sie unsere Tipps, Wissenswertes und F\u00fchrer zu den wichtigsten Sehensw\u00fcrdigkeiten in und um die Stadt.\" \/>\n<meta name=\"robots\" content=\"index, follow, max-snippet:-1, max-image-preview:large, max-video-preview:-1\" \/>\n<link rel=\"canonical\" href=\"https:\/\/www.dtromemonti.com\/de\/was-es-zu-sehen-gibt\/\" \/>\n<meta property=\"og:locale\" content=\"de_DE\" \/>\n<meta property=\"og:type\" content=\"article\" \/>\n<meta property=\"og:title\" content=\"Was man in Rom sehen und tun kann: Attraktionen | Hilton Rom\" \/>\n<meta property=\"og:description\" content=\"W\u00e4hlen Sie unter den unz\u00e4hligen Attraktionen Roms. Lesen Sie unsere Tipps, Wissenswertes und F\u00fchrer zu den wichtigsten Sehensw\u00fcrdigkeiten in und um die Stadt.\" \/>\n<meta property=\"og:url\" content=\"https:\/\/www.dtromemonti.com\/de\/was-es-zu-sehen-gibt\/\" \/>\n<meta property=\"og:site_name\" content=\"DoubleTree by Hilton Rome Monti\" \/>\n<meta property=\"article:modified_time\" content=\"2023-02-21T08:02:29+00:00\" \/>\n<meta name=\"twitter:card\" content=\"summary_large_image\" \/>\n<meta name=\"twitter:label1\" content=\"Gesch\u00e4tzte Lesezeit\" \/>\n\t<meta name=\"twitter:data1\" content=\"1 Minute\" \/>\n<script type=\"application\/ld+json\" class=\"yoast-schema-graph\">{\"@context\":\"https:\/\/schema.org\",\"@graph\":[{\"@type\":\"WebPage\",\"@id\":\"https:\/\/www.dtromemonti.com\/de\/was-es-zu-sehen-gibt\/\",\"url\":\"https:\/\/www.dtromemonti.com\/de\/was-es-zu-sehen-gibt\/\",\"name\":\"Was man in Rom sehen und tun kann: Attraktionen | Hilton Rom\",\"isPartOf\":{\"@id\":\"https:\/\/www.dtromemonti.com\/de\/#website\"},\"datePublished\":\"2022-12-22T16:47:38+00:00\",\"dateModified\":\"2023-02-21T08:02:29+00:00\",\"description\":\"W\u00e4hlen Sie unter den unz\u00e4hligen Attraktionen Roms. Lesen Sie unsere Tipps, Wissenswertes und F\u00fchrer zu den wichtigsten Sehensw\u00fcrdigkeiten in und um die Stadt.\",\"breadcrumb\":{\"@id\":\"https:\/\/www.dtromemonti.com\/de\/was-es-zu-sehen-gibt\/#breadcrumb\"},\"inLanguage\":\"de-DE\",\"potentialAction\":[{\"@type\":\"ReadAction\",\"target\":[\"https:\/\/www.dtromemonti.com\/de\/was-es-zu-sehen-gibt\/\"]}]},{\"@type\":\"BreadcrumbList\",\"@id\":\"https:\/\/www.dtromemonti.com\/de\/was-es-zu-sehen-gibt\/#breadcrumb\",\"itemListElement\":[{\"@type\":\"ListItem\",\"position\":1,\"name\":\"Home\",\"item\":\"https:\/\/www.dtromemonti.com\/de\/\"},{\"@type\":\"ListItem\",\"position\":2,\"name\":\"Was es zu sehen gibt\"}]},{\"@type\":\"WebSite\",\"@id\":\"https:\/\/www.dtromemonti.com\/de\/#website\",\"url\":\"https:\/\/www.dtromemonti.com\/de\/\",\"name\":\"DoubleTree by Hilton Rome Monti\",\"description\":\"Just another ms.decms.eu site\",\"potentialAction\":[{\"@type\":\"SearchAction\",\"target\":{\"@type\":\"EntryPoint\",\"urlTemplate\":\"https:\/\/www.dtromemonti.com\/de\/?s={search_term_string}\"},\"query-input\":{\"@type\":\"PropertyValueSpecification\",\"valueRequired\":true,\"valueName\":\"search_term_string\"}}],\"inLanguage\":\"de-DE\"}]}<\/script>\n<!-- \/ Yoast SEO plugin. -->","yoast_head_json":{"title":"Was man in Rom sehen und tun kann: Attraktionen | Hilton Rom","description":"W\u00e4hlen Sie unter den unz\u00e4hligen Attraktionen Roms. Lesen Sie unsere Tipps, Wissenswertes und F\u00fchrer zu den wichtigsten Sehensw\u00fcrdigkeiten in und um die Stadt.","robots":{"index":"index","follow":"follow","max-snippet":"max-snippet:-1","max-image-preview":"max-image-preview:large","max-video-preview":"max-video-preview:-1"},"canonical":"https:\/\/www.dtromemonti.com\/de\/was-es-zu-sehen-gibt\/","og_locale":"de_DE","og_type":"article","og_title":"Was man in Rom sehen und tun kann: Attraktionen | Hilton Rom","og_description":"W\u00e4hlen Sie unter den unz\u00e4hligen Attraktionen Roms. Lesen Sie unsere Tipps, Wissenswertes und F\u00fchrer zu den wichtigsten Sehensw\u00fcrdigkeiten in und um die Stadt.","og_url":"https:\/\/www.dtromemonti.com\/de\/was-es-zu-sehen-gibt\/","og_site_name":"DoubleTree by Hilton Rome Monti","article_modified_time":"2023-02-21T08:02:29+00:00","twitter_card":"summary_large_image","twitter_misc":{"Gesch\u00e4tzte Lesezeit":"1 Minute"},"schema":{"@context":"https:\/\/schema.org","@graph":[{"@type":"WebPage","@id":"https:\/\/www.dtromemonti.com\/de\/was-es-zu-sehen-gibt\/","url":"https:\/\/www.dtromemonti.com\/de\/was-es-zu-sehen-gibt\/","name":"Was man in Rom sehen und tun kann: Attraktionen | Hilton Rom","isPartOf":{"@id":"https:\/\/www.dtromemonti.com\/de\/#website"},"datePublished":"2022-12-22T16:47:38+00:00","dateModified":"2023-02-21T08:02:29+00:00","description":"W\u00e4hlen Sie unter den unz\u00e4hligen Attraktionen Roms. Lesen Sie unsere Tipps, Wissenswertes und F\u00fchrer zu den wichtigsten Sehensw\u00fcrdigkeiten in und um die Stadt.","breadcrumb":{"@id":"https:\/\/www.dtromemonti.com\/de\/was-es-zu-sehen-gibt\/#breadcrumb"},"inLanguage":"de-DE","potentialAction":[{"@type":"ReadAction","target":["https:\/\/www.dtromemonti.com\/de\/was-es-zu-sehen-gibt\/"]}]},{"@type":"BreadcrumbList","@id":"https:\/\/www.dtromemonti.com\/de\/was-es-zu-sehen-gibt\/#breadcrumb","itemListElement":[{"@type":"ListItem","position":1,"name":"Home","item":"https:\/\/www.dtromemonti.com\/de\/"},{"@type":"ListItem","position":2,"name":"Was es zu sehen gibt"}]},{"@type":"WebSite","@id":"https:\/\/www.dtromemonti.com\/de\/#website","url":"https:\/\/www.dtromemonti.com\/de\/","name":"DoubleTree by Hilton Rome Monti","description":"Just another ms.decms.eu site","potentialAction":[{"@type":"SearchAction","target":{"@type":"EntryPoint","urlTemplate":"https:\/\/www.dtromemonti.com\/de\/?s={search_term_string}"},"query-input":{"@type":"PropertyValueSpecification","valueRequired":true,"valueName":"search_term_string"}}],"inLanguage":"de-DE"}]}},"acf":[],"_links":{"self":[{"href":"https:\/\/www.dtromemonti.com\/de\/wp-json\/wp\/v2\/pages\/497","targetHints":{"allow":["GET"]}}],"collection":[{"href":"https:\/\/www.dtromemonti.com\/de\/wp-json\/wp\/v2\/pages"}],"about":[{"href":"https:\/\/www.dtromemonti.com\/de\/wp-json\/wp\/v2\/types\/page"}],"author":[{"embeddable":true,"href":"https:\/\/www.dtromemonti.com\/de\/wp-json\/wp\/v2\/users\/6"}],"replies":[{"embeddable":true,"href":"https:\/\/www.dtromemonti.com\/de\/wp-json\/wp\/v2\/comments?post=497"}],"version-history":[{"count":0,"href":"https:\/\/www.dtromemonti.com\/de\/wp-json\/wp\/v2\/pages\/497\/revisions"}],"wp:attachment":[{"href":"https:\/\/www.dtromemonti.com\/de\/wp-json\/wp\/v2\/media?parent=497"}],"curies":[{"name":"wp","href":"https:\/\/api.w.org\/{rel}","templated":true}]}}