{"id":493,"date":"2022-12-22T16:41:30","date_gmt":"2022-12-22T16:41:30","guid":{"rendered":"https:\/\/hiltonrome.ms.decms.eu\/offers-and-packages\/"},"modified":"2023-02-21T07:58:51","modified_gmt":"2023-02-21T07:58:51","slug":"angebote-und-pakete","status":"publish","type":"page","link":"https:\/\/www.dtromemonti.com\/de\/angebote-und-pakete\/","title":{"rendered":"Angebote und Pakete"},"content":{"rendered":"<p><b>\u201eRom wurde nicht an einem Tag erbaut&#8220;<\/b><span style=\"font-weight: 400;\"> und es ist undenkbar, an einem Tag die Atmosph\u00e4re, die Geschichte, die Kunst und das Dolce Vita zu genie\u00dfen!<\/span><\/p>\n<p><span style=\"font-weight: 400;\">Das DoubleTree by Hilton Rome Monti hat <\/span><b>spezielle Angebote und Pakete <\/b><span style=\"font-weight: 400;\">zusammengestellt, um allen G\u00e4sten, die online unter oder unter + 39 <\/span><span style=\"font-weight: 400;\">06 4577 4500<\/span><span style=\"font-weight: 400;\"> buchen, ein einzigartiges <\/span><b>Rom-Erlebnis <\/b><span style=\"font-weight: 400;\">zu <\/span><b>bieten <\/b><span style=\"font-weight: 400;\">.\u00a0<\/span><\/p>\n<p><span style=\"font-weight: 400;\">Entdecken Sie hier die exklusiven <\/span><b>Angebote<\/b><span style=\"font-weight: 400;\"> und <\/span><b>Pakete<\/b><span style=\"font-weight: 400;\"> des DoubleTree by Hilton Rome Monti.\u00a0<\/span><\/p>\n","protected":false},"excerpt":{"rendered":"<p>\u201eRom wurde nicht an einem Tag erbaut&#8220; und es ist undenkbar, an einem Tag die Atmosph\u00e4re, die Geschichte, die Kunst und das Dolce Vita zu genie\u00dfen! Das DoubleTree by Hilton Rome Monti hat spezielle Angebote und Pakete zusammengestellt, um allen G\u00e4sten, die online unter oder unter + 39 06 4577 4500 buchen, ein einzigartiges Rom-Erlebnis [&hellip;]<\/p>\n","protected":false},"author":6,"featured_media":0,"parent":0,"menu_order":60,"comment_status":"closed","ping_status":"closed","template":"template-offers.php","meta":{"footnotes":""},"class_list":["post-493","page","type-page","status-publish","hentry"],"yoast_head":"<!-- This site is optimized with the Yoast SEO plugin v26.9 - https:\/\/yoast.com\/product\/yoast-seo-wordpress\/ -->\n<title>Angebote und Urlaubspakete | DoubleTree by Hilton Rome Monti<\/title>\n<meta name=\"description\" content=\"Machen Sie Ihren Aufenthalt in Rom mit den vom DoubleTree by Hilton Rome Monti ausgew\u00e4hlten Angeboten und Paketen noch zauberhafter. Entdecken Sie alle!\" \/>\n<meta name=\"robots\" content=\"index, follow, max-snippet:-1, max-image-preview:large, max-video-preview:-1\" \/>\n<link rel=\"canonical\" href=\"https:\/\/www.dtromemonti.com\/de\/angebote-und-pakete\/\" \/>\n<meta property=\"og:locale\" content=\"de_DE\" \/>\n<meta property=\"og:type\" content=\"article\" \/>\n<meta property=\"og:title\" content=\"Angebote und Urlaubspakete | DoubleTree by Hilton Rome Monti\" \/>\n<meta property=\"og:description\" content=\"Machen Sie Ihren Aufenthalt in Rom mit den vom DoubleTree by Hilton Rome Monti ausgew\u00e4hlten Angeboten und Paketen noch zauberhafter. Entdecken Sie alle!\" \/>\n<meta property=\"og:url\" content=\"https:\/\/www.dtromemonti.com\/de\/angebote-und-pakete\/\" \/>\n<meta property=\"og:site_name\" content=\"DoubleTree by Hilton Rome Monti\" \/>\n<meta property=\"article:modified_time\" content=\"2023-02-21T07:58:51+00:00\" \/>\n<meta name=\"twitter:card\" content=\"summary_large_image\" \/>\n<meta name=\"twitter:label1\" content=\"Gesch\u00e4tzte Lesezeit\" \/>\n\t<meta name=\"twitter:data1\" content=\"1 Minute\" \/>\n<script type=\"application\/ld+json\" class=\"yoast-schema-graph\">{\"@context\":\"https:\/\/schema.org\",\"@graph\":[{\"@type\":\"WebPage\",\"@id\":\"https:\/\/www.dtromemonti.com\/de\/angebote-und-pakete\/\",\"url\":\"https:\/\/www.dtromemonti.com\/de\/angebote-und-pakete\/\",\"name\":\"Angebote und Urlaubspakete | DoubleTree by Hilton Rome Monti\",\"isPartOf\":{\"@id\":\"https:\/\/www.dtromemonti.com\/de\/#website\"},\"datePublished\":\"2022-12-22T16:41:30+00:00\",\"dateModified\":\"2023-02-21T07:58:51+00:00\",\"description\":\"Machen Sie Ihren Aufenthalt in Rom mit den vom DoubleTree by Hilton Rome Monti ausgew\u00e4hlten Angeboten und Paketen noch zauberhafter. Entdecken Sie alle!\",\"breadcrumb\":{\"@id\":\"https:\/\/www.dtromemonti.com\/de\/angebote-und-pakete\/#breadcrumb\"},\"inLanguage\":\"de-DE\",\"potentialAction\":[{\"@type\":\"ReadAction\",\"target\":[\"https:\/\/www.dtromemonti.com\/de\/angebote-und-pakete\/\"]}]},{\"@type\":\"BreadcrumbList\",\"@id\":\"https:\/\/www.dtromemonti.com\/de\/angebote-und-pakete\/#breadcrumb\",\"itemListElement\":[{\"@type\":\"ListItem\",\"position\":1,\"name\":\"Home\",\"item\":\"https:\/\/www.dtromemonti.com\/de\/\"},{\"@type\":\"ListItem\",\"position\":2,\"name\":\"Angebote und Pakete\"}]},{\"@type\":\"WebSite\",\"@id\":\"https:\/\/www.dtromemonti.com\/de\/#website\",\"url\":\"https:\/\/www.dtromemonti.com\/de\/\",\"name\":\"DoubleTree by Hilton Rome Monti\",\"description\":\"Just another ms.decms.eu site\",\"potentialAction\":[{\"@type\":\"SearchAction\",\"target\":{\"@type\":\"EntryPoint\",\"urlTemplate\":\"https:\/\/www.dtromemonti.com\/de\/?s={search_term_string}\"},\"query-input\":{\"@type\":\"PropertyValueSpecification\",\"valueRequired\":true,\"valueName\":\"search_term_string\"}}],\"inLanguage\":\"de-DE\"}]}<\/script>\n<!-- \/ Yoast SEO plugin. -->","yoast_head_json":{"title":"Angebote und Urlaubspakete | DoubleTree by Hilton Rome Monti","description":"Machen Sie Ihren Aufenthalt in Rom mit den vom DoubleTree by Hilton Rome Monti ausgew\u00e4hlten Angeboten und Paketen noch zauberhafter. Entdecken Sie alle!","robots":{"index":"index","follow":"follow","max-snippet":"max-snippet:-1","max-image-preview":"max-image-preview:large","max-video-preview":"max-video-preview:-1"},"canonical":"https:\/\/www.dtromemonti.com\/de\/angebote-und-pakete\/","og_locale":"de_DE","og_type":"article","og_title":"Angebote und Urlaubspakete | DoubleTree by Hilton Rome Monti","og_description":"Machen Sie Ihren Aufenthalt in Rom mit den vom DoubleTree by Hilton Rome Monti ausgew\u00e4hlten Angeboten und Paketen noch zauberhafter. Entdecken Sie alle!","og_url":"https:\/\/www.dtromemonti.com\/de\/angebote-und-pakete\/","og_site_name":"DoubleTree by Hilton Rome Monti","article_modified_time":"2023-02-21T07:58:51+00:00","twitter_card":"summary_large_image","twitter_misc":{"Gesch\u00e4tzte Lesezeit":"1 Minute"},"schema":{"@context":"https:\/\/schema.org","@graph":[{"@type":"WebPage","@id":"https:\/\/www.dtromemonti.com\/de\/angebote-und-pakete\/","url":"https:\/\/www.dtromemonti.com\/de\/angebote-und-pakete\/","name":"Angebote und Urlaubspakete | DoubleTree by Hilton Rome Monti","isPartOf":{"@id":"https:\/\/www.dtromemonti.com\/de\/#website"},"datePublished":"2022-12-22T16:41:30+00:00","dateModified":"2023-02-21T07:58:51+00:00","description":"Machen Sie Ihren Aufenthalt in Rom mit den vom DoubleTree by Hilton Rome Monti ausgew\u00e4hlten Angeboten und Paketen noch zauberhafter. Entdecken Sie alle!","breadcrumb":{"@id":"https:\/\/www.dtromemonti.com\/de\/angebote-und-pakete\/#breadcrumb"},"inLanguage":"de-DE","potentialAction":[{"@type":"ReadAction","target":["https:\/\/www.dtromemonti.com\/de\/angebote-und-pakete\/"]}]},{"@type":"BreadcrumbList","@id":"https:\/\/www.dtromemonti.com\/de\/angebote-und-pakete\/#breadcrumb","itemListElement":[{"@type":"ListItem","position":1,"name":"Home","item":"https:\/\/www.dtromemonti.com\/de\/"},{"@type":"ListItem","position":2,"name":"Angebote und Pakete"}]},{"@type":"WebSite","@id":"https:\/\/www.dtromemonti.com\/de\/#website","url":"https:\/\/www.dtromemonti.com\/de\/","name":"DoubleTree by Hilton Rome Monti","description":"Just another ms.decms.eu site","potentialAction":[{"@type":"SearchAction","target":{"@type":"EntryPoint","urlTemplate":"https:\/\/www.dtromemonti.com\/de\/?s={search_term_string}"},"query-input":{"@type":"PropertyValueSpecification","valueRequired":true,"valueName":"search_term_string"}}],"inLanguage":"de-DE"}]}},"acf":[],"_links":{"self":[{"href":"https:\/\/www.dtromemonti.com\/de\/wp-json\/wp\/v2\/pages\/493","targetHints":{"allow":["GET"]}}],"collection":[{"href":"https:\/\/www.dtromemonti.com\/de\/wp-json\/wp\/v2\/pages"}],"about":[{"href":"https:\/\/www.dtromemonti.com\/de\/wp-json\/wp\/v2\/types\/page"}],"author":[{"embeddable":true,"href":"https:\/\/www.dtromemonti.com\/de\/wp-json\/wp\/v2\/users\/6"}],"replies":[{"embeddable":true,"href":"https:\/\/www.dtromemonti.com\/de\/wp-json\/wp\/v2\/comments?post=493"}],"version-history":[{"count":0,"href":"https:\/\/www.dtromemonti.com\/de\/wp-json\/wp\/v2\/pages\/493\/revisions"}],"wp:attachment":[{"href":"https:\/\/www.dtromemonti.com\/de\/wp-json\/wp\/v2\/media?parent=493"}],"curies":[{"name":"wp","href":"https:\/\/api.w.org\/{rel}","templated":true}]}}