{"id":45,"date":"2022-07-04T14:35:06","date_gmt":"2022-07-04T14:35:06","guid":{"rendered":"https:\/\/hiltonrome.ms.decms.eu\/camere-e-suite\/accessible-guest-room\/"},"modified":"2024-12-20T10:51:18","modified_gmt":"2024-12-20T10:51:18","slug":"accessible-guest-room","status":"publish","type":"page","link":"https:\/\/www.dtromemonti.com\/de\/zimmer-und-suiten\/accessible-guest-room\/","title":{"rendered":"Accessible Guest Room"},"content":{"rendered":"<p><span style=\"font-weight: 400\">Das DoubleTree by Hilton Rome Monti bietet seinen G\u00e4sten behindertengerechte, ger\u00e4umige Zimmer, die mit allen Annehmlichkeiten ausgestattet sind, um ihren Aufenthalt in vollen Z\u00fcgen zu genie\u00dfen. Elegant und raffiniert wie alle Zimmer des DoubleTree by Hilton Rome Monti sind die Accessible Guest Room f\u00fcr G\u00e4ste mit eingeschr\u00e4nkter Mobilit\u00e4t eingerichtet, so dass sie mehr Platz zur Verf\u00fcgung haben, sowohl im Eingangsbereich als auch im Badezimmer, das \u00fcber eine begehbare Dusche verf\u00fcgt. <\/span><\/p>\n","protected":false},"excerpt":{"rendered":"<p>Das DoubleTree by Hilton Rome Monti bietet seinen G\u00e4sten behindertengerechte, ger\u00e4umige Zimmer, die mit allen Annehmlichkeiten ausgestattet sind, um ihren Aufenthalt in vollen Z\u00fcgen zu genie\u00dfen. Elegant und raffiniert wie alle Zimmer des DoubleTree by Hilton Rome Monti sind die Accessible Guest Room f\u00fcr G\u00e4ste mit eingeschr\u00e4nkter Mobilit\u00e4t eingerichtet, so dass sie mehr Platz zur [&hellip;]<\/p>\n","protected":false},"author":6,"featured_media":0,"parent":26,"menu_order":26,"comment_status":"closed","ping_status":"closed","template":"template-single-room.php","meta":{"footnotes":""},"class_list":["post-45","page","type-page","status-publish","hentry"],"yoast_head":"<!-- This site is optimized with the Yoast SEO plugin v26.9 - https:\/\/yoast.com\/product\/yoast-seo-wordpress\/ -->\n<title>Gro\u00dfe barrierefreie Zimmer | DoubleTree by Hilton Rome Monti<\/title>\n<meta name=\"description\" content=\"Testen Sie die barrierefreien Zimmer f\u00fcr einen traumhaften Aufenthalt. Sie sind ger\u00e4umig und mit jedem erdenklichen Service ausgestattet. Zum Buchen klicken.\" \/>\n<meta name=\"robots\" content=\"index, follow, max-snippet:-1, max-image-preview:large, max-video-preview:-1\" \/>\n<link rel=\"canonical\" href=\"https:\/\/www.dtromemonti.com\/de\/zimmer-und-suiten\/accessible-guest-room\/\" \/>\n<meta property=\"og:locale\" content=\"de_DE\" \/>\n<meta property=\"og:type\" content=\"article\" \/>\n<meta property=\"og:title\" content=\"Gro\u00dfe barrierefreie Zimmer | DoubleTree by Hilton Rome Monti\" \/>\n<meta property=\"og:description\" content=\"Testen Sie die barrierefreien Zimmer f\u00fcr einen traumhaften Aufenthalt. Sie sind ger\u00e4umig und mit jedem erdenklichen Service ausgestattet. Zum Buchen klicken.\" \/>\n<meta property=\"og:url\" content=\"https:\/\/www.dtromemonti.com\/de\/zimmer-und-suiten\/accessible-guest-room\/\" \/>\n<meta property=\"og:site_name\" content=\"DoubleTree by Hilton Rome Monti\" \/>\n<meta property=\"article:modified_time\" content=\"2024-12-20T10:51:18+00:00\" \/>\n<meta name=\"twitter:card\" content=\"summary_large_image\" \/>\n<meta name=\"twitter:label1\" content=\"Gesch\u00e4tzte Lesezeit\" \/>\n\t<meta name=\"twitter:data1\" content=\"1 Minute\" \/>\n<script type=\"application\/ld+json\" class=\"yoast-schema-graph\">{\"@context\":\"https:\/\/schema.org\",\"@graph\":[{\"@type\":\"WebPage\",\"@id\":\"https:\/\/www.dtromemonti.com\/de\/zimmer-und-suiten\/accessible-guest-room\/\",\"url\":\"https:\/\/www.dtromemonti.com\/de\/zimmer-und-suiten\/accessible-guest-room\/\",\"name\":\"Gro\u00dfe barrierefreie Zimmer | DoubleTree by Hilton Rome Monti\",\"isPartOf\":{\"@id\":\"https:\/\/www.dtromemonti.com\/de\/#website\"},\"datePublished\":\"2022-07-04T14:35:06+00:00\",\"dateModified\":\"2024-12-20T10:51:18+00:00\",\"description\":\"Testen Sie die barrierefreien Zimmer f\u00fcr einen traumhaften Aufenthalt. Sie sind ger\u00e4umig und mit jedem erdenklichen Service ausgestattet. Zum Buchen klicken.\",\"breadcrumb\":{\"@id\":\"https:\/\/www.dtromemonti.com\/de\/zimmer-und-suiten\/accessible-guest-room\/#breadcrumb\"},\"inLanguage\":\"de-DE\",\"potentialAction\":[{\"@type\":\"ReadAction\",\"target\":[\"https:\/\/www.dtromemonti.com\/de\/zimmer-und-suiten\/accessible-guest-room\/\"]}]},{\"@type\":\"BreadcrumbList\",\"@id\":\"https:\/\/www.dtromemonti.com\/de\/zimmer-und-suiten\/accessible-guest-room\/#breadcrumb\",\"itemListElement\":[{\"@type\":\"ListItem\",\"position\":1,\"name\":\"Home\",\"item\":\"https:\/\/www.dtromemonti.com\/de\/\"},{\"@type\":\"ListItem\",\"position\":2,\"name\":\"Zimmer und Suiten\",\"item\":\"https:\/\/www.dtromemonti.com\/de\/zimmer-und-suiten\/\"},{\"@type\":\"ListItem\",\"position\":3,\"name\":\"Accessible Guest Room\"}]},{\"@type\":\"WebSite\",\"@id\":\"https:\/\/www.dtromemonti.com\/de\/#website\",\"url\":\"https:\/\/www.dtromemonti.com\/de\/\",\"name\":\"DoubleTree by Hilton Rome Monti\",\"description\":\"Just another ms.decms.eu site\",\"potentialAction\":[{\"@type\":\"SearchAction\",\"target\":{\"@type\":\"EntryPoint\",\"urlTemplate\":\"https:\/\/www.dtromemonti.com\/de\/?s={search_term_string}\"},\"query-input\":{\"@type\":\"PropertyValueSpecification\",\"valueRequired\":true,\"valueName\":\"search_term_string\"}}],\"inLanguage\":\"de-DE\"}]}<\/script>\n<!-- \/ Yoast SEO plugin. -->","yoast_head_json":{"title":"Gro\u00dfe barrierefreie Zimmer | DoubleTree by Hilton Rome Monti","description":"Testen Sie die barrierefreien Zimmer f\u00fcr einen traumhaften Aufenthalt. Sie sind ger\u00e4umig und mit jedem erdenklichen Service ausgestattet. Zum Buchen klicken.","robots":{"index":"index","follow":"follow","max-snippet":"max-snippet:-1","max-image-preview":"max-image-preview:large","max-video-preview":"max-video-preview:-1"},"canonical":"https:\/\/www.dtromemonti.com\/de\/zimmer-und-suiten\/accessible-guest-room\/","og_locale":"de_DE","og_type":"article","og_title":"Gro\u00dfe barrierefreie Zimmer | DoubleTree by Hilton Rome Monti","og_description":"Testen Sie die barrierefreien Zimmer f\u00fcr einen traumhaften Aufenthalt. Sie sind ger\u00e4umig und mit jedem erdenklichen Service ausgestattet. Zum Buchen klicken.","og_url":"https:\/\/www.dtromemonti.com\/de\/zimmer-und-suiten\/accessible-guest-room\/","og_site_name":"DoubleTree by Hilton Rome Monti","article_modified_time":"2024-12-20T10:51:18+00:00","twitter_card":"summary_large_image","twitter_misc":{"Gesch\u00e4tzte Lesezeit":"1 Minute"},"schema":{"@context":"https:\/\/schema.org","@graph":[{"@type":"WebPage","@id":"https:\/\/www.dtromemonti.com\/de\/zimmer-und-suiten\/accessible-guest-room\/","url":"https:\/\/www.dtromemonti.com\/de\/zimmer-und-suiten\/accessible-guest-room\/","name":"Gro\u00dfe barrierefreie Zimmer | DoubleTree by Hilton Rome Monti","isPartOf":{"@id":"https:\/\/www.dtromemonti.com\/de\/#website"},"datePublished":"2022-07-04T14:35:06+00:00","dateModified":"2024-12-20T10:51:18+00:00","description":"Testen Sie die barrierefreien Zimmer f\u00fcr einen traumhaften Aufenthalt. Sie sind ger\u00e4umig und mit jedem erdenklichen Service ausgestattet. Zum Buchen klicken.","breadcrumb":{"@id":"https:\/\/www.dtromemonti.com\/de\/zimmer-und-suiten\/accessible-guest-room\/#breadcrumb"},"inLanguage":"de-DE","potentialAction":[{"@type":"ReadAction","target":["https:\/\/www.dtromemonti.com\/de\/zimmer-und-suiten\/accessible-guest-room\/"]}]},{"@type":"BreadcrumbList","@id":"https:\/\/www.dtromemonti.com\/de\/zimmer-und-suiten\/accessible-guest-room\/#breadcrumb","itemListElement":[{"@type":"ListItem","position":1,"name":"Home","item":"https:\/\/www.dtromemonti.com\/de\/"},{"@type":"ListItem","position":2,"name":"Zimmer und Suiten","item":"https:\/\/www.dtromemonti.com\/de\/zimmer-und-suiten\/"},{"@type":"ListItem","position":3,"name":"Accessible Guest Room"}]},{"@type":"WebSite","@id":"https:\/\/www.dtromemonti.com\/de\/#website","url":"https:\/\/www.dtromemonti.com\/de\/","name":"DoubleTree by Hilton Rome Monti","description":"Just another ms.decms.eu site","potentialAction":[{"@type":"SearchAction","target":{"@type":"EntryPoint","urlTemplate":"https:\/\/www.dtromemonti.com\/de\/?s={search_term_string}"},"query-input":{"@type":"PropertyValueSpecification","valueRequired":true,"valueName":"search_term_string"}}],"inLanguage":"de-DE"}]}},"acf":[],"_links":{"self":[{"href":"https:\/\/www.dtromemonti.com\/de\/wp-json\/wp\/v2\/pages\/45","targetHints":{"allow":["GET"]}}],"collection":[{"href":"https:\/\/www.dtromemonti.com\/de\/wp-json\/wp\/v2\/pages"}],"about":[{"href":"https:\/\/www.dtromemonti.com\/de\/wp-json\/wp\/v2\/types\/page"}],"author":[{"embeddable":true,"href":"https:\/\/www.dtromemonti.com\/de\/wp-json\/wp\/v2\/users\/6"}],"replies":[{"embeddable":true,"href":"https:\/\/www.dtromemonti.com\/de\/wp-json\/wp\/v2\/comments?post=45"}],"version-history":[{"count":0,"href":"https:\/\/www.dtromemonti.com\/de\/wp-json\/wp\/v2\/pages\/45\/revisions"}],"up":[{"embeddable":true,"href":"https:\/\/www.dtromemonti.com\/de\/wp-json\/wp\/v2\/pages\/26"}],"wp:attachment":[{"href":"https:\/\/www.dtromemonti.com\/de\/wp-json\/wp\/v2\/media?parent=45"}],"curies":[{"name":"wp","href":"https:\/\/api.w.org\/{rel}","templated":true}]}}