{"id":42,"date":"2022-07-04T14:27:51","date_gmt":"2022-07-04T14:27:51","guid":{"rendered":"https:\/\/hiltonrome.ms.decms.eu\/camere-e-suite\/king-one-bedroom-suite-with-terrace\/"},"modified":"2025-12-09T11:31:20","modified_gmt":"2025-12-09T11:31:20","slug":"king-one-bedroom-suite-with-terrace","status":"publish","type":"page","link":"https:\/\/www.dtromemonti.com\/de\/zimmer-und-suiten\/king-one-bedroom-suite-with-terrace\/","title":{"rendered":"King One Bedroom Suite with Terrace"},"content":{"rendered":"<p><span style=\"font-weight: 400\">Eine herrliche Terrasse mit Blick ist das exklusive Privileg der King One Bedroom Suite.\u00a0<\/span><\/p>\n<p><span style=\"font-weight: 400\">Die King One Bedroom Suite ist das ganze Jahr \u00fcber wundersch\u00f6n, aber bei sch\u00f6nem Wetter wird sie zu einem magischen Ort: Auf Anfrage bietet der Zimmerservice des DoubleTree by Hilton Rome Monti das einzigartige Vergn\u00fcgen, das Fr\u00fchst\u00fcck inmitten der Sch\u00f6nheit Roms zu genie\u00dfen. Ein ger\u00e4umiges Wohnzimmer mit einer Lounge ist der angenehme Ort zum Entspannen oder Arbeiten, erg\u00e4nzt durch einen HD-Fernseher, eine Lavazza Espressomaschine, Tee- und Kaffeezubereitungsm\u00f6glichkeiten und eine Minibar.<\/span><span style=\"font-weight: 400\"><br \/>\n<\/span><span style=\"font-weight: 400\">Wenn Sie sich f\u00fcr die King One Bedroom Suite mit Terrasse entscheiden, g\u00f6nnen Sie sich ein einzigartiges Erlebnis in Rom.<\/span><\/p>\n","protected":false},"excerpt":{"rendered":"<p>Eine herrliche Terrasse mit Blick ist das exklusive Privileg der King One Bedroom Suite.\u00a0 Die King One Bedroom Suite ist das ganze Jahr \u00fcber wundersch\u00f6n, aber bei sch\u00f6nem Wetter wird sie zu einem magischen Ort: Auf Anfrage bietet der Zimmerservice des DoubleTree by Hilton Rome Monti das einzigartige Vergn\u00fcgen, das Fr\u00fchst\u00fcck inmitten der Sch\u00f6nheit Roms [&hellip;]<\/p>\n","protected":false},"author":6,"featured_media":0,"parent":26,"menu_order":25,"comment_status":"closed","ping_status":"closed","template":"template-single-room.php","meta":{"footnotes":""},"class_list":["post-42","page","type-page","status-publish","hentry"],"yoast_head":"<!-- This site is optimized with the Yoast SEO plugin v26.9 - https:\/\/yoast.com\/product\/yoast-seo-wordpress\/ -->\n<title>King Suite mit Terrasse | DoubleTree by Hilton Rome Monti<\/title>\n<meta name=\"description\" content=\"Erleben Sie Ihren Urlaub ganz entspannt in der King Suite. Mit Minibar, Lavazza-Kaffeemaschine und privater Terrasse mit Blick auf Rom. Buchen Sie jetzt!\" \/>\n<meta name=\"robots\" content=\"index, follow, max-snippet:-1, max-image-preview:large, max-video-preview:-1\" \/>\n<link rel=\"canonical\" href=\"https:\/\/www.dtromemonti.com\/de\/zimmer-und-suiten\/king-one-bedroom-suite-with-terrace\/\" \/>\n<meta property=\"og:locale\" content=\"de_DE\" \/>\n<meta property=\"og:type\" content=\"article\" \/>\n<meta property=\"og:title\" content=\"King Suite mit Terrasse | DoubleTree by Hilton Rome Monti\" \/>\n<meta property=\"og:description\" content=\"Erleben Sie Ihren Urlaub ganz entspannt in der King Suite. Mit Minibar, Lavazza-Kaffeemaschine und privater Terrasse mit Blick auf Rom. Buchen Sie jetzt!\" \/>\n<meta property=\"og:url\" content=\"https:\/\/www.dtromemonti.com\/de\/zimmer-und-suiten\/king-one-bedroom-suite-with-terrace\/\" \/>\n<meta property=\"og:site_name\" content=\"DoubleTree by Hilton Rome Monti\" \/>\n<meta property=\"article:modified_time\" content=\"2025-12-09T11:31:20+00:00\" \/>\n<meta name=\"twitter:card\" content=\"summary_large_image\" \/>\n<meta name=\"twitter:label1\" content=\"Gesch\u00e4tzte Lesezeit\" \/>\n\t<meta name=\"twitter:data1\" content=\"1 Minute\" \/>\n<script type=\"application\/ld+json\" class=\"yoast-schema-graph\">{\"@context\":\"https:\/\/schema.org\",\"@graph\":[{\"@type\":\"WebPage\",\"@id\":\"https:\/\/www.dtromemonti.com\/de\/zimmer-und-suiten\/king-one-bedroom-suite-with-terrace\/\",\"url\":\"https:\/\/www.dtromemonti.com\/de\/zimmer-und-suiten\/king-one-bedroom-suite-with-terrace\/\",\"name\":\"King Suite mit Terrasse | DoubleTree by Hilton Rome Monti\",\"isPartOf\":{\"@id\":\"https:\/\/www.dtromemonti.com\/de\/#website\"},\"datePublished\":\"2022-07-04T14:27:51+00:00\",\"dateModified\":\"2025-12-09T11:31:20+00:00\",\"description\":\"Erleben Sie Ihren Urlaub ganz entspannt in der King Suite. Mit Minibar, Lavazza-Kaffeemaschine und privater Terrasse mit Blick auf Rom. Buchen Sie jetzt!\",\"breadcrumb\":{\"@id\":\"https:\/\/www.dtromemonti.com\/de\/zimmer-und-suiten\/king-one-bedroom-suite-with-terrace\/#breadcrumb\"},\"inLanguage\":\"de-DE\",\"potentialAction\":[{\"@type\":\"ReadAction\",\"target\":[\"https:\/\/www.dtromemonti.com\/de\/zimmer-und-suiten\/king-one-bedroom-suite-with-terrace\/\"]}]},{\"@type\":\"BreadcrumbList\",\"@id\":\"https:\/\/www.dtromemonti.com\/de\/zimmer-und-suiten\/king-one-bedroom-suite-with-terrace\/#breadcrumb\",\"itemListElement\":[{\"@type\":\"ListItem\",\"position\":1,\"name\":\"Home\",\"item\":\"https:\/\/www.dtromemonti.com\/de\/\"},{\"@type\":\"ListItem\",\"position\":2,\"name\":\"Zimmer und Suiten\",\"item\":\"https:\/\/www.dtromemonti.com\/de\/zimmer-und-suiten\/\"},{\"@type\":\"ListItem\",\"position\":3,\"name\":\"King One Bedroom Suite with Terrace\"}]},{\"@type\":\"WebSite\",\"@id\":\"https:\/\/www.dtromemonti.com\/de\/#website\",\"url\":\"https:\/\/www.dtromemonti.com\/de\/\",\"name\":\"DoubleTree by Hilton Rome Monti\",\"description\":\"Just another ms.decms.eu site\",\"potentialAction\":[{\"@type\":\"SearchAction\",\"target\":{\"@type\":\"EntryPoint\",\"urlTemplate\":\"https:\/\/www.dtromemonti.com\/de\/?s={search_term_string}\"},\"query-input\":{\"@type\":\"PropertyValueSpecification\",\"valueRequired\":true,\"valueName\":\"search_term_string\"}}],\"inLanguage\":\"de-DE\"}]}<\/script>\n<!-- \/ Yoast SEO plugin. -->","yoast_head_json":{"title":"King Suite mit Terrasse | DoubleTree by Hilton Rome Monti","description":"Erleben Sie Ihren Urlaub ganz entspannt in der King Suite. Mit Minibar, Lavazza-Kaffeemaschine und privater Terrasse mit Blick auf Rom. Buchen Sie jetzt!","robots":{"index":"index","follow":"follow","max-snippet":"max-snippet:-1","max-image-preview":"max-image-preview:large","max-video-preview":"max-video-preview:-1"},"canonical":"https:\/\/www.dtromemonti.com\/de\/zimmer-und-suiten\/king-one-bedroom-suite-with-terrace\/","og_locale":"de_DE","og_type":"article","og_title":"King Suite mit Terrasse | DoubleTree by Hilton Rome Monti","og_description":"Erleben Sie Ihren Urlaub ganz entspannt in der King Suite. Mit Minibar, Lavazza-Kaffeemaschine und privater Terrasse mit Blick auf Rom. Buchen Sie jetzt!","og_url":"https:\/\/www.dtromemonti.com\/de\/zimmer-und-suiten\/king-one-bedroom-suite-with-terrace\/","og_site_name":"DoubleTree by Hilton Rome Monti","article_modified_time":"2025-12-09T11:31:20+00:00","twitter_card":"summary_large_image","twitter_misc":{"Gesch\u00e4tzte Lesezeit":"1 Minute"},"schema":{"@context":"https:\/\/schema.org","@graph":[{"@type":"WebPage","@id":"https:\/\/www.dtromemonti.com\/de\/zimmer-und-suiten\/king-one-bedroom-suite-with-terrace\/","url":"https:\/\/www.dtromemonti.com\/de\/zimmer-und-suiten\/king-one-bedroom-suite-with-terrace\/","name":"King Suite mit Terrasse | DoubleTree by Hilton Rome Monti","isPartOf":{"@id":"https:\/\/www.dtromemonti.com\/de\/#website"},"datePublished":"2022-07-04T14:27:51+00:00","dateModified":"2025-12-09T11:31:20+00:00","description":"Erleben Sie Ihren Urlaub ganz entspannt in der King Suite. Mit Minibar, Lavazza-Kaffeemaschine und privater Terrasse mit Blick auf Rom. Buchen Sie jetzt!","breadcrumb":{"@id":"https:\/\/www.dtromemonti.com\/de\/zimmer-und-suiten\/king-one-bedroom-suite-with-terrace\/#breadcrumb"},"inLanguage":"de-DE","potentialAction":[{"@type":"ReadAction","target":["https:\/\/www.dtromemonti.com\/de\/zimmer-und-suiten\/king-one-bedroom-suite-with-terrace\/"]}]},{"@type":"BreadcrumbList","@id":"https:\/\/www.dtromemonti.com\/de\/zimmer-und-suiten\/king-one-bedroom-suite-with-terrace\/#breadcrumb","itemListElement":[{"@type":"ListItem","position":1,"name":"Home","item":"https:\/\/www.dtromemonti.com\/de\/"},{"@type":"ListItem","position":2,"name":"Zimmer und Suiten","item":"https:\/\/www.dtromemonti.com\/de\/zimmer-und-suiten\/"},{"@type":"ListItem","position":3,"name":"King One Bedroom Suite with Terrace"}]},{"@type":"WebSite","@id":"https:\/\/www.dtromemonti.com\/de\/#website","url":"https:\/\/www.dtromemonti.com\/de\/","name":"DoubleTree by Hilton Rome Monti","description":"Just another ms.decms.eu site","potentialAction":[{"@type":"SearchAction","target":{"@type":"EntryPoint","urlTemplate":"https:\/\/www.dtromemonti.com\/de\/?s={search_term_string}"},"query-input":{"@type":"PropertyValueSpecification","valueRequired":true,"valueName":"search_term_string"}}],"inLanguage":"de-DE"}]}},"acf":[],"_links":{"self":[{"href":"https:\/\/www.dtromemonti.com\/de\/wp-json\/wp\/v2\/pages\/42","targetHints":{"allow":["GET"]}}],"collection":[{"href":"https:\/\/www.dtromemonti.com\/de\/wp-json\/wp\/v2\/pages"}],"about":[{"href":"https:\/\/www.dtromemonti.com\/de\/wp-json\/wp\/v2\/types\/page"}],"author":[{"embeddable":true,"href":"https:\/\/www.dtromemonti.com\/de\/wp-json\/wp\/v2\/users\/6"}],"replies":[{"embeddable":true,"href":"https:\/\/www.dtromemonti.com\/de\/wp-json\/wp\/v2\/comments?post=42"}],"version-history":[{"count":0,"href":"https:\/\/www.dtromemonti.com\/de\/wp-json\/wp\/v2\/pages\/42\/revisions"}],"up":[{"embeddable":true,"href":"https:\/\/www.dtromemonti.com\/de\/wp-json\/wp\/v2\/pages\/26"}],"wp:attachment":[{"href":"https:\/\/www.dtromemonti.com\/de\/wp-json\/wp\/v2\/media?parent=42"}],"curies":[{"name":"wp","href":"https:\/\/api.w.org\/{rel}","templated":true}]}}