{"id":39,"date":"2022-07-04T14:24:33","date_gmt":"2022-07-04T14:24:33","guid":{"rendered":"https:\/\/hiltonrome.ms.decms.eu\/camere-e-suite\/junior-suite\/"},"modified":"2025-12-09T11:23:30","modified_gmt":"2025-12-09T11:23:30","slug":"junior-suite","status":"publish","type":"page","link":"https:\/\/www.dtromemonti.com\/de\/zimmer-und-suiten\/junior-suite\/","title":{"rendered":"Junior Suite"},"content":{"rendered":"<p><span style=\"font-weight: 400\">Der gro\u00dfe Raum mit einem Wohnbereich zum Entspannen oder Arbeiten definiert und charakterisiert den Stil der Junior Suite. Eine gefragte L\u00f6sung in Bezug auf Raum, Pers\u00f6nlichkeit und Komfort, die Ihrem Hotelaufenthalt in Rom Bequemlichkeit und ma\u00dfgeschneiderte Dienstleistungen verleiht. Eine Lavazza-Kaffeemaschine, mit der Sie jederzeit einen Espresso genie\u00dfen k\u00f6nnen, ein Wasserkocher mit einer Auswahl an Tees und Kr\u00e4utertees, Badem\u00e4ntel und Hausschuhe, ein Kingsize-Bett mit Leselampen sind nur einige der Details, die die Junior Suite bietet und die den Aufenthalt im DoubleTree by Hilton Rome Monti noch angenehmer machen.\u00a0<\/span><\/p>\n<p><span style=\"font-weight: 400\">Auf Anfrage ist es m\u00f6glich, die exklusive und helle Junior Suite mit Terrasse und Blick zu buchen, um die magische r\u00f6mische Atmosph\u00e4re voll zu genie\u00dfen.<\/span><\/p>\n","protected":false},"excerpt":{"rendered":"<p>Der gro\u00dfe Raum mit einem Wohnbereich zum Entspannen oder Arbeiten definiert und charakterisiert den Stil der Junior Suite. Eine gefragte L\u00f6sung in Bezug auf Raum, Pers\u00f6nlichkeit und Komfort, die Ihrem Hotelaufenthalt in Rom Bequemlichkeit und ma\u00dfgeschneiderte Dienstleistungen verleiht. Eine Lavazza-Kaffeemaschine, mit der Sie jederzeit einen Espresso genie\u00dfen k\u00f6nnen, ein Wasserkocher mit einer Auswahl an Tees [&hellip;]<\/p>\n","protected":false},"author":6,"featured_media":0,"parent":26,"menu_order":24,"comment_status":"closed","ping_status":"closed","template":"template-single-room.php","meta":{"footnotes":""},"class_list":["post-39","page","type-page","status-publish","hentry"],"yoast_head":"<!-- This site is optimized with the Yoast SEO plugin v26.9 - https:\/\/yoast.com\/product\/yoast-seo-wordpress\/ -->\n<title>Junior Suite mit Lounge | DoubleTree by Hilton Rome Monti<\/title>\n<meta name=\"description\" content=\"Verbringen Sie einen erholsamen Urlaub in den Junior-Suiten. Gro\u00dfe Zimmer mit Lounge, Minibar, Lavazza-Kaffeemaschine und privater Terrasse mit Blick auf Rom.\" \/>\n<meta name=\"robots\" content=\"index, follow, max-snippet:-1, max-image-preview:large, max-video-preview:-1\" \/>\n<link rel=\"canonical\" href=\"https:\/\/www.dtromemonti.com\/de\/zimmer-und-suiten\/junior-suite\/\" \/>\n<meta property=\"og:locale\" content=\"de_DE\" \/>\n<meta property=\"og:type\" content=\"article\" \/>\n<meta property=\"og:title\" content=\"Junior Suite mit Lounge | DoubleTree by Hilton Rome Monti\" \/>\n<meta property=\"og:description\" content=\"Verbringen Sie einen erholsamen Urlaub in den Junior-Suiten. Gro\u00dfe Zimmer mit Lounge, Minibar, Lavazza-Kaffeemaschine und privater Terrasse mit Blick auf Rom.\" \/>\n<meta property=\"og:url\" content=\"https:\/\/www.dtromemonti.com\/de\/zimmer-und-suiten\/junior-suite\/\" \/>\n<meta property=\"og:site_name\" content=\"DoubleTree by Hilton Rome Monti\" \/>\n<meta property=\"article:modified_time\" content=\"2025-12-09T11:23:30+00:00\" \/>\n<meta name=\"twitter:card\" content=\"summary_large_image\" \/>\n<meta name=\"twitter:label1\" content=\"Gesch\u00e4tzte Lesezeit\" \/>\n\t<meta name=\"twitter:data1\" content=\"1 Minute\" \/>\n<script type=\"application\/ld+json\" class=\"yoast-schema-graph\">{\"@context\":\"https:\/\/schema.org\",\"@graph\":[{\"@type\":\"WebPage\",\"@id\":\"https:\/\/www.dtromemonti.com\/de\/zimmer-und-suiten\/junior-suite\/\",\"url\":\"https:\/\/www.dtromemonti.com\/de\/zimmer-und-suiten\/junior-suite\/\",\"name\":\"Junior Suite mit Lounge | DoubleTree by Hilton Rome Monti\",\"isPartOf\":{\"@id\":\"https:\/\/www.dtromemonti.com\/de\/#website\"},\"datePublished\":\"2022-07-04T14:24:33+00:00\",\"dateModified\":\"2025-12-09T11:23:30+00:00\",\"description\":\"Verbringen Sie einen erholsamen Urlaub in den Junior-Suiten. Gro\u00dfe Zimmer mit Lounge, Minibar, Lavazza-Kaffeemaschine und privater Terrasse mit Blick auf Rom.\",\"breadcrumb\":{\"@id\":\"https:\/\/www.dtromemonti.com\/de\/zimmer-und-suiten\/junior-suite\/#breadcrumb\"},\"inLanguage\":\"de-DE\",\"potentialAction\":[{\"@type\":\"ReadAction\",\"target\":[\"https:\/\/www.dtromemonti.com\/de\/zimmer-und-suiten\/junior-suite\/\"]}]},{\"@type\":\"BreadcrumbList\",\"@id\":\"https:\/\/www.dtromemonti.com\/de\/zimmer-und-suiten\/junior-suite\/#breadcrumb\",\"itemListElement\":[{\"@type\":\"ListItem\",\"position\":1,\"name\":\"Home\",\"item\":\"https:\/\/www.dtromemonti.com\/de\/\"},{\"@type\":\"ListItem\",\"position\":2,\"name\":\"Zimmer und Suiten\",\"item\":\"https:\/\/www.dtromemonti.com\/de\/zimmer-und-suiten\/\"},{\"@type\":\"ListItem\",\"position\":3,\"name\":\"Junior Suite\"}]},{\"@type\":\"WebSite\",\"@id\":\"https:\/\/www.dtromemonti.com\/de\/#website\",\"url\":\"https:\/\/www.dtromemonti.com\/de\/\",\"name\":\"DoubleTree by Hilton Rome Monti\",\"description\":\"Just another ms.decms.eu site\",\"potentialAction\":[{\"@type\":\"SearchAction\",\"target\":{\"@type\":\"EntryPoint\",\"urlTemplate\":\"https:\/\/www.dtromemonti.com\/de\/?s={search_term_string}\"},\"query-input\":{\"@type\":\"PropertyValueSpecification\",\"valueRequired\":true,\"valueName\":\"search_term_string\"}}],\"inLanguage\":\"de-DE\"}]}<\/script>\n<!-- \/ Yoast SEO plugin. -->","yoast_head_json":{"title":"Junior Suite mit Lounge | DoubleTree by Hilton Rome Monti","description":"Verbringen Sie einen erholsamen Urlaub in den Junior-Suiten. Gro\u00dfe Zimmer mit Lounge, Minibar, Lavazza-Kaffeemaschine und privater Terrasse mit Blick auf Rom.","robots":{"index":"index","follow":"follow","max-snippet":"max-snippet:-1","max-image-preview":"max-image-preview:large","max-video-preview":"max-video-preview:-1"},"canonical":"https:\/\/www.dtromemonti.com\/de\/zimmer-und-suiten\/junior-suite\/","og_locale":"de_DE","og_type":"article","og_title":"Junior Suite mit Lounge | DoubleTree by Hilton Rome Monti","og_description":"Verbringen Sie einen erholsamen Urlaub in den Junior-Suiten. Gro\u00dfe Zimmer mit Lounge, Minibar, Lavazza-Kaffeemaschine und privater Terrasse mit Blick auf Rom.","og_url":"https:\/\/www.dtromemonti.com\/de\/zimmer-und-suiten\/junior-suite\/","og_site_name":"DoubleTree by Hilton Rome Monti","article_modified_time":"2025-12-09T11:23:30+00:00","twitter_card":"summary_large_image","twitter_misc":{"Gesch\u00e4tzte Lesezeit":"1 Minute"},"schema":{"@context":"https:\/\/schema.org","@graph":[{"@type":"WebPage","@id":"https:\/\/www.dtromemonti.com\/de\/zimmer-und-suiten\/junior-suite\/","url":"https:\/\/www.dtromemonti.com\/de\/zimmer-und-suiten\/junior-suite\/","name":"Junior Suite mit Lounge | DoubleTree by Hilton Rome Monti","isPartOf":{"@id":"https:\/\/www.dtromemonti.com\/de\/#website"},"datePublished":"2022-07-04T14:24:33+00:00","dateModified":"2025-12-09T11:23:30+00:00","description":"Verbringen Sie einen erholsamen Urlaub in den Junior-Suiten. Gro\u00dfe Zimmer mit Lounge, Minibar, Lavazza-Kaffeemaschine und privater Terrasse mit Blick auf Rom.","breadcrumb":{"@id":"https:\/\/www.dtromemonti.com\/de\/zimmer-und-suiten\/junior-suite\/#breadcrumb"},"inLanguage":"de-DE","potentialAction":[{"@type":"ReadAction","target":["https:\/\/www.dtromemonti.com\/de\/zimmer-und-suiten\/junior-suite\/"]}]},{"@type":"BreadcrumbList","@id":"https:\/\/www.dtromemonti.com\/de\/zimmer-und-suiten\/junior-suite\/#breadcrumb","itemListElement":[{"@type":"ListItem","position":1,"name":"Home","item":"https:\/\/www.dtromemonti.com\/de\/"},{"@type":"ListItem","position":2,"name":"Zimmer und Suiten","item":"https:\/\/www.dtromemonti.com\/de\/zimmer-und-suiten\/"},{"@type":"ListItem","position":3,"name":"Junior Suite"}]},{"@type":"WebSite","@id":"https:\/\/www.dtromemonti.com\/de\/#website","url":"https:\/\/www.dtromemonti.com\/de\/","name":"DoubleTree by Hilton Rome Monti","description":"Just another ms.decms.eu site","potentialAction":[{"@type":"SearchAction","target":{"@type":"EntryPoint","urlTemplate":"https:\/\/www.dtromemonti.com\/de\/?s={search_term_string}"},"query-input":{"@type":"PropertyValueSpecification","valueRequired":true,"valueName":"search_term_string"}}],"inLanguage":"de-DE"}]}},"acf":[],"_links":{"self":[{"href":"https:\/\/www.dtromemonti.com\/de\/wp-json\/wp\/v2\/pages\/39","targetHints":{"allow":["GET"]}}],"collection":[{"href":"https:\/\/www.dtromemonti.com\/de\/wp-json\/wp\/v2\/pages"}],"about":[{"href":"https:\/\/www.dtromemonti.com\/de\/wp-json\/wp\/v2\/types\/page"}],"author":[{"embeddable":true,"href":"https:\/\/www.dtromemonti.com\/de\/wp-json\/wp\/v2\/users\/6"}],"replies":[{"embeddable":true,"href":"https:\/\/www.dtromemonti.com\/de\/wp-json\/wp\/v2\/comments?post=39"}],"version-history":[{"count":0,"href":"https:\/\/www.dtromemonti.com\/de\/wp-json\/wp\/v2\/pages\/39\/revisions"}],"up":[{"embeddable":true,"href":"https:\/\/www.dtromemonti.com\/de\/wp-json\/wp\/v2\/pages\/26"}],"wp:attachment":[{"href":"https:\/\/www.dtromemonti.com\/de\/wp-json\/wp\/v2\/media?parent=39"}],"curies":[{"name":"wp","href":"https:\/\/api.w.org\/{rel}","templated":true}]}}