{"id":36,"date":"2022-07-04T14:21:45","date_gmt":"2022-07-04T14:21:45","guid":{"rendered":"https:\/\/hiltonrome.ms.decms.eu\/camere-e-suite\/deluxe-room\/"},"modified":"2025-12-09T11:16:20","modified_gmt":"2025-12-09T11:16:20","slug":"deluxe-room","status":"publish","type":"page","link":"https:\/\/www.dtromemonti.com\/de\/zimmer-und-suiten\/deluxe-room\/","title":{"rendered":"Deluxe Room"},"content":{"rendered":"<p><span style=\"font-weight: 400\">Kehren Sie nach einem Tag der Erkundung Roms oder zwischen Terminen und Gesch\u00e4ftsbesprechungen nach Hause zur\u00fcck und werden Sie von einer komfortablen Umgebung mit h\u00e4uslicher Atmosph\u00e4re begr\u00fc\u00dft, in der Sie sich frei bewegen k\u00f6nnen und die viel Platz f\u00fcr Ihre Einkaufstaschen und Laptops bietet. Legen Sie sich f\u00fcr einen Moment auf ein bequemes, gro\u00dfes Kingsize-Bett und ziehen Sie dann Ihren Bademantel und Ihre Hausschuhe an. Dann trinken Sie einen belebenden Espresso, zubereitet mit der Lavazza-Espressomaschine, oder einen entspannenden Kr\u00e4utertee, dank des Wasserkochers und der Auswahl an Tees und Aufg\u00fcssen. G\u00f6nnen Sie sich eine Pause mit Ihrer Lieblingsserie, informieren Sie sich \u00fcber die neuesten Nachrichten oder werfen Sie einen Blick auf die sozialen Medien dank des schnellen WLANs \u2014 bevor Sie merken, dass es schon Zeit f\u00fcrs Abendessen ist. Jetzt m\u00fcssen Sie nur noch eine Reservierung f\u00fcr das Abendessen in der Mamalia Restaurant vornehmen. Die Zeit im Deluxe Room ist ein angenehmer Luxus, den man sich bei einem Hotelaufenthalt in Rom g\u00f6nnen kann.<\/span><\/p>\n","protected":false},"excerpt":{"rendered":"<p>Kehren Sie nach einem Tag der Erkundung Roms oder zwischen Terminen und Gesch\u00e4ftsbesprechungen nach Hause zur\u00fcck und werden Sie von einer komfortablen Umgebung mit h\u00e4uslicher Atmosph\u00e4re begr\u00fc\u00dft, in der Sie sich frei bewegen k\u00f6nnen und die viel Platz f\u00fcr Ihre Einkaufstaschen und Laptops bietet. Legen Sie sich f\u00fcr einen Moment auf ein bequemes, gro\u00dfes Kingsize-Bett [&hellip;]<\/p>\n","protected":false},"author":6,"featured_media":0,"parent":26,"menu_order":22,"comment_status":"closed","ping_status":"closed","template":"template-single-room.php","meta":{"footnotes":""},"class_list":["post-36","page","type-page","status-publish","hentry"],"yoast_head":"<!-- This site is optimized with the Yoast SEO plugin v26.9 - https:\/\/yoast.com\/product\/yoast-seo-wordpress\/ -->\n<title>Deluxe Room: Kingsize-Bett | DoubleTree by Hilton Rome Monti<\/title>\n<meta name=\"description\" content=\"Die Deluxe Rooms sind ideale Zimmer zum Entspannen. Genie\u00dfen Sie den Komfort mit einem Kingsize-Bett in einem ger\u00e4umigen, hellen Ambiente. Jetzt buchen!\" \/>\n<meta name=\"robots\" content=\"index, follow, max-snippet:-1, max-image-preview:large, max-video-preview:-1\" \/>\n<link rel=\"canonical\" href=\"https:\/\/www.dtromemonti.com\/de\/zimmer-und-suiten\/deluxe-room\/\" \/>\n<meta property=\"og:locale\" content=\"de_DE\" \/>\n<meta property=\"og:type\" content=\"article\" \/>\n<meta property=\"og:title\" content=\"Deluxe Room: Kingsize-Bett | DoubleTree by Hilton Rome Monti\" \/>\n<meta property=\"og:description\" content=\"Die Deluxe Rooms sind ideale Zimmer zum Entspannen. Genie\u00dfen Sie den Komfort mit einem Kingsize-Bett in einem ger\u00e4umigen, hellen Ambiente. Jetzt buchen!\" \/>\n<meta property=\"og:url\" content=\"https:\/\/www.dtromemonti.com\/de\/zimmer-und-suiten\/deluxe-room\/\" \/>\n<meta property=\"og:site_name\" content=\"DoubleTree by Hilton Rome Monti\" \/>\n<meta property=\"article:modified_time\" content=\"2025-12-09T11:16:20+00:00\" \/>\n<meta name=\"twitter:card\" content=\"summary_large_image\" \/>\n<meta name=\"twitter:label1\" content=\"Gesch\u00e4tzte Lesezeit\" \/>\n\t<meta name=\"twitter:data1\" content=\"1 Minute\" \/>\n<script type=\"application\/ld+json\" class=\"yoast-schema-graph\">{\"@context\":\"https:\/\/schema.org\",\"@graph\":[{\"@type\":\"WebPage\",\"@id\":\"https:\/\/www.dtromemonti.com\/de\/zimmer-und-suiten\/deluxe-room\/\",\"url\":\"https:\/\/www.dtromemonti.com\/de\/zimmer-und-suiten\/deluxe-room\/\",\"name\":\"Deluxe Room: Kingsize-Bett | DoubleTree by Hilton Rome Monti\",\"isPartOf\":{\"@id\":\"https:\/\/www.dtromemonti.com\/de\/#website\"},\"datePublished\":\"2022-07-04T14:21:45+00:00\",\"dateModified\":\"2025-12-09T11:16:20+00:00\",\"description\":\"Die Deluxe Rooms sind ideale Zimmer zum Entspannen. Genie\u00dfen Sie den Komfort mit einem Kingsize-Bett in einem ger\u00e4umigen, hellen Ambiente. Jetzt buchen!\",\"breadcrumb\":{\"@id\":\"https:\/\/www.dtromemonti.com\/de\/zimmer-und-suiten\/deluxe-room\/#breadcrumb\"},\"inLanguage\":\"de-DE\",\"potentialAction\":[{\"@type\":\"ReadAction\",\"target\":[\"https:\/\/www.dtromemonti.com\/de\/zimmer-und-suiten\/deluxe-room\/\"]}]},{\"@type\":\"BreadcrumbList\",\"@id\":\"https:\/\/www.dtromemonti.com\/de\/zimmer-und-suiten\/deluxe-room\/#breadcrumb\",\"itemListElement\":[{\"@type\":\"ListItem\",\"position\":1,\"name\":\"Home\",\"item\":\"https:\/\/www.dtromemonti.com\/de\/\"},{\"@type\":\"ListItem\",\"position\":2,\"name\":\"Zimmer und Suiten\",\"item\":\"https:\/\/www.dtromemonti.com\/de\/zimmer-und-suiten\/\"},{\"@type\":\"ListItem\",\"position\":3,\"name\":\"Deluxe Room\"}]},{\"@type\":\"WebSite\",\"@id\":\"https:\/\/www.dtromemonti.com\/de\/#website\",\"url\":\"https:\/\/www.dtromemonti.com\/de\/\",\"name\":\"DoubleTree by Hilton Rome Monti\",\"description\":\"Just another ms.decms.eu site\",\"potentialAction\":[{\"@type\":\"SearchAction\",\"target\":{\"@type\":\"EntryPoint\",\"urlTemplate\":\"https:\/\/www.dtromemonti.com\/de\/?s={search_term_string}\"},\"query-input\":{\"@type\":\"PropertyValueSpecification\",\"valueRequired\":true,\"valueName\":\"search_term_string\"}}],\"inLanguage\":\"de-DE\"}]}<\/script>\n<!-- \/ Yoast SEO plugin. -->","yoast_head_json":{"title":"Deluxe Room: Kingsize-Bett | DoubleTree by Hilton Rome Monti","description":"Die Deluxe Rooms sind ideale Zimmer zum Entspannen. Genie\u00dfen Sie den Komfort mit einem Kingsize-Bett in einem ger\u00e4umigen, hellen Ambiente. Jetzt buchen!","robots":{"index":"index","follow":"follow","max-snippet":"max-snippet:-1","max-image-preview":"max-image-preview:large","max-video-preview":"max-video-preview:-1"},"canonical":"https:\/\/www.dtromemonti.com\/de\/zimmer-und-suiten\/deluxe-room\/","og_locale":"de_DE","og_type":"article","og_title":"Deluxe Room: Kingsize-Bett | DoubleTree by Hilton Rome Monti","og_description":"Die Deluxe Rooms sind ideale Zimmer zum Entspannen. Genie\u00dfen Sie den Komfort mit einem Kingsize-Bett in einem ger\u00e4umigen, hellen Ambiente. Jetzt buchen!","og_url":"https:\/\/www.dtromemonti.com\/de\/zimmer-und-suiten\/deluxe-room\/","og_site_name":"DoubleTree by Hilton Rome Monti","article_modified_time":"2025-12-09T11:16:20+00:00","twitter_card":"summary_large_image","twitter_misc":{"Gesch\u00e4tzte Lesezeit":"1 Minute"},"schema":{"@context":"https:\/\/schema.org","@graph":[{"@type":"WebPage","@id":"https:\/\/www.dtromemonti.com\/de\/zimmer-und-suiten\/deluxe-room\/","url":"https:\/\/www.dtromemonti.com\/de\/zimmer-und-suiten\/deluxe-room\/","name":"Deluxe Room: Kingsize-Bett | DoubleTree by Hilton Rome Monti","isPartOf":{"@id":"https:\/\/www.dtromemonti.com\/de\/#website"},"datePublished":"2022-07-04T14:21:45+00:00","dateModified":"2025-12-09T11:16:20+00:00","description":"Die Deluxe Rooms sind ideale Zimmer zum Entspannen. Genie\u00dfen Sie den Komfort mit einem Kingsize-Bett in einem ger\u00e4umigen, hellen Ambiente. Jetzt buchen!","breadcrumb":{"@id":"https:\/\/www.dtromemonti.com\/de\/zimmer-und-suiten\/deluxe-room\/#breadcrumb"},"inLanguage":"de-DE","potentialAction":[{"@type":"ReadAction","target":["https:\/\/www.dtromemonti.com\/de\/zimmer-und-suiten\/deluxe-room\/"]}]},{"@type":"BreadcrumbList","@id":"https:\/\/www.dtromemonti.com\/de\/zimmer-und-suiten\/deluxe-room\/#breadcrumb","itemListElement":[{"@type":"ListItem","position":1,"name":"Home","item":"https:\/\/www.dtromemonti.com\/de\/"},{"@type":"ListItem","position":2,"name":"Zimmer und Suiten","item":"https:\/\/www.dtromemonti.com\/de\/zimmer-und-suiten\/"},{"@type":"ListItem","position":3,"name":"Deluxe Room"}]},{"@type":"WebSite","@id":"https:\/\/www.dtromemonti.com\/de\/#website","url":"https:\/\/www.dtromemonti.com\/de\/","name":"DoubleTree by Hilton Rome Monti","description":"Just another ms.decms.eu site","potentialAction":[{"@type":"SearchAction","target":{"@type":"EntryPoint","urlTemplate":"https:\/\/www.dtromemonti.com\/de\/?s={search_term_string}"},"query-input":{"@type":"PropertyValueSpecification","valueRequired":true,"valueName":"search_term_string"}}],"inLanguage":"de-DE"}]}},"acf":[],"_links":{"self":[{"href":"https:\/\/www.dtromemonti.com\/de\/wp-json\/wp\/v2\/pages\/36","targetHints":{"allow":["GET"]}}],"collection":[{"href":"https:\/\/www.dtromemonti.com\/de\/wp-json\/wp\/v2\/pages"}],"about":[{"href":"https:\/\/www.dtromemonti.com\/de\/wp-json\/wp\/v2\/types\/page"}],"author":[{"embeddable":true,"href":"https:\/\/www.dtromemonti.com\/de\/wp-json\/wp\/v2\/users\/6"}],"replies":[{"embeddable":true,"href":"https:\/\/www.dtromemonti.com\/de\/wp-json\/wp\/v2\/comments?post=36"}],"version-history":[{"count":0,"href":"https:\/\/www.dtromemonti.com\/de\/wp-json\/wp\/v2\/pages\/36\/revisions"}],"up":[{"embeddable":true,"href":"https:\/\/www.dtromemonti.com\/de\/wp-json\/wp\/v2\/pages\/26"}],"wp:attachment":[{"href":"https:\/\/www.dtromemonti.com\/de\/wp-json\/wp\/v2\/media?parent=36"}],"curies":[{"name":"wp","href":"https:\/\/api.w.org\/{rel}","templated":true}]}}