{"id":33,"date":"2022-07-04T14:18:11","date_gmt":"2022-07-04T14:18:11","guid":{"rendered":"https:\/\/hiltonrome.ms.decms.eu\/camere-e-suite\/superior-room\/"},"modified":"2025-12-09T11:21:26","modified_gmt":"2025-12-09T11:21:26","slug":"superior-room","status":"publish","type":"page","link":"https:\/\/www.dtromemonti.com\/de\/zimmer-und-suiten\/superior-room\/","title":{"rendered":"Superior Room"},"content":{"rendered":"<p><span style=\"font-weight: 400\">Die Superior Zimmer im DoubleTree by Hilton Rome Monti zeichnen sich durch mehr als bequeme R\u00e4ume und Betten sowie durch die Raffinesse der Ausstattung und der Details aus. G\u00e4ste der Superior-Zimmer genie\u00dfen das Privileg, in ihrem Zimmer eine Lavazza-Espressomaschine mit verschiedenen Kaffeemischungen vorzufinden, w\u00e4hrend Tee- und Kr\u00e4uterteeliebhaber den Wasserkocher mit einer Auswahl an Teesorten kostenlos nutzen k\u00f6nnen. Schlie\u00dflich k\u00f6nnen Sportfans ihre Lieblingsteams \u00fcber eine gro\u00dfe Auswahl internationaler Sender verfolgen.<\/span><\/p>\n","protected":false},"excerpt":{"rendered":"<p>Die Superior Zimmer im DoubleTree by Hilton Rome Monti zeichnen sich durch mehr als bequeme R\u00e4ume und Betten sowie durch die Raffinesse der Ausstattung und der Details aus. G\u00e4ste der Superior-Zimmer genie\u00dfen das Privileg, in ihrem Zimmer eine Lavazza-Espressomaschine mit verschiedenen Kaffeemischungen vorzufinden, w\u00e4hrend Tee- und Kr\u00e4uterteeliebhaber den Wasserkocher mit einer Auswahl an Teesorten kostenlos [&hellip;]<\/p>\n","protected":false},"author":6,"featured_media":0,"parent":26,"menu_order":23,"comment_status":"closed","ping_status":"closed","template":"template-single-room.php","meta":{"footnotes":""},"class_list":["post-33","page","type-page","status-publish","hentry"],"yoast_head":"<!-- This site is optimized with the Yoast SEO plugin v26.9 - https:\/\/yoast.com\/product\/yoast-seo-wordpress\/ -->\n<title>Moderne Superior-Zimmer | DoubleTree by Hilton Rome Monti<\/title>\n<meta name=\"description\" content=\"Superior-Zimmer: f\u00fcr alle, die den h\u00f6chsten Komfort suchen. Kingsize-Bett und Entspannungsbereich mit Minibar und Lavazza-Kaffeemaschine. Jetzt buchen!\" \/>\n<meta name=\"robots\" content=\"index, follow, max-snippet:-1, max-image-preview:large, max-video-preview:-1\" \/>\n<link rel=\"canonical\" href=\"https:\/\/www.dtromemonti.com\/de\/zimmer-und-suiten\/superior-room\/\" \/>\n<meta property=\"og:locale\" content=\"de_DE\" \/>\n<meta property=\"og:type\" content=\"article\" \/>\n<meta property=\"og:title\" content=\"Moderne Superior-Zimmer | DoubleTree by Hilton Rome Monti\" \/>\n<meta property=\"og:description\" content=\"Superior-Zimmer: f\u00fcr alle, die den h\u00f6chsten Komfort suchen. Kingsize-Bett und Entspannungsbereich mit Minibar und Lavazza-Kaffeemaschine. Jetzt buchen!\" \/>\n<meta property=\"og:url\" content=\"https:\/\/www.dtromemonti.com\/de\/zimmer-und-suiten\/superior-room\/\" \/>\n<meta property=\"og:site_name\" content=\"DoubleTree by Hilton Rome Monti\" \/>\n<meta property=\"article:modified_time\" content=\"2025-12-09T11:21:26+00:00\" \/>\n<meta name=\"twitter:card\" content=\"summary_large_image\" \/>\n<meta name=\"twitter:label1\" content=\"Gesch\u00e4tzte Lesezeit\" \/>\n\t<meta name=\"twitter:data1\" content=\"1 Minute\" \/>\n<script type=\"application\/ld+json\" class=\"yoast-schema-graph\">{\"@context\":\"https:\/\/schema.org\",\"@graph\":[{\"@type\":\"WebPage\",\"@id\":\"https:\/\/www.dtromemonti.com\/de\/zimmer-und-suiten\/superior-room\/\",\"url\":\"https:\/\/www.dtromemonti.com\/de\/zimmer-und-suiten\/superior-room\/\",\"name\":\"Moderne Superior-Zimmer | DoubleTree by Hilton Rome Monti\",\"isPartOf\":{\"@id\":\"https:\/\/www.dtromemonti.com\/de\/#website\"},\"datePublished\":\"2022-07-04T14:18:11+00:00\",\"dateModified\":\"2025-12-09T11:21:26+00:00\",\"description\":\"Superior-Zimmer: f\u00fcr alle, die den h\u00f6chsten Komfort suchen. Kingsize-Bett und Entspannungsbereich mit Minibar und Lavazza-Kaffeemaschine. Jetzt buchen!\",\"breadcrumb\":{\"@id\":\"https:\/\/www.dtromemonti.com\/de\/zimmer-und-suiten\/superior-room\/#breadcrumb\"},\"inLanguage\":\"de-DE\",\"potentialAction\":[{\"@type\":\"ReadAction\",\"target\":[\"https:\/\/www.dtromemonti.com\/de\/zimmer-und-suiten\/superior-room\/\"]}]},{\"@type\":\"BreadcrumbList\",\"@id\":\"https:\/\/www.dtromemonti.com\/de\/zimmer-und-suiten\/superior-room\/#breadcrumb\",\"itemListElement\":[{\"@type\":\"ListItem\",\"position\":1,\"name\":\"Home\",\"item\":\"https:\/\/www.dtromemonti.com\/de\/\"},{\"@type\":\"ListItem\",\"position\":2,\"name\":\"Zimmer und Suiten\",\"item\":\"https:\/\/www.dtromemonti.com\/de\/zimmer-und-suiten\/\"},{\"@type\":\"ListItem\",\"position\":3,\"name\":\"Superior Room\"}]},{\"@type\":\"WebSite\",\"@id\":\"https:\/\/www.dtromemonti.com\/de\/#website\",\"url\":\"https:\/\/www.dtromemonti.com\/de\/\",\"name\":\"DoubleTree by Hilton Rome Monti\",\"description\":\"Just another ms.decms.eu site\",\"potentialAction\":[{\"@type\":\"SearchAction\",\"target\":{\"@type\":\"EntryPoint\",\"urlTemplate\":\"https:\/\/www.dtromemonti.com\/de\/?s={search_term_string}\"},\"query-input\":{\"@type\":\"PropertyValueSpecification\",\"valueRequired\":true,\"valueName\":\"search_term_string\"}}],\"inLanguage\":\"de-DE\"}]}<\/script>\n<!-- \/ Yoast SEO plugin. -->","yoast_head_json":{"title":"Moderne Superior-Zimmer | DoubleTree by Hilton Rome Monti","description":"Superior-Zimmer: f\u00fcr alle, die den h\u00f6chsten Komfort suchen. Kingsize-Bett und Entspannungsbereich mit Minibar und Lavazza-Kaffeemaschine. Jetzt buchen!","robots":{"index":"index","follow":"follow","max-snippet":"max-snippet:-1","max-image-preview":"max-image-preview:large","max-video-preview":"max-video-preview:-1"},"canonical":"https:\/\/www.dtromemonti.com\/de\/zimmer-und-suiten\/superior-room\/","og_locale":"de_DE","og_type":"article","og_title":"Moderne Superior-Zimmer | DoubleTree by Hilton Rome Monti","og_description":"Superior-Zimmer: f\u00fcr alle, die den h\u00f6chsten Komfort suchen. Kingsize-Bett und Entspannungsbereich mit Minibar und Lavazza-Kaffeemaschine. Jetzt buchen!","og_url":"https:\/\/www.dtromemonti.com\/de\/zimmer-und-suiten\/superior-room\/","og_site_name":"DoubleTree by Hilton Rome Monti","article_modified_time":"2025-12-09T11:21:26+00:00","twitter_card":"summary_large_image","twitter_misc":{"Gesch\u00e4tzte Lesezeit":"1 Minute"},"schema":{"@context":"https:\/\/schema.org","@graph":[{"@type":"WebPage","@id":"https:\/\/www.dtromemonti.com\/de\/zimmer-und-suiten\/superior-room\/","url":"https:\/\/www.dtromemonti.com\/de\/zimmer-und-suiten\/superior-room\/","name":"Moderne Superior-Zimmer | DoubleTree by Hilton Rome Monti","isPartOf":{"@id":"https:\/\/www.dtromemonti.com\/de\/#website"},"datePublished":"2022-07-04T14:18:11+00:00","dateModified":"2025-12-09T11:21:26+00:00","description":"Superior-Zimmer: f\u00fcr alle, die den h\u00f6chsten Komfort suchen. Kingsize-Bett und Entspannungsbereich mit Minibar und Lavazza-Kaffeemaschine. Jetzt buchen!","breadcrumb":{"@id":"https:\/\/www.dtromemonti.com\/de\/zimmer-und-suiten\/superior-room\/#breadcrumb"},"inLanguage":"de-DE","potentialAction":[{"@type":"ReadAction","target":["https:\/\/www.dtromemonti.com\/de\/zimmer-und-suiten\/superior-room\/"]}]},{"@type":"BreadcrumbList","@id":"https:\/\/www.dtromemonti.com\/de\/zimmer-und-suiten\/superior-room\/#breadcrumb","itemListElement":[{"@type":"ListItem","position":1,"name":"Home","item":"https:\/\/www.dtromemonti.com\/de\/"},{"@type":"ListItem","position":2,"name":"Zimmer und Suiten","item":"https:\/\/www.dtromemonti.com\/de\/zimmer-und-suiten\/"},{"@type":"ListItem","position":3,"name":"Superior Room"}]},{"@type":"WebSite","@id":"https:\/\/www.dtromemonti.com\/de\/#website","url":"https:\/\/www.dtromemonti.com\/de\/","name":"DoubleTree by Hilton Rome Monti","description":"Just another ms.decms.eu site","potentialAction":[{"@type":"SearchAction","target":{"@type":"EntryPoint","urlTemplate":"https:\/\/www.dtromemonti.com\/de\/?s={search_term_string}"},"query-input":{"@type":"PropertyValueSpecification","valueRequired":true,"valueName":"search_term_string"}}],"inLanguage":"de-DE"}]}},"acf":[],"_links":{"self":[{"href":"https:\/\/www.dtromemonti.com\/de\/wp-json\/wp\/v2\/pages\/33","targetHints":{"allow":["GET"]}}],"collection":[{"href":"https:\/\/www.dtromemonti.com\/de\/wp-json\/wp\/v2\/pages"}],"about":[{"href":"https:\/\/www.dtromemonti.com\/de\/wp-json\/wp\/v2\/types\/page"}],"author":[{"embeddable":true,"href":"https:\/\/www.dtromemonti.com\/de\/wp-json\/wp\/v2\/users\/6"}],"replies":[{"embeddable":true,"href":"https:\/\/www.dtromemonti.com\/de\/wp-json\/wp\/v2\/comments?post=33"}],"version-history":[{"count":0,"href":"https:\/\/www.dtromemonti.com\/de\/wp-json\/wp\/v2\/pages\/33\/revisions"}],"up":[{"embeddable":true,"href":"https:\/\/www.dtromemonti.com\/de\/wp-json\/wp\/v2\/pages\/26"}],"wp:attachment":[{"href":"https:\/\/www.dtromemonti.com\/de\/wp-json\/wp\/v2\/media?parent=33"}],"curies":[{"name":"wp","href":"https:\/\/api.w.org\/{rel}","templated":true}]}}