{"id":30,"date":"2022-07-04T14:15:01","date_gmt":"2022-07-04T14:15:01","guid":{"rendered":"https:\/\/hiltonrome.ms.decms.eu\/camere-e-suite\/guest-room\/"},"modified":"2024-12-20T09:54:37","modified_gmt":"2024-12-20T09:54:37","slug":"guest-room","status":"publish","type":"page","link":"https:\/\/www.dtromemonti.com\/de\/zimmer-und-suiten\/guest-room\/","title":{"rendered":"Guest Room"},"content":{"rendered":"<p><span style=\"font-weight: 400\">Die ganze Eleganz und der Service des DoubleTree by Hilton Rome Monti werden im G\u00e4stezimmer angeboten, einer komfortablen L\u00f6sung f\u00fcr zwei Personen, in der Sie einen Urlaub oder einen Gesch\u00e4ftsaufenthalt in der Ewigen Stadt bequem verbringen k\u00f6nnen. F\u00fcr Momente der Entspannung stehen den G\u00e4sten Tee- und Kaffeezubereitungsm\u00f6glichkeiten zur Verf\u00fcgung, mit einer Auswahl an kostenlosem Tee, Kr\u00e4utertee und Kaffee sowie zwei Flaschen Wasser in der Minibar. Ein kleiner Schreibtisch vervollst\u00e4ndigt die Ausstattung des G\u00e4stezimmers.<\/span><\/p>\n","protected":false},"excerpt":{"rendered":"<p>Die ganze Eleganz und der Service des DoubleTree by Hilton Rome Monti werden im G\u00e4stezimmer angeboten, einer komfortablen L\u00f6sung f\u00fcr zwei Personen, in der Sie einen Urlaub oder einen Gesch\u00e4ftsaufenthalt in der Ewigen Stadt bequem verbringen k\u00f6nnen. F\u00fcr Momente der Entspannung stehen den G\u00e4sten Tee- und Kaffeezubereitungsm\u00f6glichkeiten zur Verf\u00fcgung, mit einer Auswahl an kostenlosem Tee, [&hellip;]<\/p>\n","protected":false},"author":6,"featured_media":0,"parent":26,"menu_order":21,"comment_status":"closed","ping_status":"closed","template":"template-single-room.php","meta":{"footnotes":""},"class_list":["post-30","page","type-page","status-publish","hentry"],"yoast_head":"<!-- This site is optimized with the Yoast SEO plugin v26.9 - https:\/\/yoast.com\/product\/yoast-seo-wordpress\/ -->\n<title>Gem\u00fctliche Guest Rooms | DoubleTree by Hilton Rome Monti<\/title>\n<meta name=\"description\" content=\"Entspannen Sie sich in unseren Guest Rooms. Genie\u00dfen Sie alle Annehmlichkeiten wie Queen-Size-Bett und Minibar. Ideal f\u00fcr Freizeit- und Gesch\u00e4ftsreisen.\" \/>\n<meta name=\"robots\" content=\"index, follow, max-snippet:-1, max-image-preview:large, max-video-preview:-1\" \/>\n<link rel=\"canonical\" href=\"https:\/\/www.dtromemonti.com\/de\/zimmer-und-suiten\/guest-room\/\" \/>\n<meta property=\"og:locale\" content=\"de_DE\" \/>\n<meta property=\"og:type\" content=\"article\" \/>\n<meta property=\"og:title\" content=\"Gem\u00fctliche Guest Rooms | DoubleTree by Hilton Rome Monti\" \/>\n<meta property=\"og:description\" content=\"Entspannen Sie sich in unseren Guest Rooms. Genie\u00dfen Sie alle Annehmlichkeiten wie Queen-Size-Bett und Minibar. Ideal f\u00fcr Freizeit- und Gesch\u00e4ftsreisen.\" \/>\n<meta property=\"og:url\" content=\"https:\/\/www.dtromemonti.com\/de\/zimmer-und-suiten\/guest-room\/\" \/>\n<meta property=\"og:site_name\" content=\"DoubleTree by Hilton Rome Monti\" \/>\n<meta property=\"article:modified_time\" content=\"2024-12-20T09:54:37+00:00\" \/>\n<meta name=\"twitter:card\" content=\"summary_large_image\" \/>\n<meta name=\"twitter:label1\" content=\"Gesch\u00e4tzte Lesezeit\" \/>\n\t<meta name=\"twitter:data1\" content=\"1 Minute\" \/>\n<script type=\"application\/ld+json\" class=\"yoast-schema-graph\">{\"@context\":\"https:\/\/schema.org\",\"@graph\":[{\"@type\":\"WebPage\",\"@id\":\"https:\/\/www.dtromemonti.com\/de\/zimmer-und-suiten\/guest-room\/\",\"url\":\"https:\/\/www.dtromemonti.com\/de\/zimmer-und-suiten\/guest-room\/\",\"name\":\"Gem\u00fctliche Guest Rooms | DoubleTree by Hilton Rome Monti\",\"isPartOf\":{\"@id\":\"https:\/\/www.dtromemonti.com\/de\/#website\"},\"datePublished\":\"2022-07-04T14:15:01+00:00\",\"dateModified\":\"2024-12-20T09:54:37+00:00\",\"description\":\"Entspannen Sie sich in unseren Guest Rooms. Genie\u00dfen Sie alle Annehmlichkeiten wie Queen-Size-Bett und Minibar. Ideal f\u00fcr Freizeit- und Gesch\u00e4ftsreisen.\",\"breadcrumb\":{\"@id\":\"https:\/\/www.dtromemonti.com\/de\/zimmer-und-suiten\/guest-room\/#breadcrumb\"},\"inLanguage\":\"de-DE\",\"potentialAction\":[{\"@type\":\"ReadAction\",\"target\":[\"https:\/\/www.dtromemonti.com\/de\/zimmer-und-suiten\/guest-room\/\"]}]},{\"@type\":\"BreadcrumbList\",\"@id\":\"https:\/\/www.dtromemonti.com\/de\/zimmer-und-suiten\/guest-room\/#breadcrumb\",\"itemListElement\":[{\"@type\":\"ListItem\",\"position\":1,\"name\":\"Home\",\"item\":\"https:\/\/www.dtromemonti.com\/de\/\"},{\"@type\":\"ListItem\",\"position\":2,\"name\":\"Zimmer und Suiten\",\"item\":\"https:\/\/www.dtromemonti.com\/de\/zimmer-und-suiten\/\"},{\"@type\":\"ListItem\",\"position\":3,\"name\":\"Guest Room\"}]},{\"@type\":\"WebSite\",\"@id\":\"https:\/\/www.dtromemonti.com\/de\/#website\",\"url\":\"https:\/\/www.dtromemonti.com\/de\/\",\"name\":\"DoubleTree by Hilton Rome Monti\",\"description\":\"Just another ms.decms.eu site\",\"potentialAction\":[{\"@type\":\"SearchAction\",\"target\":{\"@type\":\"EntryPoint\",\"urlTemplate\":\"https:\/\/www.dtromemonti.com\/de\/?s={search_term_string}\"},\"query-input\":{\"@type\":\"PropertyValueSpecification\",\"valueRequired\":true,\"valueName\":\"search_term_string\"}}],\"inLanguage\":\"de-DE\"}]}<\/script>\n<!-- \/ Yoast SEO plugin. -->","yoast_head_json":{"title":"Gem\u00fctliche Guest Rooms | DoubleTree by Hilton Rome Monti","description":"Entspannen Sie sich in unseren Guest Rooms. Genie\u00dfen Sie alle Annehmlichkeiten wie Queen-Size-Bett und Minibar. Ideal f\u00fcr Freizeit- und Gesch\u00e4ftsreisen.","robots":{"index":"index","follow":"follow","max-snippet":"max-snippet:-1","max-image-preview":"max-image-preview:large","max-video-preview":"max-video-preview:-1"},"canonical":"https:\/\/www.dtromemonti.com\/de\/zimmer-und-suiten\/guest-room\/","og_locale":"de_DE","og_type":"article","og_title":"Gem\u00fctliche Guest Rooms | DoubleTree by Hilton Rome Monti","og_description":"Entspannen Sie sich in unseren Guest Rooms. Genie\u00dfen Sie alle Annehmlichkeiten wie Queen-Size-Bett und Minibar. Ideal f\u00fcr Freizeit- und Gesch\u00e4ftsreisen.","og_url":"https:\/\/www.dtromemonti.com\/de\/zimmer-und-suiten\/guest-room\/","og_site_name":"DoubleTree by Hilton Rome Monti","article_modified_time":"2024-12-20T09:54:37+00:00","twitter_card":"summary_large_image","twitter_misc":{"Gesch\u00e4tzte Lesezeit":"1 Minute"},"schema":{"@context":"https:\/\/schema.org","@graph":[{"@type":"WebPage","@id":"https:\/\/www.dtromemonti.com\/de\/zimmer-und-suiten\/guest-room\/","url":"https:\/\/www.dtromemonti.com\/de\/zimmer-und-suiten\/guest-room\/","name":"Gem\u00fctliche Guest Rooms | DoubleTree by Hilton Rome Monti","isPartOf":{"@id":"https:\/\/www.dtromemonti.com\/de\/#website"},"datePublished":"2022-07-04T14:15:01+00:00","dateModified":"2024-12-20T09:54:37+00:00","description":"Entspannen Sie sich in unseren Guest Rooms. Genie\u00dfen Sie alle Annehmlichkeiten wie Queen-Size-Bett und Minibar. Ideal f\u00fcr Freizeit- und Gesch\u00e4ftsreisen.","breadcrumb":{"@id":"https:\/\/www.dtromemonti.com\/de\/zimmer-und-suiten\/guest-room\/#breadcrumb"},"inLanguage":"de-DE","potentialAction":[{"@type":"ReadAction","target":["https:\/\/www.dtromemonti.com\/de\/zimmer-und-suiten\/guest-room\/"]}]},{"@type":"BreadcrumbList","@id":"https:\/\/www.dtromemonti.com\/de\/zimmer-und-suiten\/guest-room\/#breadcrumb","itemListElement":[{"@type":"ListItem","position":1,"name":"Home","item":"https:\/\/www.dtromemonti.com\/de\/"},{"@type":"ListItem","position":2,"name":"Zimmer und Suiten","item":"https:\/\/www.dtromemonti.com\/de\/zimmer-und-suiten\/"},{"@type":"ListItem","position":3,"name":"Guest Room"}]},{"@type":"WebSite","@id":"https:\/\/www.dtromemonti.com\/de\/#website","url":"https:\/\/www.dtromemonti.com\/de\/","name":"DoubleTree by Hilton Rome Monti","description":"Just another ms.decms.eu site","potentialAction":[{"@type":"SearchAction","target":{"@type":"EntryPoint","urlTemplate":"https:\/\/www.dtromemonti.com\/de\/?s={search_term_string}"},"query-input":{"@type":"PropertyValueSpecification","valueRequired":true,"valueName":"search_term_string"}}],"inLanguage":"de-DE"}]}},"acf":[],"_links":{"self":[{"href":"https:\/\/www.dtromemonti.com\/de\/wp-json\/wp\/v2\/pages\/30","targetHints":{"allow":["GET"]}}],"collection":[{"href":"https:\/\/www.dtromemonti.com\/de\/wp-json\/wp\/v2\/pages"}],"about":[{"href":"https:\/\/www.dtromemonti.com\/de\/wp-json\/wp\/v2\/types\/page"}],"author":[{"embeddable":true,"href":"https:\/\/www.dtromemonti.com\/de\/wp-json\/wp\/v2\/users\/6"}],"replies":[{"embeddable":true,"href":"https:\/\/www.dtromemonti.com\/de\/wp-json\/wp\/v2\/comments?post=30"}],"version-history":[{"count":0,"href":"https:\/\/www.dtromemonti.com\/de\/wp-json\/wp\/v2\/pages\/30\/revisions"}],"up":[{"embeddable":true,"href":"https:\/\/www.dtromemonti.com\/de\/wp-json\/wp\/v2\/pages\/26"}],"wp:attachment":[{"href":"https:\/\/www.dtromemonti.com\/de\/wp-json\/wp\/v2\/media?parent=30"}],"curies":[{"name":"wp","href":"https:\/\/api.w.org\/{rel}","templated":true}]}}