{"id":26,"date":"2022-07-04T14:13:30","date_gmt":"2022-07-04T14:13:30","guid":{"rendered":"https:\/\/hiltonrome.ms.decms.eu\/camere-e-suite\/"},"modified":"2023-02-21T07:51:00","modified_gmt":"2023-02-21T07:51:00","slug":"zimmer-und-suiten","status":"publish","type":"page","link":"https:\/\/www.dtromemonti.com\/de\/zimmer-und-suiten\/","title":{"rendered":"Zimmer und Suiten"},"content":{"rendered":"<p><span style=\"font-weight: 400;\">Schlafen Sie im historischen Zentrum Roms, mit <\/span><b>Blick auf die Ewige Stadt<\/b><span style=\"font-weight: 400;\">, umh\u00fcllt von der Eleganz des italienischen Designs und dem kleinen Luxus: Die Zimmer und Suiten des DoubleTree by Hilton Rome Monti, ausgestattet mit dem besten Komfort f\u00fcr einen angenehmen Aufenthalt in Rom, sind eine <\/span><b>Schatztruhe voller Stil und Entspannung<\/b><span style=\"font-weight: 400;\">.<\/span><\/p>\n<p><span style=\"font-weight: 400;\">Ein <\/span><b>Wasserkocher mit einer Auswahl an Tees und Kr\u00e4utertees<\/b><span style=\"font-weight: 400;\">, eine H\u00f6flichkeitslinie Crabtree &amp; Evelyn und eine Minibar mit kostenlosem Wasser sind der exklusive Willkommensgru\u00df f\u00fcr alle G\u00e4ste, die das DoubleTree by Hilton Rome Monti f\u00fcr einen Rom-Urlaub oder einen Gesch\u00e4ftsaufenthalt gew\u00e4hlt haben. In allen Unterk\u00fcnften gibt es eine <\/span><b>unabh\u00e4ngige Temperaturregelung<\/b><span style=\"font-weight: 400;\">, kostenloses W-Lan, HD-Fernseher, Ladeger\u00e4te mit USB-Anschluss und einen Laptop-Safe. Die <\/span><b>Hausautomatisierung<\/b><span style=\"font-weight: 400;\"> erm\u00f6glicht es, die Anwesenheit der G\u00e4ste im Zimmer zu erkennen und elektrische Ger\u00e4te ein- und auszuschalten, in \u00dcbereinstimmung mit dem Programm f\u00fcr <\/span><b>\u00f6kologische Nachhaltigkeit<\/b><span style=\"font-weight: 400;\"> der DoubleTree By Hilton Hotels.<\/span><\/p>\n<p><span style=\"font-weight: 400;\">Vor allem aber ist jedes Zimmer eine <\/span><b>Umarmung aus Licht und Atmosph\u00e4re<\/b><span style=\"font-weight: 400;\">, in der Entspannung an erster Stelle steht. Die Betten bieten ultrabequeme Matratzen, die mit der neuesten Technologie hergestellt und mit Toppern ausgestattet sind, sowie eine <\/span><b>Reihe von Kissen <\/b><span style=\"font-weight: 400;\">, aus denen Sie das Beste f\u00fcr Ihre Bed\u00fcrfnisse ausw\u00e4hlen k\u00f6nnen.<\/span><\/p>\n<p><span style=\"font-weight: 400;\">Allein, zu zweit, mit Freunden, mit der Familie: F\u00fcr jede Gelegenheit bietet das DoubleTree by Hilton Rome Monti die L\u00f6sung, um <\/span><b>den besten Hotelaufenthalt in Rom<\/b><span style=\"font-weight: 400;\"> zu erleben.\u00a0<\/span><\/p>\n<p><b>Entdecken Sie die Zimmer und Suiten und w\u00e4hlen Sie das Beste f\u00fcr Sie<\/b><span style=\"font-weight: 400;\">. <\/span><\/p>\n","protected":false},"excerpt":{"rendered":"<p>Schlafen Sie im historischen Zentrum Roms, mit Blick auf die Ewige Stadt, umh\u00fcllt von der Eleganz des italienischen Designs und dem kleinen Luxus: Die Zimmer und Suiten des DoubleTree by Hilton Rome Monti, ausgestattet mit dem besten Komfort f\u00fcr einen angenehmen Aufenthalt in Rom, sind eine Schatztruhe voller Stil und Entspannung. Ein Wasserkocher mit einer [&hellip;]<\/p>\n","protected":false},"author":6,"featured_media":0,"parent":0,"menu_order":20,"comment_status":"closed","ping_status":"closed","template":"template-rooms.php","meta":{"footnotes":""},"class_list":["post-26","page","type-page","status-publish","hentry"],"yoast_head":"<!-- This site is optimized with the Yoast SEO plugin v26.9 - https:\/\/yoast.com\/product\/yoast-seo-wordpress\/ -->\n<title>Zimmer und Suiten Rom | Hilton Rome Monti<\/title>\n<meta name=\"description\" content=\"Die modern gestalteten Zimmer und Suiten des DoubleTree by Hilton Rome Monti sind mit jedem erdenklichen Service ausgestattet. Buchen Sie Ihren Aufenthalt!\" \/>\n<meta name=\"robots\" content=\"index, follow, max-snippet:-1, max-image-preview:large, max-video-preview:-1\" \/>\n<link rel=\"canonical\" href=\"https:\/\/www.dtromemonti.com\/de\/zimmer-und-suiten\/\" \/>\n<meta property=\"og:locale\" content=\"de_DE\" \/>\n<meta property=\"og:type\" content=\"article\" \/>\n<meta property=\"og:title\" content=\"Zimmer und Suiten Rom | Hilton Rome Monti\" \/>\n<meta property=\"og:description\" content=\"Die modern gestalteten Zimmer und Suiten des DoubleTree by Hilton Rome Monti sind mit jedem erdenklichen Service ausgestattet. Buchen Sie Ihren Aufenthalt!\" \/>\n<meta property=\"og:url\" content=\"https:\/\/www.dtromemonti.com\/de\/zimmer-und-suiten\/\" \/>\n<meta property=\"og:site_name\" content=\"DoubleTree by Hilton Rome Monti\" \/>\n<meta property=\"article:modified_time\" content=\"2023-02-21T07:51:00+00:00\" \/>\n<meta name=\"twitter:card\" content=\"summary_large_image\" \/>\n<meta name=\"twitter:label1\" content=\"Gesch\u00e4tzte Lesezeit\" \/>\n\t<meta name=\"twitter:data1\" content=\"2 Minuten\" \/>\n<script type=\"application\/ld+json\" class=\"yoast-schema-graph\">{\"@context\":\"https:\/\/schema.org\",\"@graph\":[{\"@type\":\"WebPage\",\"@id\":\"https:\/\/www.dtromemonti.com\/de\/zimmer-und-suiten\/\",\"url\":\"https:\/\/www.dtromemonti.com\/de\/zimmer-und-suiten\/\",\"name\":\"Zimmer und Suiten Rom | Hilton Rome Monti\",\"isPartOf\":{\"@id\":\"https:\/\/www.dtromemonti.com\/de\/#website\"},\"datePublished\":\"2022-07-04T14:13:30+00:00\",\"dateModified\":\"2023-02-21T07:51:00+00:00\",\"description\":\"Die modern gestalteten Zimmer und Suiten des DoubleTree by Hilton Rome Monti sind mit jedem erdenklichen Service ausgestattet. Buchen Sie Ihren Aufenthalt!\",\"breadcrumb\":{\"@id\":\"https:\/\/www.dtromemonti.com\/de\/zimmer-und-suiten\/#breadcrumb\"},\"inLanguage\":\"de-DE\",\"potentialAction\":[{\"@type\":\"ReadAction\",\"target\":[\"https:\/\/www.dtromemonti.com\/de\/zimmer-und-suiten\/\"]}]},{\"@type\":\"BreadcrumbList\",\"@id\":\"https:\/\/www.dtromemonti.com\/de\/zimmer-und-suiten\/#breadcrumb\",\"itemListElement\":[{\"@type\":\"ListItem\",\"position\":1,\"name\":\"Home\",\"item\":\"https:\/\/www.dtromemonti.com\/de\/\"},{\"@type\":\"ListItem\",\"position\":2,\"name\":\"Zimmer und Suiten\"}]},{\"@type\":\"WebSite\",\"@id\":\"https:\/\/www.dtromemonti.com\/de\/#website\",\"url\":\"https:\/\/www.dtromemonti.com\/de\/\",\"name\":\"DoubleTree by Hilton Rome Monti\",\"description\":\"Just another ms.decms.eu site\",\"potentialAction\":[{\"@type\":\"SearchAction\",\"target\":{\"@type\":\"EntryPoint\",\"urlTemplate\":\"https:\/\/www.dtromemonti.com\/de\/?s={search_term_string}\"},\"query-input\":{\"@type\":\"PropertyValueSpecification\",\"valueRequired\":true,\"valueName\":\"search_term_string\"}}],\"inLanguage\":\"de-DE\"}]}<\/script>\n<!-- \/ Yoast SEO plugin. -->","yoast_head_json":{"title":"Zimmer und Suiten Rom | Hilton Rome Monti","description":"Die modern gestalteten Zimmer und Suiten des DoubleTree by Hilton Rome Monti sind mit jedem erdenklichen Service ausgestattet. Buchen Sie Ihren Aufenthalt!","robots":{"index":"index","follow":"follow","max-snippet":"max-snippet:-1","max-image-preview":"max-image-preview:large","max-video-preview":"max-video-preview:-1"},"canonical":"https:\/\/www.dtromemonti.com\/de\/zimmer-und-suiten\/","og_locale":"de_DE","og_type":"article","og_title":"Zimmer und Suiten Rom | Hilton Rome Monti","og_description":"Die modern gestalteten Zimmer und Suiten des DoubleTree by Hilton Rome Monti sind mit jedem erdenklichen Service ausgestattet. Buchen Sie Ihren Aufenthalt!","og_url":"https:\/\/www.dtromemonti.com\/de\/zimmer-und-suiten\/","og_site_name":"DoubleTree by Hilton Rome Monti","article_modified_time":"2023-02-21T07:51:00+00:00","twitter_card":"summary_large_image","twitter_misc":{"Gesch\u00e4tzte Lesezeit":"2 Minuten"},"schema":{"@context":"https:\/\/schema.org","@graph":[{"@type":"WebPage","@id":"https:\/\/www.dtromemonti.com\/de\/zimmer-und-suiten\/","url":"https:\/\/www.dtromemonti.com\/de\/zimmer-und-suiten\/","name":"Zimmer und Suiten Rom | Hilton Rome Monti","isPartOf":{"@id":"https:\/\/www.dtromemonti.com\/de\/#website"},"datePublished":"2022-07-04T14:13:30+00:00","dateModified":"2023-02-21T07:51:00+00:00","description":"Die modern gestalteten Zimmer und Suiten des DoubleTree by Hilton Rome Monti sind mit jedem erdenklichen Service ausgestattet. Buchen Sie Ihren Aufenthalt!","breadcrumb":{"@id":"https:\/\/www.dtromemonti.com\/de\/zimmer-und-suiten\/#breadcrumb"},"inLanguage":"de-DE","potentialAction":[{"@type":"ReadAction","target":["https:\/\/www.dtromemonti.com\/de\/zimmer-und-suiten\/"]}]},{"@type":"BreadcrumbList","@id":"https:\/\/www.dtromemonti.com\/de\/zimmer-und-suiten\/#breadcrumb","itemListElement":[{"@type":"ListItem","position":1,"name":"Home","item":"https:\/\/www.dtromemonti.com\/de\/"},{"@type":"ListItem","position":2,"name":"Zimmer und Suiten"}]},{"@type":"WebSite","@id":"https:\/\/www.dtromemonti.com\/de\/#website","url":"https:\/\/www.dtromemonti.com\/de\/","name":"DoubleTree by Hilton Rome Monti","description":"Just another ms.decms.eu site","potentialAction":[{"@type":"SearchAction","target":{"@type":"EntryPoint","urlTemplate":"https:\/\/www.dtromemonti.com\/de\/?s={search_term_string}"},"query-input":{"@type":"PropertyValueSpecification","valueRequired":true,"valueName":"search_term_string"}}],"inLanguage":"de-DE"}]}},"acf":[],"_links":{"self":[{"href":"https:\/\/www.dtromemonti.com\/de\/wp-json\/wp\/v2\/pages\/26","targetHints":{"allow":["GET"]}}],"collection":[{"href":"https:\/\/www.dtromemonti.com\/de\/wp-json\/wp\/v2\/pages"}],"about":[{"href":"https:\/\/www.dtromemonti.com\/de\/wp-json\/wp\/v2\/types\/page"}],"author":[{"embeddable":true,"href":"https:\/\/www.dtromemonti.com\/de\/wp-json\/wp\/v2\/users\/6"}],"replies":[{"embeddable":true,"href":"https:\/\/www.dtromemonti.com\/de\/wp-json\/wp\/v2\/comments?post=26"}],"version-history":[{"count":0,"href":"https:\/\/www.dtromemonti.com\/de\/wp-json\/wp\/v2\/pages\/26\/revisions"}],"wp:attachment":[{"href":"https:\/\/www.dtromemonti.com\/de\/wp-json\/wp\/v2\/media?parent=26"}],"curies":[{"name":"wp","href":"https:\/\/api.w.org\/{rel}","templated":true}]}}