{"id":238,"date":"2022-07-04T14:01:59","date_gmt":"2022-07-04T14:01:59","guid":{"rendered":"https:\/\/hiltonrome.ms.decms.eu\/hotel\/"},"modified":"2023-02-21T07:49:15","modified_gmt":"2023-02-21T07:49:15","slug":"hotels","status":"publish","type":"page","link":"https:\/\/www.dtromemonti.com\/de\/hotels\/","title":{"rendered":"Hotels"},"content":{"rendered":"<p><span style=\"font-weight: 400;\">Ein <\/span><b>neues Hotelkonzept<\/b><span style=\"font-weight: 400;\"> erwartet Sie im <\/span><b>DoubleTree by Hilton Rome Monti<\/b><span style=\"font-weight: 400;\">: gr\u00fcn, ungezwungen, <\/span><b>nachhaltig<\/b><span style=\"font-weight: 400;\">.<\/span><\/p>\n<p><span style=\"font-weight: 400;\">Das <\/span><b>Interior Design <\/b><span style=\"font-weight: 400;\">des DoubleTree by Hilton Rome Monti wurde vom <\/span><b>renommierten THDP Design Studio<\/b><span style=\"font-weight: 400;\"> entworfen, dem es gelungen ist, <\/span><b>die Atmosph\u00e4re Roms<\/b><span style=\"font-weight: 400;\"> in die R\u00e4ume des Hotels zu bringen, wo es einen <\/span><b>zeitgen\u00f6ssischen Raum<\/b><span style=\"font-weight: 400;\"> mit allen Annehmlichkeiten und Dienstleistungen von Hilton geschaffen hat, mit besonderem Augenmerk auf den Respekt f\u00fcr die <\/span><b>\u00f6kologische Nachhaltigkeit<\/b><span style=\"font-weight: 400;\">, ein wesentlicher Wert in der Philosophie des DoubleTree by Hilton Rome Monti.\u00a0<\/span><\/p>\n<p><span style=\"font-weight: 400;\">Wenn Sie im Hotel ankommen, werden Sie von kleinen <\/span><b>gr\u00fcnen Oasen<\/b><span style=\"font-weight: 400;\"> mit \u00fcppigen Pflanzen, Lounges und multifunktionalen R\u00e4umen in einem <\/span><b>zeitgen\u00f6ssischen Stil<\/b><span style=\"font-weight: 400;\">, Details und Dekorationen, die vom <\/span><b>alten Rom<\/b><span style=\"font-weight: 400;\"> inspiriert sind, <\/span><b>begr\u00fc\u00dft<\/b><span style=\"font-weight: 400;\">: eine Umgebung, die dazu einl\u00e4dt, innezuhalten und Zeit, Emotionen und Ideen zu teilen, w\u00e4hrend Sie in Ihrem Zimmer Privatsph\u00e4re, Komfort und modernste Schlafl\u00f6sungen finden.<\/span><\/p>\n<p><span style=\"font-weight: 400;\">Im DoubleTree by Hilton Rome Mont sind das <\/span><b>L\u00e4cheln<\/b><span style=\"font-weight: 400;\"> und die Professionalit\u00e4t unseres <\/span><b>Teams<\/b><span style=\"font-weight: 400;\"> immer zu Hause, genau wie Sie!<\/span><\/p>\n<p><span style=\"font-weight: 400;\">Entdecken Sie das Design, die Werte und die R\u00e4umlichkeiten des DoubleTree by Hilton Rome Monti <\/span><\/p>\n","protected":false},"excerpt":{"rendered":"<p>Ein neues Hotelkonzept erwartet Sie im DoubleTree by Hilton Rome Monti: gr\u00fcn, ungezwungen, nachhaltig. Das Interior Design des DoubleTree by Hilton Rome Monti wurde vom renommierten THDP Design Studio entworfen, dem es gelungen ist, die Atmosph\u00e4re Roms in die R\u00e4ume des Hotels zu bringen, wo es einen zeitgen\u00f6ssischen Raum mit allen Annehmlichkeiten und Dienstleistungen von [&hellip;]<\/p>\n","protected":false},"author":6,"featured_media":0,"parent":0,"menu_order":10,"comment_status":"closed","ping_status":"closed","template":"template-services.php","meta":{"footnotes":""},"class_list":["post-238","page","type-page","status-publish","hentry"],"yoast_head":"<!-- This site is optimized with the Yoast SEO plugin v26.9 - https:\/\/yoast.com\/product\/yoast-seo-wordpress\/ -->\n<title>Hotel Hilton Rom Zentrum | DoubleTree by Hilton Rome Monti<\/title>\n<meta name=\"description\" content=\"DoubleTree by Hilton Rome Monti: modernes Design-Hotel nahe Roma Termini mit erstklassigem Service f\u00fcr Freizeit und Business. Eine einzigartige Erfahrung.\" \/>\n<meta name=\"robots\" content=\"index, follow, max-snippet:-1, max-image-preview:large, max-video-preview:-1\" \/>\n<link rel=\"canonical\" href=\"https:\/\/www.dtromemonti.com\/de\/hotels\/\" \/>\n<meta property=\"og:locale\" content=\"de_DE\" \/>\n<meta property=\"og:type\" content=\"article\" \/>\n<meta property=\"og:title\" content=\"Hotel Hilton Rom Zentrum | DoubleTree by Hilton Rome Monti\" \/>\n<meta property=\"og:description\" content=\"DoubleTree by Hilton Rome Monti: modernes Design-Hotel nahe Roma Termini mit erstklassigem Service f\u00fcr Freizeit und Business. Eine einzigartige Erfahrung.\" \/>\n<meta property=\"og:url\" content=\"https:\/\/www.dtromemonti.com\/de\/hotels\/\" \/>\n<meta property=\"og:site_name\" content=\"DoubleTree by Hilton Rome Monti\" \/>\n<meta property=\"article:modified_time\" content=\"2023-02-21T07:49:15+00:00\" \/>\n<meta name=\"twitter:card\" content=\"summary_large_image\" \/>\n<meta name=\"twitter:label1\" content=\"Gesch\u00e4tzte Lesezeit\" \/>\n\t<meta name=\"twitter:data1\" content=\"1 Minute\" \/>\n<script type=\"application\/ld+json\" class=\"yoast-schema-graph\">{\"@context\":\"https:\/\/schema.org\",\"@graph\":[{\"@type\":\"WebPage\",\"@id\":\"https:\/\/www.dtromemonti.com\/de\/hotels\/\",\"url\":\"https:\/\/www.dtromemonti.com\/de\/hotels\/\",\"name\":\"Hotel Hilton Rom Zentrum | DoubleTree by Hilton Rome Monti\",\"isPartOf\":{\"@id\":\"https:\/\/www.dtromemonti.com\/de\/#website\"},\"datePublished\":\"2022-07-04T14:01:59+00:00\",\"dateModified\":\"2023-02-21T07:49:15+00:00\",\"description\":\"DoubleTree by Hilton Rome Monti: modernes Design-Hotel nahe Roma Termini mit erstklassigem Service f\u00fcr Freizeit und Business. Eine einzigartige Erfahrung.\",\"breadcrumb\":{\"@id\":\"https:\/\/www.dtromemonti.com\/de\/hotels\/#breadcrumb\"},\"inLanguage\":\"de-DE\",\"potentialAction\":[{\"@type\":\"ReadAction\",\"target\":[\"https:\/\/www.dtromemonti.com\/de\/hotels\/\"]}]},{\"@type\":\"BreadcrumbList\",\"@id\":\"https:\/\/www.dtromemonti.com\/de\/hotels\/#breadcrumb\",\"itemListElement\":[{\"@type\":\"ListItem\",\"position\":1,\"name\":\"Home\",\"item\":\"https:\/\/www.dtromemonti.com\/de\/\"},{\"@type\":\"ListItem\",\"position\":2,\"name\":\"Hotels\"}]},{\"@type\":\"WebSite\",\"@id\":\"https:\/\/www.dtromemonti.com\/de\/#website\",\"url\":\"https:\/\/www.dtromemonti.com\/de\/\",\"name\":\"DoubleTree by Hilton Rome Monti\",\"description\":\"Just another ms.decms.eu site\",\"potentialAction\":[{\"@type\":\"SearchAction\",\"target\":{\"@type\":\"EntryPoint\",\"urlTemplate\":\"https:\/\/www.dtromemonti.com\/de\/?s={search_term_string}\"},\"query-input\":{\"@type\":\"PropertyValueSpecification\",\"valueRequired\":true,\"valueName\":\"search_term_string\"}}],\"inLanguage\":\"de-DE\"}]}<\/script>\n<!-- \/ Yoast SEO plugin. -->","yoast_head_json":{"title":"Hotel Hilton Rom Zentrum | DoubleTree by Hilton Rome Monti","description":"DoubleTree by Hilton Rome Monti: modernes Design-Hotel nahe Roma Termini mit erstklassigem Service f\u00fcr Freizeit und Business. Eine einzigartige Erfahrung.","robots":{"index":"index","follow":"follow","max-snippet":"max-snippet:-1","max-image-preview":"max-image-preview:large","max-video-preview":"max-video-preview:-1"},"canonical":"https:\/\/www.dtromemonti.com\/de\/hotels\/","og_locale":"de_DE","og_type":"article","og_title":"Hotel Hilton Rom Zentrum | DoubleTree by Hilton Rome Monti","og_description":"DoubleTree by Hilton Rome Monti: modernes Design-Hotel nahe Roma Termini mit erstklassigem Service f\u00fcr Freizeit und Business. Eine einzigartige Erfahrung.","og_url":"https:\/\/www.dtromemonti.com\/de\/hotels\/","og_site_name":"DoubleTree by Hilton Rome Monti","article_modified_time":"2023-02-21T07:49:15+00:00","twitter_card":"summary_large_image","twitter_misc":{"Gesch\u00e4tzte Lesezeit":"1 Minute"},"schema":{"@context":"https:\/\/schema.org","@graph":[{"@type":"WebPage","@id":"https:\/\/www.dtromemonti.com\/de\/hotels\/","url":"https:\/\/www.dtromemonti.com\/de\/hotels\/","name":"Hotel Hilton Rom Zentrum | DoubleTree by Hilton Rome Monti","isPartOf":{"@id":"https:\/\/www.dtromemonti.com\/de\/#website"},"datePublished":"2022-07-04T14:01:59+00:00","dateModified":"2023-02-21T07:49:15+00:00","description":"DoubleTree by Hilton Rome Monti: modernes Design-Hotel nahe Roma Termini mit erstklassigem Service f\u00fcr Freizeit und Business. Eine einzigartige Erfahrung.","breadcrumb":{"@id":"https:\/\/www.dtromemonti.com\/de\/hotels\/#breadcrumb"},"inLanguage":"de-DE","potentialAction":[{"@type":"ReadAction","target":["https:\/\/www.dtromemonti.com\/de\/hotels\/"]}]},{"@type":"BreadcrumbList","@id":"https:\/\/www.dtromemonti.com\/de\/hotels\/#breadcrumb","itemListElement":[{"@type":"ListItem","position":1,"name":"Home","item":"https:\/\/www.dtromemonti.com\/de\/"},{"@type":"ListItem","position":2,"name":"Hotels"}]},{"@type":"WebSite","@id":"https:\/\/www.dtromemonti.com\/de\/#website","url":"https:\/\/www.dtromemonti.com\/de\/","name":"DoubleTree by Hilton Rome Monti","description":"Just another ms.decms.eu site","potentialAction":[{"@type":"SearchAction","target":{"@type":"EntryPoint","urlTemplate":"https:\/\/www.dtromemonti.com\/de\/?s={search_term_string}"},"query-input":{"@type":"PropertyValueSpecification","valueRequired":true,"valueName":"search_term_string"}}],"inLanguage":"de-DE"}]}},"acf":[],"_links":{"self":[{"href":"https:\/\/www.dtromemonti.com\/de\/wp-json\/wp\/v2\/pages\/238","targetHints":{"allow":["GET"]}}],"collection":[{"href":"https:\/\/www.dtromemonti.com\/de\/wp-json\/wp\/v2\/pages"}],"about":[{"href":"https:\/\/www.dtromemonti.com\/de\/wp-json\/wp\/v2\/types\/page"}],"author":[{"embeddable":true,"href":"https:\/\/www.dtromemonti.com\/de\/wp-json\/wp\/v2\/users\/6"}],"replies":[{"embeddable":true,"href":"https:\/\/www.dtromemonti.com\/de\/wp-json\/wp\/v2\/comments?post=238"}],"version-history":[{"count":0,"href":"https:\/\/www.dtromemonti.com\/de\/wp-json\/wp\/v2\/pages\/238\/revisions"}],"wp:attachment":[{"href":"https:\/\/www.dtromemonti.com\/de\/wp-json\/wp\/v2\/media?parent=238"}],"curies":[{"name":"wp","href":"https:\/\/api.w.org\/{rel}","templated":true}]}}