{"id":2281,"date":"2026-01-26T15:25:06","date_gmt":"2026-01-26T15:25:06","guid":{"rendered":"https:\/\/www.dtromemonti.com\/?page_id=2281"},"modified":"2026-01-26T15:25:06","modified_gmt":"2026-01-26T15:25:06","slug":"rom-fruehlings-staedtetrip","status":"publish","type":"page","link":"https:\/\/www.dtromemonti.com\/de\/angebote-und-pakete\/rom-fruehlings-staedtetrip\/","title":{"rendered":"Fr\u00fchlingsauszeit in Rom"},"content":{"rendered":"","protected":false},"excerpt":{"rendered":"","protected":false},"author":724,"featured_media":2285,"parent":493,"menu_order":54,"comment_status":"closed","ping_status":"closed","template":"template-default-3.php","meta":{"footnotes":""},"class_list":["post-2281","page","type-page","status-publish","has-post-thumbnail","hentry"],"yoast_head":"<!-- This site is optimized with the Yoast SEO plugin v26.9 - https:\/\/yoast.com\/product\/yoast-seo-wordpress\/ -->\n<title>Fr\u00fchlingsauszeit in Rom | DoubleTree by Hilton Rome Monti<\/title>\n<meta name=\"description\" content=\"Erleben Sie den Fr\u00fchling in Rom im DoubleTree by Hilton Rome Monti. Zentrale Lage, Komfort und urbanes Lebensgef\u00fchl.\" \/>\n<meta name=\"robots\" content=\"index, follow, max-snippet:-1, max-image-preview:large, max-video-preview:-1\" \/>\n<link rel=\"canonical\" href=\"https:\/\/www.dtromemonti.com\/de\/angebote-und-pakete\/rom-fruehlings-staedtetrip\/\" \/>\n<meta property=\"og:locale\" content=\"de_DE\" \/>\n<meta property=\"og:type\" content=\"article\" \/>\n<meta property=\"og:title\" content=\"Fr\u00fchlingsauszeit in Rom | DoubleTree by Hilton Rome Monti\" \/>\n<meta property=\"og:description\" content=\"Erleben Sie den Fr\u00fchling in Rom im DoubleTree by Hilton Rome Monti. Zentrale Lage, Komfort und urbanes Lebensgef\u00fchl.\" \/>\n<meta property=\"og:url\" content=\"https:\/\/www.dtromemonti.com\/de\/angebote-und-pakete\/rom-fruehlings-staedtetrip\/\" \/>\n<meta property=\"og:site_name\" content=\"DoubleTree by Hilton Rome Monti\" \/>\n<meta property=\"og:image\" content=\"https:\/\/www.dtromemonti.com\/wp-content\/uploads\/sites\/327\/2026\/01\/MG_7665.jpg\" \/>\n\t<meta property=\"og:image:width\" content=\"800\" \/>\n\t<meta property=\"og:image:height\" content=\"1200\" \/>\n\t<meta property=\"og:image:type\" content=\"image\/jpeg\" \/>\n<meta name=\"twitter:card\" content=\"summary_large_image\" \/>\n<meta name=\"twitter:label1\" content=\"Gesch\u00e4tzte Lesezeit\" \/>\n\t<meta name=\"twitter:data1\" content=\"1 Minute\" \/>\n<script type=\"application\/ld+json\" class=\"yoast-schema-graph\">{\"@context\":\"https:\/\/schema.org\",\"@graph\":[{\"@type\":\"WebPage\",\"@id\":\"https:\/\/www.dtromemonti.com\/de\/angebote-und-pakete\/rom-fruehlings-staedtetrip\/\",\"url\":\"https:\/\/www.dtromemonti.com\/de\/angebote-und-pakete\/rom-fruehlings-staedtetrip\/\",\"name\":\"Fr\u00fchlingsauszeit in Rom | DoubleTree by Hilton Rome Monti\",\"isPartOf\":{\"@id\":\"https:\/\/www.dtromemonti.com\/de\/#website\"},\"primaryImageOfPage\":{\"@id\":\"https:\/\/www.dtromemonti.com\/de\/angebote-und-pakete\/rom-fruehlings-staedtetrip\/#primaryimage\"},\"image\":{\"@id\":\"https:\/\/www.dtromemonti.com\/de\/angebote-und-pakete\/rom-fruehlings-staedtetrip\/#primaryimage\"},\"thumbnailUrl\":\"https:\/\/www.dtromemonti.com\/wp-content\/uploads\/sites\/327\/2026\/01\/MG_7665.jpg\",\"datePublished\":\"2026-01-26T15:25:06+00:00\",\"description\":\"Erleben Sie den Fr\u00fchling in Rom im DoubleTree by Hilton Rome Monti. Zentrale Lage, Komfort und urbanes Lebensgef\u00fchl.\",\"breadcrumb\":{\"@id\":\"https:\/\/www.dtromemonti.com\/de\/angebote-und-pakete\/rom-fruehlings-staedtetrip\/#breadcrumb\"},\"inLanguage\":\"de-DE\",\"potentialAction\":[{\"@type\":\"ReadAction\",\"target\":[\"https:\/\/www.dtromemonti.com\/de\/angebote-und-pakete\/rom-fruehlings-staedtetrip\/\"]}]},{\"@type\":\"ImageObject\",\"inLanguage\":\"de-DE\",\"@id\":\"https:\/\/www.dtromemonti.com\/de\/angebote-und-pakete\/rom-fruehlings-staedtetrip\/#primaryimage\",\"url\":\"https:\/\/www.dtromemonti.com\/wp-content\/uploads\/sites\/327\/2026\/01\/MG_7665.jpg\",\"contentUrl\":\"https:\/\/www.dtromemonti.com\/wp-content\/uploads\/sites\/327\/2026\/01\/MG_7665.jpg\",\"width\":800,\"height\":1200,\"caption\":\"spring-escape-in-rome-doubletree-byhilton-romemonti\"},{\"@type\":\"BreadcrumbList\",\"@id\":\"https:\/\/www.dtromemonti.com\/de\/angebote-und-pakete\/rom-fruehlings-staedtetrip\/#breadcrumb\",\"itemListElement\":[{\"@type\":\"ListItem\",\"position\":1,\"name\":\"Home\",\"item\":\"https:\/\/www.dtromemonti.com\/de\/\"},{\"@type\":\"ListItem\",\"position\":2,\"name\":\"Angebote und Pakete\",\"item\":\"https:\/\/www.dtromemonti.com\/de\/angebote-und-pakete\/\"},{\"@type\":\"ListItem\",\"position\":3,\"name\":\"Fr\u00fchlingsauszeit in Rom\"}]},{\"@type\":\"WebSite\",\"@id\":\"https:\/\/www.dtromemonti.com\/de\/#website\",\"url\":\"https:\/\/www.dtromemonti.com\/de\/\",\"name\":\"DoubleTree by Hilton Rome Monti\",\"description\":\"Just another ms.decms.eu site\",\"potentialAction\":[{\"@type\":\"SearchAction\",\"target\":{\"@type\":\"EntryPoint\",\"urlTemplate\":\"https:\/\/www.dtromemonti.com\/de\/?s={search_term_string}\"},\"query-input\":{\"@type\":\"PropertyValueSpecification\",\"valueRequired\":true,\"valueName\":\"search_term_string\"}}],\"inLanguage\":\"de-DE\"}]}<\/script>\n<!-- \/ Yoast SEO plugin. -->","yoast_head_json":{"title":"Fr\u00fchlingsauszeit in Rom | DoubleTree by Hilton Rome Monti","description":"Erleben Sie den Fr\u00fchling in Rom im DoubleTree by Hilton Rome Monti. Zentrale Lage, Komfort und urbanes Lebensgef\u00fchl.","robots":{"index":"index","follow":"follow","max-snippet":"max-snippet:-1","max-image-preview":"max-image-preview:large","max-video-preview":"max-video-preview:-1"},"canonical":"https:\/\/www.dtromemonti.com\/de\/angebote-und-pakete\/rom-fruehlings-staedtetrip\/","og_locale":"de_DE","og_type":"article","og_title":"Fr\u00fchlingsauszeit in Rom | DoubleTree by Hilton Rome Monti","og_description":"Erleben Sie den Fr\u00fchling in Rom im DoubleTree by Hilton Rome Monti. Zentrale Lage, Komfort und urbanes Lebensgef\u00fchl.","og_url":"https:\/\/www.dtromemonti.com\/de\/angebote-und-pakete\/rom-fruehlings-staedtetrip\/","og_site_name":"DoubleTree by Hilton Rome Monti","og_image":[{"width":800,"height":1200,"url":"https:\/\/www.dtromemonti.com\/wp-content\/uploads\/sites\/327\/2026\/01\/MG_7665.jpg","type":"image\/jpeg"}],"twitter_card":"summary_large_image","twitter_misc":{"Gesch\u00e4tzte Lesezeit":"1 Minute"},"schema":{"@context":"https:\/\/schema.org","@graph":[{"@type":"WebPage","@id":"https:\/\/www.dtromemonti.com\/de\/angebote-und-pakete\/rom-fruehlings-staedtetrip\/","url":"https:\/\/www.dtromemonti.com\/de\/angebote-und-pakete\/rom-fruehlings-staedtetrip\/","name":"Fr\u00fchlingsauszeit in Rom | DoubleTree by Hilton Rome Monti","isPartOf":{"@id":"https:\/\/www.dtromemonti.com\/de\/#website"},"primaryImageOfPage":{"@id":"https:\/\/www.dtromemonti.com\/de\/angebote-und-pakete\/rom-fruehlings-staedtetrip\/#primaryimage"},"image":{"@id":"https:\/\/www.dtromemonti.com\/de\/angebote-und-pakete\/rom-fruehlings-staedtetrip\/#primaryimage"},"thumbnailUrl":"https:\/\/www.dtromemonti.com\/wp-content\/uploads\/sites\/327\/2026\/01\/MG_7665.jpg","datePublished":"2026-01-26T15:25:06+00:00","description":"Erleben Sie den Fr\u00fchling in Rom im DoubleTree by Hilton Rome Monti. Zentrale Lage, Komfort und urbanes Lebensgef\u00fchl.","breadcrumb":{"@id":"https:\/\/www.dtromemonti.com\/de\/angebote-und-pakete\/rom-fruehlings-staedtetrip\/#breadcrumb"},"inLanguage":"de-DE","potentialAction":[{"@type":"ReadAction","target":["https:\/\/www.dtromemonti.com\/de\/angebote-und-pakete\/rom-fruehlings-staedtetrip\/"]}]},{"@type":"ImageObject","inLanguage":"de-DE","@id":"https:\/\/www.dtromemonti.com\/de\/angebote-und-pakete\/rom-fruehlings-staedtetrip\/#primaryimage","url":"https:\/\/www.dtromemonti.com\/wp-content\/uploads\/sites\/327\/2026\/01\/MG_7665.jpg","contentUrl":"https:\/\/www.dtromemonti.com\/wp-content\/uploads\/sites\/327\/2026\/01\/MG_7665.jpg","width":800,"height":1200,"caption":"spring-escape-in-rome-doubletree-byhilton-romemonti"},{"@type":"BreadcrumbList","@id":"https:\/\/www.dtromemonti.com\/de\/angebote-und-pakete\/rom-fruehlings-staedtetrip\/#breadcrumb","itemListElement":[{"@type":"ListItem","position":1,"name":"Home","item":"https:\/\/www.dtromemonti.com\/de\/"},{"@type":"ListItem","position":2,"name":"Angebote und Pakete","item":"https:\/\/www.dtromemonti.com\/de\/angebote-und-pakete\/"},{"@type":"ListItem","position":3,"name":"Fr\u00fchlingsauszeit in Rom"}]},{"@type":"WebSite","@id":"https:\/\/www.dtromemonti.com\/de\/#website","url":"https:\/\/www.dtromemonti.com\/de\/","name":"DoubleTree by Hilton Rome Monti","description":"Just another ms.decms.eu site","potentialAction":[{"@type":"SearchAction","target":{"@type":"EntryPoint","urlTemplate":"https:\/\/www.dtromemonti.com\/de\/?s={search_term_string}"},"query-input":{"@type":"PropertyValueSpecification","valueRequired":true,"valueName":"search_term_string"}}],"inLanguage":"de-DE"}]}},"acf":[],"_links":{"self":[{"href":"https:\/\/www.dtromemonti.com\/de\/wp-json\/wp\/v2\/pages\/2281","targetHints":{"allow":["GET"]}}],"collection":[{"href":"https:\/\/www.dtromemonti.com\/de\/wp-json\/wp\/v2\/pages"}],"about":[{"href":"https:\/\/www.dtromemonti.com\/de\/wp-json\/wp\/v2\/types\/page"}],"author":[{"embeddable":true,"href":"https:\/\/www.dtromemonti.com\/de\/wp-json\/wp\/v2\/users\/724"}],"replies":[{"embeddable":true,"href":"https:\/\/www.dtromemonti.com\/de\/wp-json\/wp\/v2\/comments?post=2281"}],"version-history":[{"count":0,"href":"https:\/\/www.dtromemonti.com\/de\/wp-json\/wp\/v2\/pages\/2281\/revisions"}],"up":[{"embeddable":true,"href":"https:\/\/www.dtromemonti.com\/de\/wp-json\/wp\/v2\/pages\/493"}],"wp:featuredmedia":[{"embeddable":true,"href":"https:\/\/www.dtromemonti.com\/de\/wp-json\/wp\/v2\/media\/2285"}],"wp:attachment":[{"href":"https:\/\/www.dtromemonti.com\/de\/wp-json\/wp\/v2\/media?parent=2281"}],"curies":[{"name":"wp","href":"https:\/\/api.w.org\/{rel}","templated":true}]}}