{"id":21,"date":"2022-07-04T14:07:48","date_gmt":"2022-07-04T14:07:48","guid":{"rendered":"https:\/\/hiltonrome.ms.decms.eu\/hilton-honors\/"},"modified":"2023-02-21T07:50:07","modified_gmt":"2023-02-21T07:50:07","slug":"hilton-honors","status":"publish","type":"page","link":"https:\/\/www.dtromemonti.com\/de\/hotels\/hilton-honors\/","title":{"rendered":"Hilton Honors"},"content":{"rendered":"<p><span style=\"font-weight: 400;\">Hilton Honors-Mitglied zu sein <\/span><b>\u00a0bedeutet, <\/b><span style=\"font-weight: 400;\">\u00a0als besonderer Gast in<\/span><b> der Hilton-Familie <\/b><span style=\"font-weight: 400;\">willkommen<\/span><b> zu sein .<\/b><span style=\"font-weight: 400;\"> Mit dem Hilton Honors Programm werden Sie mit <\/span><b>exklusiven Vorteilen <\/b><span style=\"font-weight: 400;\">verw\u00f6hnt, die auf Ihre Bed\u00fcrfnisse zugeschnitten sind, und Sie k\u00f6nnen\u00a0 sich entspannen und alle f\u00fcr Sie bestimmten Dienstleistungen genie\u00dfen.<\/span><\/p>\n<p><span style=\"font-weight: 400;\">Dank der <\/span><b>reservierten App<\/b><span style=\"font-weight: 400;\"> k\u00f6nnen Sie immer Ihr Lieblingszimmer in dem Hotel haben, in dem Sie sich h\u00e4ufig aufhalten, oder <\/span><b>online<\/b><span style=\"font-weight: 400;\"> ein- und auschecken , einen digitalen Schl\u00fcssel erhalten (Ihr Telefon wird zu Ihrem Zimmerschl\u00fcssel), immer \u00fcber kostenloses W-Lan verf\u00fcgen und Zugang zu exklusiven Tarifen haben.<\/span><\/p>\n<p><span style=\"font-weight: 400;\">Dies sind nur einige der <\/span><b>besonderen Aufmerksamkeiten<\/b><span style=\"font-weight: 400;\">, die f\u00fcr Hilton Honors Mitglieder reserviert sind!<\/span><\/p>\n<p><span style=\"font-weight: 400;\">Auch Sie k\u00f6nnen ein besonderer Gast werden.<\/span><b> Wenden Sie sich an das Front Office Team<\/b><span style=\"font-weight: 400;\"> im DoubleTree by Hilton Rome Monti, wenn Sie <\/span><b>Hilton Honors-Mitglied werden m\u00f6chten<\/b><span style=\"font-weight: 400;\">. Wir warten auf Sie!<\/span><\/p>\n","protected":false},"excerpt":{"rendered":"<p>Hilton Honors-Mitglied zu sein \u00a0bedeutet, \u00a0als besonderer Gast in der Hilton-Familie willkommen zu sein . Mit dem Hilton Honors Programm werden Sie mit exklusiven Vorteilen verw\u00f6hnt, die auf Ihre Bed\u00fcrfnisse zugeschnitten sind, und Sie k\u00f6nnen\u00a0 sich entspannen und alle f\u00fcr Sie bestimmten Dienstleistungen genie\u00dfen. Dank der reservierten App k\u00f6nnen Sie immer Ihr Lieblingszimmer in dem [&hellip;]<\/p>\n","protected":false},"author":6,"featured_media":0,"parent":238,"menu_order":15,"comment_status":"closed","ping_status":"closed","template":"","meta":{"footnotes":""},"class_list":["post-21","page","type-page","status-publish","hentry"],"yoast_head":"<!-- This site is optimized with the Yoast SEO plugin v26.9 - https:\/\/yoast.com\/product\/yoast-seo-wordpress\/ -->\n<title>Pr\u00e4mien Treueprogramm | DoubleTree by Hilton Rome Monti<\/title>\n<meta name=\"description\" content=\"Registrieren Sie sich bei dem Treueprogramm Hilton Honors. Sammeln Sie Punkte f\u00fcr Pr\u00e4mien, Rabatte, Gratisaufenthalte und vieles mehr in allen Hilton Hotels.\" \/>\n<meta name=\"robots\" content=\"index, follow, max-snippet:-1, max-image-preview:large, max-video-preview:-1\" \/>\n<link rel=\"canonical\" href=\"https:\/\/www.dtromemonti.com\/de\/hotels\/hilton-honors\/\" \/>\n<meta property=\"og:locale\" content=\"de_DE\" \/>\n<meta property=\"og:type\" content=\"article\" \/>\n<meta property=\"og:title\" content=\"Pr\u00e4mien Treueprogramm | DoubleTree by Hilton Rome Monti\" \/>\n<meta property=\"og:description\" content=\"Registrieren Sie sich bei dem Treueprogramm Hilton Honors. Sammeln Sie Punkte f\u00fcr Pr\u00e4mien, Rabatte, Gratisaufenthalte und vieles mehr in allen Hilton Hotels.\" \/>\n<meta property=\"og:url\" content=\"https:\/\/www.dtromemonti.com\/de\/hotels\/hilton-honors\/\" \/>\n<meta property=\"og:site_name\" content=\"DoubleTree by Hilton Rome Monti\" \/>\n<meta property=\"article:modified_time\" content=\"2023-02-21T07:50:07+00:00\" \/>\n<meta name=\"twitter:card\" content=\"summary_large_image\" \/>\n<meta name=\"twitter:label1\" content=\"Gesch\u00e4tzte Lesezeit\" \/>\n\t<meta name=\"twitter:data1\" content=\"1 Minute\" \/>\n<script type=\"application\/ld+json\" class=\"yoast-schema-graph\">{\"@context\":\"https:\/\/schema.org\",\"@graph\":[{\"@type\":\"WebPage\",\"@id\":\"https:\/\/www.dtromemonti.com\/de\/hotels\/hilton-honors\/\",\"url\":\"https:\/\/www.dtromemonti.com\/de\/hotels\/hilton-honors\/\",\"name\":\"Pr\u00e4mien Treueprogramm | DoubleTree by Hilton Rome Monti\",\"isPartOf\":{\"@id\":\"https:\/\/www.dtromemonti.com\/de\/#website\"},\"datePublished\":\"2022-07-04T14:07:48+00:00\",\"dateModified\":\"2023-02-21T07:50:07+00:00\",\"description\":\"Registrieren Sie sich bei dem Treueprogramm Hilton Honors. Sammeln Sie Punkte f\u00fcr Pr\u00e4mien, Rabatte, Gratisaufenthalte und vieles mehr in allen Hilton Hotels.\",\"breadcrumb\":{\"@id\":\"https:\/\/www.dtromemonti.com\/de\/hotels\/hilton-honors\/#breadcrumb\"},\"inLanguage\":\"de-DE\",\"potentialAction\":[{\"@type\":\"ReadAction\",\"target\":[\"https:\/\/www.dtromemonti.com\/de\/hotels\/hilton-honors\/\"]}]},{\"@type\":\"BreadcrumbList\",\"@id\":\"https:\/\/www.dtromemonti.com\/de\/hotels\/hilton-honors\/#breadcrumb\",\"itemListElement\":[{\"@type\":\"ListItem\",\"position\":1,\"name\":\"Home\",\"item\":\"https:\/\/www.dtromemonti.com\/de\/\"},{\"@type\":\"ListItem\",\"position\":2,\"name\":\"Hotels\",\"item\":\"https:\/\/www.dtromemonti.com\/de\/hotels\/\"},{\"@type\":\"ListItem\",\"position\":3,\"name\":\"Hilton Honors\"}]},{\"@type\":\"WebSite\",\"@id\":\"https:\/\/www.dtromemonti.com\/de\/#website\",\"url\":\"https:\/\/www.dtromemonti.com\/de\/\",\"name\":\"DoubleTree by Hilton Rome Monti\",\"description\":\"Just another ms.decms.eu site\",\"potentialAction\":[{\"@type\":\"SearchAction\",\"target\":{\"@type\":\"EntryPoint\",\"urlTemplate\":\"https:\/\/www.dtromemonti.com\/de\/?s={search_term_string}\"},\"query-input\":{\"@type\":\"PropertyValueSpecification\",\"valueRequired\":true,\"valueName\":\"search_term_string\"}}],\"inLanguage\":\"de-DE\"}]}<\/script>\n<!-- \/ Yoast SEO plugin. -->","yoast_head_json":{"title":"Pr\u00e4mien Treueprogramm | DoubleTree by Hilton Rome Monti","description":"Registrieren Sie sich bei dem Treueprogramm Hilton Honors. Sammeln Sie Punkte f\u00fcr Pr\u00e4mien, Rabatte, Gratisaufenthalte und vieles mehr in allen Hilton Hotels.","robots":{"index":"index","follow":"follow","max-snippet":"max-snippet:-1","max-image-preview":"max-image-preview:large","max-video-preview":"max-video-preview:-1"},"canonical":"https:\/\/www.dtromemonti.com\/de\/hotels\/hilton-honors\/","og_locale":"de_DE","og_type":"article","og_title":"Pr\u00e4mien Treueprogramm | DoubleTree by Hilton Rome Monti","og_description":"Registrieren Sie sich bei dem Treueprogramm Hilton Honors. Sammeln Sie Punkte f\u00fcr Pr\u00e4mien, Rabatte, Gratisaufenthalte und vieles mehr in allen Hilton Hotels.","og_url":"https:\/\/www.dtromemonti.com\/de\/hotels\/hilton-honors\/","og_site_name":"DoubleTree by Hilton Rome Monti","article_modified_time":"2023-02-21T07:50:07+00:00","twitter_card":"summary_large_image","twitter_misc":{"Gesch\u00e4tzte Lesezeit":"1 Minute"},"schema":{"@context":"https:\/\/schema.org","@graph":[{"@type":"WebPage","@id":"https:\/\/www.dtromemonti.com\/de\/hotels\/hilton-honors\/","url":"https:\/\/www.dtromemonti.com\/de\/hotels\/hilton-honors\/","name":"Pr\u00e4mien Treueprogramm | DoubleTree by Hilton Rome Monti","isPartOf":{"@id":"https:\/\/www.dtromemonti.com\/de\/#website"},"datePublished":"2022-07-04T14:07:48+00:00","dateModified":"2023-02-21T07:50:07+00:00","description":"Registrieren Sie sich bei dem Treueprogramm Hilton Honors. Sammeln Sie Punkte f\u00fcr Pr\u00e4mien, Rabatte, Gratisaufenthalte und vieles mehr in allen Hilton Hotels.","breadcrumb":{"@id":"https:\/\/www.dtromemonti.com\/de\/hotels\/hilton-honors\/#breadcrumb"},"inLanguage":"de-DE","potentialAction":[{"@type":"ReadAction","target":["https:\/\/www.dtromemonti.com\/de\/hotels\/hilton-honors\/"]}]},{"@type":"BreadcrumbList","@id":"https:\/\/www.dtromemonti.com\/de\/hotels\/hilton-honors\/#breadcrumb","itemListElement":[{"@type":"ListItem","position":1,"name":"Home","item":"https:\/\/www.dtromemonti.com\/de\/"},{"@type":"ListItem","position":2,"name":"Hotels","item":"https:\/\/www.dtromemonti.com\/de\/hotels\/"},{"@type":"ListItem","position":3,"name":"Hilton Honors"}]},{"@type":"WebSite","@id":"https:\/\/www.dtromemonti.com\/de\/#website","url":"https:\/\/www.dtromemonti.com\/de\/","name":"DoubleTree by Hilton Rome Monti","description":"Just another ms.decms.eu site","potentialAction":[{"@type":"SearchAction","target":{"@type":"EntryPoint","urlTemplate":"https:\/\/www.dtromemonti.com\/de\/?s={search_term_string}"},"query-input":{"@type":"PropertyValueSpecification","valueRequired":true,"valueName":"search_term_string"}}],"inLanguage":"de-DE"}]}},"acf":[],"_links":{"self":[{"href":"https:\/\/www.dtromemonti.com\/de\/wp-json\/wp\/v2\/pages\/21","targetHints":{"allow":["GET"]}}],"collection":[{"href":"https:\/\/www.dtromemonti.com\/de\/wp-json\/wp\/v2\/pages"}],"about":[{"href":"https:\/\/www.dtromemonti.com\/de\/wp-json\/wp\/v2\/types\/page"}],"author":[{"embeddable":true,"href":"https:\/\/www.dtromemonti.com\/de\/wp-json\/wp\/v2\/users\/6"}],"replies":[{"embeddable":true,"href":"https:\/\/www.dtromemonti.com\/de\/wp-json\/wp\/v2\/comments?post=21"}],"version-history":[{"count":0,"href":"https:\/\/www.dtromemonti.com\/de\/wp-json\/wp\/v2\/pages\/21\/revisions"}],"up":[{"embeddable":true,"href":"https:\/\/www.dtromemonti.com\/de\/wp-json\/wp\/v2\/pages\/238"}],"wp:attachment":[{"href":"https:\/\/www.dtromemonti.com\/de\/wp-json\/wp\/v2\/media?parent=21"}],"curies":[{"name":"wp","href":"https:\/\/api.w.org\/{rel}","templated":true}]}}