{"id":1718,"date":"2024-08-28T10:46:03","date_gmt":"2024-08-28T10:46:03","guid":{"rendered":"https:\/\/www.dtromemonti.com\/?page_id=1718"},"modified":"2024-08-30T09:11:52","modified_gmt":"2024-08-30T09:11:52","slug":"hochzeit-in-rom","status":"publish","type":"page","link":"https:\/\/www.dtromemonti.com\/de\/dienstleistungen\/hochzeit-in-rom\/","title":{"rendered":"Ihre Traumhochzeit in Rom"},"content":{"rendered":"<p style=\"text-align: center\">Das <strong>DoubleTree by Hilton Rome Monti<\/strong> ist der perfekte Ort f\u00fcr Ihre <strong>Traumhochzeit<\/strong>. Mit seinem <strong>modernen und umweltfreundlichen Design<\/strong> bietet es eine einzigartige Atmosph\u00e4re. Das <strong>Restaurant Mamalia<\/strong> und die <strong>M\u00f9n Rooftop Cocktail Bar<\/strong> mit ihrer Terrasse im achten Stock bilden den idealen Rahmen f\u00fcr eine unvergessliche Veranstaltung. Unser <strong>Event-Team<\/strong> k\u00fcmmert sich um jedes Detail, um den Erfolg Ihres <strong>besonderen Tages<\/strong> zu gew\u00e4hrleisten.<\/p>\n","protected":false},"excerpt":{"rendered":"<p>Das DoubleTree by Hilton Rome Monti ist der perfekte Ort f\u00fcr Ihre Traumhochzeit. Mit seinem modernen und umweltfreundlichen Design bietet es eine einzigartige Atmosph\u00e4re. Das Restaurant Mamalia und die M\u00f9n Rooftop Cocktail Bar mit ihrer Terrasse im achten Stock bilden den idealen Rahmen f\u00fcr eine unvergessliche Veranstaltung. Unser Event-Team k\u00fcmmert sich um jedes Detail, um [&hellip;]<\/p>\n","protected":false},"author":640,"featured_media":0,"parent":71,"menu_order":0,"comment_status":"closed","ping_status":"closed","template":"","meta":{"footnotes":""},"class_list":["post-1718","page","type-page","status-publish","hentry"],"yoast_head":"<!-- This site is optimized with the Yoast SEO plugin v26.9 - https:\/\/yoast.com\/product\/yoast-seo-wordpress\/ -->\n<title>Hochzeit in Rom | Hotel DoubleTree by Hilton Rome Monti<\/title>\n<meta name=\"description\" content=\"Entdecken Sie, wie Sie Ihre Hochzeit im DoubleTree by Hilton Rome Monti einzigartig gestalten k\u00f6nnen. Entdecken Sie unser Angebot f\u00fcr Ihren besonderen Tag!\" \/>\n<meta name=\"robots\" content=\"index, follow, max-snippet:-1, max-image-preview:large, max-video-preview:-1\" \/>\n<link rel=\"canonical\" href=\"https:\/\/www.dtromemonti.com\/de\/dienstleistungen\/hochzeit-in-rom\/\" \/>\n<meta property=\"og:locale\" content=\"de_DE\" \/>\n<meta property=\"og:type\" content=\"article\" \/>\n<meta property=\"og:title\" content=\"Hochzeit in Rom | Hotel DoubleTree by Hilton Rome Monti\" \/>\n<meta property=\"og:description\" content=\"Entdecken Sie, wie Sie Ihre Hochzeit im DoubleTree by Hilton Rome Monti einzigartig gestalten k\u00f6nnen. Entdecken Sie unser Angebot f\u00fcr Ihren besonderen Tag!\" \/>\n<meta property=\"og:url\" content=\"https:\/\/www.dtromemonti.com\/de\/dienstleistungen\/hochzeit-in-rom\/\" \/>\n<meta property=\"og:site_name\" content=\"DoubleTree by Hilton Rome Monti\" \/>\n<meta property=\"article:modified_time\" content=\"2024-08-30T09:11:52+00:00\" \/>\n<meta name=\"twitter:card\" content=\"summary_large_image\" \/>\n<meta name=\"twitter:label1\" content=\"Gesch\u00e4tzte Lesezeit\" \/>\n\t<meta name=\"twitter:data1\" content=\"1 Minute\" \/>\n<script type=\"application\/ld+json\" class=\"yoast-schema-graph\">{\"@context\":\"https:\/\/schema.org\",\"@graph\":[{\"@type\":\"WebPage\",\"@id\":\"https:\/\/www.dtromemonti.com\/de\/dienstleistungen\/hochzeit-in-rom\/\",\"url\":\"https:\/\/www.dtromemonti.com\/de\/dienstleistungen\/hochzeit-in-rom\/\",\"name\":\"Hochzeit in Rom | Hotel DoubleTree by Hilton Rome Monti\",\"isPartOf\":{\"@id\":\"https:\/\/www.dtromemonti.com\/de\/#website\"},\"datePublished\":\"2024-08-28T10:46:03+00:00\",\"dateModified\":\"2024-08-30T09:11:52+00:00\",\"description\":\"Entdecken Sie, wie Sie Ihre Hochzeit im DoubleTree by Hilton Rome Monti einzigartig gestalten k\u00f6nnen. Entdecken Sie unser Angebot f\u00fcr Ihren besonderen Tag!\",\"breadcrumb\":{\"@id\":\"https:\/\/www.dtromemonti.com\/de\/dienstleistungen\/hochzeit-in-rom\/#breadcrumb\"},\"inLanguage\":\"de-DE\",\"potentialAction\":[{\"@type\":\"ReadAction\",\"target\":[\"https:\/\/www.dtromemonti.com\/de\/dienstleistungen\/hochzeit-in-rom\/\"]}]},{\"@type\":\"BreadcrumbList\",\"@id\":\"https:\/\/www.dtromemonti.com\/de\/dienstleistungen\/hochzeit-in-rom\/#breadcrumb\",\"itemListElement\":[{\"@type\":\"ListItem\",\"position\":1,\"name\":\"Home\",\"item\":\"https:\/\/www.dtromemonti.com\/de\/\"},{\"@type\":\"ListItem\",\"position\":2,\"name\":\"Dienstleistungen\",\"item\":\"https:\/\/www.dtromemonti.com\/de\/dienstleistungen\/\"},{\"@type\":\"ListItem\",\"position\":3,\"name\":\"Ihre Traumhochzeit in Rom\"}]},{\"@type\":\"WebSite\",\"@id\":\"https:\/\/www.dtromemonti.com\/de\/#website\",\"url\":\"https:\/\/www.dtromemonti.com\/de\/\",\"name\":\"DoubleTree by Hilton Rome Monti\",\"description\":\"Just another ms.decms.eu site\",\"potentialAction\":[{\"@type\":\"SearchAction\",\"target\":{\"@type\":\"EntryPoint\",\"urlTemplate\":\"https:\/\/www.dtromemonti.com\/de\/?s={search_term_string}\"},\"query-input\":{\"@type\":\"PropertyValueSpecification\",\"valueRequired\":true,\"valueName\":\"search_term_string\"}}],\"inLanguage\":\"de-DE\"}]}<\/script>\n<!-- \/ Yoast SEO plugin. -->","yoast_head_json":{"title":"Hochzeit in Rom | Hotel DoubleTree by Hilton Rome Monti","description":"Entdecken Sie, wie Sie Ihre Hochzeit im DoubleTree by Hilton Rome Monti einzigartig gestalten k\u00f6nnen. Entdecken Sie unser Angebot f\u00fcr Ihren besonderen Tag!","robots":{"index":"index","follow":"follow","max-snippet":"max-snippet:-1","max-image-preview":"max-image-preview:large","max-video-preview":"max-video-preview:-1"},"canonical":"https:\/\/www.dtromemonti.com\/de\/dienstleistungen\/hochzeit-in-rom\/","og_locale":"de_DE","og_type":"article","og_title":"Hochzeit in Rom | Hotel DoubleTree by Hilton Rome Monti","og_description":"Entdecken Sie, wie Sie Ihre Hochzeit im DoubleTree by Hilton Rome Monti einzigartig gestalten k\u00f6nnen. Entdecken Sie unser Angebot f\u00fcr Ihren besonderen Tag!","og_url":"https:\/\/www.dtromemonti.com\/de\/dienstleistungen\/hochzeit-in-rom\/","og_site_name":"DoubleTree by Hilton Rome Monti","article_modified_time":"2024-08-30T09:11:52+00:00","twitter_card":"summary_large_image","twitter_misc":{"Gesch\u00e4tzte Lesezeit":"1 Minute"},"schema":{"@context":"https:\/\/schema.org","@graph":[{"@type":"WebPage","@id":"https:\/\/www.dtromemonti.com\/de\/dienstleistungen\/hochzeit-in-rom\/","url":"https:\/\/www.dtromemonti.com\/de\/dienstleistungen\/hochzeit-in-rom\/","name":"Hochzeit in Rom | Hotel DoubleTree by Hilton Rome Monti","isPartOf":{"@id":"https:\/\/www.dtromemonti.com\/de\/#website"},"datePublished":"2024-08-28T10:46:03+00:00","dateModified":"2024-08-30T09:11:52+00:00","description":"Entdecken Sie, wie Sie Ihre Hochzeit im DoubleTree by Hilton Rome Monti einzigartig gestalten k\u00f6nnen. Entdecken Sie unser Angebot f\u00fcr Ihren besonderen Tag!","breadcrumb":{"@id":"https:\/\/www.dtromemonti.com\/de\/dienstleistungen\/hochzeit-in-rom\/#breadcrumb"},"inLanguage":"de-DE","potentialAction":[{"@type":"ReadAction","target":["https:\/\/www.dtromemonti.com\/de\/dienstleistungen\/hochzeit-in-rom\/"]}]},{"@type":"BreadcrumbList","@id":"https:\/\/www.dtromemonti.com\/de\/dienstleistungen\/hochzeit-in-rom\/#breadcrumb","itemListElement":[{"@type":"ListItem","position":1,"name":"Home","item":"https:\/\/www.dtromemonti.com\/de\/"},{"@type":"ListItem","position":2,"name":"Dienstleistungen","item":"https:\/\/www.dtromemonti.com\/de\/dienstleistungen\/"},{"@type":"ListItem","position":3,"name":"Ihre Traumhochzeit in Rom"}]},{"@type":"WebSite","@id":"https:\/\/www.dtromemonti.com\/de\/#website","url":"https:\/\/www.dtromemonti.com\/de\/","name":"DoubleTree by Hilton Rome Monti","description":"Just another ms.decms.eu site","potentialAction":[{"@type":"SearchAction","target":{"@type":"EntryPoint","urlTemplate":"https:\/\/www.dtromemonti.com\/de\/?s={search_term_string}"},"query-input":{"@type":"PropertyValueSpecification","valueRequired":true,"valueName":"search_term_string"}}],"inLanguage":"de-DE"}]}},"acf":[],"_links":{"self":[{"href":"https:\/\/www.dtromemonti.com\/de\/wp-json\/wp\/v2\/pages\/1718","targetHints":{"allow":["GET"]}}],"collection":[{"href":"https:\/\/www.dtromemonti.com\/de\/wp-json\/wp\/v2\/pages"}],"about":[{"href":"https:\/\/www.dtromemonti.com\/de\/wp-json\/wp\/v2\/types\/page"}],"author":[{"embeddable":true,"href":"https:\/\/www.dtromemonti.com\/de\/wp-json\/wp\/v2\/users\/640"}],"replies":[{"embeddable":true,"href":"https:\/\/www.dtromemonti.com\/de\/wp-json\/wp\/v2\/comments?post=1718"}],"version-history":[{"count":0,"href":"https:\/\/www.dtromemonti.com\/de\/wp-json\/wp\/v2\/pages\/1718\/revisions"}],"up":[{"embeddable":true,"href":"https:\/\/www.dtromemonti.com\/de\/wp-json\/wp\/v2\/pages\/71"}],"wp:attachment":[{"href":"https:\/\/www.dtromemonti.com\/de\/wp-json\/wp\/v2\/media?parent=1718"}],"curies":[{"name":"wp","href":"https:\/\/api.w.org\/{rel}","templated":true}]}}