{"id":17,"date":"2022-07-04T14:07:02","date_gmt":"2022-07-04T14:07:02","guid":{"rendered":"https:\/\/hiltonrome.ms.decms.eu\/comfort-e-design\/"},"modified":"2023-03-06T14:14:36","modified_gmt":"2023-03-06T14:14:36","slug":"komfort-und-design","status":"publish","type":"page","link":"https:\/\/www.dtromemonti.com\/de\/hotels\/komfort-und-design\/","title":{"rendered":"Komfort und Design"},"content":{"rendered":"<p><span style=\"font-weight: 400\">Ein informelles, frisches, gr\u00fcnes und <\/span><b>nachhaltiges<\/b> <b>Gastfreundschaftskonzept<\/b><span style=\"font-weight: 400\">, um Reisende aus aller Welt in der Ewigen Stadt willkommen zu hei\u00dfen; ein <\/span><b>zeitgen\u00f6ssischer sozialer Raum<\/b><span style=\"font-weight: 400\">, konzipiert als Kontinuum zwischen drinnen und drau\u00dfen, zwischen r\u00f6mischem Licht und Atmosph\u00e4re, ein Ort, um Zeit, Gef\u00fchle und Projekte zu teilen: Das DoubleTree by Hilton Rome Monti er\u00f6ffnet <\/span><b>einen neuen Stil von Hotels in Rom<\/b><span style=\"font-weight: 400\">.\u00a0<\/span><\/p>\n<p><span style=\"font-weight: 400\">Das DoubleTree by Hilton Rome Monti wurde in Zusammenarbeit mit dem Architekturb\u00fcro <\/span><b>THDP Design<\/b><span style=\"font-weight: 400\"> realisiert, das eine L\u00f6sung f\u00fcr die Gastfreundschaft entworfen hat, die als flie\u00dfende Erfahrung erlebt werden kann, die Reisende und B\u00fcrger der Stadt einbezieht, die hier die Sch\u00f6nheit, den Rhythmus und den Charakter der Stadt Rom genie\u00dfen k\u00f6nnen, die so einladend und international ist.\u00a0<\/span><\/p>\n<p><span style=\"font-weight: 400\">Im <\/span><b>DoubleTree by Hilton Rome Monti<\/b><span style=\"font-weight: 400\"> ist jeder <\/span><b>Gast zu Hause<\/b><span style=\"font-weight: 400\">, sowohl diejenigen, die das Hotel f\u00fcr einen Urlaub oder einen Gesch\u00e4ftsaufenthalt w\u00e4hlen, als auch diejenigen, die die Gemeinschaftsbereiche des Hotels f\u00fcr Coworking und Smart Working nutzen.\u00a0<\/span><\/p>\n<p><span style=\"font-weight: 400\">Reservierte Ecken, Lounges zum geselligen Beisammensein, von der Antike inspirierte Designelemente und Dekorationen, die MiT Food &amp; Coffee Brewery, das Mamalia Restaurant und die r\u00f6mische Terrasse im achten Stock mit der M\u00f9n Rooftop Cockatil Bar sind eine Reihe von Situationen, die das <\/span><b>zeitgen\u00f6ssische Rom<\/b><span style=\"font-weight: 400\"> in all seinen Facetten darstellen.\u00a0<\/span><\/p>\n<p><span style=\"font-weight: 400\">Die <\/span><b>Zimmer<\/b><span style=\"font-weight: 400\"> im DoubleTree by Hilton Rome Monti zeichnen sich durch Ger\u00e4umigkeit, Helligkeit, <\/span><b>Design und Komfort <\/b><span style=\"font-weight: 400\">aus. Jedes ist eine <\/span><b>Umarmung aus Licht und Atmosph\u00e4re<\/b><span style=\"font-weight: 400\">, in der die <\/span><b>Entspannung<\/b><span style=\"font-weight: 400\"> nach einem Arbeitstag oder einer Besichtigungstour an erster Stelle steht. Aus diesem Grund bieten die Betten und Kissen in den Zimmern und Suiten \u00e4u\u00dferst bequeme Schlafl\u00f6sungen, mit Matratzen, die mit der neuesten Technologie hergestellt wurden und mit <\/span><b>Toppern<\/b><span style=\"font-weight: 400\"> und <\/span><b>Kissensets<\/b><span style=\"font-weight: 400\"> ausgestattet sind, aus denen Sie das Beste f\u00fcr Ihre Bed\u00fcrfnisse ausw\u00e4hlen k\u00f6nnen.<\/span><\/p>\n<p><span style=\"font-weight: 400\">Kommen Sie und entdecken Sie das neue DoubleTree by Hilton Rom, <a href=\"https:\/\/hiltonrome.ms.decms.eu\/de\/zimmer-und-suiten\/\" target=\"_blank\" rel=\"noopener\">w\u00e4hlen Sie Ihr Zimmer.<\/a><\/span><\/p>\n","protected":false},"excerpt":{"rendered":"<p>Ein informelles, frisches, gr\u00fcnes und nachhaltiges Gastfreundschaftskonzept, um Reisende aus aller Welt in der Ewigen Stadt willkommen zu hei\u00dfen; ein zeitgen\u00f6ssischer sozialer Raum, konzipiert als Kontinuum zwischen drinnen und drau\u00dfen, zwischen r\u00f6mischem Licht und Atmosph\u00e4re, ein Ort, um Zeit, Gef\u00fchle und Projekte zu teilen: Das DoubleTree by Hilton Rome Monti er\u00f6ffnet einen neuen Stil von [&hellip;]<\/p>\n","protected":false},"author":6,"featured_media":0,"parent":238,"menu_order":13,"comment_status":"closed","ping_status":"closed","template":"","meta":{"footnotes":""},"class_list":["post-17","page","type-page","status-publish","hentry"],"yoast_head":"<!-- This site is optimized with the Yoast SEO plugin v26.9 - https:\/\/yoast.com\/product\/yoast-seo-wordpress\/ -->\n<title>Komfort- und Designhotel Rom | Hilton Rome Monti<\/title>\n<meta name=\"description\" content=\"Genie\u00dfen Sie das DoubleTree by Hilton Rome Monti dank des Komforts - von den Betten bis zu den Kissen - und des modernen Designs der Zimmer.\" \/>\n<meta name=\"robots\" content=\"index, follow, max-snippet:-1, max-image-preview:large, max-video-preview:-1\" \/>\n<link rel=\"canonical\" href=\"https:\/\/www.dtromemonti.com\/de\/hotels\/komfort-und-design\/\" \/>\n<meta property=\"og:locale\" content=\"de_DE\" \/>\n<meta property=\"og:type\" content=\"article\" \/>\n<meta property=\"og:title\" content=\"Komfort- und Designhotel Rom | Hilton Rome Monti\" \/>\n<meta property=\"og:description\" content=\"Genie\u00dfen Sie das DoubleTree by Hilton Rome Monti dank des Komforts - von den Betten bis zu den Kissen - und des modernen Designs der Zimmer.\" \/>\n<meta property=\"og:url\" content=\"https:\/\/www.dtromemonti.com\/de\/hotels\/komfort-und-design\/\" \/>\n<meta property=\"og:site_name\" content=\"DoubleTree by Hilton Rome Monti\" \/>\n<meta property=\"article:modified_time\" content=\"2023-03-06T14:14:36+00:00\" \/>\n<meta name=\"twitter:card\" content=\"summary_large_image\" \/>\n<meta name=\"twitter:label1\" content=\"Gesch\u00e4tzte Lesezeit\" \/>\n\t<meta name=\"twitter:data1\" content=\"2 Minuten\" \/>\n<script type=\"application\/ld+json\" class=\"yoast-schema-graph\">{\"@context\":\"https:\/\/schema.org\",\"@graph\":[{\"@type\":\"WebPage\",\"@id\":\"https:\/\/www.dtromemonti.com\/de\/hotels\/komfort-und-design\/\",\"url\":\"https:\/\/www.dtromemonti.com\/de\/hotels\/komfort-und-design\/\",\"name\":\"Komfort- und Designhotel Rom | Hilton Rome Monti\",\"isPartOf\":{\"@id\":\"https:\/\/www.dtromemonti.com\/de\/#website\"},\"datePublished\":\"2022-07-04T14:07:02+00:00\",\"dateModified\":\"2023-03-06T14:14:36+00:00\",\"description\":\"Genie\u00dfen Sie das DoubleTree by Hilton Rome Monti dank des Komforts - von den Betten bis zu den Kissen - und des modernen Designs der Zimmer.\",\"breadcrumb\":{\"@id\":\"https:\/\/www.dtromemonti.com\/de\/hotels\/komfort-und-design\/#breadcrumb\"},\"inLanguage\":\"de-DE\",\"potentialAction\":[{\"@type\":\"ReadAction\",\"target\":[\"https:\/\/www.dtromemonti.com\/de\/hotels\/komfort-und-design\/\"]}]},{\"@type\":\"BreadcrumbList\",\"@id\":\"https:\/\/www.dtromemonti.com\/de\/hotels\/komfort-und-design\/#breadcrumb\",\"itemListElement\":[{\"@type\":\"ListItem\",\"position\":1,\"name\":\"Home\",\"item\":\"https:\/\/www.dtromemonti.com\/de\/\"},{\"@type\":\"ListItem\",\"position\":2,\"name\":\"Hotels\",\"item\":\"https:\/\/www.dtromemonti.com\/de\/hotels\/\"},{\"@type\":\"ListItem\",\"position\":3,\"name\":\"Komfort und Design\"}]},{\"@type\":\"WebSite\",\"@id\":\"https:\/\/www.dtromemonti.com\/de\/#website\",\"url\":\"https:\/\/www.dtromemonti.com\/de\/\",\"name\":\"DoubleTree by Hilton Rome Monti\",\"description\":\"Just another ms.decms.eu site\",\"potentialAction\":[{\"@type\":\"SearchAction\",\"target\":{\"@type\":\"EntryPoint\",\"urlTemplate\":\"https:\/\/www.dtromemonti.com\/de\/?s={search_term_string}\"},\"query-input\":{\"@type\":\"PropertyValueSpecification\",\"valueRequired\":true,\"valueName\":\"search_term_string\"}}],\"inLanguage\":\"de-DE\"}]}<\/script>\n<!-- \/ Yoast SEO plugin. -->","yoast_head_json":{"title":"Komfort- und Designhotel Rom | Hilton Rome Monti","description":"Genie\u00dfen Sie das DoubleTree by Hilton Rome Monti dank des Komforts - von den Betten bis zu den Kissen - und des modernen Designs der Zimmer.","robots":{"index":"index","follow":"follow","max-snippet":"max-snippet:-1","max-image-preview":"max-image-preview:large","max-video-preview":"max-video-preview:-1"},"canonical":"https:\/\/www.dtromemonti.com\/de\/hotels\/komfort-und-design\/","og_locale":"de_DE","og_type":"article","og_title":"Komfort- und Designhotel Rom | Hilton Rome Monti","og_description":"Genie\u00dfen Sie das DoubleTree by Hilton Rome Monti dank des Komforts - von den Betten bis zu den Kissen - und des modernen Designs der Zimmer.","og_url":"https:\/\/www.dtromemonti.com\/de\/hotels\/komfort-und-design\/","og_site_name":"DoubleTree by Hilton Rome Monti","article_modified_time":"2023-03-06T14:14:36+00:00","twitter_card":"summary_large_image","twitter_misc":{"Gesch\u00e4tzte Lesezeit":"2 Minuten"},"schema":{"@context":"https:\/\/schema.org","@graph":[{"@type":"WebPage","@id":"https:\/\/www.dtromemonti.com\/de\/hotels\/komfort-und-design\/","url":"https:\/\/www.dtromemonti.com\/de\/hotels\/komfort-und-design\/","name":"Komfort- und Designhotel Rom | Hilton Rome Monti","isPartOf":{"@id":"https:\/\/www.dtromemonti.com\/de\/#website"},"datePublished":"2022-07-04T14:07:02+00:00","dateModified":"2023-03-06T14:14:36+00:00","description":"Genie\u00dfen Sie das DoubleTree by Hilton Rome Monti dank des Komforts - von den Betten bis zu den Kissen - und des modernen Designs der Zimmer.","breadcrumb":{"@id":"https:\/\/www.dtromemonti.com\/de\/hotels\/komfort-und-design\/#breadcrumb"},"inLanguage":"de-DE","potentialAction":[{"@type":"ReadAction","target":["https:\/\/www.dtromemonti.com\/de\/hotels\/komfort-und-design\/"]}]},{"@type":"BreadcrumbList","@id":"https:\/\/www.dtromemonti.com\/de\/hotels\/komfort-und-design\/#breadcrumb","itemListElement":[{"@type":"ListItem","position":1,"name":"Home","item":"https:\/\/www.dtromemonti.com\/de\/"},{"@type":"ListItem","position":2,"name":"Hotels","item":"https:\/\/www.dtromemonti.com\/de\/hotels\/"},{"@type":"ListItem","position":3,"name":"Komfort und Design"}]},{"@type":"WebSite","@id":"https:\/\/www.dtromemonti.com\/de\/#website","url":"https:\/\/www.dtromemonti.com\/de\/","name":"DoubleTree by Hilton Rome Monti","description":"Just another ms.decms.eu site","potentialAction":[{"@type":"SearchAction","target":{"@type":"EntryPoint","urlTemplate":"https:\/\/www.dtromemonti.com\/de\/?s={search_term_string}"},"query-input":{"@type":"PropertyValueSpecification","valueRequired":true,"valueName":"search_term_string"}}],"inLanguage":"de-DE"}]}},"acf":[],"_links":{"self":[{"href":"https:\/\/www.dtromemonti.com\/de\/wp-json\/wp\/v2\/pages\/17","targetHints":{"allow":["GET"]}}],"collection":[{"href":"https:\/\/www.dtromemonti.com\/de\/wp-json\/wp\/v2\/pages"}],"about":[{"href":"https:\/\/www.dtromemonti.com\/de\/wp-json\/wp\/v2\/types\/page"}],"author":[{"embeddable":true,"href":"https:\/\/www.dtromemonti.com\/de\/wp-json\/wp\/v2\/users\/6"}],"replies":[{"embeddable":true,"href":"https:\/\/www.dtromemonti.com\/de\/wp-json\/wp\/v2\/comments?post=17"}],"version-history":[{"count":0,"href":"https:\/\/www.dtromemonti.com\/de\/wp-json\/wp\/v2\/pages\/17\/revisions"}],"up":[{"embeddable":true,"href":"https:\/\/www.dtromemonti.com\/de\/wp-json\/wp\/v2\/pages\/238"}],"wp:attachment":[{"href":"https:\/\/www.dtromemonti.com\/de\/wp-json\/wp\/v2\/media?parent=17"}],"curies":[{"name":"wp","href":"https:\/\/api.w.org\/{rel}","templated":true}]}}