{"id":1393,"date":"2024-02-28T11:07:53","date_gmt":"2024-02-28T11:07:53","guid":{"rendered":"https:\/\/www.dtromemonti.com\/?page_id=1393"},"modified":"2024-03-28T09:03:15","modified_gmt":"2024-03-28T09:03:15","slug":"csr-nachhaltigkeit","status":"publish","type":"page","link":"https:\/\/www.dtromemonti.com\/de\/hotels\/csr-nachhaltigkeit\/","title":{"rendered":"CSR &amp; Nachhaltigkeit"},"content":{"rendered":"<p><strong>Umweltvertr\u00e4glichkeit<\/strong> und <strong>soziale Verantwortung<\/strong> sind wesentliche Werte des DoubleTree by Hilton Rome Monti.<\/p>\n<p>Diese Werte stellen nicht nur das schlagende Herz unserer Unternehmensphilosophie dar, sondern sie durchdringen jeden Aspekt unserer Gesch\u00e4ftst\u00e4tigkeit und leiten unsere t\u00e4glichen Entscheidungen. Das Verst\u00e4ndnis daf\u00fcr, wie wichtig es ist, unsere Umwelt zu sch\u00fctzen und einen positiven Beitrag zur lokalen Gemeinschaft zu leisten, ist der Antrieb f\u00fcr unser kontinuierliches Engagement f\u00fcr einen ethischen, nachhaltigen und sozial verantwortlichen Gesch\u00e4ftsansatz.<\/p>\n","protected":false},"excerpt":{"rendered":"<p>Umweltvertr\u00e4glichkeit und soziale Verantwortung sind wesentliche Werte des DoubleTree by Hilton Rome Monti. Diese Werte stellen nicht nur das schlagende Herz unserer Unternehmensphilosophie dar, sondern sie durchdringen jeden Aspekt unserer Gesch\u00e4ftst\u00e4tigkeit und leiten unsere t\u00e4glichen Entscheidungen. Das Verst\u00e4ndnis daf\u00fcr, wie wichtig es ist, unsere Umwelt zu sch\u00fctzen und einen positiven Beitrag zur lokalen Gemeinschaft zu [&hellip;]<\/p>\n","protected":false},"author":648,"featured_media":0,"parent":238,"menu_order":0,"comment_status":"closed","ping_status":"closed","template":"","meta":{"footnotes":""},"class_list":["post-1393","page","type-page","status-publish","hentry"],"yoast_head":"<!-- This site is optimized with the Yoast SEO plugin v26.9 - https:\/\/yoast.com\/product\/yoast-seo-wordpress\/ -->\n<title>Nachhaltiges und gr\u00fcnes Hotel | DoubleTree by Hilton Rome Monti<\/title>\n<meta name=\"description\" content=\"Entdecken Sie unser Engagement f\u00fcr \u00f6kologische und soziale Nachhaltigkeit: Green Key-Zertifizierung, Zusammenarbeit mit Treedom und Mitgliedschaft in Hilton-Programmen.\" \/>\n<meta name=\"robots\" content=\"index, follow, max-snippet:-1, max-image-preview:large, max-video-preview:-1\" \/>\n<link rel=\"canonical\" href=\"https:\/\/www.dtromemonti.com\/de\/hotels\/csr-nachhaltigkeit\/\" \/>\n<meta property=\"og:locale\" content=\"de_DE\" \/>\n<meta property=\"og:type\" content=\"article\" \/>\n<meta property=\"og:title\" content=\"Nachhaltiges und gr\u00fcnes Hotel | DoubleTree by Hilton Rome Monti\" \/>\n<meta property=\"og:description\" content=\"Entdecken Sie unser Engagement f\u00fcr \u00f6kologische und soziale Nachhaltigkeit: Green Key-Zertifizierung, Zusammenarbeit mit Treedom und Mitgliedschaft in Hilton-Programmen.\" \/>\n<meta property=\"og:url\" content=\"https:\/\/www.dtromemonti.com\/de\/hotels\/csr-nachhaltigkeit\/\" \/>\n<meta property=\"og:site_name\" content=\"DoubleTree by Hilton Rome Monti\" \/>\n<meta property=\"article:modified_time\" content=\"2024-03-28T09:03:15+00:00\" \/>\n<meta name=\"twitter:card\" content=\"summary_large_image\" \/>\n<meta name=\"twitter:label1\" content=\"Gesch\u00e4tzte Lesezeit\" \/>\n\t<meta name=\"twitter:data1\" content=\"1 Minute\" \/>\n<script type=\"application\/ld+json\" class=\"yoast-schema-graph\">{\"@context\":\"https:\/\/schema.org\",\"@graph\":[{\"@type\":\"WebPage\",\"@id\":\"https:\/\/www.dtromemonti.com\/de\/hotels\/csr-nachhaltigkeit\/\",\"url\":\"https:\/\/www.dtromemonti.com\/de\/hotels\/csr-nachhaltigkeit\/\",\"name\":\"Nachhaltiges und gr\u00fcnes Hotel | DoubleTree by Hilton Rome Monti\",\"isPartOf\":{\"@id\":\"https:\/\/www.dtromemonti.com\/de\/#website\"},\"datePublished\":\"2024-02-28T11:07:53+00:00\",\"dateModified\":\"2024-03-28T09:03:15+00:00\",\"description\":\"Entdecken Sie unser Engagement f\u00fcr \u00f6kologische und soziale Nachhaltigkeit: Green Key-Zertifizierung, Zusammenarbeit mit Treedom und Mitgliedschaft in Hilton-Programmen.\",\"breadcrumb\":{\"@id\":\"https:\/\/www.dtromemonti.com\/de\/hotels\/csr-nachhaltigkeit\/#breadcrumb\"},\"inLanguage\":\"de-DE\",\"potentialAction\":[{\"@type\":\"ReadAction\",\"target\":[\"https:\/\/www.dtromemonti.com\/de\/hotels\/csr-nachhaltigkeit\/\"]}]},{\"@type\":\"BreadcrumbList\",\"@id\":\"https:\/\/www.dtromemonti.com\/de\/hotels\/csr-nachhaltigkeit\/#breadcrumb\",\"itemListElement\":[{\"@type\":\"ListItem\",\"position\":1,\"name\":\"Home\",\"item\":\"https:\/\/www.dtromemonti.com\/de\/\"},{\"@type\":\"ListItem\",\"position\":2,\"name\":\"Hotels\",\"item\":\"https:\/\/www.dtromemonti.com\/de\/hotels\/\"},{\"@type\":\"ListItem\",\"position\":3,\"name\":\"CSR &amp; Nachhaltigkeit\"}]},{\"@type\":\"WebSite\",\"@id\":\"https:\/\/www.dtromemonti.com\/de\/#website\",\"url\":\"https:\/\/www.dtromemonti.com\/de\/\",\"name\":\"DoubleTree by Hilton Rome Monti\",\"description\":\"Just another ms.decms.eu site\",\"potentialAction\":[{\"@type\":\"SearchAction\",\"target\":{\"@type\":\"EntryPoint\",\"urlTemplate\":\"https:\/\/www.dtromemonti.com\/de\/?s={search_term_string}\"},\"query-input\":{\"@type\":\"PropertyValueSpecification\",\"valueRequired\":true,\"valueName\":\"search_term_string\"}}],\"inLanguage\":\"de-DE\"}]}<\/script>\n<!-- \/ Yoast SEO plugin. -->","yoast_head_json":{"title":"Nachhaltiges und gr\u00fcnes Hotel | DoubleTree by Hilton Rome Monti","description":"Entdecken Sie unser Engagement f\u00fcr \u00f6kologische und soziale Nachhaltigkeit: Green Key-Zertifizierung, Zusammenarbeit mit Treedom und Mitgliedschaft in Hilton-Programmen.","robots":{"index":"index","follow":"follow","max-snippet":"max-snippet:-1","max-image-preview":"max-image-preview:large","max-video-preview":"max-video-preview:-1"},"canonical":"https:\/\/www.dtromemonti.com\/de\/hotels\/csr-nachhaltigkeit\/","og_locale":"de_DE","og_type":"article","og_title":"Nachhaltiges und gr\u00fcnes Hotel | DoubleTree by Hilton Rome Monti","og_description":"Entdecken Sie unser Engagement f\u00fcr \u00f6kologische und soziale Nachhaltigkeit: Green Key-Zertifizierung, Zusammenarbeit mit Treedom und Mitgliedschaft in Hilton-Programmen.","og_url":"https:\/\/www.dtromemonti.com\/de\/hotels\/csr-nachhaltigkeit\/","og_site_name":"DoubleTree by Hilton Rome Monti","article_modified_time":"2024-03-28T09:03:15+00:00","twitter_card":"summary_large_image","twitter_misc":{"Gesch\u00e4tzte Lesezeit":"1 Minute"},"schema":{"@context":"https:\/\/schema.org","@graph":[{"@type":"WebPage","@id":"https:\/\/www.dtromemonti.com\/de\/hotels\/csr-nachhaltigkeit\/","url":"https:\/\/www.dtromemonti.com\/de\/hotels\/csr-nachhaltigkeit\/","name":"Nachhaltiges und gr\u00fcnes Hotel | DoubleTree by Hilton Rome Monti","isPartOf":{"@id":"https:\/\/www.dtromemonti.com\/de\/#website"},"datePublished":"2024-02-28T11:07:53+00:00","dateModified":"2024-03-28T09:03:15+00:00","description":"Entdecken Sie unser Engagement f\u00fcr \u00f6kologische und soziale Nachhaltigkeit: Green Key-Zertifizierung, Zusammenarbeit mit Treedom und Mitgliedschaft in Hilton-Programmen.","breadcrumb":{"@id":"https:\/\/www.dtromemonti.com\/de\/hotels\/csr-nachhaltigkeit\/#breadcrumb"},"inLanguage":"de-DE","potentialAction":[{"@type":"ReadAction","target":["https:\/\/www.dtromemonti.com\/de\/hotels\/csr-nachhaltigkeit\/"]}]},{"@type":"BreadcrumbList","@id":"https:\/\/www.dtromemonti.com\/de\/hotels\/csr-nachhaltigkeit\/#breadcrumb","itemListElement":[{"@type":"ListItem","position":1,"name":"Home","item":"https:\/\/www.dtromemonti.com\/de\/"},{"@type":"ListItem","position":2,"name":"Hotels","item":"https:\/\/www.dtromemonti.com\/de\/hotels\/"},{"@type":"ListItem","position":3,"name":"CSR &amp; Nachhaltigkeit"}]},{"@type":"WebSite","@id":"https:\/\/www.dtromemonti.com\/de\/#website","url":"https:\/\/www.dtromemonti.com\/de\/","name":"DoubleTree by Hilton Rome Monti","description":"Just another ms.decms.eu site","potentialAction":[{"@type":"SearchAction","target":{"@type":"EntryPoint","urlTemplate":"https:\/\/www.dtromemonti.com\/de\/?s={search_term_string}"},"query-input":{"@type":"PropertyValueSpecification","valueRequired":true,"valueName":"search_term_string"}}],"inLanguage":"de-DE"}]}},"acf":[],"_links":{"self":[{"href":"https:\/\/www.dtromemonti.com\/de\/wp-json\/wp\/v2\/pages\/1393","targetHints":{"allow":["GET"]}}],"collection":[{"href":"https:\/\/www.dtromemonti.com\/de\/wp-json\/wp\/v2\/pages"}],"about":[{"href":"https:\/\/www.dtromemonti.com\/de\/wp-json\/wp\/v2\/types\/page"}],"author":[{"embeddable":true,"href":"https:\/\/www.dtromemonti.com\/de\/wp-json\/wp\/v2\/users\/648"}],"replies":[{"embeddable":true,"href":"https:\/\/www.dtromemonti.com\/de\/wp-json\/wp\/v2\/comments?post=1393"}],"version-history":[{"count":0,"href":"https:\/\/www.dtromemonti.com\/de\/wp-json\/wp\/v2\/pages\/1393\/revisions"}],"up":[{"embeddable":true,"href":"https:\/\/www.dtromemonti.com\/de\/wp-json\/wp\/v2\/pages\/238"}],"wp:attachment":[{"href":"https:\/\/www.dtromemonti.com\/de\/wp-json\/wp\/v2\/media?parent=1393"}],"curies":[{"name":"wp","href":"https:\/\/api.w.org\/{rel}","templated":true}]}}